{"id":9216,"date":"2018-09-24T14:32:14","date_gmt":"2018-09-24T14:32:14","guid":{"rendered":"https:\/\/tenco.ca\/?page_id=9216"},"modified":"2018-09-24T14:32:14","modified_gmt":"2018-09-24T14:32:14","slug":"politique-de-confidentialite","status":"publish","type":"page","link":"https:\/\/tenco.ca\/fr\/politique-de-confidentialite\/","title":{"rendered":"Politique de confidentialit\u00e9"},"content":{"rendered":"<h3>Politique de confidentialit\u00e9<\/h3>\n<ol>\n<li style=\"list-style-type: none\">\n<ol>\n<li style=\"list-style-type: none;\">\n<ol start=\"1\">\n<li style=\"list-style-type: none;\"><\/li>\n<li><strong><span style=\"color: #ff9900;\">Notre engagement envers le respect de la vie priv\u00e9e<\/span> <\/strong><br \/>\nNotre politique de confidentialit\u00e9 est con\u00e7ue pour vous aider \u00e0 comprendre comment nous recueillons, utilisons et prot\u00e9geons les renseignements personnels que vous nous fournissez et pour vous aider \u00e0 prendre des d\u00e9cisions \u00e9clair\u00e9es lors de l\u2019utilisation de notre site.<\/li>\n<\/ol>\n<\/li>\n<li style=\"list-style-type: none;\">\n<ol start=\"2\">\n<li><span style=\"color: #ff9900;\"><strong>Quels renseignements recueillons-nous?<\/strong>\u00a0<\/span><br \/>\nLorsque vous visitez notre site, vous pouvez nous fournir deux types de renseignements\u00a0: les renseignements personnels que vous choisissez de divulguer sciemment et activement (\u00ab\u2009renseignements actifs\u2009\u00bb) et des renseignements sur l\u2019utilisation du site collect\u00e9s de mani\u00e8re globale lorsque vous et d\u2019autres personnes naviguez sur notre site (\u00ab\u2009renseignements passifs\u2009\u00bb).<\/li>\n<li><span style=\"color: #ff9900;\"><strong>Renseignements passifs<\/strong>\u00a0<\/span><br \/>\nComme d\u2019autres sites Web, notre site peut utiliser une technologie standard appel\u00e9e \u00ab\u2009t\u00e9moins\u2009\u00bb\u00a0(voir les explications ci-dessous, \u00ab\u2009En quoi consistent les t\u00e9moins?\u2009\u00bb), ainsi que les registres du serveur Web pour collecter des renseignements sur l\u2019utilisation de notre site. Les renseignements collect\u00e9s via les t\u00e9moins et les registres du serveur Web peuvent inclure la date et l\u2019heure des visites, les pages consult\u00e9es et le temps pass\u00e9 sur notre site. Ces renseignements sont collect\u00e9s de mani\u00e8re globale. Aucun de ces renseignements ne peut vous identifier personnellement.<\/li>\n<li><span style=\"color: #ff9900;\"><strong>En quoi consistent les t\u00e9moins?<\/strong> <\/span><strong>\u00a0<\/strong><br \/>\nLes t\u00e9moins sont une fonctionnalit\u00e9 du logiciel de navigateur Web qui permet aux serveurs Web de reconna\u00eetre l\u2019ordinateur utilis\u00e9 pour acc\u00e9der \u00e0 un site Web. Les t\u00e9moins sont de petits \u00e9l\u00e9ments de donn\u00e9es stock\u00e9s par le navigateur Web d\u2019un utilisateur sur le disque dur de l\u2019utilisateur. Les\u00a0t\u00e9moins peuvent\u00a0m\u00e9moriser les\u00a0renseignements auxquels un utilisateur acc\u00e8de sur une page Web pour simplifier\u00a0les\u00a0interactions ult\u00e9rieures avec ce site par le m\u00eame utilisateur ou utiliser les renseignements pour rationaliser\u00a0les transactions\u00a0de l\u2019utilisateur sur\u00a0les\u00a0pages Web connexes. Cela permet \u00e0 un utilisateur de passer plus facilement d\u2019une page Web \u00e0 l\u2019autre et d\u2019effectuer des transactions commerciales sur Internet. Les t\u00e9moins devraient rendre votre exp\u00e9rience en ligne plus facile et plus personnalis\u00e9e.<\/li>\n<li><span style=\"color: #ff9900;\"><strong>Utilisation des renseignements passifs<\/strong>\u00a0<\/span><br \/>\nNous utilisons des outils logiciels de navigation sur le site Web, tels que des t\u00e9moins et des registres de serveur Web, pour collecter des renseignements sur les activit\u00e9s de navigation de nos utilisateurs afin d\u2019am\u00e9liorer constamment notre site et de mieux vous servir. Ces renseignements nous aident \u00e0 concevoir et \u00e0 organiser nos pages Web de la mani\u00e8re la plus conviviale possible et \u00e0 am\u00e9liorer continuellement notre site et nos produits et services afin de mieux r\u00e9pondre aux besoins de nos utilisateurs. Les t\u00e9moins nous aident \u00e0 collecter des statistiques commerciales et techniques importantes. Les renseignements contenus dans les t\u00e9moins nous permettent de retrouver les chemins suivis par les utilisateurs sur notre site lorsqu\u2019ils se d\u00e9placent d\u2019une page \u00e0 l\u2019autre. Les registres du serveur Web nous permettent de compter le nombre de personnes visitant notre site et d\u2019\u00e9valuer la capacit\u00e9 d\u2019accueil de notre site.<\/li>\n<li><span style=\"color: #ff9900;\"><strong>Renseignements actifs.\u00a0<\/strong><\/span><br \/>\nLorsque\u00a0vous choisissez de soumettre des renseignements \u00e0 notre site, nous pouvons recueillir vos nom, adresse courriel, adresse civique et autres renseignements que vous fournissez, comme des suggestions, des commentaires ou des id\u00e9es. Les renseignements que vous fournissez nous permettront de communiquer ult\u00e9rieurement avec vous par courriel ou par d\u2019autres moyens concernant les mises \u00e0 jour et autres renseignements. Les renseignements que vous fournissez ne sont pas donn\u00e9s \u00e0 titre confidentiel et nous ne sommes pas tenus de garder ces renseignements secrets ou de r\u00e9pondre.<\/li>\n<li><span style=\"color: #ff9900;\"><strong>Utilisation des renseignements actifs<\/strong>\u00a0<\/span><br \/>\nNous\u00a0sommes libres d\u2019utiliser les renseignements que vous nous envoyez de quelque mani\u00e8re que ce soit, y compris, sans s\u2019y limiter, le d\u00e9veloppement, la fabrication et la commercialisation de produits fond\u00e9s sur ces renseignements. Les courriels que vous nous envoyez peuvent ne pas \u00eatre s\u00e9curis\u00e9s, \u00e0 moins que nous vous informions que des mesures de s\u00e9curit\u00e9 seront en place avant que vous transmettiez les renseignements. Pour cette raison, nous vous demandons de ne pas nous envoyer de renseignements confidentiels par courriel non s\u00e9curis\u00e9.<\/li>\n<li>Nous utilisons les renseignements que vous nous fournissez pour fournir des renseignements sur un produit ou service demand\u00e9, pour vous envoyer des renseignements sur la garantie et pour vous fournir d\u2019autres renseignements sur nos produits et services. Le cas \u00e9ch\u00e9ant, le site offre aux utilisateurs la possibilit\u00e9 de ne pas recevoir d\u2019offres sp\u00e9ciales ou de communications de notre part au moment o\u00f9 nous demandons des renseignements sur l\u2019utilisateur. Pour ne plus recevoir de communications de notre part, pour vous informer sur les renseignements personnels que ce site a collect\u00e9s \u00e0 votre sujet ou pour corriger des erreurs dans les renseignements factuels que vous avez fournis sur ce site, vous pouvez nous \u00e9crire un courriel \u00e0\u00a0<a href=\"mailto:legal@alamo-group.com\"><strong>legal@alamo-group.com<\/strong><\/a>\u00a0ou nous faire parvenir une demande par \u00e9crit \u00e0 l\u2019adresse suivante\u00a0: 1627 East Walnut, Seguin, Texas<\/li>\n<li><span style=\"color: #ff9900;\"><strong>Divulgation de renseignements \u00e0 des tiers<\/strong>\u00a0<\/span><br \/>\nNous pouvons\u00a0partager les renseignements que vous nous fournissez avec nos soci\u00e9t\u00e9s affili\u00e9es et nos revendeurs, et utiliser ces renseignements sans restriction pour traiter les commandes des clients et am\u00e9liorer ou commercialiser nos produits et services. Nous ne vendrons ni ne louerons vos renseignements \u00e0 des tiers. Nous pouvons fournir des renseignements passifs globaux sur les mod\u00e8les de trafic du site Web et les renseignements li\u00e9s au site Web \u00e0 nos soci\u00e9t\u00e9s affili\u00e9es ou \u00e0 des tiers de bonne r\u00e9putation, mais ces renseignements ne comprendront pas de donn\u00e9es d\u2019identification personnelle.<\/li>\n<li><span style=\"color: #ff9900;\"><strong>Divulgation l\u00e9gale des renseignements<\/strong>\u00a0<\/span><br \/>\nNous pouvons divulguer des renseignements lorsque la loi nous y oblige, en d\u2019autres termes, lorsque nous croyons, de bonne foi, que la loi l\u2019exige ou pour la protection de nos droits l\u00e9gaux, ou dans des cas particuliers tels qu\u2019une menace physique envers vous ou d\u2019autres personnes.<\/li>\n<li><span style=\"color: #ff9900;\"><strong>Comment prot\u00e9geons-nous vos renseignements?<\/strong>\u00a0<\/span><br \/>\nNous avons mis en place certaines proc\u00e9dures physiques, \u00e9lectroniques et de gestion pour prot\u00e9ger et emp\u00eacher tout acc\u00e8s non autoris\u00e9, et assurer la s\u00e9curit\u00e9 des donn\u00e9es et une utilisation correcte des renseignements que nous recueillons sur notre site.<\/li>\n<li><span style=\"color: #ff9900;\"><strong>Qu\u2019en est-il des autres sites Web li\u00e9s \u00e0 notre site?<\/strong><\/span><br \/>\nNous ne sommes pas responsables des pratiques employ\u00e9es par les sites Web li\u00e9s \u00e0 notre site, ni des renseignements ou du contenu qu\u2019ils affichent. Les liens vers d\u2019autres sites Web sont souvent fournis uniquement \u00e0 titre d\u2019indicateurs de renseignements sur des sujets pouvant \u00eatre utiles aux utilisateurs de notre site.\u00a0\u00a0N\u2019oubliez pas que lorsque vous utilisez un lien pour aller de notre site vers un autre site Web, notre politique de confidentialit\u00e9 n\u2019est plus en vigueur. Votre\u00a0navigation et votre interaction sur tout autre site Web, y compris les sites Web ayant un lien sur notre site Web, sont soumises aux r\u00e8gles et aux politiques de ce site Web. Veuillez\u00a0lire ces\u00a0r\u00e8gles\u00a0et politiques\u00a0avant\u00a0de proc\u00e9der.<\/li>\n<li><span style=\"color: #ff9900;\"><strong>Qu\u2019en est-il de<\/strong>\u00a0<strong>la vie priv\u00e9e des enfants?<\/strong>\u00a0<\/span><br \/>\nLa vie priv\u00e9e des enfants sur Internet est r\u00e9gie aux \u00c9tats-Unis par la Loi sur la protection de la vie priv\u00e9e des enfants en ligne (COPPA). La COPPA\u00a0pr\u00e9voit des r\u00e8gles applicables \u00e0 la collecte en ligne de renseignements personnels aupr\u00e8s d\u2019enfants de moins de 13 ans. Nous ne recueillons pas sciemment de renseignements aupr\u00e8s d\u2019enfants de moins de 13 ans.<\/li>\n<li><span style=\"color: #ff9900;\"><strong>Accorder votre consentement<\/strong>\u00a0<\/span><br \/>\nEn\u00a0utilisant notre site, vous consentez \u00e0 la collecte et \u00e0 l\u2019utilisation de vos renseignements telles que d\u00e9crites dans cette politique de confidentialit\u00e9. Nous nous r\u00e9servons le droit de r\u00e9viser cette politique de confidentialit\u00e9 \u00e0 notre discr\u00e9tion. Veuillez consulter ce site, car cette politique de confidentialit\u00e9 peut \u00eatre r\u00e9vis\u00e9e de temps \u00e0 autre sans pr\u00e9avis.<\/li>\n<\/ol>\n<\/li>\n<\/ol>\n<\/li>\n<\/ol>\n<p>&nbsp;<\/p>\n","protected":false},"excerpt":{"rendered":"<p>Politique de confidentialit\u00e9 Notre engagement envers le respect de la vie priv\u00e9e Notre politique de confidentialit\u00e9 est con\u00e7ue pour vous aider \u00e0 comprendre comment nous recueillons, utilisons et prot\u00e9geons les renseignements personnels que vous nous fournissez et pour vous aider \u00e0 prendre des d\u00e9cisions \u00e9clair\u00e9es lors de l\u2019utilisation de notre site. Quels renseignements recueillons-nous?\u00a0 Lorsque [&hellip;]<\/p>\n","protected":false},"author":7,"featured_media":0,"parent":0,"menu_order":0,"comment_status":"closed","ping_status":"closed","template":"","meta":{"_acf_changed":false,"footnotes":""},"class_list":["post-9216","page","type-page","status-publish","hentry"],"acf":[],"yoast_head":"<!-- This site is optimized with the Yoast SEO plugin v27.4 - https:\/\/yoast.com\/product\/yoast-seo-wordpress\/ -->\n<title>Politique de confidentialit\u00e9 - Tenco<\/title>\n<meta name=\"robots\" content=\"index, follow, max-snippet:-1, max-image-preview:large, max-video-preview:-1\" \/>\n<link rel=\"canonical\" href=\"https:\/\/tenco.ca\/privacy-policy\/\" \/>\n<meta property=\"og:locale\" content=\"fr_CA\" \/>\n<meta property=\"og:type\" content=\"article\" \/>\n<meta property=\"og:title\" content=\"Politique de confidentialit\u00e9 - Tenco\" \/>\n<meta property=\"og:description\" content=\"Politique de confidentialit\u00e9 Notre engagement envers le respect de la vie priv\u00e9e Notre politique de confidentialit\u00e9 est con\u00e7ue pour vous aider \u00e0 comprendre comment nous recueillons, utilisons et prot\u00e9geons les renseignements personnels que vous nous fournissez et pour vous aider \u00e0 prendre des d\u00e9cisions \u00e9clair\u00e9es lors de l\u2019utilisation de notre site. Quels renseignements recueillons-nous?\u00a0 Lorsque [&hellip;]\" \/>\n<meta property=\"og:url\" content=\"https:\/\/tenco.ca\/privacy-policy\/\" \/>\n<meta property=\"og:site_name\" content=\"Tenco\" \/>\n<meta name=\"twitter:card\" content=\"summary_large_image\" \/>\n<meta name=\"twitter:label1\" content=\"Estimation du temps de lecture\" \/>\n\t<meta name=\"twitter:data1\" content=\"7 minutes\" \/>\n<script type=\"application\/ld+json\" class=\"yoast-schema-graph\">{\"@context\":\"https:\\\/\\\/schema.org\",\"@graph\":[{\"@type\":\"WebPage\",\"@id\":\"https:\\\/\\\/tenco.ca\\\/privacy-policy\\\/\",\"url\":\"https:\\\/\\\/tenco.ca\\\/privacy-policy\\\/\",\"name\":\"Politique de confidentialit\u00e9 - Tenco\",\"isPartOf\":{\"@id\":\"https:\\\/\\\/tenco.ca\\\/ny\\\/#website\"},\"datePublished\":\"2018-09-24T14:32:14+00:00\",\"breadcrumb\":{\"@id\":\"https:\\\/\\\/tenco.ca\\\/privacy-policy\\\/#breadcrumb\"},\"inLanguage\":\"fr-CA\",\"potentialAction\":[{\"@type\":\"ReadAction\",\"target\":[\"https:\\\/\\\/tenco.ca\\\/privacy-policy\\\/\"]}]},{\"@type\":\"BreadcrumbList\",\"@id\":\"https:\\\/\\\/tenco.ca\\\/privacy-policy\\\/#breadcrumb\",\"itemListElement\":[{\"@type\":\"ListItem\",\"position\":1,\"name\":\"Home\",\"item\":\"https:\\\/\\\/tenco.ca\\\/fr\\\/\"},{\"@type\":\"ListItem\",\"position\":2,\"name\":\"Politique de confidentialit\u00e9\"}]},{\"@type\":\"WebSite\",\"@id\":\"https:\\\/\\\/tenco.ca\\\/ny\\\/#website\",\"url\":\"https:\\\/\\\/tenco.ca\\\/ny\\\/\",\"name\":\"Tenco\",\"description\":\"\",\"potentialAction\":[{\"@type\":\"SearchAction\",\"target\":{\"@type\":\"EntryPoint\",\"urlTemplate\":\"https:\\\/\\\/tenco.ca\\\/ny\\\/?s={search_term_string}\"},\"query-input\":{\"@type\":\"PropertyValueSpecification\",\"valueRequired\":true,\"valueName\":\"search_term_string\"}}],\"inLanguage\":\"fr-CA\"}]}<\/script>\n<!-- \/ Yoast SEO plugin. -->","yoast_head_json":{"title":"Politique de confidentialit\u00e9 - Tenco","robots":{"index":"index","follow":"follow","max-snippet":"max-snippet:-1","max-image-preview":"max-image-preview:large","max-video-preview":"max-video-preview:-1"},"canonical":"https:\/\/tenco.ca\/privacy-policy\/","og_locale":"fr_CA","og_type":"article","og_title":"Politique de confidentialit\u00e9 - Tenco","og_description":"Politique de confidentialit\u00e9 Notre engagement envers le respect de la vie priv\u00e9e Notre politique de confidentialit\u00e9 est con\u00e7ue pour vous aider \u00e0 comprendre comment nous recueillons, utilisons et prot\u00e9geons les renseignements personnels que vous nous fournissez et pour vous aider \u00e0 prendre des d\u00e9cisions \u00e9clair\u00e9es lors de l\u2019utilisation de notre site. Quels renseignements recueillons-nous?\u00a0 Lorsque [&hellip;]","og_url":"https:\/\/tenco.ca\/privacy-policy\/","og_site_name":"Tenco","twitter_card":"summary_large_image","twitter_misc":{"Estimation du temps de lecture":"7 minutes"},"schema":{"@context":"https:\/\/schema.org","@graph":[{"@type":"WebPage","@id":"https:\/\/tenco.ca\/privacy-policy\/","url":"https:\/\/tenco.ca\/privacy-policy\/","name":"Politique de confidentialit\u00e9 - Tenco","isPartOf":{"@id":"https:\/\/tenco.ca\/ny\/#website"},"datePublished":"2018-09-24T14:32:14+00:00","breadcrumb":{"@id":"https:\/\/tenco.ca\/privacy-policy\/#breadcrumb"},"inLanguage":"fr-CA","potentialAction":[{"@type":"ReadAction","target":["https:\/\/tenco.ca\/privacy-policy\/"]}]},{"@type":"BreadcrumbList","@id":"https:\/\/tenco.ca\/privacy-policy\/#breadcrumb","itemListElement":[{"@type":"ListItem","position":1,"name":"Home","item":"https:\/\/tenco.ca\/fr\/"},{"@type":"ListItem","position":2,"name":"Politique de confidentialit\u00e9"}]},{"@type":"WebSite","@id":"https:\/\/tenco.ca\/ny\/#website","url":"https:\/\/tenco.ca\/ny\/","name":"Tenco","description":"","potentialAction":[{"@type":"SearchAction","target":{"@type":"EntryPoint","urlTemplate":"https:\/\/tenco.ca\/ny\/?s={search_term_string}"},"query-input":{"@type":"PropertyValueSpecification","valueRequired":true,"valueName":"search_term_string"}}],"inLanguage":"fr-CA"}]}},"_links":{"self":[{"href":"https:\/\/tenco.ca\/fr\/wp-json\/wp\/v2\/pages\/9216","targetHints":{"allow":["GET"]}}],"collection":[{"href":"https:\/\/tenco.ca\/fr\/wp-json\/wp\/v2\/pages"}],"about":[{"href":"https:\/\/tenco.ca\/fr\/wp-json\/wp\/v2\/types\/page"}],"author":[{"embeddable":true,"href":"https:\/\/tenco.ca\/fr\/wp-json\/wp\/v2\/users\/7"}],"replies":[{"embeddable":true,"href":"https:\/\/tenco.ca\/fr\/wp-json\/wp\/v2\/comments?post=9216"}],"version-history":[{"count":0,"href":"https:\/\/tenco.ca\/fr\/wp-json\/wp\/v2\/pages\/9216\/revisions"}],"wp:attachment":[{"href":"https:\/\/tenco.ca\/fr\/wp-json\/wp\/v2\/media?parent=9216"}],"curies":[{"name":"wp","href":"https:\/\/api.w.org\/{rel}","templated":true}]}}