{"id":2007,"date":"2016-04-24T10:01:33","date_gmt":"2016-04-24T10:01:33","guid":{"rendered":"http:\/\/tenco.ca\/fr\/light-truck-equipment\/"},"modified":"2022-02-01T17:22:45","modified_gmt":"2022-02-01T17:22:45","slug":"serie-dequipements-husky","status":"publish","type":"page","link":"https:\/\/tenco.ca\/fr\/serie-dequipements-husky\/","title":{"rendered":"S\u00c9RIE D\u2019\u00c9QUIPEMENTS HUSKY"},"content":{"rendered":"[mk_page_section padding_top=\u00a0\u00bb60&Prime; padding_bottom=\u00a0\u00bb50&Prime; sidebar=\u00a0\u00bbsidebar-1&Prime;][vc_column el_class=\u00a0\u00bbpement\u00a0\u00bb][vc_raw_html]JTNDZGl2JTIwY2xhc3MlM0QlMjJwYWNrYWdlLXJpYmJvbi13cmFwcGVyJTIyJTNFJTBBJTNDaDElMjBjbGFzcyUzRCUyMnBhY2thZ2UtdHlwZSUyMG5vcm1hbC10eXBlJTIwZ29ib29rJTIyJTNFUyVDMyU4OVJJRSUyMEQlRTIlODAlOTklQzMlODlRVUlQRU1FTlRTJTIwSFVTS1klM0MlMkZoMSUzRSUwQSUzQ2RpdiUyMGNsYXNzJTNEJTIycGFja2FnZS10eXBlLWdpbW1pY2slMjIlM0UlM0MlMkZkaXYlM0UlMEElM0MlMkZkaXYlM0U=[\/vc_raw_html][vc_row_inner][vc_column_inner width=\u00a0\u00bb1\/2&Prime;][mk_padding_divider size=\u00a0\u00bb135&Prime; visibility=\u00a0\u00bbhidden-sm\u00a0\u00bb][mk_image src=\u00a0\u00bbhttp:\/\/tenco.ca\/wp-content\/uploads\/2016\/04\/produits_567.jpg\u00a0\u00bb image_size=\u00a0\u00bbfull\u00a0\u00bb align=\u00a0\u00bbcenter\u00a0\u00bb][\/vc_column_inner][vc_column_inner width=\u00a0\u00bb1\/2&Prime;][vc_column_text]\n<div class=\"seige\">\n<h3>PRODUITS DE D\u00c9NEIGEMENT ET D\u00c9GLA\u00c7AGE HUSKY<\/h3>\n<h2>POUR CAMIONS L\u00c9GERS<\/h2>\n<p><strong>En combinant la fiabilit\u00e9 de nos produits avec une technologie de<br \/>\nr\u00e9duction de poids, nous avons cr\u00e9\u00e9 l\u2019\u00e9quipement parfait pour permettre aux camions l\u00e9gers d\u2019effectuer les travaux les plus difficiles.<\/strong><\/p>\n<p>&#8211; Combinaison benne\/\u00e9pandeur avec c\u00f4t\u00e9 basculant<br \/>\n&#8211; Chasse-neiges \u00e0 sens unique et chasse-neiges r\u00e9versible \u00e0 couteaux<br \/>\nbasculants<br \/>\n&#8211; Cuve de sens unique avec ch\u00e2ssis de pouss\u00e9e r\u00e9versible \u201cReverse-a-way\u201d<br \/>\n&#8211; Ailes de c\u00f4t\u00e9s avec attache avant<br \/>\n&#8211; Ailes de c\u00f4t\u00e9s avec attache arri\u00e8re<\/p>\n<\/div>\n[\/vc_column_text][\/vc_column_inner][\/vc_row_inner][vc_row_inner el_class=\u00a0\u00bbnopading1&Prime; css=\u00a0\u00bb.vc_custom_1475869113462{padding-top: 0px !important;}\u00a0\u00bb][vc_column_inner el_class=\u00a0\u00bbmargntp\u00a0\u00bb width=\u00a0\u00bb7\/12&Prime;][mk_image src=\u00a0\u00bbhttp:\/\/tenco.ca\/wp-content\/uploads\/2016\/04\/produits_65.png\u00a0\u00bb image_width=\u00a0\u00bb200&Prime; image_height=\u00a0\u00bb200&Prime; align=\u00a0\u00bbright\u00a0\u00bb][\/vc_column_inner][vc_column_inner el_class=\u00a0\u00bbmargin20&Prime; width=\u00a0\u00bb5\/12&Prime;][vc_column_text]<strong style=\"color: #1f1f1f!important;\">Benne\/\u00e9pandeur combin\u00e9<\/strong><\/p>\n<p>Offert en acier standard ou en acier inoxydable 304. Benne multit\u00e2che capable d\u2019accomplir les fonctions d\u2019une benne \u00e0 bascule durant toute l\u2019ann\u00e9e et de se transformer en \u00e9pandeur \u00e0 sel\/sable en quelques minutes.<\/p>\n[\/vc_column_text][mk_image src=\u00a0\u00bbhttps:\/\/tenco.ca\/wp-content\/uploads\/2015\/10\/tenco-bouton_03.png\u00a0\u00bb image_size=\u00a0\u00bbfull\u00a0\u00bb link=\u00a0\u00bb\/fr\/demande-de-soumission\/\u00a0\u00bb target=\u00a0\u00bb_blank\u00a0\u00bb el_class=\u00a0\u00bbbtn-product-1&Prime;][mk_image src=\u00a0\u00bbhttps:\/\/tenco.ca\/wp-content\/uploads\/2015\/10\/tenco-bouton_05.png\u00a0\u00bb image_size=\u00a0\u00bbfull\u00a0\u00bb link=\u00a0\u00bbhttps:\/\/tenco.ca\/wp-content\/uploads\/2022\/01\/Brochure-generale-Tenco-09-2020-FR-basse-res-REV1.pdf\u00a0\u00bb target=\u00a0\u00bb_blank\u00a0\u00bb el_class=\u00a0\u00bbbtn-product-2&Prime;][\/vc_column_inner][\/vc_row_inner][mk_table el_class=\u00a0\u00bbchassetbl\u00a0\u00bb]\n<table width=\"100%\">\n<thead>\n<tr>\n<th>NUM\u00c9ROS DE MOD\u00c8LES<\/th>\n<th>LONGUEUR<br \/>\nINT\u00c9RIEURE<\/th>\n<th>HAUTEUR<br \/>\nDES C\u00d4T\u00c9S<\/th>\n<th>HAUTEUR<br \/>\nPAN. ARRI\u00c8RE<\/th>\n<th>CAPACIT\u00c9<br \/>\nNIVEAU D\u2019EAU<\/th>\n<th>POIDS<\/th>\n<\/tr>\n<\/thead>\n<tbody>\n<tr>\n<td>TCB-8-P-DF-S-LF<\/td>\n<td>8&Prime;<\/td>\n<td>18&Prime;<\/td>\n<td>24&Prime;<\/td>\n<td>3,26 cu yds<\/td>\n<td>3 150 lb<\/td>\n<\/tr>\n<tr>\n<td>TCB-9-L-DF-S-LF<\/td>\n<td>9&Prime;<\/td>\n<td>18&Prime;<\/td>\n<td>24&Prime;<\/td>\n<td>3,67 cu yds<\/td>\n<td>3 275 lb<\/td>\n<\/tr>\n<tr>\n<td>TCB-10-L-DG-S-LF<\/td>\n<td>10&Prime;<\/td>\n<td>18&Prime;<\/td>\n<td>24&Prime;<\/td>\n<td>4,07 cu yds<\/td>\n<td>3 400 lb<\/td>\n<\/tr>\n<\/tbody>\n<\/table>\n[\/mk_table][\/vc_column][\/mk_page_section][mk_page_section bg_position=\u00a0\u00bbcenter center\u00a0\u00bb bg_repeat=\u00a0\u00bbno-repeat\u00a0\u00bb bg_stretch=\u00a0\u00bbtrue\u00a0\u00bb video_loop=\u00a0\u00bbfalse\u00a0\u00bb padding_top=\u00a0\u00bb40&Prime; padding_bottom=\u00a0\u00bb0&Prime; top_shape_color=\u00a0\u00bb#ffffff\u00a0\u00bb bottom_shape_color=\u00a0\u00bb#ffffff\u00a0\u00bb sidebar=\u00a0\u00bbsidebar-1&Prime;][vc_column css=\u00a0\u00bb.vc_custom_1461494813106{background-color: #f2f2f2 !important;}\u00a0\u00bb][mk_fancy_title font_weight=\u00a0\u00bbbold\u00a0\u00bb font_style=\u00a0\u00bbitalic\u00a0\u00bb txt_transform=\u00a0\u00bbuppercase\u00a0\u00bb margin_top=\u00a0\u00bb20&Prime; font_family=\u00a0\u00bbnone\u00a0\u00bb]\n<h2>CHASSE-NEIGES SENS UNIQUE ET R\u00c9VERSIBLE HUSKY<\/h2>\n[\/mk_fancy_title][vc_row_inner][vc_column_inner width=\u00a0\u00bb1\/4&Prime;][mk_image src=\u00a0\u00bbhttp:\/\/tenco.ca\/wp-content\/uploads\/2016\/04\/machi1500.jpg\u00a0\u00bb image_size=\u00a0\u00bbfull\u00a0\u00bb align=\u00a0\u00bbcenter\u00a0\u00bb][vc_column_text]<strong style=\"color: #1f1f1f!important;\">Mod\u00e8les TCO-10T-47-SR<\/strong><\/p>\n<p><b style=\"color: #1f1f1f!important;\">Chasse-neiges sens unique \u00e0 basculement complet<\/b><br \/>\n&#8211; Largeur de d\u00e9blaiement de 9\u20192\u2018\u2019<br \/>\n&#8211; Cuve l\u00e9g\u00e8re en Tenelene<br \/>\n&#8211; Entr\u00e9e de 26\u2019\u2019[\/vc_column_text][\/vc_column_inner][vc_column_inner width=\u00a0\u00bb1\/4&Prime;][mk_image src=\u00a0\u00bbhttp:\/\/tenco.ca\/wp-content\/uploads\/2016\/04\/machi2.jpg\u00a0\u00bb image_size=\u00a0\u00bbfull\u00a0\u00bb align=\u00a0\u00bbcenter\u00a0\u00bb][vc_column_text]<strong style=\"color: #1f1f1f!important;\">Mod\u00e8les TCP-10-T-36-E1<\/strong><\/p>\n<p><b style=\"color: #1f1f1f!important;\">Chasse-neiges r\u00e9versible \u00e0 couteaux basculants<\/b><br \/>\n&#8211; Largeurs de 9\u2019 et 10\u2019 en Tenelene<br \/>\n&#8211; Largeur de 10\u2019 en acier<br \/>\n&#8211; Cuve de 36\u201d de haut[\/vc_column_text][\/vc_column_inner][vc_column_inner width=\u00a0\u00bb1\/4&Prime;][mk_image src=\u00a0\u00bbhttp:\/\/tenco.ca\/wp-content\/uploads\/2016\/04\/machi33.jpg\u00a0\u00bb image_size=\u00a0\u00bbfull\u00a0\u00bb align=\u00a0\u00bbcenter\u00a0\u00bb][vc_column_text]<strong style=\"color: #1f1f1f!important;\">Ailes de c\u00f4t\u00e9 avec attache avant<\/strong><\/p>\n<p>&#8211; Augmente la largeur de d\u00e9blaiement des camions de d\u00e9neigement \u00e0 faible tonnage<br \/>\n&#8211; Conception l\u00e9g\u00e8re incluant une aile en Tenelene<br \/>\n&#8211; Colonnes avant et arri\u00e8re hydrauliques[\/vc_column_text][\/vc_column_inner][vc_column_inner width=\u00a0\u00bb1\/4&Prime;][mk_image src=\u00a0\u00bbhttp:\/\/tenco.ca\/wp-content\/uploads\/2016\/04\/machin55.jpg\u00a0\u00bb image_size=\u00a0\u00bbfull\u00a0\u00bb][vc_column_text]<strong style=\"color: #1f1f1f!important;\">Ailes de c\u00f4t\u00e9 avec attache arri\u00e8re<\/strong><\/p>\n<p>&#8211; Augmente la largeur de d\u00e9blaiement des camions de d\u00e9neigement \u00e0 faible tonnage<br \/>\n&#8211; Conception l\u00e9g\u00e8re incluant une aile en Tenelene<br \/>\n&#8211; Colonnes avant et arri\u00e8re hydrauliques[\/vc_column_text][\/vc_column_inner][\/vc_row_inner][mk_padding_divider][\/vc_column][\/mk_page_section]\n","protected":false},"excerpt":{"rendered":"<p>[mk_page_section padding_top=\u00a0\u00bb60&Prime; padding_bottom=\u00a0\u00bb50&Prime; sidebar=\u00a0\u00bbsidebar-1&Prime;][vc_column el_class=\u00a0\u00bbpement\u00a0\u00bb][vc_raw_html]JTNDZGl2JTIwY2xhc3MlM0QlMjJwYWNrYWdlLXJpYmJvbi13cmFwcGVyJTIyJTNFJTBBJTNDaDElMjBjbGFzcyUzRCUyMnBhY2thZ2UtdHlwZSUyMG5vcm1hbC10eXBlJTIwZ29ib29rJTIyJTNFUyVDMyU4OVJJRSUyMEQlRTIlODAlOTklQzMlODlRVUlQRU1FTlRTJTIwSFVTS1klM0MlMkZoMSUzRSUwQSUzQ2RpdiUyMGNsYXNzJTNEJTIycGFja2FnZS10eXBlLWdpbW1pY2slMjIlM0UlM0MlMkZkaXYlM0UlMEElM0MlMkZkaXYlM0U=[\/vc_raw_html][vc_row_inner][vc_column_inner width=\u00a0\u00bb1\/2&Prime;][mk_padding_divider size=\u00a0\u00bb135&Prime; visibility=\u00a0\u00bbhidden-sm\u00a0\u00bb][mk_image src=\u00a0\u00bbhttp:\/\/tenco.ca\/wp-content\/uploads\/2016\/04\/produits_567.jpg\u00a0\u00bb image_size=\u00a0\u00bbfull\u00a0\u00bb align=\u00a0\u00bbcenter\u00a0\u00bb][\/vc_column_inner][vc_column_inner width=\u00a0\u00bb1\/2&Prime;][vc_column_text] PRODUITS DE D\u00c9NEIGEMENT ET D\u00c9GLA\u00c7AGE HUSKY POUR CAMIONS L\u00c9GERS En combinant la fiabilit\u00e9 de nos produits avec une technologie de r\u00e9duction de poids, nous avons cr\u00e9\u00e9 l\u2019\u00e9quipement parfait pour permettre aux camions l\u00e9gers d\u2019effectuer les travaux les plus difficiles. &#8211; Combinaison benne\/\u00e9pandeur avec [&hellip;]<\/p>\n","protected":false},"author":4,"featured_media":0,"parent":0,"menu_order":0,"comment_status":"closed","ping_status":"closed","template":"","meta":{"_acf_changed":false,"footnotes":""},"class_list":["post-2007","page","type-page","status-publish","hentry"],"acf":[],"yoast_head":"<!-- This site is optimized with the Yoast SEO plugin v27.4 - https:\/\/yoast.com\/product\/yoast-seo-wordpress\/ -->\n<title>S\u00c9RIE D\u2019\u00c9QUIPEMENTS HUSKY - Tenco<\/title>\n<meta name=\"robots\" content=\"index, follow, max-snippet:-1, max-image-preview:large, max-video-preview:-1\" \/>\n<link rel=\"canonical\" href=\"https:\/\/tenco.ca\/fr\/serie-dequipements-husky\/\" \/>\n<meta property=\"og:locale\" content=\"fr_CA\" \/>\n<meta property=\"og:type\" content=\"article\" \/>\n<meta property=\"og:title\" content=\"S\u00c9RIE D\u2019\u00c9QUIPEMENTS HUSKY - Tenco\" \/>\n<meta property=\"og:description\" content=\"[mk_page_section padding_top=\u00a0\u00bb60&Prime; padding_bottom=\u00a0\u00bb50&Prime; sidebar=\u00a0\u00bbsidebar-1&Prime;][vc_column el_class=\u00a0\u00bbpement\u00a0\u00bb][vc_raw_html]JTNDZGl2JTIwY2xhc3MlM0QlMjJwYWNrYWdlLXJpYmJvbi13cmFwcGVyJTIyJTNFJTBBJTNDaDElMjBjbGFzcyUzRCUyMnBhY2thZ2UtdHlwZSUyMG5vcm1hbC10eXBlJTIwZ29ib29rJTIyJTNFUyVDMyU4OVJJRSUyMEQlRTIlODAlOTklQzMlODlRVUlQRU1FTlRTJTIwSFVTS1klM0MlMkZoMSUzRSUwQSUzQ2RpdiUyMGNsYXNzJTNEJTIycGFja2FnZS10eXBlLWdpbW1pY2slMjIlM0UlM0MlMkZkaXYlM0UlMEElM0MlMkZkaXYlM0U=[\/vc_raw_html][vc_row_inner][vc_column_inner width=\u00a0\u00bb1\/2&Prime;][mk_padding_divider size=\u00a0\u00bb135&Prime; visibility=\u00a0\u00bbhidden-sm\u00a0\u00bb][mk_image src=\u00a0\u00bbhttp:\/\/tenco.ca\/wp-content\/uploads\/2016\/04\/produits_567.jpg\u00a0\u00bb image_size=\u00a0\u00bbfull\u00a0\u00bb align=\u00a0\u00bbcenter\u00a0\u00bb][\/vc_column_inner][vc_column_inner width=\u00a0\u00bb1\/2&Prime;][vc_column_text] PRODUITS DE D\u00c9NEIGEMENT ET D\u00c9GLA\u00c7AGE HUSKY POUR CAMIONS L\u00c9GERS En combinant la fiabilit\u00e9 de nos produits avec une technologie de r\u00e9duction de poids, nous avons cr\u00e9\u00e9 l\u2019\u00e9quipement parfait pour permettre aux camions l\u00e9gers d\u2019effectuer les travaux les plus difficiles. &#8211; Combinaison benne\/\u00e9pandeur avec [&hellip;]\" \/>\n<meta property=\"og:url\" content=\"https:\/\/tenco.ca\/fr\/serie-dequipements-husky\/\" \/>\n<meta property=\"og:site_name\" content=\"Tenco\" \/>\n<meta property=\"article:modified_time\" content=\"2022-02-01T17:22:45+00:00\" \/>\n<meta name=\"twitter:card\" content=\"summary_large_image\" \/>\n<meta name=\"twitter:label1\" content=\"Estimation du temps de lecture\" \/>\n\t<meta name=\"twitter:data1\" content=\"2 minutes\" \/>\n<script type=\"application\/ld+json\" class=\"yoast-schema-graph\">{\"@context\":\"https:\\\/\\\/schema.org\",\"@graph\":[{\"@type\":\"WebPage\",\"@id\":\"https:\\\/\\\/tenco.ca\\\/fr\\\/serie-dequipements-husky\\\/\",\"url\":\"https:\\\/\\\/tenco.ca\\\/fr\\\/serie-dequipements-husky\\\/\",\"name\":\"S\u00c9RIE D\u2019\u00c9QUIPEMENTS HUSKY - Tenco\",\"isPartOf\":{\"@id\":\"https:\\\/\\\/tenco.ca\\\/ny\\\/#website\"},\"datePublished\":\"2016-04-24T10:01:33+00:00\",\"dateModified\":\"2022-02-01T17:22:45+00:00\",\"breadcrumb\":{\"@id\":\"https:\\\/\\\/tenco.ca\\\/fr\\\/serie-dequipements-husky\\\/#breadcrumb\"},\"inLanguage\":\"fr-CA\",\"potentialAction\":[{\"@type\":\"ReadAction\",\"target\":[\"https:\\\/\\\/tenco.ca\\\/fr\\\/serie-dequipements-husky\\\/\"]}]},{\"@type\":\"BreadcrumbList\",\"@id\":\"https:\\\/\\\/tenco.ca\\\/fr\\\/serie-dequipements-husky\\\/#breadcrumb\",\"itemListElement\":[{\"@type\":\"ListItem\",\"position\":1,\"name\":\"Home\",\"item\":\"https:\\\/\\\/tenco.ca\\\/fr\\\/\"},{\"@type\":\"ListItem\",\"position\":2,\"name\":\"S\u00c9RIE D\u2019\u00c9QUIPEMENTS HUSKY\"}]},{\"@type\":\"WebSite\",\"@id\":\"https:\\\/\\\/tenco.ca\\\/ny\\\/#website\",\"url\":\"https:\\\/\\\/tenco.ca\\\/ny\\\/\",\"name\":\"Tenco\",\"description\":\"\",\"potentialAction\":[{\"@type\":\"SearchAction\",\"target\":{\"@type\":\"EntryPoint\",\"urlTemplate\":\"https:\\\/\\\/tenco.ca\\\/ny\\\/?s={search_term_string}\"},\"query-input\":{\"@type\":\"PropertyValueSpecification\",\"valueRequired\":true,\"valueName\":\"search_term_string\"}}],\"inLanguage\":\"fr-CA\"}]}<\/script>\n<!-- \/ Yoast SEO plugin. -->","yoast_head_json":{"title":"S\u00c9RIE D\u2019\u00c9QUIPEMENTS HUSKY - Tenco","robots":{"index":"index","follow":"follow","max-snippet":"max-snippet:-1","max-image-preview":"max-image-preview:large","max-video-preview":"max-video-preview:-1"},"canonical":"https:\/\/tenco.ca\/fr\/serie-dequipements-husky\/","og_locale":"fr_CA","og_type":"article","og_title":"S\u00c9RIE D\u2019\u00c9QUIPEMENTS HUSKY - Tenco","og_description":"[mk_page_section padding_top=\u00a0\u00bb60&Prime; padding_bottom=\u00a0\u00bb50&Prime; sidebar=\u00a0\u00bbsidebar-1&Prime;][vc_column el_class=\u00a0\u00bbpement\u00a0\u00bb][vc_raw_html]JTNDZGl2JTIwY2xhc3MlM0QlMjJwYWNrYWdlLXJpYmJvbi13cmFwcGVyJTIyJTNFJTBBJTNDaDElMjBjbGFzcyUzRCUyMnBhY2thZ2UtdHlwZSUyMG5vcm1hbC10eXBlJTIwZ29ib29rJTIyJTNFUyVDMyU4OVJJRSUyMEQlRTIlODAlOTklQzMlODlRVUlQRU1FTlRTJTIwSFVTS1klM0MlMkZoMSUzRSUwQSUzQ2RpdiUyMGNsYXNzJTNEJTIycGFja2FnZS10eXBlLWdpbW1pY2slMjIlM0UlM0MlMkZkaXYlM0UlMEElM0MlMkZkaXYlM0U=[\/vc_raw_html][vc_row_inner][vc_column_inner width=\u00a0\u00bb1\/2&Prime;][mk_padding_divider size=\u00a0\u00bb135&Prime; visibility=\u00a0\u00bbhidden-sm\u00a0\u00bb][mk_image src=\u00a0\u00bbhttp:\/\/tenco.ca\/wp-content\/uploads\/2016\/04\/produits_567.jpg\u00a0\u00bb image_size=\u00a0\u00bbfull\u00a0\u00bb align=\u00a0\u00bbcenter\u00a0\u00bb][\/vc_column_inner][vc_column_inner width=\u00a0\u00bb1\/2&Prime;][vc_column_text] PRODUITS DE D\u00c9NEIGEMENT ET D\u00c9GLA\u00c7AGE HUSKY POUR CAMIONS L\u00c9GERS En combinant la fiabilit\u00e9 de nos produits avec une technologie de r\u00e9duction de poids, nous avons cr\u00e9\u00e9 l\u2019\u00e9quipement parfait pour permettre aux camions l\u00e9gers d\u2019effectuer les travaux les plus difficiles. &#8211; Combinaison benne\/\u00e9pandeur avec [&hellip;]","og_url":"https:\/\/tenco.ca\/fr\/serie-dequipements-husky\/","og_site_name":"Tenco","article_modified_time":"2022-02-01T17:22:45+00:00","twitter_card":"summary_large_image","twitter_misc":{"Estimation du temps de lecture":"2 minutes"},"schema":{"@context":"https:\/\/schema.org","@graph":[{"@type":"WebPage","@id":"https:\/\/tenco.ca\/fr\/serie-dequipements-husky\/","url":"https:\/\/tenco.ca\/fr\/serie-dequipements-husky\/","name":"S\u00c9RIE D\u2019\u00c9QUIPEMENTS HUSKY - Tenco","isPartOf":{"@id":"https:\/\/tenco.ca\/ny\/#website"},"datePublished":"2016-04-24T10:01:33+00:00","dateModified":"2022-02-01T17:22:45+00:00","breadcrumb":{"@id":"https:\/\/tenco.ca\/fr\/serie-dequipements-husky\/#breadcrumb"},"inLanguage":"fr-CA","potentialAction":[{"@type":"ReadAction","target":["https:\/\/tenco.ca\/fr\/serie-dequipements-husky\/"]}]},{"@type":"BreadcrumbList","@id":"https:\/\/tenco.ca\/fr\/serie-dequipements-husky\/#breadcrumb","itemListElement":[{"@type":"ListItem","position":1,"name":"Home","item":"https:\/\/tenco.ca\/fr\/"},{"@type":"ListItem","position":2,"name":"S\u00c9RIE D\u2019\u00c9QUIPEMENTS HUSKY"}]},{"@type":"WebSite","@id":"https:\/\/tenco.ca\/ny\/#website","url":"https:\/\/tenco.ca\/ny\/","name":"Tenco","description":"","potentialAction":[{"@type":"SearchAction","target":{"@type":"EntryPoint","urlTemplate":"https:\/\/tenco.ca\/ny\/?s={search_term_string}"},"query-input":{"@type":"PropertyValueSpecification","valueRequired":true,"valueName":"search_term_string"}}],"inLanguage":"fr-CA"}]}},"_links":{"self":[{"href":"https:\/\/tenco.ca\/fr\/wp-json\/wp\/v2\/pages\/2007","targetHints":{"allow":["GET"]}}],"collection":[{"href":"https:\/\/tenco.ca\/fr\/wp-json\/wp\/v2\/pages"}],"about":[{"href":"https:\/\/tenco.ca\/fr\/wp-json\/wp\/v2\/types\/page"}],"author":[{"embeddable":true,"href":"https:\/\/tenco.ca\/fr\/wp-json\/wp\/v2\/users\/4"}],"replies":[{"embeddable":true,"href":"https:\/\/tenco.ca\/fr\/wp-json\/wp\/v2\/comments?post=2007"}],"version-history":[{"count":0,"href":"https:\/\/tenco.ca\/fr\/wp-json\/wp\/v2\/pages\/2007\/revisions"}],"wp:attachment":[{"href":"https:\/\/tenco.ca\/fr\/wp-json\/wp\/v2\/media?parent=2007"}],"curies":[{"name":"wp","href":"https:\/\/api.w.org\/{rel}","templated":true}]}}