{"id":1497,"date":"2015-10-03T19:12:51","date_gmt":"2015-10-03T19:12:51","guid":{"rendered":"http:\/\/tenco.ca\/fr\/equipement-daeroport-tenco\/"},"modified":"2022-02-01T17:06:21","modified_gmt":"2022-02-01T17:06:21","slug":"gratte-daeroport-tenco","status":"publish","type":"page","link":"https:\/\/tenco.ca\/fr\/gratte-daeroport-tenco\/","title":{"rendered":"CHASSE-NEIGES D\u2019A\u00c9ROPORT TENCO"},"content":{"rendered":"[mk_page_section padding_top=\u00a0\u00bb60&Prime; padding_bottom=\u00a0\u00bb30&Prime; first_page=\u00a0\u00bbfalse\u00a0\u00bb last_page=\u00a0\u00bbfalse\u00a0\u00bb sidebar=\u00a0\u00bbsidebar-1&Prime;][vc_column el_class=\u00a0\u00bbpement\u00a0\u00bb][vc_raw_html]JTNDZGl2JTIwY2xhc3MlM0QlMjJwYWNrYWdlLXJpYmJvbi13cmFwcGVyJTIyJTNFJTBBJTNDaDElMjBjbGFzcyUzRCUyMnBhY2thZ2UtdHlwZSUyMG5vcm1hbC10eXBlJTIwZ29ib29rJTIyJTNFJUMzJTg5UVVJUEVNRU5UUyUyMEQlRTIlODAlOTlBJUMzJTg5Uk9QT1JUJTIwVEVOQ08lM0MlMkZoMSUzRSUwQSUzQ2RpdiUyMGNsYXNzJTNEJTIycGFja2FnZS10eXBlLWdpbW1pY2slMjIlM0UlM0MlMkZkaXYlM0UlMEElM0MlMkZkaXYlM0U=[\/vc_raw_html][vc_row_inner padding=\u00a0\u00bb0&Prime;][vc_column_inner width=\u00a0\u00bb5\/12&Prime;][mk_image src=\u00a0\u00bbhttp:\/\/tenco.ca\/wp-content\/uploads\/2015\/10\/car22.jpg\u00a0\u00bb align=\u00a0\u00bbcenter\u00a0\u00bb crop=\u00a0\u00bbfalse\u00a0\u00bb][\/vc_column_inner][vc_column_inner width=\u00a0\u00bb7\/12&Prime;][vc_column_text]\n<div class=\"seige\">\n<h3>CHASSE-NEIGES R\u00c9VERSIBLES<\/h3>\n<h2>POUR PISTES D\u2019A\u00c9ROPORTS<\/h2>\n<p><strong>CARACT\u00c9RISTIQUES<\/strong><\/p>\n<p>&#8211; Offerts en longueur de 16\u2019, 19\u2019 et 22\u2019<\/p>\n<p>&#8211; Cuve l\u00e9g\u00e8re en Tenelene<\/p>\n<p>&#8211; Chasse-neige soutenu \u00e0 chaque extr\u00e9mit\u00e9 par une roue pivotante sur pneumatique d\u2019une capacit\u00e9 de 6 000 lb (version 19\u2019 et 22\u2019)<\/p>\n<p>&#8211; Courbure de la cuve prononc\u00e9e pour r\u00e9duire le retour de neige.<\/p>\n<p>&#8211; Cuve de 42\u2019\u2019 de haut avec chasse-neige de 16\u2019 et cuve de 50\u2019\u2019 de haut avec les mod\u00e8les 19\u2019 et 22\u2019<\/p>\n<p>&#8211; Cuve en Tenelene de 3\/8\u2019\u2019 d\u2019\u00e9paisseur soutenue par une armature d\u2019acier de 3\/16\u2019\u2019 d\u2019\u00e9paisseur<\/p>\n<p>&#8211; Ressorts de caoutchouc Aeon reliant la cuve au ch\u00e2ssis de pouss\u00e9e pour absober les impacts de la route<\/p>\n<p>&#8211; Syst\u00e8me de levage int\u00e9gr\u00e9 au chasse-neige pour assurer une garde au sol suffisante en position relev\u00e9e.<\/p>\n<\/div>\n[\/vc_column_text][mk_image src=\u00a0\u00bbhttps:\/\/tenco.ca\/wp-content\/uploads\/2015\/10\/tenco-bouton_03.png\u00a0\u00bb image_size=\u00a0\u00bbfull\u00a0\u00bb link=\u00a0\u00bb\/fr\/demande-de-soumission\/\u00a0\u00bb target=\u00a0\u00bb_blank\u00a0\u00bb el_class=\u00a0\u00bbbtn-product-1&Prime;][mk_image src=\u00a0\u00bbhttps:\/\/tenco.ca\/wp-content\/uploads\/2015\/10\/tenco-bouton_05.png\u00a0\u00bb image_size=\u00a0\u00bbfull\u00a0\u00bb link=\u00a0\u00bbhttps:\/\/tenco.ca\/wp-content\/uploads\/2022\/01\/Brochure-generale-Tenco-09-2020-FR-basse-res-REV1.pdf\u00a0\u00bb target=\u00a0\u00bb_blank\u00a0\u00bb el_class=\u00a0\u00bbbtn-product-2&Prime;][mk_table el_class=\u00a0\u00bbchassetbl\u00a0\u00bb]\n<table width=\"100%\">\n<thead>\n<tr>\n<th>MOD\u00c8LE<\/th>\n<th>LONGUEUR<\/th>\n<th>HAUTEUR<\/th>\n<th>LARGEUR DE D\u00c9BLAIEMENT<\/th>\n<th>POIDS<\/th>\n<\/tr>\n<\/thead>\n<tbody>\n<tr>\n<td>TCP-16-T-42-AT<\/td>\n<td>16&prime;<\/td>\n<td>42&Prime;<\/td>\n<td>13&prime; 10&Prime;<\/td>\n<td>3700 lbs<\/td>\n<\/tr>\n<tr>\n<td>TCP-19-T-42-AT<\/td>\n<td>19&prime;<\/td>\n<td>50&Prime;<\/td>\n<td>16&prime; 5&Prime;<\/td>\n<td>3970 lbs<\/td>\n<\/tr>\n<tr>\n<td>TCP-22-T-50-AT<\/td>\n<td>22&prime;<\/td>\n<td>50&Prime;<\/td>\n<td>19&prime; 0&Prime;<\/td>\n<td>4565 lbs<\/td>\n<\/tr>\n<\/tbody>\n<\/table>\n[\/mk_table][\/vc_column_inner][\/vc_row_inner][\/vc_column][\/mk_page_section]\n","protected":false},"excerpt":{"rendered":"<p>Le chasse-neige r\u00e9versible Tenco d\u00e9tient toutes les caract\u00e9ristes pour repousser les lbs de neige !<\/p>\n","protected":false},"author":4,"featured_media":0,"parent":0,"menu_order":0,"comment_status":"closed","ping_status":"closed","template":"","meta":{"_acf_changed":false,"footnotes":""},"class_list":["post-1497","page","type-page","status-publish","hentry"],"acf":[],"yoast_head":"<!-- This site is optimized with the Yoast SEO plugin v27.4 - https:\/\/yoast.com\/product\/yoast-seo-wordpress\/ -->\n<title>Chasse-neige r\u00e9versible Tenco pour les pistes\u00a0d\u2019a\u00e9roport<\/title>\n<meta name=\"description\" content=\"Le chasse-neige r\u00e9versible Tenco d\u00e9tient toutes les caract\u00e9ristiques pour repousser de grandes quantit\u00e9s de neige des pistes d&#039;att\u00e9risage\" \/>\n<meta name=\"robots\" content=\"index, follow, max-snippet:-1, max-image-preview:large, max-video-preview:-1\" \/>\n<link rel=\"canonical\" href=\"https:\/\/tenco.ca\/tenco-airport-plows\/\" \/>\n<meta property=\"og:locale\" content=\"fr_CA\" \/>\n<meta property=\"og:type\" content=\"article\" \/>\n<meta property=\"og:title\" content=\"Chasse-neige r\u00e9versible Tenco pour les pistes\u00a0d\u2019a\u00e9roport\" \/>\n<meta property=\"og:description\" content=\"Le chasse-neige r\u00e9versible Tenco d\u00e9tient toutes les caract\u00e9ristiques pour repousser de grandes quantit\u00e9s de neige des pistes d&#039;att\u00e9risage\" \/>\n<meta property=\"og:url\" content=\"https:\/\/tenco.ca\/tenco-airport-plows\/\" \/>\n<meta property=\"og:site_name\" content=\"Tenco\" \/>\n<meta property=\"article:modified_time\" content=\"2022-02-01T17:06:21+00:00\" \/>\n<meta name=\"twitter:card\" content=\"summary_large_image\" \/>\n<meta name=\"twitter:label1\" content=\"Estimation du temps de lecture\" \/>\n\t<meta name=\"twitter:data1\" content=\"1 minute\" \/>\n<script type=\"application\/ld+json\" class=\"yoast-schema-graph\">{\"@context\":\"https:\\\/\\\/schema.org\",\"@graph\":[{\"@type\":\"WebPage\",\"@id\":\"https:\\\/\\\/tenco.ca\\\/tenco-airport-plows\\\/\",\"url\":\"https:\\\/\\\/tenco.ca\\\/tenco-airport-plows\\\/\",\"name\":\"Chasse-neige r\u00e9versible Tenco pour les pistes\u00a0d\u2019a\u00e9roport\",\"isPartOf\":{\"@id\":\"https:\\\/\\\/tenco.ca\\\/ny\\\/#website\"},\"datePublished\":\"2015-10-03T19:12:51+00:00\",\"dateModified\":\"2022-02-01T17:06:21+00:00\",\"description\":\"Le chasse-neige r\u00e9versible Tenco d\u00e9tient toutes les caract\u00e9ristiques pour repousser de grandes quantit\u00e9s de neige des pistes d'att\u00e9risage\",\"breadcrumb\":{\"@id\":\"https:\\\/\\\/tenco.ca\\\/tenco-airport-plows\\\/#breadcrumb\"},\"inLanguage\":\"fr-CA\",\"potentialAction\":[{\"@type\":\"ReadAction\",\"target\":[\"https:\\\/\\\/tenco.ca\\\/tenco-airport-plows\\\/\"]}]},{\"@type\":\"BreadcrumbList\",\"@id\":\"https:\\\/\\\/tenco.ca\\\/tenco-airport-plows\\\/#breadcrumb\",\"itemListElement\":[{\"@type\":\"ListItem\",\"position\":1,\"name\":\"Home\",\"item\":\"https:\\\/\\\/tenco.ca\\\/fr\\\/\"},{\"@type\":\"ListItem\",\"position\":2,\"name\":\"CHASSE-NEIGES D\u2019A\u00c9ROPORT TENCO\"}]},{\"@type\":\"WebSite\",\"@id\":\"https:\\\/\\\/tenco.ca\\\/ny\\\/#website\",\"url\":\"https:\\\/\\\/tenco.ca\\\/ny\\\/\",\"name\":\"Tenco\",\"description\":\"\",\"potentialAction\":[{\"@type\":\"SearchAction\",\"target\":{\"@type\":\"EntryPoint\",\"urlTemplate\":\"https:\\\/\\\/tenco.ca\\\/ny\\\/?s={search_term_string}\"},\"query-input\":{\"@type\":\"PropertyValueSpecification\",\"valueRequired\":true,\"valueName\":\"search_term_string\"}}],\"inLanguage\":\"fr-CA\"}]}<\/script>\n<!-- \/ Yoast SEO plugin. -->","yoast_head_json":{"title":"Chasse-neige r\u00e9versible Tenco pour les pistes\u00a0d\u2019a\u00e9roport","description":"Le chasse-neige r\u00e9versible Tenco d\u00e9tient toutes les caract\u00e9ristiques pour repousser de grandes quantit\u00e9s de neige des pistes d'att\u00e9risage","robots":{"index":"index","follow":"follow","max-snippet":"max-snippet:-1","max-image-preview":"max-image-preview:large","max-video-preview":"max-video-preview:-1"},"canonical":"https:\/\/tenco.ca\/tenco-airport-plows\/","og_locale":"fr_CA","og_type":"article","og_title":"Chasse-neige r\u00e9versible Tenco pour les pistes\u00a0d\u2019a\u00e9roport","og_description":"Le chasse-neige r\u00e9versible Tenco d\u00e9tient toutes les caract\u00e9ristiques pour repousser de grandes quantit\u00e9s de neige des pistes d'att\u00e9risage","og_url":"https:\/\/tenco.ca\/tenco-airport-plows\/","og_site_name":"Tenco","article_modified_time":"2022-02-01T17:06:21+00:00","twitter_card":"summary_large_image","twitter_misc":{"Estimation du temps de lecture":"1 minute"},"schema":{"@context":"https:\/\/schema.org","@graph":[{"@type":"WebPage","@id":"https:\/\/tenco.ca\/tenco-airport-plows\/","url":"https:\/\/tenco.ca\/tenco-airport-plows\/","name":"Chasse-neige r\u00e9versible Tenco pour les pistes\u00a0d\u2019a\u00e9roport","isPartOf":{"@id":"https:\/\/tenco.ca\/ny\/#website"},"datePublished":"2015-10-03T19:12:51+00:00","dateModified":"2022-02-01T17:06:21+00:00","description":"Le chasse-neige r\u00e9versible Tenco d\u00e9tient toutes les caract\u00e9ristiques pour repousser de grandes quantit\u00e9s de neige des pistes d'att\u00e9risage","breadcrumb":{"@id":"https:\/\/tenco.ca\/tenco-airport-plows\/#breadcrumb"},"inLanguage":"fr-CA","potentialAction":[{"@type":"ReadAction","target":["https:\/\/tenco.ca\/tenco-airport-plows\/"]}]},{"@type":"BreadcrumbList","@id":"https:\/\/tenco.ca\/tenco-airport-plows\/#breadcrumb","itemListElement":[{"@type":"ListItem","position":1,"name":"Home","item":"https:\/\/tenco.ca\/fr\/"},{"@type":"ListItem","position":2,"name":"CHASSE-NEIGES D\u2019A\u00c9ROPORT TENCO"}]},{"@type":"WebSite","@id":"https:\/\/tenco.ca\/ny\/#website","url":"https:\/\/tenco.ca\/ny\/","name":"Tenco","description":"","potentialAction":[{"@type":"SearchAction","target":{"@type":"EntryPoint","urlTemplate":"https:\/\/tenco.ca\/ny\/?s={search_term_string}"},"query-input":{"@type":"PropertyValueSpecification","valueRequired":true,"valueName":"search_term_string"}}],"inLanguage":"fr-CA"}]}},"_links":{"self":[{"href":"https:\/\/tenco.ca\/fr\/wp-json\/wp\/v2\/pages\/1497","targetHints":{"allow":["GET"]}}],"collection":[{"href":"https:\/\/tenco.ca\/fr\/wp-json\/wp\/v2\/pages"}],"about":[{"href":"https:\/\/tenco.ca\/fr\/wp-json\/wp\/v2\/types\/page"}],"author":[{"embeddable":true,"href":"https:\/\/tenco.ca\/fr\/wp-json\/wp\/v2\/users\/4"}],"replies":[{"embeddable":true,"href":"https:\/\/tenco.ca\/fr\/wp-json\/wp\/v2\/comments?post=1497"}],"version-history":[{"count":0,"href":"https:\/\/tenco.ca\/fr\/wp-json\/wp\/v2\/pages\/1497\/revisions"}],"wp:attachment":[{"href":"https:\/\/tenco.ca\/fr\/wp-json\/wp\/v2\/media?parent=1497"}],"curies":[{"name":"wp","href":"https:\/\/api.w.org\/{rel}","templated":true}]}}