{"id":1495,"date":"2015-09-30T22:42:25","date_gmt":"2015-09-30T22:42:25","guid":{"rendered":"http:\/\/tenco.ca\/fr\/equipement-daeroport\/"},"modified":"2025-03-04T21:48:46","modified_gmt":"2025-03-04T21:48:46","slug":"equipement-daeroport","status":"publish","type":"page","link":"https:\/\/tenco.ca\/fr\/equipement-daeroport\/","title":{"rendered":"\u00c9QUIPEMENT D\u2019A\u00c9ROPORT"},"content":{"rendered":"[mk_page_section padding_top=\u00a0\u00bb60&Prime; padding_bottom=\u00a0\u00bb0&Prime; first_page=\u00a0\u00bbfalse\u00a0\u00bb last_page=\u00a0\u00bbfalse\u00a0\u00bb sidebar=\u00a0\u00bbsidebar-1&Prime;][vc_column el_class=\u00a0\u00bbpement\u00a0\u00bb][vc_raw_html]JTNDZGl2JTIwY2xhc3MlM0QlMjJwYWNrYWdlLXJpYmJvbi13cmFwcGVyJTIyJTNFJTBBJTNDaDElMjBjbGFzcyUzRCUyMnBhY2thZ2UtdHlwZSUyMG5vcm1hbC10eXBlJTIwZ29ib29rJTIyJTNFJUMzJTg5UVVJUEVNRU5UJTIwRCVFMiU4MCU5OUElQzMlODlST1BPUlQlM0MlMkZoMSUzRSUwQSUzQ2RpdiUyMGNsYXNzJTNEJTIycGFja2FnZS10eXBlLWdpbW1pY2slMjIlM0UlM0MlMkZkaXYlM0UlMEElM0MlMkZkaXYlM0U=[\/vc_raw_html][vc_row_inner padding=\u00a0\u00bb0&Prime;][vc_column_inner width=\u00a0\u00bb1\/3&Prime;][mk_padding_divider size=\u00a0\u00bb25&Prime;][mk_image src=\u00a0\u00bbhttps:\/\/tenco.ca\/wp-content\/uploads\/2022\/02\/balayeuses-de-pistes-smi.png\u00a0\u00bb link=\u00a0\u00bb\/fr\/balayeuses-de-piste\/\u00a0\u00bb align=\u00a0\u00bbcenter\u00a0\u00bb crop=\u00a0\u00bbfalse\u00a0\u00bb][vc_column_text align=\u00a0\u00bbcenter\u00a0\u00bb]Vous pouvez vous fier sur les balayeuses remorqu\u00e9s SMI TENCO pour d\u00e9gager et nettoyer les pistes d&rsquo;atterisage, beau temps, mauvais temps.[\/vc_column_text][\/vc_column_inner][vc_column_inner width=\u00a0\u00bb1\/3&Prime;][mk_padding_divider size=\u00a0\u00bb25&Prime;][mk_image src=\u00a0\u00bbhttps:\/\/tenco.ca\/wp-content\/uploads\/2015\/09\/TENCO-AIRPORT-SCRAPERS1.jpg\u00a0\u00bb link=\u00a0\u00bb\/fr\/gratte-daeroport-tenco\/\u00a0\u00bb align=\u00a0\u00bbcenter\u00a0\u00bb crop=\u00a0\u00bbfalse\u00a0\u00bb][vc_column_text align=\u00a0\u00bbcenter\u00a0\u00bb]D\u00e9blayez chaque recoins de vos pistes en utilisant l\u2019un des mod\u00e8les de chasse-neiges con\u00e7us par TENCO.[\/vc_column_text][\/vc_column_inner][vc_column_inner width=\u00a0\u00bb1\/3&Prime;][mk_padding_divider size=\u00a0\u00bb25&Prime;][mk_image src=\u00a0\u00bbhttp:\/\/tenco.ca\/wp-content\/uploads\/2015\/09\/ROLBA.jpg\u00a0\u00bb link=\u00a0\u00bb\/fr\/equipement-daeroport-rolba\/\u00a0\u00bb align=\u00a0\u00bbcenter\u00a0\u00bb crop=\u00a0\u00bbfalse\u00a0\u00bb][vc_column_text align=\u00a0\u00bbcenter\u00a0\u00bb]Lib\u00e9rez rapidement la voie pour vos pilotes en vous \u00e9quipant d\u2019une souffleuse automotrice de haute performance Rolba.[\/vc_column_text][\/vc_column_inner][\/vc_row_inner][vc_row_inner padding=\u00a0\u00bb0&Prime;][vc_column_inner width=\u00a0\u00bb1\/3&Prime;][\/vc_column_inner][vc_column_inner width=\u00a0\u00bb1\/3&Prime;]\n[\/vc_column_inner][vc_column_inner width=\u00a0\u00bb1\/3&Prime;]\n[\/vc_column_inner][\/vc_row_inner][vc_row_inner padding=\u00a0\u00bb0&Prime;][vc_column_inner width=\u00a0\u00bb1\/2&Prime;][mk_image src=\u00a0\u00bbhttp:\/\/tenco.ca\/wp-content\/uploads\/2020\/10\/Brochure-g\u00e9n\u00e9rale-Tenco-09-2020-FR-cover-300&#215;233.jpg\u00a0\u00bb link=\u00a0\u00bbhttps:\/\/tenco.ca\/wp-content\/uploads\/2022\/01\/Brochure-generale-Tenco-09-2020-FR-basse-res-REV1.pdf\u00a0\u00bb align=\u00a0\u00bbcenter\u00a0\u00bb crop=\u00a0\u00bbfalse\u00a0\u00bb][\/vc_column_inner][vc_column_inner width=\u00a0\u00bb1\/2&Prime;][mk_padding_divider size=\u00a0\u00bb120&Prime;][vc_raw_html]JTNDZGl2JTIwY2xhc3MlM0QlMjJwb3VydHh0JTIyJTNFVCVDMyVBOWwlQzMlQTljaGFyZ2V6JTIwbGElMjBicm9jaHVyZSUyMGNvbXBsJUMzJUE4dGUlMjBkZXMlMjBwcm9kdWl0cyUyMFRlbmNvJTIwcG91ciUyMGRlJTIwcGx1cyUyMGFtcGxlcyUyMHJlbnNlaWduZW1lbnRzLiUzQyUyRmRpdiUzRQ==<\/p>\n[\/vc_raw_html][mk_button dimension=\u00a0\u00bbflat\u00a0\u00bb size=\u00a0\u00bblarge\u00a0\u00bb url=\u00a0\u00bbhttps:\/\/tenco.ca\/wp-content\/uploads\/2022\/01\/Brochure-generale-Tenco-09-2020-FR-basse-res-REV1.pdf\u00a0\u00bb target=\u00a0\u00bb_blank\u00a0\u00bb bg_color=\u00a0\u00bb#f58020&Prime; btn_hover_bg=\u00a0\u00bb#f46f02&Prime; btn_hover_txt_color=\u00a0\u00bb#ffffff\u00a0\u00bb]T\u00c9L\u00c9CHARGER LA BROCHURE (PDF)<\/p>\n[\/mk_button][\/vc_column_inner][\/vc_row_inner][\/vc_column][\/mk_page_section]\n","protected":false},"excerpt":{"rendered":"<p>Entretenez votre a\u00e9roport gr\u00e2ce \u00e0 un \u00e9quipement de pointe : celui de Tenco! Rolba, Giletta, mod\u00e8les de gratte, nous offrons bien des choses!<\/p>\n","protected":false},"author":4,"featured_media":0,"parent":0,"menu_order":0,"comment_status":"closed","ping_status":"closed","template":"","meta":{"_acf_changed":false,"footnotes":""},"class_list":["post-1495","page","type-page","status-publish","hentry"],"acf":[],"yoast_head":"<!-- This site is optimized with the Yoast SEO plugin v27.3 - https:\/\/yoast.com\/product\/yoast-seo-wordpress\/ -->\n<title>\u00c9quipement de d\u00e9neigement et d\u00e9gla\u00e7age de pistes d\u2019a\u00e9roport | Tenco<\/title>\n<meta name=\"description\" content=\"Entretenez et d\u00e9neiger votre a\u00e9roport gr\u00e2ce \u00e0 des \u00e9quipements de pointe\u00a0:Tenco, SMI, Rolba, Giletta. Balais d&#039;a\u00e9roport, chasse-neiges, \u00e9pandeurs! Service hors-pair\" \/>\n<meta name=\"robots\" content=\"index, follow, max-snippet:-1, max-image-preview:large, max-video-preview:-1\" \/>\n<link rel=\"canonical\" href=\"https:\/\/tenco.ca\/fr\/equipement-daeroport\/\" \/>\n<meta property=\"og:locale\" content=\"fr_CA\" \/>\n<meta property=\"og:type\" content=\"article\" \/>\n<meta property=\"og:title\" content=\"\u00c9quipement de d\u00e9neigement et d\u00e9gla\u00e7age de pistes d\u2019a\u00e9roport | Tenco\" \/>\n<meta property=\"og:description\" content=\"Entretenez et d\u00e9neiger votre a\u00e9roport gr\u00e2ce \u00e0 des \u00e9quipements de pointe\u00a0:Tenco, SMI, Rolba, Giletta. Balais d&#039;a\u00e9roport, chasse-neiges, \u00e9pandeurs! Service hors-pair\" \/>\n<meta property=\"og:url\" content=\"https:\/\/tenco.ca\/fr\/equipement-daeroport\/\" \/>\n<meta property=\"og:site_name\" content=\"Tenco\" \/>\n<meta property=\"article:modified_time\" content=\"2025-03-04T21:48:46+00:00\" \/>\n<meta name=\"twitter:card\" content=\"summary_large_image\" \/>\n<meta name=\"twitter:label1\" content=\"Estimation du temps de lecture\" \/>\n\t<meta name=\"twitter:data1\" content=\"1 minute\" \/>\n<script type=\"application\/ld+json\" class=\"yoast-schema-graph\">{\"@context\":\"https:\\\/\\\/schema.org\",\"@graph\":[{\"@type\":\"WebPage\",\"@id\":\"https:\\\/\\\/tenco.ca\\\/fr\\\/equipement-daeroport\\\/\",\"url\":\"https:\\\/\\\/tenco.ca\\\/fr\\\/equipement-daeroport\\\/\",\"name\":\"\u00c9quipement de d\u00e9neigement et d\u00e9gla\u00e7age de pistes d\u2019a\u00e9roport | Tenco\",\"isPartOf\":{\"@id\":\"https:\\\/\\\/tenco.ca\\\/ny\\\/#website\"},\"datePublished\":\"2015-09-30T22:42:25+00:00\",\"dateModified\":\"2025-03-04T21:48:46+00:00\",\"description\":\"Entretenez et d\u00e9neiger votre a\u00e9roport gr\u00e2ce \u00e0 des \u00e9quipements de pointe\u00a0:Tenco, SMI, Rolba, Giletta. Balais d'a\u00e9roport, chasse-neiges, \u00e9pandeurs! Service hors-pair\",\"breadcrumb\":{\"@id\":\"https:\\\/\\\/tenco.ca\\\/fr\\\/equipement-daeroport\\\/#breadcrumb\"},\"inLanguage\":\"fr-CA\",\"potentialAction\":[{\"@type\":\"ReadAction\",\"target\":[\"https:\\\/\\\/tenco.ca\\\/fr\\\/equipement-daeroport\\\/\"]}]},{\"@type\":\"BreadcrumbList\",\"@id\":\"https:\\\/\\\/tenco.ca\\\/fr\\\/equipement-daeroport\\\/#breadcrumb\",\"itemListElement\":[{\"@type\":\"ListItem\",\"position\":1,\"name\":\"Home\",\"item\":\"https:\\\/\\\/tenco.ca\\\/fr\\\/\"},{\"@type\":\"ListItem\",\"position\":2,\"name\":\"\u00c9QUIPEMENT D\u2019A\u00c9ROPORT\"}]},{\"@type\":\"WebSite\",\"@id\":\"https:\\\/\\\/tenco.ca\\\/ny\\\/#website\",\"url\":\"https:\\\/\\\/tenco.ca\\\/ny\\\/\",\"name\":\"Tenco\",\"description\":\"\",\"potentialAction\":[{\"@type\":\"SearchAction\",\"target\":{\"@type\":\"EntryPoint\",\"urlTemplate\":\"https:\\\/\\\/tenco.ca\\\/ny\\\/?s={search_term_string}\"},\"query-input\":{\"@type\":\"PropertyValueSpecification\",\"valueRequired\":true,\"valueName\":\"search_term_string\"}}],\"inLanguage\":\"fr-CA\"}]}<\/script>\n<!-- \/ Yoast SEO plugin. -->","yoast_head_json":{"title":"\u00c9quipement de d\u00e9neigement et d\u00e9gla\u00e7age de pistes d\u2019a\u00e9roport | Tenco","description":"Entretenez et d\u00e9neiger votre a\u00e9roport gr\u00e2ce \u00e0 des \u00e9quipements de pointe\u00a0:Tenco, SMI, Rolba, Giletta. Balais d'a\u00e9roport, chasse-neiges, \u00e9pandeurs! Service hors-pair","robots":{"index":"index","follow":"follow","max-snippet":"max-snippet:-1","max-image-preview":"max-image-preview:large","max-video-preview":"max-video-preview:-1"},"canonical":"https:\/\/tenco.ca\/fr\/equipement-daeroport\/","og_locale":"fr_CA","og_type":"article","og_title":"\u00c9quipement de d\u00e9neigement et d\u00e9gla\u00e7age de pistes d\u2019a\u00e9roport | Tenco","og_description":"Entretenez et d\u00e9neiger votre a\u00e9roport gr\u00e2ce \u00e0 des \u00e9quipements de pointe\u00a0:Tenco, SMI, Rolba, Giletta. Balais d'a\u00e9roport, chasse-neiges, \u00e9pandeurs! Service hors-pair","og_url":"https:\/\/tenco.ca\/fr\/equipement-daeroport\/","og_site_name":"Tenco","article_modified_time":"2025-03-04T21:48:46+00:00","twitter_card":"summary_large_image","twitter_misc":{"Estimation du temps de lecture":"1 minute"},"schema":{"@context":"https:\/\/schema.org","@graph":[{"@type":"WebPage","@id":"https:\/\/tenco.ca\/fr\/equipement-daeroport\/","url":"https:\/\/tenco.ca\/fr\/equipement-daeroport\/","name":"\u00c9quipement de d\u00e9neigement et d\u00e9gla\u00e7age de pistes d\u2019a\u00e9roport | Tenco","isPartOf":{"@id":"https:\/\/tenco.ca\/ny\/#website"},"datePublished":"2015-09-30T22:42:25+00:00","dateModified":"2025-03-04T21:48:46+00:00","description":"Entretenez et d\u00e9neiger votre a\u00e9roport gr\u00e2ce \u00e0 des \u00e9quipements de pointe\u00a0:Tenco, SMI, Rolba, Giletta. Balais d'a\u00e9roport, chasse-neiges, \u00e9pandeurs! Service hors-pair","breadcrumb":{"@id":"https:\/\/tenco.ca\/fr\/equipement-daeroport\/#breadcrumb"},"inLanguage":"fr-CA","potentialAction":[{"@type":"ReadAction","target":["https:\/\/tenco.ca\/fr\/equipement-daeroport\/"]}]},{"@type":"BreadcrumbList","@id":"https:\/\/tenco.ca\/fr\/equipement-daeroport\/#breadcrumb","itemListElement":[{"@type":"ListItem","position":1,"name":"Home","item":"https:\/\/tenco.ca\/fr\/"},{"@type":"ListItem","position":2,"name":"\u00c9QUIPEMENT D\u2019A\u00c9ROPORT"}]},{"@type":"WebSite","@id":"https:\/\/tenco.ca\/ny\/#website","url":"https:\/\/tenco.ca\/ny\/","name":"Tenco","description":"","potentialAction":[{"@type":"SearchAction","target":{"@type":"EntryPoint","urlTemplate":"https:\/\/tenco.ca\/ny\/?s={search_term_string}"},"query-input":{"@type":"PropertyValueSpecification","valueRequired":true,"valueName":"search_term_string"}}],"inLanguage":"fr-CA"}]}},"_links":{"self":[{"href":"https:\/\/tenco.ca\/fr\/wp-json\/wp\/v2\/pages\/1495","targetHints":{"allow":["GET"]}}],"collection":[{"href":"https:\/\/tenco.ca\/fr\/wp-json\/wp\/v2\/pages"}],"about":[{"href":"https:\/\/tenco.ca\/fr\/wp-json\/wp\/v2\/types\/page"}],"author":[{"embeddable":true,"href":"https:\/\/tenco.ca\/fr\/wp-json\/wp\/v2\/users\/4"}],"replies":[{"embeddable":true,"href":"https:\/\/tenco.ca\/fr\/wp-json\/wp\/v2\/comments?post=1495"}],"version-history":[{"count":0,"href":"https:\/\/tenco.ca\/fr\/wp-json\/wp\/v2\/pages\/1495\/revisions"}],"wp:attachment":[{"href":"https:\/\/tenco.ca\/fr\/wp-json\/wp\/v2\/media?parent=1495"}],"curies":[{"name":"wp","href":"https:\/\/api.w.org\/{rel}","templated":true}]}}