{"id":14500,"date":"2024-03-21T16:57:35","date_gmt":"2024-03-21T16:57:35","guid":{"rendered":"https:\/\/tenco.ca\/?page_id=14500"},"modified":"2024-03-21T19:12:57","modified_gmt":"2024-03-21T19:12:57","slug":"camions-cle-en-main","status":"publish","type":"page","link":"https:\/\/tenco.ca\/fr\/camions-cle-en-main\/","title":{"rendered":"Camions cl\u00e9 en main"},"content":{"rendered":"[mk_page_section padding_top=\u00a0\u00bb60&Prime; padding_bottom=\u00a0\u00bb50&Prime; predefined_bg=\u00a0\u00bb\u00a0\u00bb first_page=\u00a0\u00bbfalse\u00a0\u00bb last_page=\u00a0\u00bbfalse\u00a0\u00bb sidebar=\u00a0\u00bbsidebar-1&Prime;][vc_column el_class=\u00a0\u00bbprowhite\u00a0\u00bb][vc_raw_html]JTNDZGl2JTIwY2xhc3MlM0QlMjJwYWNrYWdlLXJpYmJvbi13cmFwcGVyJTIyJTNFJTBBJTNDaDElMjBjbGFzcyUzRCUyMnBhY2thZ2UtdHlwZSUyMG5vcm1hbC10eXBlJTIwZ29ib29rJTIyJTNFQ2FtaW9uJTIwZGUlMjBkJUMzJUE5bmVpZ2VtZW50JTIwY2wlQzMlQTklMjBlbiUyMG1haW4lM0MlMkZoMSUzRSUwQSUzQ2RpdiUyMGNsYXNzJTNEJTIycGFja2FnZS10eXBlLWdpbW1pY2slMjIlM0UlM0MlMkZkaXYlM0UlMEElM0MlMkZkaXYlM0U=[\/vc_raw_html][vc_row_inner el_class=\u00a0\u00bbtwhite\u00a0\u00bb css=\u00a0\u00bb.vc_custom_1658351649937{padding-top: 0px !important;padding-right: 0px !important;padding-bottom: 0px !important;padding-left: 0px !important;background-color: #ffffff !important;}\u00a0\u00bb][vc_column_inner width=\u00a0\u00bb1\/2&Prime;][mk_padding_divider size=\u00a0\u00bb75&Prime;][vc_video link=\u00a0\u00bbhttps:\/\/vimeo.com\/925925537&Prime;][\/vc_column_inner][vc_column_inner width=\u00a0\u00bb1\/2&Prime;][mk_padding_divider][mk_padding_divider][vc_column_text]\n<div class=\"seige\">\n<p>TENCO est sp\u00e9cialis\u00e9 dans la livraison rapide de flottes de camions cl\u00e9s en main et d&rsquo;unit\u00e9s individuelles, \u00e9quip\u00e9s d&rsquo;\u00e9quipements de d\u00e9neigement et de d\u00e9gla\u00e7age adapt\u00e9s sp\u00e9cifiquement aux besoins municipaux, aux entrepreneurs en entretien, aux d\u00e9partements de transport et aux a\u00e9roports. Cette solution garantit une compatibilit\u00e9 compl\u00e8te entre le ch\u00e2ssis et l&rsquo;\u00e9quipement mont\u00e9 pour des performances et une fiabilit\u00e9 optimales.<\/p>\n<p>&nbsp;<\/p>\n<p>Les camions de d\u00e9neigement de TENCO sont assembl\u00e9s et test\u00e9s par des techniciens qualifi\u00e9s en am\u00e9nagement. Chaque projet est con\u00e7u et supervis\u00e9 par l&rsquo;\u00e9quipe d&rsquo;ing\u00e9nierie et la gestion de projet pour garantir la performance et la qualit\u00e9.<\/p>\n<\/div>\n[\/vc_column_text][\/vc_column_inner][\/vc_row_inner][vc_row_inner el_class=\u00a0\u00bbtwhite\u00a0\u00bb css=\u00a0\u00bb.vc_custom_1658351649937{padding-top: 0px !important;padding-right: 0px !important;padding-bottom: 0px !important;padding-left: 0px !important;background-color: #ffffff !important;}\u00a0\u00bb][vc_column_inner width=\u00a0\u00bb1\/2&Prime;][vc_column_text]\n<h3><strong>Obtenez la diff\u00e9rence TENCO<\/strong><\/h3>\n[\/vc_column_text][vc_column_text]\n<div class=\"seige\">\n<ul>\n<li>Livr\u00e9 comme promis<\/li>\n<li>\u00c9quipement de d\u00e9neigement et anti-glace robuste<\/li>\n<li>Qualit\u00e9 sup\u00e9rieure des mat\u00e9riaux, de la peinture et de la fabrication<\/li>\n<li>Installation constante. Les composants hydrauliques et \u00e9lectriques sont install\u00e9s au m\u00eame endroit, de la m\u00eame fa\u00e7on<\/li>\n<li>Positionnement ergonomique des commandes<\/li>\n<\/ul>\n<\/div>\n[\/vc_column_text][\/vc_column_inner][vc_column_inner width=\u00a0\u00bb1\/2&Prime;][mk_padding_divider][vc_column_text]\n<div class=\"seige\">\n<ul>\n<li>Syst\u00e8mes hydrauliques et \u00e9lectriques con\u00e7us pour la fiabilit\u00e9<\/li>\n<li>Dispositions ordonn\u00e9es<\/li>\n<li>Faisceaux \u00e9lectriques pr\u00e9fabriqu\u00e9s<\/li>\n<li>Lignes hydrauliques en acier inoxydable<\/li>\n<li>Enceintes protectrices int\u00e9gr\u00e9es<\/li>\n<li>Et plus encore !<\/li>\n<\/ul>\n<\/div>\n[\/vc_column_text][\/vc_column_inner][\/vc_row_inner][\/vc_column][\/mk_page_section][mk_page_section predefined_bg=\u00a0\u00bb\u00a0\u00bb first_page=\u00a0\u00bbfalse\u00a0\u00bb last_page=\u00a0\u00bbfalse\u00a0\u00bb][vc_column el_class=\u00a0\u00bbprowhite\u00a0\u00bb][vc_raw_html]JTNDZGl2JTIwY2xhc3MlM0QlMjJwYWNrYWdlLXJpYmJvbi13cmFwcGVyJTIyJTNFJTBBJTNDZGl2JTIwY2xhc3MlM0QlMjJwYWNrYWdlLXR5cGUlMjBub3JtYWwtdHlwZSUyMGdvYm9vayUyMiUzRU5vdXMlMjBwciVDMyVBQXRvbnMlMjBhdHRlbnRpb24lMjBhdXglMjBkJUMzJUE5dGFpbHMlM0MlMkZkaXYlM0UlMEElM0NkaXYlMjBjbGFzcyUzRCUyMnBhY2thZ2UtdHlwZS1naW1taWNrJTIyJTNFJTNDJTJGZGl2JTNFJTBBJTNDJTJGZGl2JTNF[\/vc_raw_html][\/vc_column][vc_column][mk_gallery images=\u00a0\u00bb13865,13881,13885,13857,13877,13853&Prime; height=\u00a0\u00bb360&Prime; orderby=\u00a0\u00bbpost__in\u00a0\u00bb][\/vc_column][\/mk_page_section][vc_row][vc_column][vc_raw_html]JTNDZGl2JTIwY2xhc3MlM0QlMjJwYWNrYWdlLXJpYmJvbi13cmFwcGVyJTIyJTNFJTBBJTNDZGl2JTIwY2xhc3MlM0QlMjJwYWNrYWdlLXR5cGUlMjBub3JtYWwtdHlwZSUyMGdvYm9vayUyMiUzRUdhbGxlcmllJTIwZGUlMjBwaG90b3MlM0MlMkZkaXYlM0UlMEElM0NkaXYlMjBjbGFzcyUzRCUyMnBhY2thZ2UtdHlwZS1naW1taWNrJTIyJTNFJTNDJTJGZGl2JTNFJTBBJTNDJTJGZGl2JTNF[\/vc_raw_html][vc_column_text][\/vc_column_text][\/vc_column][\/vc_row][mk_page_section predefined_bg=\u00a0\u00bb\u00a0\u00bb first_page=\u00a0\u00bbfalse\u00a0\u00bb last_page=\u00a0\u00bbfalse\u00a0\u00bb][vc_column width=\u00a0\u00bb1\/3&Prime; el_class=\u00a0\u00bbprowhite\u00a0\u00bb][mk_image src=\u00a0\u00bbhttps:\/\/tenco.ca\/wp-content\/uploads\/2022\/07\/Tenco-upfitted-plow-truck-640&#215;355-1.jpg\u00a0\u00bb image_width=\u00a0\u00bb750&Prime; image_height=\u00a0\u00bb416&Prime; title=\u00a0\u00bbCamion cl\u00e9 en main Tenco\u00a0\u00bb caption_location=\u00a0\u00bboutside-image\u00a0\u00bb align=\u00a0\u00bbcenter\u00a0\u00bb][mk_padding_divider size=\u00a0\u00bb15&Prime;][mk_image src=\u00a0\u00bbhttps:\/\/tenco.ca\/wp-content\/uploads\/2022\/07\/Tenco-plow-truck-upffitted-with-Spreader-XE-Roll-off-640&#215;355-1.jpg\u00a0\u00bb image_width=\u00a0\u00bb740&Prime; image_height=\u00a0\u00bb416&Prime; title=\u00a0\u00bbCamion de d\u00e9neigement \u00e9quip\u00e9 d&rsquo;un \u00e9pandeur d\u00e9pose \u00e0 bascule.\u00a0\u00bb caption_location=\u00a0\u00bboutside-image\u00a0\u00bb align=\u00a0\u00bbcenter\u00a0\u00bb][\/vc_column][vc_column width=\u00a0\u00bb1\/3&Prime;][mk_image src=\u00a0\u00bbhttps:\/\/tenco.ca\/wp-content\/uploads\/2022\/07\/Tenco-upffited-49x-plow-truck-with-spreader-rear-view-640&#215;355-1.jpg\u00a0\u00bb image_width=\u00a0\u00bb750&Prime; image_height=\u00a0\u00bb416&Prime; title=\u00a0\u00bbSyst\u00e8me d&rsquo;\u00e9clairage selon les sp\u00e9cifications du client.\u00a0\u00bb caption_location=\u00a0\u00bboutside-image\u00a0\u00bb align=\u00a0\u00bbcenter\u00a0\u00bb][mk_padding_divider size=\u00a0\u00bb15&Prime;][mk_image src=\u00a0\u00bbhttps:\/\/tenco.ca\/wp-content\/uploads\/2022\/07\/Tenco-upfitted-plow-truck-4200-gal-citern-640&#215;355-1.jpg\u00a0\u00bb image_width=\u00a0\u00bb740&Prime; image_height=\u00a0\u00bb416&Prime; title=\u00a0\u00bbDLA et camion cl\u00e9 en main de d\u00e9neigement.\u00a0\u00bb caption_location=\u00a0\u00bboutside-image\u00a0\u00bb align=\u00a0\u00bbcenter\u00a0\u00bb][\/vc_column][vc_column width=\u00a0\u00bb1\/3&Prime;][mk_image src=\u00a0\u00bbhttps:\/\/tenco.ca\/wp-content\/uploads\/2022\/07\/Tenco-upfitted-plow-truck-fleet-640&#215;355-1.jpg\u00a0\u00bb image_width=\u00a0\u00bb750&Prime; image_height=\u00a0\u00bb416&Prime; title=\u00a0\u00bbSpecialis\u00e9 dans les flottes cl\u00e9s en main.\u00a0\u00bb caption_location=\u00a0\u00bboutside-image\u00a0\u00bb align=\u00a0\u00bbcenter\u00a0\u00bb][mk_padding_divider size=\u00a0\u00bb15&Prime;][mk_image src=\u00a0\u00bbhttps:\/\/tenco.ca\/wp-content\/uploads\/2022\/07\/BC-2019-Western-Star-Truck-12M-Light-Package-740&#215;416-1.jpg\u00a0\u00bb image_width=\u00a0\u00bb740&Prime; image_height=\u00a0\u00bb416&Prime; title=\u00a0\u00bbDot\u00e9 d&rsquo;une \u00e9pandeuse\/corps et grattes de 12 m\u00e8tres. \u00a0\u00bb caption_location=\u00a0\u00bboutside-image\u00a0\u00bb align=\u00a0\u00bbcenter\u00a0\u00bb][\/vc_column][\/mk_page_section]\n","protected":false},"excerpt":{"rendered":"<p>[mk_page_section padding_top=\u00a0\u00bb60&Prime; padding_bottom=\u00a0\u00bb50&Prime; predefined_bg=\u00a0\u00bb\u00a0\u00bb first_page=\u00a0\u00bbfalse\u00a0\u00bb last_page=\u00a0\u00bbfalse\u00a0\u00bb sidebar=\u00a0\u00bbsidebar-1&Prime;][vc_column el_class=\u00a0\u00bbprowhite\u00a0\u00bb][vc_raw_html]JTNDZGl2JTIwY2xhc3MlM0QlMjJwYWNrYWdlLXJpYmJvbi13cmFwcGVyJTIyJTNFJTBBJTNDaDElMjBjbGFzcyUzRCUyMnBhY2thZ2UtdHlwZSUyMG5vcm1hbC10eXBlJTIwZ29ib29rJTIyJTNFQ2FtaW9uJTIwZGUlMjBkJUMzJUE5bmVpZ2VtZW50JTIwY2wlQzMlQTklMjBlbiUyMG1haW4lM0MlMkZoMSUzRSUwQSUzQ2RpdiUyMGNsYXNzJTNEJTIycGFja2FnZS10eXBlLWdpbW1pY2slMjIlM0UlM0MlMkZkaXYlM0UlMEElM0MlMkZkaXYlM0U=[\/vc_raw_html][vc_row_inner el_class=\u00a0\u00bbtwhite\u00a0\u00bb css=\u00a0\u00bb.vc_custom_1658351649937{padding-top: 0px !important;padding-right: 0px !important;padding-bottom: 0px !important;padding-left: 0px !important;background-color: #ffffff !important;}\u00a0\u00bb][vc_column_inner width=\u00a0\u00bb1\/2&Prime;][mk_padding_divider size=\u00a0\u00bb75&Prime;][vc_video link=\u00a0\u00bbhttps:\/\/vimeo.com\/925925537&Prime;][\/vc_column_inner][vc_column_inner width=\u00a0\u00bb1\/2&Prime;][mk_padding_divider][mk_padding_divider][vc_column_text] TENCO est sp\u00e9cialis\u00e9 dans la livraison rapide de flottes de camions cl\u00e9s en main et d&rsquo;unit\u00e9s individuelles, \u00e9quip\u00e9s d&rsquo;\u00e9quipements de d\u00e9neigement et de d\u00e9gla\u00e7age adapt\u00e9s sp\u00e9cifiquement aux besoins municipaux, aux entrepreneurs [&hellip;]<\/p>\n","protected":false},"author":52,"featured_media":0,"parent":0,"menu_order":0,"comment_status":"closed","ping_status":"closed","template":"","meta":{"_acf_changed":false,"footnotes":""},"class_list":["post-14500","page","type-page","status-publish","hentry"],"acf":[],"yoast_head":"<!-- This site is optimized with the Yoast SEO plugin v27.3 - https:\/\/yoast.com\/product\/yoast-seo-wordpress\/ -->\n<title>Camions de d\u00e9neigement cl\u00e9 en main | Tenco<\/title>\n<meta name=\"description\" content=\"Sp\u00e9cialis\u00e9 dans la livraison rapide de flottes de camions de d\u00e9neigement et d\u00e9gla\u00e7age cl\u00e9 en main.\" \/>\n<meta name=\"robots\" content=\"index, follow, max-snippet:-1, max-image-preview:large, max-video-preview:-1\" \/>\n<link rel=\"canonical\" href=\"https:\/\/tenco.ca\/fr\/camions-cle-en-main\/\" \/>\n<meta property=\"og:locale\" content=\"fr_CA\" \/>\n<meta property=\"og:type\" content=\"article\" \/>\n<meta property=\"og:title\" content=\"Camions de d\u00e9neigement cl\u00e9 en main | Tenco\" \/>\n<meta property=\"og:description\" content=\"Sp\u00e9cialis\u00e9 dans la livraison rapide de flottes de camions de d\u00e9neigement et d\u00e9gla\u00e7age cl\u00e9 en main.\" \/>\n<meta property=\"og:url\" content=\"https:\/\/tenco.ca\/fr\/camions-cle-en-main\/\" \/>\n<meta property=\"og:site_name\" content=\"Tenco\" \/>\n<meta property=\"article:modified_time\" content=\"2024-03-21T19:12:57+00:00\" \/>\n<meta name=\"twitter:card\" content=\"summary_large_image\" \/>\n<meta name=\"twitter:label1\" content=\"Estimation du temps de lecture\" \/>\n\t<meta name=\"twitter:data1\" content=\"2 minutes\" \/>\n<script type=\"application\/ld+json\" class=\"yoast-schema-graph\">{\"@context\":\"https:\\\/\\\/schema.org\",\"@graph\":[{\"@type\":\"WebPage\",\"@id\":\"https:\\\/\\\/tenco.ca\\\/fr\\\/camions-cle-en-main\\\/\",\"url\":\"https:\\\/\\\/tenco.ca\\\/fr\\\/camions-cle-en-main\\\/\",\"name\":\"Camions de d\u00e9neigement cl\u00e9 en main | Tenco\",\"isPartOf\":{\"@id\":\"https:\\\/\\\/tenco.ca\\\/ny\\\/#website\"},\"datePublished\":\"2024-03-21T16:57:35+00:00\",\"dateModified\":\"2024-03-21T19:12:57+00:00\",\"description\":\"Sp\u00e9cialis\u00e9 dans la livraison rapide de flottes de camions de d\u00e9neigement et d\u00e9gla\u00e7age cl\u00e9 en main.\",\"breadcrumb\":{\"@id\":\"https:\\\/\\\/tenco.ca\\\/fr\\\/camions-cle-en-main\\\/#breadcrumb\"},\"inLanguage\":\"fr-CA\",\"potentialAction\":[{\"@type\":\"ReadAction\",\"target\":[\"https:\\\/\\\/tenco.ca\\\/fr\\\/camions-cle-en-main\\\/\"]}]},{\"@type\":\"BreadcrumbList\",\"@id\":\"https:\\\/\\\/tenco.ca\\\/fr\\\/camions-cle-en-main\\\/#breadcrumb\",\"itemListElement\":[{\"@type\":\"ListItem\",\"position\":1,\"name\":\"Home\",\"item\":\"https:\\\/\\\/tenco.ca\\\/fr\\\/\"},{\"@type\":\"ListItem\",\"position\":2,\"name\":\"Camions cl\u00e9 en main\"}]},{\"@type\":\"WebSite\",\"@id\":\"https:\\\/\\\/tenco.ca\\\/ny\\\/#website\",\"url\":\"https:\\\/\\\/tenco.ca\\\/ny\\\/\",\"name\":\"Tenco\",\"description\":\"\",\"potentialAction\":[{\"@type\":\"SearchAction\",\"target\":{\"@type\":\"EntryPoint\",\"urlTemplate\":\"https:\\\/\\\/tenco.ca\\\/ny\\\/?s={search_term_string}\"},\"query-input\":{\"@type\":\"PropertyValueSpecification\",\"valueRequired\":true,\"valueName\":\"search_term_string\"}}],\"inLanguage\":\"fr-CA\"}]}<\/script>\n<!-- \/ Yoast SEO plugin. -->","yoast_head_json":{"title":"Camions de d\u00e9neigement cl\u00e9 en main | Tenco","description":"Sp\u00e9cialis\u00e9 dans la livraison rapide de flottes de camions de d\u00e9neigement et d\u00e9gla\u00e7age cl\u00e9 en main.","robots":{"index":"index","follow":"follow","max-snippet":"max-snippet:-1","max-image-preview":"max-image-preview:large","max-video-preview":"max-video-preview:-1"},"canonical":"https:\/\/tenco.ca\/fr\/camions-cle-en-main\/","og_locale":"fr_CA","og_type":"article","og_title":"Camions de d\u00e9neigement cl\u00e9 en main | Tenco","og_description":"Sp\u00e9cialis\u00e9 dans la livraison rapide de flottes de camions de d\u00e9neigement et d\u00e9gla\u00e7age cl\u00e9 en main.","og_url":"https:\/\/tenco.ca\/fr\/camions-cle-en-main\/","og_site_name":"Tenco","article_modified_time":"2024-03-21T19:12:57+00:00","twitter_card":"summary_large_image","twitter_misc":{"Estimation du temps de lecture":"2 minutes"},"schema":{"@context":"https:\/\/schema.org","@graph":[{"@type":"WebPage","@id":"https:\/\/tenco.ca\/fr\/camions-cle-en-main\/","url":"https:\/\/tenco.ca\/fr\/camions-cle-en-main\/","name":"Camions de d\u00e9neigement cl\u00e9 en main | Tenco","isPartOf":{"@id":"https:\/\/tenco.ca\/ny\/#website"},"datePublished":"2024-03-21T16:57:35+00:00","dateModified":"2024-03-21T19:12:57+00:00","description":"Sp\u00e9cialis\u00e9 dans la livraison rapide de flottes de camions de d\u00e9neigement et d\u00e9gla\u00e7age cl\u00e9 en main.","breadcrumb":{"@id":"https:\/\/tenco.ca\/fr\/camions-cle-en-main\/#breadcrumb"},"inLanguage":"fr-CA","potentialAction":[{"@type":"ReadAction","target":["https:\/\/tenco.ca\/fr\/camions-cle-en-main\/"]}]},{"@type":"BreadcrumbList","@id":"https:\/\/tenco.ca\/fr\/camions-cle-en-main\/#breadcrumb","itemListElement":[{"@type":"ListItem","position":1,"name":"Home","item":"https:\/\/tenco.ca\/fr\/"},{"@type":"ListItem","position":2,"name":"Camions cl\u00e9 en main"}]},{"@type":"WebSite","@id":"https:\/\/tenco.ca\/ny\/#website","url":"https:\/\/tenco.ca\/ny\/","name":"Tenco","description":"","potentialAction":[{"@type":"SearchAction","target":{"@type":"EntryPoint","urlTemplate":"https:\/\/tenco.ca\/ny\/?s={search_term_string}"},"query-input":{"@type":"PropertyValueSpecification","valueRequired":true,"valueName":"search_term_string"}}],"inLanguage":"fr-CA"}]}},"_links":{"self":[{"href":"https:\/\/tenco.ca\/fr\/wp-json\/wp\/v2\/pages\/14500","targetHints":{"allow":["GET"]}}],"collection":[{"href":"https:\/\/tenco.ca\/fr\/wp-json\/wp\/v2\/pages"}],"about":[{"href":"https:\/\/tenco.ca\/fr\/wp-json\/wp\/v2\/types\/page"}],"author":[{"embeddable":true,"href":"https:\/\/tenco.ca\/fr\/wp-json\/wp\/v2\/users\/52"}],"replies":[{"embeddable":true,"href":"https:\/\/tenco.ca\/fr\/wp-json\/wp\/v2\/comments?post=14500"}],"version-history":[{"count":0,"href":"https:\/\/tenco.ca\/fr\/wp-json\/wp\/v2\/pages\/14500\/revisions"}],"wp:attachment":[{"href":"https:\/\/tenco.ca\/fr\/wp-json\/wp\/v2\/media?parent=14500"}],"curies":[{"name":"wp","href":"https:\/\/api.w.org\/{rel}","templated":true}]}}