{"id":1349,"date":"2015-09-23T07:06:56","date_gmt":"2015-09-23T07:06:56","guid":{"rendered":"http:\/\/tenco.ca\/fr\/mener\/"},"modified":"2023-02-16T19:36:09","modified_gmt":"2023-02-16T19:36:09","slug":"a-propos","status":"publish","type":"page","link":"https:\/\/tenco.ca\/fr\/a-propos\/","title":{"rendered":"\u00c0 PROPOS"},"content":{"rendered":"[mk_page_section padding_top=\u00a0\u00bb100&Prime; first_page=\u00a0\u00bbfalse\u00a0\u00bb last_page=\u00a0\u00bbfalse\u00a0\u00bb sidebar=\u00a0\u00bbsidebar-1&Prime;][vc_column el_class=\u00a0\u00bb.menerblk\u00a0\u00bb][mk_fancy_title tag_name=\u00a0\u00bbh1&Prime; color=\u00a0\u00bb#ffffff\u00a0\u00bb size=\u00a0\u00bb27&Prime; font_weight=\u00a0\u00bbbold\u00a0\u00bb font_style=\u00a0\u00bbitalic\u00a0\u00bb margin_bottom=\u00a0\u00bb10&Prime; font_family=\u00a0\u00bbnone\u00a0\u00bb align=\u00a0\u00bbcenter\u00a0\u00bb]RECHERCHE ET D\u00c9VELOPPEMENT[\/mk_fancy_title][mk_fancy_title color=\u00a0\u00bb#959595&Prime; size=\u00a0\u00bb16&Prime; txt_transform=\u00a0\u00bbnone\u00a0\u00bb margin_bottom=\u00a0\u00bb10&Prime; font_family=\u00a0\u00bbnone\u00a0\u00bb align=\u00a0\u00bbcenter\u00a0\u00bb]\n<div id=\"magicdomid34\" class=\"ace-line\" style=\"text-align: left;\"><span class=\"author-1DMGCyd5BoeL\">Notre service de recherche et d\u00e9veloppement a un seul objectif : innover. Chaque jour, on cherche continuellement \u00e0 optimiser les produits Tenco pour vous assurer des produits de qualit\u00e9 sup\u00e9rieure offrant un rendement maximal.<\/span><\/div>\n[\/mk_fancy_title][\/vc_column][\/mk_page_section][mk_page_section padding_top=\u00a0\u00bb100&Prime; padding_bottom=\u00a0\u00bb40&Prime; first_page=\u00a0\u00bbfalse\u00a0\u00bb last_page=\u00a0\u00bbfalse\u00a0\u00bb sidebar=\u00a0\u00bbsidebar-1&Prime;][vc_column el_class=\u00a0\u00bb.menerblk\u00a0\u00bb][mk_fancy_title tag_name=\u00a0\u00bbh1&Prime; color=\u00a0\u00bb#ffffff\u00a0\u00bb size=\u00a0\u00bb27&Prime; font_weight=\u00a0\u00bbbold\u00a0\u00bb font_style=\u00a0\u00bbitalic\u00a0\u00bb margin_bottom=\u00a0\u00bb10&Prime; font_family=\u00a0\u00bbnone\u00a0\u00bb align=\u00a0\u00bbcenter\u00a0\u00bb]MISSION[\/mk_fancy_title][mk_fancy_title color=\u00a0\u00bb#959595&Prime; size=\u00a0\u00bb16&Prime; txt_transform=\u00a0\u00bbnone\u00a0\u00bb margin_bottom=\u00a0\u00bb10&Prime; font_family=\u00a0\u00bbnone\u00a0\u00bb align=\u00a0\u00bbcenter\u00a0\u00bb]\n<ul>\n<li id=\"magicdomid34\" class=\"ace-line\" style=\"text-align: left;\"><span class=\"author-1DMGCyd5BoeL\">\u00catre le meilleur partenaire de l&rsquo;industrie de d\u00e9neigement aupr\u00e8s de notre client\u00e8le et de nos fournisseurs.<\/span><\/li>\n<li style=\"text-align: left;\">Offrir un milieu de travail s\u00e9curitaire et stimulant \u00e0 nos employ\u00e9s.<\/li>\n<\/ul>\n[\/mk_fancy_title][mk_fancy_title tag_name=\u00a0\u00bbh1&Prime; color=\u00a0\u00bb#ffffff\u00a0\u00bb size=\u00a0\u00bb27&Prime; font_weight=\u00a0\u00bbbold\u00a0\u00bb font_style=\u00a0\u00bbitalic\u00a0\u00bb margin_bottom=\u00a0\u00bb10&Prime; font_family=\u00a0\u00bbnone\u00a0\u00bb align=\u00a0\u00bbcenter\u00a0\u00bb]VALEURS[\/mk_fancy_title][mk_fancy_title color=\u00a0\u00bb#959595&Prime; size=\u00a0\u00bb16&Prime; txt_transform=\u00a0\u00bbnone\u00a0\u00bb margin_bottom=\u00a0\u00bb10&Prime; font_family=\u00a0\u00bbnone\u00a0\u00bb align=\u00a0\u00bbcenter\u00a0\u00bb]\n<ul>\n<li id=\"magicdomid34\" class=\"ace-line\" style=\"text-align: left;\"><span class=\"author-1DMGCyd5BoeL\">Le respect<br \/>\n<\/span><\/li>\n<li style=\"text-align: left;\">L&rsquo;engagement envers l&rsquo;excellence<\/li>\n<li style=\"text-align: left;\">L&rsquo;innovation<\/li>\n<li style=\"text-align: left;\">La sant\u00e9 et la s\u00e9curit\u00e9 au travail<\/li>\n<li style=\"text-align: left;\">\u00catre soucieux de l&rsquo;environnement<\/li>\n<\/ul>\n[\/mk_fancy_title][\/vc_column][\/mk_page_section][mk_page_section padding_top=\u00a0\u00bb50&Prime; first_page=\u00a0\u00bbfalse\u00a0\u00bb last_page=\u00a0\u00bbfalse\u00a0\u00bb sidebar=\u00a0\u00bbsidebar-1&Prime;][vc_column el_class=\u00a0\u00bbproposwit\u00a0\u00bb][vc_raw_html]JTNDZGl2JTIwY2xhc3MlM0QlMjJwYWNrYWdlLXJpYmJvbi13cmFwcGVyJTIyJTNFJTBBJTNDZGl2JTIwY2xhc3MlM0QlMjJwYWNrYWdlLXR5cGUlMjBub3JtYWwtdHlwZSUyMGdvYm9vayUyMiUzRUhJU1RPUklRVUUlM0MlMkZkaXYlM0UlMEElM0NkaXYlMjBjbGFzcyUzRCUyMnBhY2thZ2UtdHlwZS1naW1taWNrJTIyJTNFJTNDJTJGZGl2JTNFJTBBJTNDJTJGZGl2JTNF<\/p>\n[\/vc_raw_html][vc_row_inner padding=\u00a0\u00bb0&Prime;][vc_column_inner][mk_padding_divider size=\u00a0\u00bb50&Prime;][vc_column_text align=\u00a0\u00bbcenter\u00a0\u00bb]Tenco ne s\u2019est pas b\u00e2ti en un seul jour. Revenons sur plus de 40 ans d&rsquo;histoire pour voir les tournants d\u00e9cisifs de notre \u00e9quipe.[\/vc_column_text][vc_raw_html]JTNDc2VjdGlvbiUyMGlkJTNEJTIyY2QtdGltZWxpbmUlMjIlMjBjbGFzcyUzRCUyMmNkLWNvbnRhaW5lciUyMiUzRSUwQSUwOSUwOSUwQSUwQSUwOSUwOSUzQ2RpdiUyMGNsYXNzJTNEJTIyY2QtdGltZWxpbmUtYmxvY2slMjIlM0UlMEElMDklMDklMDklMEElMEElMDklMDklMDklM0NkaXYlMjBjbGFzcyUzRCUyMmNkLXRpbWVsaW5lLWNvbnRlbnQlMjIlM0UlMEElMDklMDklMDklMDklMEElMDklMDklMDklMDklM0NwJTNFRm9uZGF0aW9uJTIwZGUlMjBMZXMlMjBNYWNoaW5lcmllcyUyMFRlbmNvJTIwJTI4Q0ROJTI5JTIwTHQlQzMlQTllJUMyJUEwJUMzJUEwJTIwU3QtVmFsJUMzJUE5cmllbi1kZS1NaWx0b24lQzIlQTBwYXIlMjBkaXglMjBhY3Rpb25uYWlyZXMuJTIwTWlzZSUyMGVuJTIwbWFyY2glQzMlQTklMjBkdSVDMiVBMHNlbnMlMjB1bmlxdWUlMjBtb2QlQzMlQThsZSUyMFRDLTk2LiUyMExlJTIwZ2FiYXJpdCUyMG9yaWdpbmFsJUMyJUEwZGUlMjBmYWJyaWNhdGlvbiVDMiVBMGVzdCUyMHRvdWpvdXJzJTIwdXRpbGlzJUMzJUE5JTIwcHJvdXZhbnQlMjBhaW5zaSUyMGxhJTIwcG9wdWxhcml0JUMzJUE5JTIwZGUlMjBjZSUyMG1vZCVDMyVBOGxlJTIwZGUlMjBzZW5zJTIwdW5pcXVlLiUzQyUyRnAlM0UlMEElMDklMDklMDklMDklMEElMDklMDklMDklMDklM0NzcGFuJTIwY2xhc3MlM0QlMjJjZC1kYXRlJTIyJTNFMTk3NiUzQyUyRnNwYW4lM0UlMEElMDklMDklMDklM0MlMkZkaXYlM0UlMjAlM0MlMjEtLSUyMGNkLXRpbWVsaW5lLWNvbnRlbnQlMjAtLSUzRSUwQSUwOSUwOSUzQyUyRmRpdiUzRSUyMCUzQyUyMS0tJTIwY2QtdGltZWxpbmUtYmxvY2slMjAtLSUzRSUwQSUwQSUwOSUwOSUzQ2RpdiUyMGNsYXNzJTNEJTIyY2QtdGltZWxpbmUtYmxvY2slMjIlM0UlMEElMDklMDklMDklMEElMEElMDklMDklMDklM0NkaXYlMjBjbGFzcyUzRCUyMmNkLXRpbWVsaW5lLWNvbnRlbnQlMjIlM0UlMEElMDklMDklMDklMDklMEElMDklMDklMDklMDklM0NwJTNFUHJvZHVjdGlvbiUyMGRlJTIwbGElMjBwcmVtaSVDMyVBOHJlJUMyJUEwYmVubmUlMkYlQzMlQTlwYW5kZXVyJTIwMTJNLiUzQyUyRnAlM0UlMEElMDklMDklMDklMDklMEElMDklMDklMDklMDklM0NzcGFuJTIwY2xhc3MlM0QlMjJjZC1kYXRlJTIyJTNFMTk4NCUzQyUyRnNwYW4lM0UlMEElMDklMDklMDklM0MlMkZkaXYlM0UlMjAlM0MlMjEtLSUyMGNkLXRpbWVsaW5lLWNvbnRlbnQlMjAtLSUzRSUwQSUwOSUwOSUzQyUyRmRpdiUzRSUyMCUzQyUyMS0tJTIwY2QtdGltZWxpbmUtYmxvY2slMjAtLSUzRSUwQSUwQSUwOSUwOSUzQ2RpdiUyMGNsYXNzJTNEJTIyY2QtdGltZWxpbmUtYmxvY2slMjIlM0UlMEElMDklMDklMDklMEElMEElMDklMDklMDklM0NkaXYlMjBjbGFzcyUzRCUyMmNkLXRpbWVsaW5lLWNvbnRlbnQlMjIlM0UlMEElMDklMDklMDklMDklMEElMDklMDklMDklMDklM0NwJTNFTmV0dGUlMjBhdWdtZW50YXRpb24lMjBkZXMlMjB2ZW50ZXMlMjBlbnRyYSVDMyVBRW5hbnQlMjBsJUUyJTgwJTk5ZXhwYW5zaW9uJTIwbiVDMyVBOWNlc3NhaXJlJTIwZGUlMjBsJUUyJTgwJTk5JUMzJUE5ZGlmaWNlJTIwcHJpbmNpcGFsLiUzQyUyRnAlM0UlMEElMDklMDklMDklMDklMEElMDklMDklMDklMDklM0NzcGFuJTIwY2xhc3MlM0QlMjJjZC1kYXRlJTIyJTNFMTk4NyUzQyUyRnNwYW4lM0UlMEElMDklMDklMDklM0MlMkZkaXYlM0UlMjAlM0MlMjEtLSUyMGNkLXRpbWVsaW5lLWNvbnRlbnQlMjAtLSUzRSUwQSUwOSUwOSUzQyUyRmRpdiUzRSUyMCUzQyUyMS0tJTIwY2QtdGltZWxpbmUtYmxvY2slMjAtLSUzRSUwQSUwQSUwOSUwOSUzQ2RpdiUyMGNsYXNzJTNEJTIyY2QtdGltZWxpbmUtYmxvY2slMjIlM0UlMEElMDklMDklMDklMEElMEElMDklMDklMDklM0NkaXYlMjBjbGFzcyUzRCUyMmNkLXRpbWVsaW5lLWNvbnRlbnQlMjIlM0UlMEElMDklMDklMDklMDklMEElMDklMDklMDklMDklM0NwJTNFT3V2ZXJ0dXJlJTIwZGUlQzIlQTBUZW5jbyUyMFVTQSUyMEluYy4lMjBMYSUyMGZpbGlhbGUlMjBhbSVDMyVBOXJpY2FpbmUlMjBvZmZyZSUyMG5vbiUyMHNldWxlbWVudCUyMGxhJTIwdmVudGUlMjBkaXJlY3RlJTIwZGUlMjBwaSVDMyVBOGNlcyUyMGRhbnMlMjBsJUUyJTgwJTk5T3Vlc3QlMjBkZSUyMGwlRTIlODAlOTklQzMlQTl0YXQlMjBkZSUyME5ldyUyMFlvcmslMkMlMjBtYWlzJTIwZW50YW1lJTIwbGElMjBmYWJyaWNhdGlvbiUyMGRlJTIwY2VydGFpbmVzJTIwcGklQzMlQThjZXMlMjBkZSUyMHJlbXBsYWNlbWVudC4lMjBSYXBpZGVtZW50JTJDJTIwVGVuY28lMjBVU0ElMjBJbmMlMjBkZXZpZW50JTIwdW4lQzIlQTBjZW50cmUlMjBuJUMzJUE5dnJhbGdpcXVlJTIwaW1wb3J0YW50JTIwZW4lMjBjZSUyMHF1aSUyMGElMjB0cmFpdCUyMCVDMyVBMCUyMGxhJTIwdmVudGUlMjBldCUyMCVDMyVBMCUyMGxhJTIwZGlzdHJpYnV0aW9uJTIwZGUlMjBwaSVDMyVBOGNlcyUyMGV0JTIwZCVFMiU4MCU5OSVDMyVBOXF1aXBlbWVudHMlMkMlMjBhcHB1eWFudCUyMGFpbnNpJTIwbGVzJTIwZGlzdHJpYnV0ZXVycyUyMGRlJTIwcHJvZHVpdHMlMjBUZW5jbyUyMGRhbnMlMjBsZSUyME1pZCUyMFdlc3QlMjBldCUyMGwlRTIlODAlOTlPdWVzdCUyMEFtJUMzJUE5cmljYWluLiUzQyUyRnAlM0UlMEElMDklMDklMDklMDklMEElMDklMDklMDklMDklM0NzcGFuJTIwY2xhc3MlM0QlMjJjZC1kYXRlJTIyJTNFMTk5MyUzQyUyRnNwYW4lM0UlMEElMDklMDklMDklM0MlMkZkaXYlM0UlMjAlM0MlMjEtLSUyMGNkLXRpbWVsaW5lLWNvbnRlbnQlMjAtLSUzRSUwQSUwOSUwOSUzQyUyRmRpdiUzRSUyMCUzQyUyMS0tJTIwY2QtdGltZWxpbmUtYmxvY2slMjAtLSUzRSUwQSUwQSUwOSUwOSUzQ2RpdiUyMGNsYXNzJTNEJTIyY2QtdGltZWxpbmUtYmxvY2slMjIlM0UlMEElMDklMDklMDklMEElMEElMDklMDklMDklM0NkaXYlMjBjbGFzcyUzRCUyMmNkLXRpbWVsaW5lLWNvbnRlbnQlMjIlM0UlMEElMDklMDklMDklMDklMEElMDklMDklMDklMDklM0NwJTNFQWNxdWlzaXRpb24lMjBkZSUyMGxhJTIwbGlnbmUlMjBkZSVDMiVBMHByb2R1aXRzJTIwU01JJTJDJTIwZmFicmljYW50JTIwZGVzJTIwc291ZmZsZXVzZXMlMjBhdXRvJTIwcHJvcHVscyVDMyVBOWVzJUMyJUEwZXQlMjBkZSVDMiVBMGJhbGFpcyUyMGRlJTIwcGlzdGVzJTIwZCVFMiU4MCU5OWF0dGVycmlzc2FnZS4lM0MlMkZwJTNFJTBBJTA5JTA5JTA5JTA5JTNDc3BhbiUyMGNsYXNzJTNEJTIyY2QtZGF0ZSUyMiUzRTE5OTklM0MlMkZzcGFuJTNFJTBBJTA5JTA5JTA5JTNDJTJGZGl2JTNFJTIwJTNDJTIxLS0lMjBjZC10aW1lbGluZS1jb250ZW50JTIwLS0lM0UlMEElMDklMDklM0MlMkZkaXYlM0UlMjAlM0MlMjEtLSUyMGNkLXRpbWVsaW5lLWJsb2NrJTIwLS0lM0UlMEElMDklMDklMEElMDklMDklM0NkaXYlMjBjbGFzcyUzRCUyMmNkLXRpbWVsaW5lLWJsb2NrJTIyJTNFJTBBJTA5JTA5JTA5JTBBJTBBJTA5JTA5JTA5JTNDZGl2JTIwY2xhc3MlM0QlMjJjZC10aW1lbGluZS1jb250ZW50JTIyJTNFJTBBJTA5JTA5JTA5JTA5JTBBJTA5JTA5JTA5JTA5JTNDcCUzRUFncmFuZGlzc2VtZW50JTIwZGUlMjAzNCUyMDAwMCUyMHBpZWRzJTIwY2FyciVDMyVBOXMlQzIlQTBkZXMlMjBpbnN0YWxsYXRpb25zJTIwbWFudWZhY3R1cmklQzMlQThyZXMlMjBkZSUyMFRlbmNvJTIwJUMzJUEwJTIwU3QtVmFsJUMzJUE5cmllbi1kZS1NaWx0b24uJTNDJTJGcCUzRSUwQSUwOSUwOSUwOSUwOSUwQSUwOSUwOSUwOSUwOSUzQ3NwYW4lMjBjbGFzcyUzRCUyMmNkLWRhdGUlMjIlM0UyMDAwJTNDJTJGc3BhbiUzRSUwQSUwOSUwOSUwOSUzQyUyRmRpdiUzRSUyMCUzQyUyMS0tJTIwY2QtdGltZWxpbmUtY29udGVudCUyMC0tJTNFJTBBJTA5JTA5JTNDJTJGZGl2JTNFJTIwJTNDJTIxLS0lMjBjZC10aW1lbGluZS1ibG9jayUyMC0tJTNFJTBBJTA5JTA5JTBBJTA5JTA5JTBBJTA5JTA5JTNDZGl2JTIwY2xhc3MlM0QlMjJjZC10aW1lbGluZS1ibG9jayUyMiUzRSUwQSUwOSUwOSUwOSUwQSUwQSUwOSUwOSUwOSUzQ2RpdiUyMGNsYXNzJTNEJTIyY2QtdGltZWxpbmUtY29udGVudCUyMiUzRSUwQSUwOSUwOSUwOSUwOSUwQSUwOSUwOSUwOSUwOSUzQ3AlM0VBY3F1aXNpdGlvbiUyMGRlJTIwbGElMjBkaXZpc2lvbiUyMG5laWdlJTIwZGUlMjBsYSUyMGNvbXBhZ25pZSVDMiVBMFZvaGwuJTIwVGVuY28lMjBvZmZyZSUyMGFsb3JzJUMyJUEwbGElMjBmYW1ldXNlJTIwc291ZmZsZXVzZSUyMHBvdXIlMjBjaGFyZ2V1ciUyMERWLTQwMDAuJTIwQ2UlMjBtb2QlQzMlQThsZSUyMHJlcHIlQzMlQTlzZW50ZSUyMGxlJUMyJUEwaGF1dCUyMGRlJTIwZ2FtbWUlQzIlQTBkYW5zJTIwbGElMjBzb3VmZmxldXNlJTIwcG91ciUyMGNoYXJnZXVyLiUzQyUyRnAlM0UlMEElMDklMDklMDklMDklMEElMDklMDklMDklMDklM0NzcGFuJTIwY2xhc3MlM0QlMjJjZC1kYXRlJTIyJTNFMjAwMyUzQyUyRnNwYW4lM0UlMEElMDklMDklMDklM0MlMkZkaXYlM0UlMjAlM0MlMjEtLSUyMGNkLXRpbWVsaW5lLWNvbnRlbnQlMjAtLSUzRSUwQSUwOSUwOSUzQyUyRmRpdiUzRSUyMCUzQyUyMS0tJTIwY2QtdGltZWxpbmUtYmxvY2slMjAtLSUzRSUwQSUwOSUwOSUwQSUwOSUwOSUwQSUwOSUwOSUzQ2RpdiUyMGNsYXNzJTNEJTIyY2QtdGltZWxpbmUtYmxvY2slMjIlM0UlMEElMDklMDklMDklMEElMEElMDklMDklMDklM0NkaXYlMjBjbGFzcyUzRCUyMmNkLXRpbWVsaW5lLWNvbnRlbnQlMjIlM0UlMEElMDklMDklMDklMDklMEElMDklMDklMDklM0NwJTNFRGlzdHJpYnV0aW9uJTJDJTIwcG91ciUyMGwlMjdBbSVDMyVBOXJpcXVlJTIwZHUlMjBOb3JkJTIwZXQlMjBkdSUyMFN1ZCUyQyVDMiVBMGRlcyUwQXNvdWZmbGV1c2VzJTIwYXV0b21vdHJpY2VzJTIwZGUlMjBoYXV0ZSUyMHF1YWxpdCVDMyVBOSUyMFJvbGJhJUMyJUEwYWluc2klMjBxdWUlMjBsZXMlQzIlQTBiYWxhaXMlMjBkZSUyMHBpc3RlJTIwZCVFMiU4MCU5OWElQzMlQTlyb3BvcnQlMjBTY2glQzMlQjZybGluZyVDMiVBMHN1aXRlJTIwJUMzJUEwJTIwdW5lJTIwZW50ZW50ZSUyMGF2ZWMlMjBsYSUyMGNvbXBhZ25pZSUyMEJ1Y2hlci4lM0MlMkZwJTNFJTBBJTA5JTA5JTA5JTA5JTBBJTA5JTA5JTA5JTA5JTNDc3BhbiUyMGNsYXNzJTNEJTIyY2QtZGF0ZSUyMiUzRTIwMDUlM0MlMkZzcGFuJTNFJTBBJTA5JTA5JTA5JTNDJTJGZGl2JTNFJTIwJTNDJTIxLS0lMjBjZC10aW1lbGluZS1jb250ZW50JTIwLS0lM0UlMEElMDklMDklM0MlMkZkaXYlM0UlMjAlM0MlMjEtLSUyMGNkLXRpbWVsaW5lLWJsb2NrJTIwLS0lM0UlMEElMDklMDklMEElMDklMDklMEElMDklMDklMEElMDklMDklMEElMDklMDklM0NkaXYlMjBjbGFzcyUzRCUyMmNkLXRpbWVsaW5lLWJsb2NrJTIyJTNFJTBBJTA5JTA5JTA5JTBBJTBBJTA5JTA5JTA5JTNDZGl2JTIwY2xhc3MlM0QlMjJjZC10aW1lbGluZS1jb250ZW50JTIyJTNFJTBBJTA5JTA5JTA5JTA5JTBBJTA5JTA5JTA5JTA5JTNDcCUzRUxlJTIwMTklMjBvY3RvYnJlJTIwMjAxMSUyMEFsYW1vJTIwR3JvdXAlMjBJbmMlMjB1bmUlMjBjb21wYWduaWUlMjBwdWJsaXF1ZSUyMHNlJTIwdHJhbnNpZ2VhbnQlMjBzdXIlMjBsZSUyME5ZU0UlMjAlMjhBTEclMjklMjBhJTIwZmFpdCUyMGwlRTIlODAlOTlhY3F1aXNpdGlvbiUyMGRlJTIwdG91cyUyMGxlcyUyMGFjdGlmcyUyMGRlJTIwVGVuY28lMjBldCUyMHNlcyUyMGZpbGlhbGVzLiUzQyUyRnAlM0UlMEElMDklMDklMDklMDklMEElMDklMDklMDklMDklM0NzcGFuJTIwY2xhc3MlM0QlMjJjZC1kYXRlJTIyJTNFMjAxMSUzQyUyRnNwYW4lM0UlMEElMDklMDklMDklM0MlMkZkaXYlM0UlMjAlM0MlMjEtLSUyMGNkLXRpbWVsaW5lLWNvbnRlbnQlMjAtLSUzRSUwQSUwOSUwOSUzQyUyRmRpdiUzRSUyMCUzQyUyMS0tJTIwY2QtdGltZWxpbmUtYmxvY2slMjAtLSUzRSUwQSUwOSUwOSUwQSUwOSUwOSUzQ2RpdiUyMGNsYXNzJTNEJTIyY2QtdGltZWxpbmUtYmxvY2slMjIlM0UlMEElMDklMDklMDklMEElMEElMDklMDklMDklM0NkaXYlMjBjbGFzcyUzRCUyMmNkLXRpbWVsaW5lLWNvbnRlbnQlMjIlM0UlMEElMDklMDklMDklMDklMEElMDklMDklMDklMDklM0NwJTNFRGlzdHJpYnV0aW9uJTIwZGVzJTIwJUMzJUE5cXVpcGVtZW50cyUyMGRlJTIwaGF1dGUlMjBxdWFsaXQlQzMlQTklMjBCVUNIRVIlMjBNVU5JQ0lQQUwlMjAlMjhHSUxFVFRBJTI5JTIwcG91ciUyMGwlMjdBbSVDMyVBOXJpcXVlJTIwZHUlMjBOb3JkJTNDJTJGcCUzRSUwQSUwOSUwOSUwOSUwOSUwQSUwOSUwOSUwOSUwOSUzQ3NwYW4lMjBjbGFzcyUzRCUyMmNkLWRhdGUlMjIlM0UyMDEzJTNDJTJGc3BhbiUzRSUwQSUwOSUwOSUwOSUzQyUyRmRpdiUzRSUyMCUzQyUyMS0tJTIwY2QtdGltZWxpbmUtY29udGVudCUyMC0tJTNFJTBBJTA5JTA5JTNDJTJGZGl2JTNFJTIwJTNDJTIxLS0lMjBjZC10aW1lbGluZS1ibG9jayUyMC0tJTNFJTBBJTA5JTA5JTBBJTNDZGl2JTIwY2xhc3MlM0QlMjJjZC10aW1lbGluZS1ibG9jayUyMiUzRSUwQSUwOSUwOSUwOSUwQSUwOSUwOSUwOSUzQ2RpdiUyMGNsYXNzJTNEJTIyY2QtdGltZWxpbmUtY29udGVudCUyMiUzRSUwQSUwOSUwOSUwOSUwOSUwQSUwOSUwOSUwOSUwOSUzQ3AlM0VBY3F1aXNpdGlvbiUyMGRlJTIwUi5QLk0uJTIwVGVjaCUyMGluYy4lMjBwYXIlMjBBbGFtbyUyMEdyb3VwJTIwZXQlMjBzYSUyMGdlc3Rpb24lMjBlc3QlMjBjb25maSVDMyVBOSUyMCVDMyVBMCUyMFRlbmNvJTIwaW5jLiUzQyUyRnAlM0UlMEElMDklMDklMDklMDklMEElMDklMDklMDklMDklM0NzcGFuJTIwY2xhc3MlM0QlMjJjZC1kYXRlJTIyJTNFMjAxNyUzQyUyRnNwYW4lM0UlMEElMDklMDklMDklM0MlMkZkaXYlM0UlMjAlM0MlMjEtLSUyMGNkLXRpbWVsaW5lLWNvbnRlbnQlMjAtLSUzRSUwQSUwOSUwOSUzQyUyRmRpdiUzRSUyMCUzQyUyMS0tJTIwY2QtdGltZWxpbmUtYmxvY2slMjAtLSUzRSUwQSUwOSUwOSUwOSUwQSUzQ2RpdiUyMGNsYXNzJTNEJTIyY2QtdGltZWxpbmUtYmxvY2slMjIlM0UlMEElMDklMDklMDklMEElMDklMDklMDklM0NkaXYlMjBjbGFzcyUzRCUyMmNkLXRpbWVsaW5lLWNvbnRlbnQlMjIlM0UlMEElMDklMDklMDklMDklMEElMDklMDklMDklMDklM0NwJTNFSW52ZXN0aXNzZW1lbnQlMjBkZSUyMDclMkM1JTI0JTIwbWlsbGlvbiUyMHBvdXIlMjB1bmUlMjBleHBhbnNpb24lMjBzaWduaWZpY2F0aXZlJTIwZGUlMjA1MCUyMDAwMCUyMHBpMiUyMGRlcyUyMGluc3RhbGxhdGlvbnMlMjBkZSUyMFN0LVZhbCVDMyVBOXJpZW4tZGUtTWlsdG9uJTJDJTIwcGVybWV0dGFudCUyMGQlRTIlODAlOTlhdWdtZW50ZXIlMjBkZSUyMDUwJTI1JTIwbGElMjBjYXBhY2l0JUMzJUE5JTIwZGUlMjBwcm9kdWN0aW9uJTNDJTJGcCUzRSUwQSUwOSUwOSUwOSUwOSUwQSUwOSUwOSUwOSUwOSUzQ3NwYW4lMjBjbGFzcyUzRCUyMmNkLWRhdGUlMjIlM0UyMDE5JTNDJTJGc3BhbiUzRSUwQSUwOSUwOSUwOSUzQyUyRmRpdiUzRSUyMCUzQyUyMS0tJTIwY2QtdGltZWxpbmUtY29udGVudCUyMC0tJTNFJTBBJTA5JTA5JTNDJTJGZGl2JTNFJTIwJTNDJTIxLS0lMjBjZC10aW1lbGluZS1ibG9jayUyMC0tJTNFJTBBJTBBJTNDZGl2JTIwY2xhc3MlM0QlMjJjZC10aW1lbGluZS1ibG9jayUyMiUzRSUwQSUwOSUwOSUwOSUwQSUwOSUwOSUwOSUzQ2RpdiUyMGNsYXNzJTNEJTIyY2QtdGltZWxpbmUtY29udGVudCUyMiUzRSUwQSUwOSUwOSUwOSUwOSUwQSUwOSUwOSUwOSUwOSUzQ3AlM0VPdXZlcnR1cmUlMjBkJUUyJTgwJTk5dW5lJTIwc3VjY3Vyc2FsZSUyMCVDMyVBMCUyMENhbGdhcnklMkMlMjBBbGJlcnRhJTIwcG91ciUyMGxhJTIwdmVudGUlMjBkJUUyJTgwJTk5JUMzJUE5cXVpcGVtZW50JTIwZXQlMjBkZSUyMHBpJUMzJUE4Y2VzJTIwVGVuY28lMkMlMjBsJUUyJTgwJTk5aW5zdGFsbGF0aW9ucyUyQyUyMGV0JTIwbGElMjByJUMzJUE5cGFyYXRpb24lMjBwb3VyJTIwbGElMjBjbGllbnQlQzMlQThsZSUyMGRlJTIwbCVFMiU4MCU5OU91ZXN0JTIwY2FuYWRpZW4uJTNDJTJGcCUzRSUwQSUwOSUwOSUwOSUwOSUwQSUwOSUwOSUwOSUwOSUzQ3NwYW4lMjBjbGFzcyUzRCUyMmNkLWRhdGUlMjIlM0UyMDIwJTNDJTJGc3BhbiUzRSUwQSUwOSUwOSUwOSUzQyUyRmRpdiUzRSUyMCUzQyUyMS0tJTIwY2QtdGltZWxpbmUtY29udGVudCUyMC0tJTNFJTBBJTA5JTA5JTNDJTJGZGl2JTNFJTIwJTNDJTIxLS0lMjBjZC10aW1lbGluZS1ibG9jayUyMC0tJTNFJTBBJTBBJTNDZGl2JTIwY2xhc3MlM0QlMjJjZC10aW1lbGluZS1ibG9jayUyMiUzRSUwQSUwOSUwOSUwOSUwQSUwOSUwOSUwOSUzQ2RpdiUyMGNsYXNzJTNEJTIyY2QtdGltZWxpbmUtY29udGVudCUyMiUzRSUwQSUwOSUwOSUwOSUwOSUwQSUwOSUwOSUwOSUwOSUzQ3AlM0VMYW5jZW1lbnQlMjBkdSUyMG5vdXZlYXUlMjBzeXN0JUMzJUE4bWUlMjBkZSUyMGQlQzMlQTluZWlnZW1lbnQlMjBkZSUyMHZvaWVzJTIwbXVsdGlwbGVzJTIwV2lkZSUyMFdpbmclMjBTeXN0ZW0lMjAlMjhXV1MlMjkuJTIwJTIwVW4lMjBzb2x1dGlvbiUyMGNsJUMzJUE5JTIwZW4lMjBtYWluJTIwcGVybWV0dGFudCUyMGRlJTIwcyVFMiU4MCU5OWFkYXB0ZXIlMjAlQzMlQTAlMjBkaWZmJUMzJUE5cmVudGUlMjBsYXJnZXVyJTIwZGUlMjBsYSUyMHJvdXRlLiUzQyUyRnAlM0UlMEElMDklMDklMDklMDklMEElMDklMDklMDklMDklM0NzcGFuJTIwY2xhc3MlM0QlMjJjZC1kYXRlJTIyJTNFMjAyMSUzQyUyRnNwYW4lM0UlMEElMDklMDklMDklM0MlMkZkaXYlM0UlMjAlM0MlMjEtLSUyMGNkLXRpbWVsaW5lLWNvbnRlbnQlMjAtLSUzRSUwQSUwOSUwOSUzQyUyRmRpdiUzRSUyMCUzQyUyMS0tJTIwY2QtdGltZWxpbmUtYmxvY2slMjAtLSUzRSUwQSUwQSUzQ2RpdiUyMGNsYXNzJTNEJTIyY2QtdGltZWxpbmUtYmxvY2slMjIlM0UlMEElMDklMDklMDklMEElMDklMDklMDklM0NkaXYlMjBjbGFzcyUzRCUyMmNkLXRpbWVsaW5lLWNvbnRlbnQlMjIlM0UlMEElMDklMDklMDklMDklMEElMDklMDklMDklMDklM0NwJTNFT2J0ZW50aW9uJTIwZHUlMjBjb250cmF0JTIwZGUlMjBjb29wJUMzJUE5cmF0aXZlJTIwU291cmNld2VsbCUyMCUyOFVTQSUyOSUyMGV0JTIwQ2Fub2UlMjAlMjhDYW5hZGElMjklMkMlMjBwZXJtZXR0YW50JTIwZCVFMiU4MCU5OW9mZnJpciUyMGxlcyUyMHByb2R1aXRzJTIwVGVuY28lMjAlQzMlQTAlMjBwcml4JTIwY29tcCVDMyVBOXRpdGlmcyUyMGF1eCUyMG11bmljaXBhbGl0JUMzJUE5cyUyMGV0JTIwaW5zdGl0dXRpb25zJTIwZ291dmVybmVtZW50YWxlcyUyMG1lbWJyZXMuJTNDJTJGcCUzRSUwQSUwOSUwOSUwOSUwOSUwQSUwOSUwOSUwOSUwOSUzQ3NwYW4lMjBjbGFzcyUzRCUyMmNkLWRhdGUlMjIlM0UyMDIyJTNDJTJGc3BhbiUzRSUwQSUwOSUwOSUwOSUzQyUyRmRpdiUzRSUyMCUzQyUyMS0tJTIwY2QtdGltZWxpbmUtY29udGVudCUyMC0tJTNFJTBBJTA5JTA5JTNDJTJGZGl2JTNFJTIwJTNDJTIxLS0lMjBjZC10aW1lbGluZS1ibG9jayUyMC0tJTNFJTBBJTA5JTA5JTBBJTA5JTNDJTJGc2VjdGlvbiUzRSUyMCUzQyUyMS0tJTIwY2QtdGltZWxpbmUlMjAtLSUzRQ==[\/vc_raw_html][\/vc_column_inner][\/vc_row_inner][\/vc_column][\/mk_page_section]\n","protected":false},"excerpt":{"rendered":"<p>D\u00e9couvrez comment les fondateurs de Tenco ont imagin\u00e9 et fait progresser l\u2019entreprise pour en faire un leader de l\u2019industrie.<\/p>\n","protected":false},"author":4,"featured_media":0,"parent":0,"menu_order":0,"comment_status":"closed","ping_status":"closed","template":"","meta":{"_acf_changed":false,"footnotes":""},"class_list":["post-1349","page","type-page","status-publish","hentry"],"acf":[],"yoast_head":"<!-- This site is optimized with the Yoast SEO plugin v27.3 - https:\/\/yoast.com\/product\/yoast-seo-wordpress\/ -->\n<title>\u00c0 propos de Tenco | L&#039;histoire d&#039;un leader<\/title>\n<meta name=\"description\" content=\"D\u00e9couvrez comment les fondateurs de Tenco ont imagin\u00e9 et fait progresser l\u2019entreprise pour en faire un leader de l\u2019industrie.\" \/>\n<meta name=\"robots\" content=\"index, follow, max-snippet:-1, max-image-preview:large, max-video-preview:-1\" \/>\n<link rel=\"canonical\" href=\"https:\/\/tenco.ca\/about-us\/\" \/>\n<meta property=\"og:locale\" content=\"fr_CA\" \/>\n<meta property=\"og:type\" content=\"article\" \/>\n<meta property=\"og:title\" content=\"\u00c0 propos de Tenco | L&#039;histoire d&#039;un leader\" \/>\n<meta property=\"og:description\" content=\"D\u00e9couvrez comment les fondateurs de Tenco ont imagin\u00e9 et fait progresser l\u2019entreprise pour en faire un leader de l\u2019industrie.\" \/>\n<meta property=\"og:url\" content=\"https:\/\/tenco.ca\/about-us\/\" \/>\n<meta property=\"og:site_name\" content=\"Tenco\" \/>\n<meta property=\"article:modified_time\" content=\"2023-02-16T19:36:09+00:00\" \/>\n<meta name=\"twitter:card\" content=\"summary_large_image\" \/>\n<meta name=\"twitter:label1\" content=\"Estimation du temps de lecture\" \/>\n\t<meta name=\"twitter:data1\" content=\"1 minute\" \/>\n<script type=\"application\/ld+json\" class=\"yoast-schema-graph\">{\"@context\":\"https:\\\/\\\/schema.org\",\"@graph\":[{\"@type\":\"WebPage\",\"@id\":\"https:\\\/\\\/tenco.ca\\\/about-us\\\/\",\"url\":\"https:\\\/\\\/tenco.ca\\\/about-us\\\/\",\"name\":\"\u00c0 propos de Tenco | L'histoire d'un leader\",\"isPartOf\":{\"@id\":\"https:\\\/\\\/tenco.ca\\\/ny\\\/#website\"},\"datePublished\":\"2015-09-23T07:06:56+00:00\",\"dateModified\":\"2023-02-16T19:36:09+00:00\",\"description\":\"D\u00e9couvrez comment les fondateurs de Tenco ont imagin\u00e9 et fait progresser l\u2019entreprise pour en faire un leader de l\u2019industrie.\",\"breadcrumb\":{\"@id\":\"https:\\\/\\\/tenco.ca\\\/about-us\\\/#breadcrumb\"},\"inLanguage\":\"fr-CA\",\"potentialAction\":[{\"@type\":\"ReadAction\",\"target\":[\"https:\\\/\\\/tenco.ca\\\/about-us\\\/\"]}]},{\"@type\":\"BreadcrumbList\",\"@id\":\"https:\\\/\\\/tenco.ca\\\/about-us\\\/#breadcrumb\",\"itemListElement\":[{\"@type\":\"ListItem\",\"position\":1,\"name\":\"Home\",\"item\":\"https:\\\/\\\/tenco.ca\\\/fr\\\/\"},{\"@type\":\"ListItem\",\"position\":2,\"name\":\"\u00c0 PROPOS\"}]},{\"@type\":\"WebSite\",\"@id\":\"https:\\\/\\\/tenco.ca\\\/ny\\\/#website\",\"url\":\"https:\\\/\\\/tenco.ca\\\/ny\\\/\",\"name\":\"Tenco\",\"description\":\"\",\"potentialAction\":[{\"@type\":\"SearchAction\",\"target\":{\"@type\":\"EntryPoint\",\"urlTemplate\":\"https:\\\/\\\/tenco.ca\\\/ny\\\/?s={search_term_string}\"},\"query-input\":{\"@type\":\"PropertyValueSpecification\",\"valueRequired\":true,\"valueName\":\"search_term_string\"}}],\"inLanguage\":\"fr-CA\"}]}<\/script>\n<!-- \/ Yoast SEO plugin. -->","yoast_head_json":{"title":"\u00c0 propos de Tenco | L'histoire d'un leader","description":"D\u00e9couvrez comment les fondateurs de Tenco ont imagin\u00e9 et fait progresser l\u2019entreprise pour en faire un leader de l\u2019industrie.","robots":{"index":"index","follow":"follow","max-snippet":"max-snippet:-1","max-image-preview":"max-image-preview:large","max-video-preview":"max-video-preview:-1"},"canonical":"https:\/\/tenco.ca\/about-us\/","og_locale":"fr_CA","og_type":"article","og_title":"\u00c0 propos de Tenco | L'histoire d'un leader","og_description":"D\u00e9couvrez comment les fondateurs de Tenco ont imagin\u00e9 et fait progresser l\u2019entreprise pour en faire un leader de l\u2019industrie.","og_url":"https:\/\/tenco.ca\/about-us\/","og_site_name":"Tenco","article_modified_time":"2023-02-16T19:36:09+00:00","twitter_card":"summary_large_image","twitter_misc":{"Estimation du temps de lecture":"1 minute"},"schema":{"@context":"https:\/\/schema.org","@graph":[{"@type":"WebPage","@id":"https:\/\/tenco.ca\/about-us\/","url":"https:\/\/tenco.ca\/about-us\/","name":"\u00c0 propos de Tenco | L'histoire d'un leader","isPartOf":{"@id":"https:\/\/tenco.ca\/ny\/#website"},"datePublished":"2015-09-23T07:06:56+00:00","dateModified":"2023-02-16T19:36:09+00:00","description":"D\u00e9couvrez comment les fondateurs de Tenco ont imagin\u00e9 et fait progresser l\u2019entreprise pour en faire un leader de l\u2019industrie.","breadcrumb":{"@id":"https:\/\/tenco.ca\/about-us\/#breadcrumb"},"inLanguage":"fr-CA","potentialAction":[{"@type":"ReadAction","target":["https:\/\/tenco.ca\/about-us\/"]}]},{"@type":"BreadcrumbList","@id":"https:\/\/tenco.ca\/about-us\/#breadcrumb","itemListElement":[{"@type":"ListItem","position":1,"name":"Home","item":"https:\/\/tenco.ca\/fr\/"},{"@type":"ListItem","position":2,"name":"\u00c0 PROPOS"}]},{"@type":"WebSite","@id":"https:\/\/tenco.ca\/ny\/#website","url":"https:\/\/tenco.ca\/ny\/","name":"Tenco","description":"","potentialAction":[{"@type":"SearchAction","target":{"@type":"EntryPoint","urlTemplate":"https:\/\/tenco.ca\/ny\/?s={search_term_string}"},"query-input":{"@type":"PropertyValueSpecification","valueRequired":true,"valueName":"search_term_string"}}],"inLanguage":"fr-CA"}]}},"_links":{"self":[{"href":"https:\/\/tenco.ca\/fr\/wp-json\/wp\/v2\/pages\/1349","targetHints":{"allow":["GET"]}}],"collection":[{"href":"https:\/\/tenco.ca\/fr\/wp-json\/wp\/v2\/pages"}],"about":[{"href":"https:\/\/tenco.ca\/fr\/wp-json\/wp\/v2\/types\/page"}],"author":[{"embeddable":true,"href":"https:\/\/tenco.ca\/fr\/wp-json\/wp\/v2\/users\/4"}],"replies":[{"embeddable":true,"href":"https:\/\/tenco.ca\/fr\/wp-json\/wp\/v2\/comments?post=1349"}],"version-history":[{"count":0,"href":"https:\/\/tenco.ca\/fr\/wp-json\/wp\/v2\/pages\/1349\/revisions"}],"wp:attachment":[{"href":"https:\/\/tenco.ca\/fr\/wp-json\/wp\/v2\/media?parent=1349"}],"curies":[{"name":"wp","href":"https:\/\/api.w.org\/{rel}","templated":true}]}}