{"id":1348,"date":"2015-11-14T13:55:25","date_gmt":"2015-11-14T13:55:25","guid":{"rendered":"http:\/\/tenco.ca\/fr\/equipement-smi\/"},"modified":"2023-01-12T17:57:14","modified_gmt":"2023-01-12T17:57:14","slug":"balayeuses-de-piste","status":"publish","type":"page","link":"https:\/\/tenco.ca\/fr\/balayeuses-de-piste\/","title":{"rendered":"BALAYEUSES DE PISTES TENCO SMI"},"content":{"rendered":"[mk_page_section padding_top=\u00a0\u00bb60&Prime; padding_bottom=\u00a0\u00bb0&Prime; predefined_bg=\u00a0\u00bb\u00a0\u00bb first_page=\u00a0\u00bbfalse\u00a0\u00bb last_page=\u00a0\u00bbfalse\u00a0\u00bb sidebar=\u00a0\u00bbsidebar-1&Prime;][vc_column el_class=\u00a0\u00bbprowhite\u00a0\u00bb][vc_raw_html]JTNDZGl2JTIwY2xhc3MlM0QlMjJwYWNrYWdlLXJpYmJvbi13cmFwcGVyJTIyJTNFJTBBJTNDaDElMjBjbGFzcyUzRCUyMnBhY2thZ2UtdHlwZSUyMG5vcm1hbC10eXBlJTIwZ29ib29rJTIyJTNFQkFMQUlTJTIwREUlMjBQSVNURVMlMjBTTUklM0MlMkZoMSUzRSUwQSUzQ2RpdiUyMGNsYXNzJTNEJTIycGFja2FnZS10eXBlLWdpbW1pY2slMjIlM0UlM0MlMkZkaXYlM0UlMEElM0MlMkZkaXYlM0U=[\/vc_raw_html][vc_row_inner padding=\u00a0\u00bb0&Prime; el_class=\u00a0\u00bbtwhite\u00a0\u00bb][vc_column_inner width=\u00a0\u00bb5\/12&Prime;][mk_image src=\u00a0\u00bbhttps:\/\/tenco.ca\/wp-content\/uploads\/2018\/10\/Balai-SMI-Tier-4.png\u00a0\u00bb align=\u00a0\u00bbcenter\u00a0\u00bb crop=\u00a0\u00bbfalse\u00a0\u00bb][\/vc_column_inner][vc_column_inner width=\u00a0\u00bb7\/12&Prime;][mk_fancy_title color=\u00a0\u00bb#1f1f1f\u00a0\u00bb size=\u00a0\u00bb20&Prime; font_style=\u00a0\u00bbitalic\u00a0\u00bb margin_bottom=\u00a0\u00bb0&Prime; font_family=\u00a0\u00bbnone\u00a0\u00bb el_class=\u00a0\u00bbgoblack mar0&Prime;]BALAYEUSE DE PISTE REMORQU\u00c9[\/mk_fancy_title][mk_fancy_title tag_name=\u00a0\u00bbh3&Prime; color=\u00a0\u00bb#f58020&Prime; size=\u00a0\u00bb30&Prime; font_style=\u00a0\u00bbitalic\u00a0\u00bb margin_bottom=\u00a0\u00bb0&Prime; font_family=\u00a0\u00bbnone\u00a0\u00bb el_class=\u00a0\u00bbgoblack\u00a0\u00bb]BALAI M\u00c9CANIQUE TENCO SMI MOD\u00c8LE SW324D[\/mk_fancy_title][vc_column_text margin_bottom=\u00a0\u00bb15&Prime;]\n<div class=\"prodes\"><strong>CARACT\u00c9RISTIQUES<\/strong><\/div>\n<ul>\n<li>Syst\u00e8me m\u00e9canique d&rsquo;entrainement de la brosse<\/li>\n<li>Largeur de d\u00e9blaiement du balai: 4,3 m (14 pi)<\/li>\n<li>Brosse de 36 po (914 mm) de diam\u00e8tre<\/li>\n<li>Syst\u00e8me d&rsquo;ajustement de patron automatique pour la brosse de 10 \u00e0 15 cm (4 \u00e0 6 po)<\/li>\n<li>Balai de piste enti\u00e8rement autonome, aliment\u00e9 par son propre moteur Diesel de 300 cv<\/li>\n<li>Soufflante \u00e9quip\u00e9e de buses bidirectionnelles, permettant de souffler vers la gauche ou la droite<\/li>\n<li>Soufflante offrant un d\u00e9bit d&rsquo;air de 829 M3\/min (29 283 CFM) et atteignant une v\u00e9locit\u00e9 de 470 km\/h<\/li>\n<li>La brosse est contr\u00f4l\u00e9e par une syst\u00e8me intuitif compos\u00e9 d&rsquo;un manipulateur (Joystick ) et d&rsquo;un \u00e9cran tactile<\/li>\n<li>Vitesse d&rsquo;op\u00e9ration maximale 48 km\/h<\/li>\n<\/ul>\n<p><strong>\u00c9QUIPEMENTS FACULTATIFS<\/strong><\/p>\n<ul>\n<li>Pivot d\u2019attelage pour sellette en remplacement du timon de la roue\u00a0pivotante et de la tige de remorquage<\/li>\n<li>D\u00e9flecteur\u00a0 \u00e0 neige dirigeable sur le couvercle de la brosse<\/li>\n<li>Vibrateur d\u00e9neigeur sur le couvert de la brosse<\/li>\n<li>Syst\u00e8me de contr\u00f4le \u00e0 distance sans fil<\/li>\n<li>Lumi\u00e8res de travail au LED<\/li>\n<li>Freins \u00e0 air ou \u00e9lectriques<\/li>\n<\/ul>\n[\/vc_column_text][mk_image src=\u00a0\u00bbhttps:\/\/tenco.ca\/wp-content\/uploads\/2015\/10\/tenco-bouton_03.png\u00a0\u00bb image_size=\u00a0\u00bbfull\u00a0\u00bb link=\u00a0\u00bb\/fr\/demande-de-soumission\/\u00a0\u00bb target=\u00a0\u00bb_blank\u00a0\u00bb el_class=\u00a0\u00bbbtn-product-1&Prime;][mk_image src=\u00a0\u00bbhttps:\/\/tenco.ca\/wp-content\/uploads\/2015\/10\/tenco-bouton_05.png\u00a0\u00bb image_size=\u00a0\u00bbfull\u00a0\u00bb link=\u00a0\u00bbhttps:\/\/tenco.ca\/wp-content\/uploads\/2022\/01\/brochure-balai-SMI-14pi-T4-Tenco-08-20-2019-REV1.pdf\u00a0\u00bb target=\u00a0\u00bb_blank\u00a0\u00bb el_class=\u00a0\u00bbbtn-product-2&Prime;][\/vc_column_inner][\/vc_row_inner][mk_table el_class=\u00a0\u00bbchassetbl\u00a0\u00bb]\n<table width=\"100%\">\n<thead>\n<tr>\n<th>NUM\u00c9ROS DE MOD\u00c8LE<\/th>\n<th>LARGEUR BROSSE<\/th>\n<th>VITESSE<br \/>\nROTATION BROSSE<\/th>\n<th>POIDS<\/th>\n<th>LONGUEUR<br \/>\nTOTALE*<\/th>\n<th>LARGEUR<br \/>\nTOTALE (ANGLE)<\/th>\n<th>FORCE<br \/>\nMOTRICE<\/th>\n<th>ENTRA\u00ceNEMENT<br \/>\nDE LA BROSSE<\/th>\n<th>VITESSE<br \/>\nD\u2019OP\u00c9RATION<\/th>\n<th>V\u00c9LOCIT\u00c9 DE L\u2019AIR<br \/>\n\u00c0 LA SORTIE<\/th>\n<\/tr>\n<\/thead>\n<tbody>\n<tr>\n<td style=\"text-align: center;\">SW324D<\/td>\n<td style=\"text-align: center;\">4191 mm (165 po)<\/td>\n<td style=\"text-align: center;\">540 tr\/min<\/td>\n<td style=\"text-align: center;\">8392 kg<\/td>\n<td style=\"text-align: center;\">7903 mm\u00a0 (311 po)<\/td>\n<td style=\"text-align: center;\">4664 mm\u00a0 (183 po)<\/td>\n<td style=\"text-align: center;\">300 hp (227,3 kW)<\/td>\n<td style=\"text-align: center;\">M\u00e9canique<\/td>\n<td style=\"text-align: center;\">48 km\/h<\/td>\n<td style=\"text-align: center;\">470 km\/h<\/td>\n<\/tr>\n<\/tbody>\n<\/table>\n<p>* Avec la barre de remorquage en position de remorquage. La longueur varie selon le type d&rsquo;attache.[\/mk_table][mk_fancy_title color=\u00a0\u00bb#1f1f1f\u00a0\u00bb size=\u00a0\u00bb20&Prime; font_style=\u00a0\u00bbitalic\u00a0\u00bb margin_bottom=\u00a0\u00bb15&Prime; font_family=\u00a0\u00bbnone\u00a0\u00bb el_class=\u00a0\u00bbgoblack mar0&Prime;]CHARACT\u00c9RISTIQUES[\/mk_fancy_title][vc_row_inner padding=\u00a0\u00bb0&Prime; el_class=\u00a0\u00bbtgray\u00a0\u00bb][vc_column_inner width=\u00a0\u00bb1\/3&Prime;][mk_image src=\u00a0\u00bbhttps:\/\/tenco.ca\/wp-content\/uploads\/2018\/10\/Ecran-de-controle-tactile.jpg\u00a0\u00bb align=\u00a0\u00bbcenter\u00a0\u00bb el_class=\u00a0\u00bbwidth100&Prime; crop=\u00a0\u00bbfalse\u00a0\u00bb][vc_column_text]<strong style=\"color: #1f1f1f!important;\">Panneau de contr\u00f4le tactile<\/strong><\/p>\n[\/vc_column_text][\/vc_column_inner][vc_column_inner width=\u00a0\u00bb1\/3&Prime;][mk_image src=\u00a0\u00bbhttp:\/\/tenco.ca\/wp-content\/uploads\/2015\/11\/SMI4.jpg\u00a0\u00bb align=\u00a0\u00bbcenter\u00a0\u00bb el_class=\u00a0\u00bbwidth100&Prime; crop=\u00a0\u00bbfalse\u00a0\u00bb][vc_column_text]<strong style=\"color: #1f1f1f!important;\">Option d\u00e9flecteur hydraulique<\/strong><\/p>\n[\/vc_column_text][\/vc_column_inner][vc_column_inner width=\u00a0\u00bb1\/3&Prime;][\/vc_column_inner][\/vc_row_inner][vc_row_inner padding=\u00a0\u00bb0&Prime; el_class=\u00a0\u00bbtwhite\u00a0\u00bb][vc_column_inner width=\u00a0\u00bb5\/12&Prime;][mk_image src=\u00a0\u00bbhttps:\/\/tenco.ca\/wp-content\/uploads\/2018\/10\/Balai-SMI-Tier-4-002-fond-blanc-web.jpg\u00a0\u00bb align=\u00a0\u00bbcenter\u00a0\u00bb crop=\u00a0\u00bbfalse\u00a0\u00bb][\/vc_column_inner][vc_column_inner width=\u00a0\u00bb7\/12&Prime;][mk_fancy_title color=\u00a0\u00bb#1f1f1f\u00a0\u00bb size=\u00a0\u00bb20&Prime; font_style=\u00a0\u00bbitalic\u00a0\u00bb margin_bottom=\u00a0\u00bb0&Prime; font_family=\u00a0\u00bbnone\u00a0\u00bb el_class=\u00a0\u00bbgoblack mar0&Prime;]BALAYEUSE DE PISTE REMORQU\u00c9[\/mk_fancy_title][mk_fancy_title tag_name=\u00a0\u00bbh3&Prime; color=\u00a0\u00bb#f58020&Prime; size=\u00a0\u00bb30&Prime; font_style=\u00a0\u00bbitalic\u00a0\u00bb margin_bottom=\u00a0\u00bb0&Prime; font_family=\u00a0\u00bbnone\u00a0\u00bb el_class=\u00a0\u00bbgoblack\u00a0\u00bb]BALAI HYDROSTATIQUE TENCO SMI MOD\u00c8LE SW425HF[\/mk_fancy_title][vc_column_text margin_bottom=\u00a0\u00bb15&Prime;]\n<div class=\"prodes\"><strong>CARACT\u00c9RISTIQUES<\/strong><\/div>\n<ul>\n<li>Syst\u00e8me hydrostatique d&rsquo;entrainement de la brosse<\/li>\n<li>Largeur de d\u00e9blaiement du balai: 4,3 m (14 pi)<\/li>\n<li>Brosse de 36 po (914 mm) de diam\u00e8tre<\/li>\n<li>Syst\u00e8me d&rsquo;ajustement de patron automatique pour la brosse de 10 \u00e0 15 cm (4 \u00e0 6 po)<\/li>\n<li>Balai de piste enti\u00e8rement autonome, aliment\u00e9 par son propre moteur Diesel de 300 cv<\/li>\n<li>Soufflante \u00e9quip\u00e9e de buses bidirectionnelles, permettant de souffler vers la gauche ou la droite<\/li>\n<li>Soufflante offrant un d\u00e9bit d&rsquo;air de 829 M3\/min (29 283 CFM) et atteignant une v\u00e9locit\u00e9 de 470 km\/h<\/li>\n<li>La brosse est contr\u00f4l\u00e9e par une syst\u00e8me intuitif compos\u00e9 d&rsquo;un manipulateur (Joystick ) et d&rsquo;un \u00e9cran tactile<\/li>\n<li>Vitesse d&rsquo;op\u00e9ration maximale 48 km\/h<\/li>\n<\/ul>\n<p><strong>\u00c9QUIPEMENTS FACULTATIFS<\/strong><\/p>\n<ul>\n<li>Pivot d\u2019attelage pour sellette en remplacement du timon de la roue\u00a0pivotante et de la tige de remorquage<\/li>\n<li>D\u00e9flecteur\u00a0 \u00e0 neige dirigeable sur le couvercle de la brosse<\/li>\n<li>Vibrateur d\u00e9neigeur sur le couvert de la brosse<\/li>\n<li>Syst\u00e8me de contr\u00f4le \u00e0 distance sans fil<\/li>\n<li>Lumi\u00e8res de travail au LED<\/li>\n<li>Freins \u00e0 air ou \u00e9lectriques<\/li>\n<\/ul>\n[\/vc_column_text][mk_image src=\u00a0\u00bbhttps:\/\/tenco.ca\/wp-content\/uploads\/2015\/10\/tenco-bouton_03.png\u00a0\u00bb image_size=\u00a0\u00bbfull\u00a0\u00bb link=\u00a0\u00bb\/fr\/demande-de-soumission\/\u00a0\u00bb target=\u00a0\u00bb_blank\u00a0\u00bb el_class=\u00a0\u00bbbtn-product-1&Prime;][mk_image src=\u00a0\u00bbhttps:\/\/tenco.ca\/wp-content\/uploads\/2015\/10\/tenco-bouton_05.png\u00a0\u00bb image_size=\u00a0\u00bbfull\u00a0\u00bb link=\u00a0\u00bbhttps:\/\/tenco.ca\/wp-content\/uploads\/2022\/01\/brochure-balai-SMI-14pi-T4-Tenco-08-20-2019-REV1.pdf\u00a0\u00bb target=\u00a0\u00bb_blank\u00a0\u00bb el_class=\u00a0\u00bbbtn-product-2&Prime;][\/vc_column_inner][\/vc_row_inner][mk_table el_class=\u00a0\u00bbchassetbl\u00a0\u00bb]\n<table width=\"100%\">\n<thead>\n<tr>\n<th>NUM\u00c9ROS DE MOD\u00c8LE<\/th>\n<th>LARGEUR BROSSE<\/th>\n<th>VITESSE<br \/>\nROTATION BROSSE<\/th>\n<th>POIDS<\/th>\n<th>LONGUEUR<br \/>\nTOTALE*<\/th>\n<th>LARGEUR<br \/>\nTOTALE (ANGLE)<\/th>\n<th>FORCE<br \/>\nMOTRICE<\/th>\n<th>ENTRA\u00ceNEMENT<br \/>\nDE LA BROSSE<\/th>\n<th>VITESSE<br \/>\nD\u2019OP\u00c9RATION<\/th>\n<th>V\u00c9LOCIT\u00c9 DE L\u2019AIR<br \/>\n\u00c0 LA SORTIE<\/th>\n<\/tr>\n<\/thead>\n<tbody>\n<tr>\n<td style=\"text-align: center;\">SW425HF<\/td>\n<td style=\"text-align: center;\">4191 mm (165 po)<\/td>\n<td style=\"text-align: center;\">600 tr\/min<\/td>\n<td style=\"text-align: center;\">8392 kg<\/td>\n<td style=\"text-align: center;\">7903 mm\u00a0 (311 po)<\/td>\n<td style=\"text-align: center;\">4664 mm\u00a0 (183 po)<\/td>\n<td style=\"text-align: center;\">300 hp (227,3 kW)<\/td>\n<td style=\"text-align: center;\">Hydrostatique<\/td>\n<td style=\"text-align: center;\">48 km\/h<\/td>\n<td style=\"text-align: center;\">470 km\/h<\/td>\n<\/tr>\n<\/tbody>\n<\/table>\n<ul>\n<li>Avec la barre de remorquage en position de remorquage.\u00a0 La longueur varie selon le type d&rsquo;attache<\/li>\n<\/ul>\n[\/mk_table][vc_row_inner padding=\u00a0\u00bb0&Prime; el_class=\u00a0\u00bbtgray\u00a0\u00bb][vc_column_inner width=\u00a0\u00bb1\/3&Prime;][mk_image src=\u00a0\u00bbhttps:\/\/tenco.ca\/wp-content\/uploads\/2018\/10\/Ecran-de-controle-tactile.jpg\u00a0\u00bb align=\u00a0\u00bbcenter\u00a0\u00bb el_class=\u00a0\u00bbwidth100&Prime; crop=\u00a0\u00bbfalse\u00a0\u00bb][vc_column_text]<strong style=\"color: #1f1f1f!important;\">Panneau de contr\u00f4le tactile<\/strong><\/p>\n[\/vc_column_text][\/vc_column_inner][vc_column_inner width=\u00a0\u00bb1\/3&Prime;][mk_image src=\u00a0\u00bbhttp:\/\/tenco.ca\/wp-content\/uploads\/2015\/11\/SMI3.jpg\u00a0\u00bb align=\u00a0\u00bbcenter\u00a0\u00bb el_class=\u00a0\u00bbwidth100&Prime; crop=\u00a0\u00bbfalse\u00a0\u00bb][vc_column_text]<strong style=\"color: #1f1f1f!important;\">Moteur hydraulique double aux embouts de la brosse<\/strong><\/p>\n[\/vc_column_text][\/vc_column_inner][vc_column_inner width=\u00a0\u00bb1\/3&Prime;][mk_image src=\u00a0\u00bbhttp:\/\/tenco.ca\/wp-content\/uploads\/2015\/11\/SMI4.jpg\u00a0\u00bb align=\u00a0\u00bbcenter\u00a0\u00bb el_class=\u00a0\u00bbwidth100&Prime; crop=\u00a0\u00bbfalse\u00a0\u00bb][vc_column_text]<strong style=\"color: #1f1f1f!important;\">Option d\u00e9flecteur hydraulique<\/strong><\/p>\n[\/vc_column_text][\/vc_column_inner][\/vc_row_inner][\/vc_column][\/mk_page_section]\n","protected":false},"excerpt":{"rendered":"<p>Assurez l\u2019entretien de vos a\u00e9roports gr\u00e2ce \u00e0 la balayeuse de piste SMI dot\u00e9e d\u2019un syst\u00e8me enti\u00e8rement ajustable. Vous verrez les r\u00e9sultats!<\/p>\n","protected":false},"author":4,"featured_media":0,"parent":0,"menu_order":0,"comment_status":"closed","ping_status":"closed","template":"","meta":{"_acf_changed":false,"footnotes":""},"class_list":["post-1348","page","type-page","status-publish","hentry"],"acf":[],"yoast_head":"<!-- This site is optimized with the Yoast SEO plugin v27.3 - https:\/\/yoast.com\/product\/yoast-seo-wordpress\/ -->\n<title>Balayeuse de piste remorqu\u00e9e SMI Tenco | \u00c9quipements de d\u00e9neigement<\/title>\n<meta name=\"description\" content=\"Assurez l\u2019entretien de vos a\u00e9roports gr\u00e2ce \u00e0 la balayeuse de piste SMI dot\u00e9e d\u2019un syst\u00e8me enti\u00e8rement ajustable. Vous aimerez les r\u00e9sultats avec le balai de piste Tenco!\" \/>\n<meta name=\"robots\" content=\"index, follow, max-snippet:-1, max-image-preview:large, max-video-preview:-1\" \/>\n<link rel=\"canonical\" href=\"https:\/\/tenco.ca\/smi-runway-sweepers\/\" \/>\n<meta property=\"og:locale\" content=\"fr_CA\" \/>\n<meta property=\"og:type\" content=\"article\" \/>\n<meta property=\"og:title\" content=\"Balayeuse de piste remorqu\u00e9e SMI Tenco | \u00c9quipements de d\u00e9neigement\" \/>\n<meta property=\"og:description\" content=\"Assurez l\u2019entretien de vos a\u00e9roports gr\u00e2ce \u00e0 la balayeuse de piste SMI dot\u00e9e d\u2019un syst\u00e8me enti\u00e8rement ajustable. Vous aimerez les r\u00e9sultats avec le balai de piste Tenco!\" \/>\n<meta property=\"og:url\" content=\"https:\/\/tenco.ca\/smi-runway-sweepers\/\" \/>\n<meta property=\"og:site_name\" content=\"Tenco\" \/>\n<meta property=\"article:modified_time\" content=\"2023-01-12T17:57:14+00:00\" \/>\n<meta name=\"twitter:card\" content=\"summary_large_image\" \/>\n<meta name=\"twitter:label1\" content=\"Estimation du temps de lecture\" \/>\n\t<meta name=\"twitter:data1\" content=\"3 minutes\" \/>\n<script type=\"application\/ld+json\" class=\"yoast-schema-graph\">{\"@context\":\"https:\\\/\\\/schema.org\",\"@graph\":[{\"@type\":\"WebPage\",\"@id\":\"https:\\\/\\\/tenco.ca\\\/smi-runway-sweepers\\\/\",\"url\":\"https:\\\/\\\/tenco.ca\\\/smi-runway-sweepers\\\/\",\"name\":\"Balayeuse de piste remorqu\u00e9e SMI Tenco | \u00c9quipements de d\u00e9neigement\",\"isPartOf\":{\"@id\":\"https:\\\/\\\/tenco.ca\\\/ny\\\/#website\"},\"datePublished\":\"2015-11-14T13:55:25+00:00\",\"dateModified\":\"2023-01-12T17:57:14+00:00\",\"description\":\"Assurez l\u2019entretien de vos a\u00e9roports gr\u00e2ce \u00e0 la balayeuse de piste SMI dot\u00e9e d\u2019un syst\u00e8me enti\u00e8rement ajustable. Vous aimerez les r\u00e9sultats avec le balai de piste Tenco!\",\"breadcrumb\":{\"@id\":\"https:\\\/\\\/tenco.ca\\\/smi-runway-sweepers\\\/#breadcrumb\"},\"inLanguage\":\"fr-CA\",\"potentialAction\":[{\"@type\":\"ReadAction\",\"target\":[\"https:\\\/\\\/tenco.ca\\\/smi-runway-sweepers\\\/\"]}]},{\"@type\":\"BreadcrumbList\",\"@id\":\"https:\\\/\\\/tenco.ca\\\/smi-runway-sweepers\\\/#breadcrumb\",\"itemListElement\":[{\"@type\":\"ListItem\",\"position\":1,\"name\":\"Home\",\"item\":\"https:\\\/\\\/tenco.ca\\\/fr\\\/\"},{\"@type\":\"ListItem\",\"position\":2,\"name\":\"BALAYEUSES DE PISTES TENCO SMI\"}]},{\"@type\":\"WebSite\",\"@id\":\"https:\\\/\\\/tenco.ca\\\/ny\\\/#website\",\"url\":\"https:\\\/\\\/tenco.ca\\\/ny\\\/\",\"name\":\"Tenco\",\"description\":\"\",\"potentialAction\":[{\"@type\":\"SearchAction\",\"target\":{\"@type\":\"EntryPoint\",\"urlTemplate\":\"https:\\\/\\\/tenco.ca\\\/ny\\\/?s={search_term_string}\"},\"query-input\":{\"@type\":\"PropertyValueSpecification\",\"valueRequired\":true,\"valueName\":\"search_term_string\"}}],\"inLanguage\":\"fr-CA\"}]}<\/script>\n<!-- \/ Yoast SEO plugin. -->","yoast_head_json":{"title":"Balayeuse de piste remorqu\u00e9e SMI Tenco | \u00c9quipements de d\u00e9neigement","description":"Assurez l\u2019entretien de vos a\u00e9roports gr\u00e2ce \u00e0 la balayeuse de piste SMI dot\u00e9e d\u2019un syst\u00e8me enti\u00e8rement ajustable. Vous aimerez les r\u00e9sultats avec le balai de piste Tenco!","robots":{"index":"index","follow":"follow","max-snippet":"max-snippet:-1","max-image-preview":"max-image-preview:large","max-video-preview":"max-video-preview:-1"},"canonical":"https:\/\/tenco.ca\/smi-runway-sweepers\/","og_locale":"fr_CA","og_type":"article","og_title":"Balayeuse de piste remorqu\u00e9e SMI Tenco | \u00c9quipements de d\u00e9neigement","og_description":"Assurez l\u2019entretien de vos a\u00e9roports gr\u00e2ce \u00e0 la balayeuse de piste SMI dot\u00e9e d\u2019un syst\u00e8me enti\u00e8rement ajustable. Vous aimerez les r\u00e9sultats avec le balai de piste Tenco!","og_url":"https:\/\/tenco.ca\/smi-runway-sweepers\/","og_site_name":"Tenco","article_modified_time":"2023-01-12T17:57:14+00:00","twitter_card":"summary_large_image","twitter_misc":{"Estimation du temps de lecture":"3 minutes"},"schema":{"@context":"https:\/\/schema.org","@graph":[{"@type":"WebPage","@id":"https:\/\/tenco.ca\/smi-runway-sweepers\/","url":"https:\/\/tenco.ca\/smi-runway-sweepers\/","name":"Balayeuse de piste remorqu\u00e9e SMI Tenco | \u00c9quipements de d\u00e9neigement","isPartOf":{"@id":"https:\/\/tenco.ca\/ny\/#website"},"datePublished":"2015-11-14T13:55:25+00:00","dateModified":"2023-01-12T17:57:14+00:00","description":"Assurez l\u2019entretien de vos a\u00e9roports gr\u00e2ce \u00e0 la balayeuse de piste SMI dot\u00e9e d\u2019un syst\u00e8me enti\u00e8rement ajustable. Vous aimerez les r\u00e9sultats avec le balai de piste Tenco!","breadcrumb":{"@id":"https:\/\/tenco.ca\/smi-runway-sweepers\/#breadcrumb"},"inLanguage":"fr-CA","potentialAction":[{"@type":"ReadAction","target":["https:\/\/tenco.ca\/smi-runway-sweepers\/"]}]},{"@type":"BreadcrumbList","@id":"https:\/\/tenco.ca\/smi-runway-sweepers\/#breadcrumb","itemListElement":[{"@type":"ListItem","position":1,"name":"Home","item":"https:\/\/tenco.ca\/fr\/"},{"@type":"ListItem","position":2,"name":"BALAYEUSES DE PISTES TENCO SMI"}]},{"@type":"WebSite","@id":"https:\/\/tenco.ca\/ny\/#website","url":"https:\/\/tenco.ca\/ny\/","name":"Tenco","description":"","potentialAction":[{"@type":"SearchAction","target":{"@type":"EntryPoint","urlTemplate":"https:\/\/tenco.ca\/ny\/?s={search_term_string}"},"query-input":{"@type":"PropertyValueSpecification","valueRequired":true,"valueName":"search_term_string"}}],"inLanguage":"fr-CA"}]}},"_links":{"self":[{"href":"https:\/\/tenco.ca\/fr\/wp-json\/wp\/v2\/pages\/1348","targetHints":{"allow":["GET"]}}],"collection":[{"href":"https:\/\/tenco.ca\/fr\/wp-json\/wp\/v2\/pages"}],"about":[{"href":"https:\/\/tenco.ca\/fr\/wp-json\/wp\/v2\/types\/page"}],"author":[{"embeddable":true,"href":"https:\/\/tenco.ca\/fr\/wp-json\/wp\/v2\/users\/4"}],"replies":[{"embeddable":true,"href":"https:\/\/tenco.ca\/fr\/wp-json\/wp\/v2\/comments?post=1348"}],"version-history":[{"count":0,"href":"https:\/\/tenco.ca\/fr\/wp-json\/wp\/v2\/pages\/1348\/revisions"}],"wp:attachment":[{"href":"https:\/\/tenco.ca\/fr\/wp-json\/wp\/v2\/media?parent=1348"}],"curies":[{"name":"wp","href":"https:\/\/api.w.org\/{rel}","templated":true}]}}