{"id":1345,"date":"2015-09-30T22:31:54","date_gmt":"2015-09-30T22:31:54","guid":{"rendered":"http:\/\/tenco.ca\/fr\/equipement-pour-camion\/"},"modified":"2024-07-12T14:42:00","modified_gmt":"2024-07-12T14:42:00","slug":"equipement-pour-camion","status":"publish","type":"page","link":"https:\/\/tenco.ca\/fr\/equipement-pour-camion\/","title":{"rendered":"\u00c9QUIPEMENTS de D\u00c9NEIGEMENT POUR CAMIONS"},"content":{"rendered":"[mk_page_section padding_top=\u00a0\u00bb60&Prime; padding_bottom=\u00a0\u00bb50&Prime; first_page=\u00a0\u00bbfalse\u00a0\u00bb last_page=\u00a0\u00bbfalse\u00a0\u00bb sidebar=\u00a0\u00bbsidebar-1&Prime;][vc_column el_class=\u00a0\u00bbpour\u00a0\u00bb][vc_raw_html]JTNDZGl2JTIwY2xhc3MlM0QlMjJwYWNrYWdlLXJpYmJvbi13cmFwcGVyJTIyJTNFJTBBJTNDaDElMjBjbGFzcyUzRCUyMnBhY2thZ2UtdHlwZSUyMG5vcm1hbC10eXBlJTIwZ29ib29rJTIyJTNFJUMzJTg5UVVJUEVNRU5UUyUyMERFJTIwRCVDMyU4OU5FSUdFTUVOVCUyMFBPVVIlMjBDQU1JT05TJTNDJTJGaDElM0UlMEElM0NkaXYlMjBjbGFzcyUzRCUyMnBhY2thZ2UtdHlwZS1naW1taWNrJTIyJTNFJTNDJTJGZGl2JTNFJTBBJTNDJTJGZGl2JTNF[\/vc_raw_html][vc_row_inner padding=\u00a0\u00bb0&Prime;][vc_column_inner width=\u00a0\u00bb1\/3&Prime;][mk_padding_divider size=\u00a0\u00bb25&Prime;][mk_image src=\u00a0\u00bbhttp:\/\/tenco.ca\/wp-content\/uploads\/2015\/09\/pic1.jpg\u00a0\u00bb link=\u00a0\u00bb\/fr\/harnais\/\u00a0\u00bb align=\u00a0\u00bbcenter\u00a0\u00bb crop=\u00a0\u00bbfalse\u00a0\u00bb][vc_column_text align=\u00a0\u00bbcenter\u00a0\u00bb]\n<p>Arrimez vos \u00e9quipements gr\u00e2ce \u00e0 nos harnais d\u2019acier qui vous permettent de d\u00e9ployer toute la puissance de votre chasse-neige.<\/p>\n[\/vc_column_text][\/vc_column_inner][vc_column_inner width=\u00a0\u00bb1\/3&Prime;][mk_padding_divider size=\u00a0\u00bb25&Prime;][mk_image src=\u00a0\u00bbhttp:\/\/tenco.ca\/wp-content\/uploads\/2015\/09\/pic2.jpg\u00a0\u00bb link=\u00a0\u00bb\/fr\/chasse-neige-reversible\/\u00a0\u00bb align=\u00a0\u00bbcenter\u00a0\u00bb crop=\u00a0\u00bbfalse\u00a0\u00bb][vc_column_text align=\u00a0\u00bbcenter\u00a0\u00bb]\n<p>Con\u00e7us pour les conditions extr\u00eames, nos mod\u00e8les de chasse-neige r\u00e9versibles vous permettent de trancher la neige en votre faveur.<\/p>\n[\/vc_column_text][\/vc_column_inner][vc_column_inner width=\u00a0\u00bb1\/3&Prime;][mk_padding_divider size=\u00a0\u00bb25&Prime;][mk_image src=\u00a0\u00bbhttp:\/\/tenco.ca\/wp-content\/uploads\/2015\/09\/pic3.jpg\u00a0\u00bb link=\u00a0\u00bb\/fr\/chasse-neige-sens-unique\/\u00a0\u00bb align=\u00a0\u00bbcenter\u00a0\u00bb crop=\u00a0\u00bbfalse\u00a0\u00bb][vc_column_text align=\u00a0\u00bbcenter\u00a0\u00bb]\n<p>Dispersez la neige avec pr\u00e9cision gr\u00e2ce \u00e0 l\u2019ing\u00e9nierie unique de nos diff\u00e9rents mod\u00e8les de chasse-neige.<\/p>\n[\/vc_column_text][\/vc_column_inner][\/vc_row_inner][vc_row_inner padding=\u00a0\u00bb0&Prime;][vc_column_inner width=\u00a0\u00bb1\/3&Prime;][mk_image src=\u00a0\u00bbhttp:\/\/tenco.ca\/wp-content\/uploads\/2015\/09\/AILES-DE_01fr-1.jpg\u00a0\u00bb link=\u00a0\u00bb\/fr\/ailes-de-cotes\/\u00a0\u00bb align=\u00a0\u00bbcenter\u00a0\u00bb crop=\u00a0\u00bbfalse\u00a0\u00bb][vc_column_text align=\u00a0\u00bbcenter\u00a0\u00bb]\n<p>Donnez la pouss\u00e9e n\u00e9cessaire pour repousser l\u2019hiver gr\u00e2ce \u00e0 nos diff\u00e9rentes ailes d\u2019acier.<\/p>\n[\/vc_column_text][\/vc_column_inner][vc_column_inner width=\u00a0\u00bb1\/3&Prime;][mk_image src=\u00a0\u00bbhttps:\/\/tenco.ca\/wp-content\/uploads\/2021\/05\/Systemes-daile-geante-WWS-2.png\u00a0\u00bb link=\u00a0\u00bbhttps:\/\/tenco.ca\/fr\/systeme-daile-geante-wws\/\u00a0\u00bb align=\u00a0\u00bbcenter\u00a0\u00bb crop=\u00a0\u00bbfalse\u00a0\u00bb][vc_column_text align=\u00a0\u00bbcenter\u00a0\u00bb]D\u00e9blayez la neige et la glace de voies multiples simultan\u00e9ment en un seul passage.\u00a0 Id\u00e9al pour les autoroutes et les voies rapides.[\/vc_column_text][\/vc_column_inner][vc_column_inner width=\u00a0\u00bb1\/3&Prime;][mk_image src=\u00a0\u00bbhttp:\/\/tenco.ca\/wp-content\/uploads\/2015\/09\/img5.jpg\u00a0\u00bb link=\u00a0\u00bb\/fr\/gratte-sous-chassis\/\u00a0\u00bb align=\u00a0\u00bbcenter\u00a0\u00bb crop=\u00a0\u00bbfalse\u00a0\u00bb][vc_column_text align=\u00a0\u00bbcenter\u00a0\u00bb]\n<p>Finalisez vos travaux de d\u00e9neigement en vous appuyant sur la m\u00e9canique de pointe de nos grattes sous ch\u00e2ssis.<\/p>\n[\/vc_column_text][\/vc_column_inner][\/vc_row_inner][vc_row_inner padding=\u00a0\u00bb0&Prime;][vc_column_inner width=\u00a0\u00bb1\/3&Prime;][mk_image src=\u00a0\u00bbhttp:\/\/tenco.ca\/wp-content\/uploads\/2015\/09\/img6.jpg\u00a0\u00bb link=\u00a0\u00bb\/fr\/gratte-arriere\/\u00a0\u00bb align=\u00a0\u00bbcenter\u00a0\u00bb crop=\u00a0\u00bbfalse\u00a0\u00bb][vc_column_text align=\u00a0\u00bbcenter\u00a0\u00bb]\n<p>Fabriqu\u00e9e de fa\u00e7on solide, la gratte arri\u00e8re vous garantit un d\u00e9blayage sans compromis.<\/p>\n[\/vc_column_text][\/vc_column_inner][vc_column_inner width=\u00a0\u00bb1\/3&Prime;][mk_image src=\u00a0\u00bbhttp:\/\/tenco.ca\/wp-content\/uploads\/2015\/09\/BENNE_ePANDEUR-12M_fr.jpg\u00a0\u00bb link=\u00a0\u00bb\/fr\/12m-dump\/\u00a0\u00bb align=\u00a0\u00bbcenter\u00a0\u00bb crop=\u00a0\u00bbfalse\u00a0\u00bb][vc_column_text align=\u00a0\u00bbcenter\u00a0\u00bb]La forme rectangulaire et sans restriction de la benne\/\u00e9pandeur 12M permet une capacit\u00e9 maximale de chargement, que se soit en utilisation benne basculante ou \u00e9pandeur.[\/vc_column_text][\/vc_column_inner][vc_column_inner width=\u00a0\u00bb1\/3&Prime;][mk_image src=\u00a0\u00bbhttp:\/\/tenco.ca\/wp-content\/uploads\/2015\/09\/U-combo_01fr-1.jpg\u00a0\u00bb link=\u00a0\u00bb\/fr\/benne-depandage-combinee-u-combo\/\u00a0\u00bb align=\u00a0\u00bbcenter\u00a0\u00bb crop=\u00a0\u00bbfalse\u00a0\u00bb][vc_column_text align=\u00a0\u00bbcenter\u00a0\u00bb]La U-Combo offre toutes les fonctions d&rsquo;une benne basculante et celle d&rsquo;un \u00e9pandeur. Elle permet d&rsquo;\u00e9pandre l&rsquo;abrafis sur les deux c\u00f4t\u00e9s du camion ainsi qu&rsquo;\u00e0 l&rsquo;arri\u00e8re[\/vc_column_text][\/vc_column_inner][\/vc_row_inner][vc_row_inner padding=\u00a0\u00bb0&Prime;][vc_column_inner width=\u00a0\u00bb1\/3&Prime;][mk_image src=\u00a0\u00bbhttp:\/\/tenco.ca\/wp-content\/uploads\/2015\/09\/img10.jpg\u00a0\u00bb link=\u00a0\u00bb\/fr\/serie-dequipements-husky\/\u00a0\u00bb align=\u00a0\u00bbcenter\u00a0\u00bb crop=\u00a0\u00bbfalse\u00a0\u00bb][vc_column_text align=\u00a0\u00bbcenter\u00a0\u00bb]En combinant la fiabilit\u00e9 de nos produits avec une technologie de r\u00e9duction de poids, nous avons cr\u00e9\u00e9 l\u2019\u00e9quipement parfait pour permettre aux camions l\u00e9gers d\u2019effectuer les travaux les plus difficiles.[\/vc_column_text][\/vc_column_inner][\/vc_row_inner][vc_row_inner padding=\u00a0\u00bb0&Prime;][vc_column_inner width=\u00a0\u00bb1\/2&Prime;][mk_image src=\u00a0\u00bbhttps:\/\/tenco.ca\/wp-content\/uploads\/2020\/10\/Brochure-g\u00e9n\u00e9rale-Tenco-09-2020-FR-cover-300&#215;233.jpg\u00a0\u00bb image_size=\u00a0\u00bbfull\u00a0\u00bb link=\u00a0\u00bbhttps:\/\/tenco.ca\/wp-content\/uploads\/2022\/01\/Brochure-generale-Tenco-09-2020-FR-basse-res-REV1.pdf\u00a0\u00bb align=\u00a0\u00bbcenter\u00a0\u00bb margin_bottom=\u00a0\u00bb-50&Prime; crop=\u00a0\u00bbfalse\u00a0\u00bb][\/vc_column_inner][vc_column_inner width=\u00a0\u00bb1\/2&Prime;][mk_padding_divider size=\u00a0\u00bb120&Prime;][vc_raw_html]JTNDZGl2JTIwY2xhc3MlM0QlMjJwb3VydHh0JTIyJTNFVCVDMyVBOWwlQzMlQTljaGFyZ2V6JTIwbGElMjBicm9jaHVyZSUyMGNvbXBsJUMzJUE4dGUlMjBkZXMlMjBwcm9kdWl0cyUyMGRlJTIwZCVDMyVBOW5laWdlbWVudCUyMGV0JTIwZCVDMyVBOWdsYSVDMyVBN2FnZSUyMFRlbmNvJTIwcG91ciUyMGRlJTIwcGx1cyUyMGFtcGxlcyUyMHJlbnNlaWduZW1lbnRzLiUzQyUyRmRpdiUzRQ==[\/vc_raw_html][mk_button dimension=\u00a0\u00bbflat\u00a0\u00bb size=\u00a0\u00bblarge\u00a0\u00bb url=\u00a0\u00bbhttps:\/\/tenco.ca\/wp-content\/uploads\/2022\/01\/Brochure-generale-Tenco-09-2020-FR-basse-res-REV1.pdf\u00a0\u00bb target=\u00a0\u00bb_blank\u00a0\u00bb bg_color=\u00a0\u00bb#f58020&Prime; btn_hover_bg=\u00a0\u00bb#f47207&Prime;]T\u00c9L\u00c9CHARGER LA BROCHURE (PDF)<\/p>\n[\/mk_button][\/vc_column_inner][\/vc_row_inner][\/vc_column][\/mk_page_section]\n","protected":false},"excerpt":{"rendered":"<p>Dotez votre camion d\u2019un \u00e9quipement de d\u00e9neigement ou de d\u00e9gla\u00e7age fiable et durable fabriqu\u00e9 par Tenco<\/p>\n","protected":false},"author":4,"featured_media":0,"parent":0,"menu_order":0,"comment_status":"closed","ping_status":"closed","template":"","meta":{"_acf_changed":false,"footnotes":""},"class_list":["post-1345","page","type-page","status-publish","hentry"],"acf":[],"yoast_head":"<!-- This site is optimized with the Yoast SEO plugin v27.4 - https:\/\/yoast.com\/product\/yoast-seo-wordpress\/ -->\n<title>\u00c9quipement de d\u00e9neigement pour camions | Tenco<\/title>\n<meta name=\"description\" content=\"Dotez votre camion d\u2019un \u00e9quipement de d\u00e9neigement ou de d\u00e9gla\u00e7age fiable et durable fabriqu\u00e9 par Tenco. Une grande s\u00e9lection d&#039;\u00e9pandeurs, bennes, chasse-neiges, grattes, ailes de c\u00f4t\u00e9,\" \/>\n<meta name=\"robots\" content=\"index, follow, max-snippet:-1, max-image-preview:large, max-video-preview:-1\" \/>\n<link rel=\"canonical\" href=\"https:\/\/tenco.ca\/truck-equipment\/\" \/>\n<meta property=\"og:locale\" content=\"fr_CA\" \/>\n<meta property=\"og:type\" content=\"article\" \/>\n<meta property=\"og:title\" content=\"\u00c9quipement de d\u00e9neigement pour camions | Tenco\" \/>\n<meta property=\"og:description\" content=\"Dotez votre camion d\u2019un \u00e9quipement de d\u00e9neigement ou de d\u00e9gla\u00e7age fiable et durable fabriqu\u00e9 par Tenco. Une grande s\u00e9lection d&#039;\u00e9pandeurs, bennes, chasse-neiges, grattes, ailes de c\u00f4t\u00e9,\" \/>\n<meta property=\"og:url\" content=\"https:\/\/tenco.ca\/truck-equipment\/\" \/>\n<meta property=\"og:site_name\" content=\"Tenco\" \/>\n<meta property=\"article:modified_time\" content=\"2024-07-12T14:42:00+00:00\" \/>\n<meta name=\"twitter:card\" content=\"summary_large_image\" \/>\n<meta name=\"twitter:label1\" content=\"Estimation du temps de lecture\" \/>\n\t<meta name=\"twitter:data1\" content=\"2 minutes\" \/>\n<script type=\"application\/ld+json\" class=\"yoast-schema-graph\">{\"@context\":\"https:\\\/\\\/schema.org\",\"@graph\":[{\"@type\":\"WebPage\",\"@id\":\"https:\\\/\\\/tenco.ca\\\/truck-equipment\\\/\",\"url\":\"https:\\\/\\\/tenco.ca\\\/truck-equipment\\\/\",\"name\":\"\u00c9quipement de d\u00e9neigement pour camions | Tenco\",\"isPartOf\":{\"@id\":\"https:\\\/\\\/tenco.ca\\\/ny\\\/#website\"},\"datePublished\":\"2015-09-30T22:31:54+00:00\",\"dateModified\":\"2024-07-12T14:42:00+00:00\",\"description\":\"Dotez votre camion d\u2019un \u00e9quipement de d\u00e9neigement ou de d\u00e9gla\u00e7age fiable et durable fabriqu\u00e9 par Tenco. Une grande s\u00e9lection d'\u00e9pandeurs, bennes, chasse-neiges, grattes, ailes de c\u00f4t\u00e9,\",\"breadcrumb\":{\"@id\":\"https:\\\/\\\/tenco.ca\\\/truck-equipment\\\/#breadcrumb\"},\"inLanguage\":\"fr-CA\",\"potentialAction\":[{\"@type\":\"ReadAction\",\"target\":[\"https:\\\/\\\/tenco.ca\\\/truck-equipment\\\/\"]}]},{\"@type\":\"BreadcrumbList\",\"@id\":\"https:\\\/\\\/tenco.ca\\\/truck-equipment\\\/#breadcrumb\",\"itemListElement\":[{\"@type\":\"ListItem\",\"position\":1,\"name\":\"Home\",\"item\":\"https:\\\/\\\/tenco.ca\\\/fr\\\/\"},{\"@type\":\"ListItem\",\"position\":2,\"name\":\"\u00c9QUIPEMENTS de D\u00c9NEIGEMENT POUR CAMIONS\"}]},{\"@type\":\"WebSite\",\"@id\":\"https:\\\/\\\/tenco.ca\\\/ny\\\/#website\",\"url\":\"https:\\\/\\\/tenco.ca\\\/ny\\\/\",\"name\":\"Tenco\",\"description\":\"\",\"potentialAction\":[{\"@type\":\"SearchAction\",\"target\":{\"@type\":\"EntryPoint\",\"urlTemplate\":\"https:\\\/\\\/tenco.ca\\\/ny\\\/?s={search_term_string}\"},\"query-input\":{\"@type\":\"PropertyValueSpecification\",\"valueRequired\":true,\"valueName\":\"search_term_string\"}}],\"inLanguage\":\"fr-CA\"}]}<\/script>\n<!-- \/ Yoast SEO plugin. -->","yoast_head_json":{"title":"\u00c9quipement de d\u00e9neigement pour camions | Tenco","description":"Dotez votre camion d\u2019un \u00e9quipement de d\u00e9neigement ou de d\u00e9gla\u00e7age fiable et durable fabriqu\u00e9 par Tenco. Une grande s\u00e9lection d'\u00e9pandeurs, bennes, chasse-neiges, grattes, ailes de c\u00f4t\u00e9,","robots":{"index":"index","follow":"follow","max-snippet":"max-snippet:-1","max-image-preview":"max-image-preview:large","max-video-preview":"max-video-preview:-1"},"canonical":"https:\/\/tenco.ca\/truck-equipment\/","og_locale":"fr_CA","og_type":"article","og_title":"\u00c9quipement de d\u00e9neigement pour camions | Tenco","og_description":"Dotez votre camion d\u2019un \u00e9quipement de d\u00e9neigement ou de d\u00e9gla\u00e7age fiable et durable fabriqu\u00e9 par Tenco. Une grande s\u00e9lection d'\u00e9pandeurs, bennes, chasse-neiges, grattes, ailes de c\u00f4t\u00e9,","og_url":"https:\/\/tenco.ca\/truck-equipment\/","og_site_name":"Tenco","article_modified_time":"2024-07-12T14:42:00+00:00","twitter_card":"summary_large_image","twitter_misc":{"Estimation du temps de lecture":"2 minutes"},"schema":{"@context":"https:\/\/schema.org","@graph":[{"@type":"WebPage","@id":"https:\/\/tenco.ca\/truck-equipment\/","url":"https:\/\/tenco.ca\/truck-equipment\/","name":"\u00c9quipement de d\u00e9neigement pour camions | Tenco","isPartOf":{"@id":"https:\/\/tenco.ca\/ny\/#website"},"datePublished":"2015-09-30T22:31:54+00:00","dateModified":"2024-07-12T14:42:00+00:00","description":"Dotez votre camion d\u2019un \u00e9quipement de d\u00e9neigement ou de d\u00e9gla\u00e7age fiable et durable fabriqu\u00e9 par Tenco. Une grande s\u00e9lection d'\u00e9pandeurs, bennes, chasse-neiges, grattes, ailes de c\u00f4t\u00e9,","breadcrumb":{"@id":"https:\/\/tenco.ca\/truck-equipment\/#breadcrumb"},"inLanguage":"fr-CA","potentialAction":[{"@type":"ReadAction","target":["https:\/\/tenco.ca\/truck-equipment\/"]}]},{"@type":"BreadcrumbList","@id":"https:\/\/tenco.ca\/truck-equipment\/#breadcrumb","itemListElement":[{"@type":"ListItem","position":1,"name":"Home","item":"https:\/\/tenco.ca\/fr\/"},{"@type":"ListItem","position":2,"name":"\u00c9QUIPEMENTS de D\u00c9NEIGEMENT POUR CAMIONS"}]},{"@type":"WebSite","@id":"https:\/\/tenco.ca\/ny\/#website","url":"https:\/\/tenco.ca\/ny\/","name":"Tenco","description":"","potentialAction":[{"@type":"SearchAction","target":{"@type":"EntryPoint","urlTemplate":"https:\/\/tenco.ca\/ny\/?s={search_term_string}"},"query-input":{"@type":"PropertyValueSpecification","valueRequired":true,"valueName":"search_term_string"}}],"inLanguage":"fr-CA"}]}},"_links":{"self":[{"href":"https:\/\/tenco.ca\/fr\/wp-json\/wp\/v2\/pages\/1345","targetHints":{"allow":["GET"]}}],"collection":[{"href":"https:\/\/tenco.ca\/fr\/wp-json\/wp\/v2\/pages"}],"about":[{"href":"https:\/\/tenco.ca\/fr\/wp-json\/wp\/v2\/types\/page"}],"author":[{"embeddable":true,"href":"https:\/\/tenco.ca\/fr\/wp-json\/wp\/v2\/users\/4"}],"replies":[{"embeddable":true,"href":"https:\/\/tenco.ca\/fr\/wp-json\/wp\/v2\/comments?post=1345"}],"version-history":[{"count":0,"href":"https:\/\/tenco.ca\/fr\/wp-json\/wp\/v2\/pages\/1345\/revisions"}],"wp:attachment":[{"href":"https:\/\/tenco.ca\/fr\/wp-json\/wp\/v2\/media?parent=1345"}],"curies":[{"name":"wp","href":"https:\/\/api.w.org\/{rel}","templated":true}]}}