{"id":1344,"date":"2015-09-30T22:53:37","date_gmt":"2015-09-30T22:53:37","guid":{"rendered":"http:\/\/tenco.ca\/fr\/produits\/"},"modified":"2024-03-21T17:14:40","modified_gmt":"2024-03-21T17:14:40","slug":"produits","status":"publish","type":"page","link":"https:\/\/tenco.ca\/fr\/produits\/","title":{"rendered":"PRODUITS"},"content":{"rendered":"[mk_page_section padding_top=\u00a0\u00bb60&Prime; padding_bottom=\u00a0\u00bb50&Prime; predefined_bg=\u00a0\u00bb\u00a0\u00bb first_page=\u00a0\u00bbfalse\u00a0\u00bb last_page=\u00a0\u00bbfalse\u00a0\u00bb sidebar=\u00a0\u00bbsidebar-1&Prime;][vc_column el_class=\u00a0\u00bbpour\u00a0\u00bb][vc_raw_html]JTNDZGl2JTIwY2xhc3MlM0QlMjJwYWNrYWdlLXJpYmJvbi13cmFwcGVyJTIyJTNFJTBBJTNDaDElMjBjbGFzcyUzRCUyMnBhY2thZ2UtdHlwZSUyMG5vcm1hbC10eXBlJTIwZ29ib29rJTIyJTNFUFJPRFVJVFMlM0MlMkZoMSUzRSUwQSUzQ2RpdiUyMGNsYXNzJTNEJTIycGFja2FnZS10eXBlLWdpbW1pY2slMjIlM0UlM0MlMkZkaXYlM0UlMEElM0MlMkZkaXYlM0U=[\/vc_raw_html][vc_row_inner padding=\u00a0\u00bb0&Prime;][vc_column_inner width=\u00a0\u00bb1\/3&Prime;][mk_padding_divider size=\u00a0\u00bb25&Prime;][mk_image src=\u00a0\u00bbhttps:\/\/tenco.ca\/wp-content\/uploads\/2015\/09\/E\u0301QUIPEMENTS-POUR-CAMION.jpg\u00a0\u00bb link=\u00a0\u00bb\/fr\/equipement-pour-camion\/\u00a0\u00bb align=\u00a0\u00bbcenter\u00a0\u00bb crop=\u00a0\u00bbfalse\u00a0\u00bb][vc_column_text align=\u00a0\u00bbcenter\u00a0\u00bb]<span class=\"author-kQIUmYTG5xuc\">Repoussez l\u2019hiver avec force avec les produits de d\u00e9neigement et de d\u00e9gla\u00e7age con\u00e7us et fabriqu\u00e9s par Tenco.<\/span>[\/vc_column_text][\/vc_column_inner][vc_column_inner width=\u00a0\u00bb1\/3&Prime;][mk_padding_divider size=\u00a0\u00bb25&Prime;][mk_image src=\u00a0\u00bbhttp:\/\/tenco.ca\/wp-content\/uploads\/2015\/09\/Souffleuses-pour-chargeur.jpg\u00a0\u00bb link=\u00a0\u00bb\/fr\/souffleuse-pour-chargeur\/\u00a0\u00bb align=\u00a0\u00bbcenter\u00a0\u00bb crop=\u00a0\u00bbfalse\u00a0\u00bb][vc_column_text align=\u00a0\u00bbcenter\u00a0\u00bb]<span class=\"author-kQIUmYTG5xuc\">Combattez les temp\u00eates d\u2019hiver \u00e0 l\u2019aide de nos mod\u00e8les de souffleuse pour chargeur.\u00a0<\/span>[\/vc_column_text][\/vc_column_inner][vc_column_inner width=\u00a0\u00bb1\/3&Prime;][mk_padding_divider size=\u00a0\u00bb25&Prime;][mk_image src=\u00a0\u00bbhttps:\/\/tenco.ca\/wp-content\/uploads\/2015\/09\/E\u0301QUIPEMENTS-D\u2019AE\u0301ROPORT.jpg\u00a0\u00bb link=\u00a0\u00bb\/fr\/equipement-daeroport\/\u00a0\u00bb align=\u00a0\u00bbcenter\u00a0\u00bb crop=\u00a0\u00bbfalse\u00a0\u00bb][vc_column_text align=\u00a0\u00bbcenter\u00a0\u00bb]<span class=\"author-kQIUmYTG5xuc\">Balayez, grattez et nettoyez vos pistes d&rsquo;a\u00e9roport gr\u00e2ce \u00e0 la puissance et \u00e0 la pr\u00e9cision des \u00e9quipements de Tenco.<\/span>[\/vc_column_text][\/vc_column_inner][\/vc_row_inner][vc_row_inner el_class=\u00a0\u00bbproductmain\u00a0\u00bb css=\u00a0\u00bb.vc_custom_1478103019810{padding-top: 0px !important;padding-right: 0px !important;padding-bottom: 0px !important;padding-left: 0px !important;}\u00a0\u00bb][vc_column_inner width=\u00a0\u00bb1\/3&Prime;][mk_padding_divider size=\u00a0\u00bb25&Prime;][mk_image src=\u00a0\u00bbhttps:\/\/tenco.ca\/wp-content\/uploads\/2024\/03\/cle-en-main.jpg\u00a0\u00bb link=\u00a0\u00bbhttps:\/\/tenco.ca\/fr\/camions-cle-en-main\/\u00a0\u00bb align=\u00a0\u00bbcenter\u00a0\u00bb crop=\u00a0\u00bbfalse\u00a0\u00bb][vc_column_text align=\u00a0\u00bbcenter\u00a0\u00bb]<span class=\"author-kQIUmYTG5xuc\">D\u00e9couvrez notre gamme de camions d\u00e9neigement cl\u00e9 en main optimis\u00e9s.<\/span>[\/vc_column_text][\/vc_column_inner][vc_column_inner width=\u00a0\u00bb1\/3&Prime;][\/vc_column_inner][vc_column_inner width=\u00a0\u00bb1\/3&Prime;]\n[\/vc_column_inner][\/vc_row_inner][\/vc_column][\/mk_page_section]\n","protected":false},"excerpt":{"rendered":"<p>Tenco fabrique, r\u00e9pare et distribue des produits de d\u00e9neigement et de d\u00e9gla\u00e7age pour le Qu\u00e9bec, les \u00c9tats-Unis et l\u2019Asie. <\/p>\n","protected":false},"author":4,"featured_media":0,"parent":0,"menu_order":0,"comment_status":"closed","ping_status":"closed","template":"","meta":{"_acf_changed":false,"footnotes":""},"class_list":["post-1344","page","type-page","status-publish","hentry"],"acf":[],"yoast_head":"<!-- This site is optimized with the Yoast SEO plugin v27.5 - https:\/\/yoast.com\/product\/yoast-seo-wordpress\/ -->\n<title>Produits de d\u00e9neigenement fabriqu\u00e9s et distribu\u00e9s par Tenco.<\/title>\n<meta name=\"description\" content=\"Tenco fabrique, r\u00e9pare et distribue des produits de d\u00e9neigement et de d\u00e9gla\u00e7age pour le Qu\u00e9bec, les \u00c9tats-Unis et l\u2019Asie.\u00a0\" \/>\n<meta name=\"robots\" content=\"index, follow, max-snippet:-1, max-image-preview:large, max-video-preview:-1\" \/>\n<link rel=\"canonical\" href=\"https:\/\/tenco.ca\/fr\/produits\/\" \/>\n<meta property=\"og:locale\" content=\"fr_CA\" \/>\n<meta property=\"og:type\" content=\"article\" \/>\n<meta property=\"og:title\" content=\"Produits de d\u00e9neigenement fabriqu\u00e9s et distribu\u00e9s par Tenco.\" \/>\n<meta property=\"og:description\" content=\"Tenco fabrique, r\u00e9pare et distribue des produits de d\u00e9neigement et de d\u00e9gla\u00e7age pour le Qu\u00e9bec, les \u00c9tats-Unis et l\u2019Asie.\u00a0\" \/>\n<meta property=\"og:url\" content=\"https:\/\/tenco.ca\/fr\/produits\/\" \/>\n<meta property=\"og:site_name\" content=\"Tenco\" \/>\n<meta property=\"article:modified_time\" content=\"2024-03-21T17:14:40+00:00\" \/>\n<meta name=\"twitter:card\" content=\"summary_large_image\" \/>\n<meta name=\"twitter:label1\" content=\"Estimation du temps de lecture\" \/>\n\t<meta name=\"twitter:data1\" content=\"1 minute\" \/>\n<script type=\"application\/ld+json\" class=\"yoast-schema-graph\">{\"@context\":\"https:\\\/\\\/schema.org\",\"@graph\":[{\"@type\":\"WebPage\",\"@id\":\"https:\\\/\\\/tenco.ca\\\/fr\\\/produits\\\/\",\"url\":\"https:\\\/\\\/tenco.ca\\\/fr\\\/produits\\\/\",\"name\":\"Produits de d\u00e9neigenement fabriqu\u00e9s et distribu\u00e9s par Tenco.\",\"isPartOf\":{\"@id\":\"https:\\\/\\\/tenco.ca\\\/ny\\\/#website\"},\"datePublished\":\"2015-09-30T22:53:37+00:00\",\"dateModified\":\"2024-03-21T17:14:40+00:00\",\"description\":\"Tenco fabrique, r\u00e9pare et distribue des produits de d\u00e9neigement et de d\u00e9gla\u00e7age pour le Qu\u00e9bec, les \u00c9tats-Unis et l\u2019Asie.\u00a0\",\"breadcrumb\":{\"@id\":\"https:\\\/\\\/tenco.ca\\\/fr\\\/produits\\\/#breadcrumb\"},\"inLanguage\":\"fr-CA\",\"potentialAction\":[{\"@type\":\"ReadAction\",\"target\":[\"https:\\\/\\\/tenco.ca\\\/fr\\\/produits\\\/\"]}]},{\"@type\":\"BreadcrumbList\",\"@id\":\"https:\\\/\\\/tenco.ca\\\/fr\\\/produits\\\/#breadcrumb\",\"itemListElement\":[{\"@type\":\"ListItem\",\"position\":1,\"name\":\"Home\",\"item\":\"https:\\\/\\\/tenco.ca\\\/fr\\\/\"},{\"@type\":\"ListItem\",\"position\":2,\"name\":\"PRODUITS\"}]},{\"@type\":\"WebSite\",\"@id\":\"https:\\\/\\\/tenco.ca\\\/ny\\\/#website\",\"url\":\"https:\\\/\\\/tenco.ca\\\/ny\\\/\",\"name\":\"Tenco\",\"description\":\"\",\"potentialAction\":[{\"@type\":\"SearchAction\",\"target\":{\"@type\":\"EntryPoint\",\"urlTemplate\":\"https:\\\/\\\/tenco.ca\\\/ny\\\/?s={search_term_string}\"},\"query-input\":{\"@type\":\"PropertyValueSpecification\",\"valueRequired\":true,\"valueName\":\"search_term_string\"}}],\"inLanguage\":\"fr-CA\"}]}<\/script>\n<!-- \/ Yoast SEO plugin. -->","yoast_head_json":{"title":"Produits de d\u00e9neigenement fabriqu\u00e9s et distribu\u00e9s par Tenco.","description":"Tenco fabrique, r\u00e9pare et distribue des produits de d\u00e9neigement et de d\u00e9gla\u00e7age pour le Qu\u00e9bec, les \u00c9tats-Unis et l\u2019Asie.\u00a0","robots":{"index":"index","follow":"follow","max-snippet":"max-snippet:-1","max-image-preview":"max-image-preview:large","max-video-preview":"max-video-preview:-1"},"canonical":"https:\/\/tenco.ca\/fr\/produits\/","og_locale":"fr_CA","og_type":"article","og_title":"Produits de d\u00e9neigenement fabriqu\u00e9s et distribu\u00e9s par Tenco.","og_description":"Tenco fabrique, r\u00e9pare et distribue des produits de d\u00e9neigement et de d\u00e9gla\u00e7age pour le Qu\u00e9bec, les \u00c9tats-Unis et l\u2019Asie.\u00a0","og_url":"https:\/\/tenco.ca\/fr\/produits\/","og_site_name":"Tenco","article_modified_time":"2024-03-21T17:14:40+00:00","twitter_card":"summary_large_image","twitter_misc":{"Estimation du temps de lecture":"1 minute"},"schema":{"@context":"https:\/\/schema.org","@graph":[{"@type":"WebPage","@id":"https:\/\/tenco.ca\/fr\/produits\/","url":"https:\/\/tenco.ca\/fr\/produits\/","name":"Produits de d\u00e9neigenement fabriqu\u00e9s et distribu\u00e9s par Tenco.","isPartOf":{"@id":"https:\/\/tenco.ca\/ny\/#website"},"datePublished":"2015-09-30T22:53:37+00:00","dateModified":"2024-03-21T17:14:40+00:00","description":"Tenco fabrique, r\u00e9pare et distribue des produits de d\u00e9neigement et de d\u00e9gla\u00e7age pour le Qu\u00e9bec, les \u00c9tats-Unis et l\u2019Asie.\u00a0","breadcrumb":{"@id":"https:\/\/tenco.ca\/fr\/produits\/#breadcrumb"},"inLanguage":"fr-CA","potentialAction":[{"@type":"ReadAction","target":["https:\/\/tenco.ca\/fr\/produits\/"]}]},{"@type":"BreadcrumbList","@id":"https:\/\/tenco.ca\/fr\/produits\/#breadcrumb","itemListElement":[{"@type":"ListItem","position":1,"name":"Home","item":"https:\/\/tenco.ca\/fr\/"},{"@type":"ListItem","position":2,"name":"PRODUITS"}]},{"@type":"WebSite","@id":"https:\/\/tenco.ca\/ny\/#website","url":"https:\/\/tenco.ca\/ny\/","name":"Tenco","description":"","potentialAction":[{"@type":"SearchAction","target":{"@type":"EntryPoint","urlTemplate":"https:\/\/tenco.ca\/ny\/?s={search_term_string}"},"query-input":{"@type":"PropertyValueSpecification","valueRequired":true,"valueName":"search_term_string"}}],"inLanguage":"fr-CA"}]}},"_links":{"self":[{"href":"https:\/\/tenco.ca\/fr\/wp-json\/wp\/v2\/pages\/1344","targetHints":{"allow":["GET"]}}],"collection":[{"href":"https:\/\/tenco.ca\/fr\/wp-json\/wp\/v2\/pages"}],"about":[{"href":"https:\/\/tenco.ca\/fr\/wp-json\/wp\/v2\/types\/page"}],"author":[{"embeddable":true,"href":"https:\/\/tenco.ca\/fr\/wp-json\/wp\/v2\/users\/4"}],"replies":[{"embeddable":true,"href":"https:\/\/tenco.ca\/fr\/wp-json\/wp\/v2\/comments?post=1344"}],"version-history":[{"count":0,"href":"https:\/\/tenco.ca\/fr\/wp-json\/wp\/v2\/pages\/1344\/revisions"}],"wp:attachment":[{"href":"https:\/\/tenco.ca\/fr\/wp-json\/wp\/v2\/media?parent=1344"}],"curies":[{"name":"wp","href":"https:\/\/api.w.org\/{rel}","templated":true}]}}