{"id":1343,"date":"2015-09-22T17:14:01","date_gmt":"2015-09-22T17:14:01","guid":{"rendered":"http:\/\/tenco.ca\/fr\/services\/"},"modified":"2025-12-19T18:50:52","modified_gmt":"2025-12-19T18:50:52","slug":"services","status":"publish","type":"page","link":"https:\/\/tenco.ca\/fr\/services\/","title":{"rendered":"Services"},"content":{"rendered":"[mk_page_section padding_top=\u00a0\u00bb120&Prime; first_page=\u00a0\u00bbfalse\u00a0\u00bb last_page=\u00a0\u00bbfalse\u00a0\u00bb sidebar=\u00a0\u00bbsidebar-1&Prime;][vc_column el_class=\u00a0\u00bbbbkbg\u00a0\u00bb][mk_fancy_title tag_name=\u00a0\u00bbh1&Prime; color=\u00a0\u00bb#ffffff\u00a0\u00bb size=\u00a0\u00bb36&Prime; font_style=\u00a0\u00bbitalic\u00a0\u00bb margin_bottom=\u00a0\u00bb0&Prime; font_family=\u00a0\u00bbnone\u00a0\u00bb align=\u00a0\u00bbcenter\u00a0\u00bb el_class=\u00a0\u00bbgobold\u00a0\u00bb]PI\u00c8CES ET SERVICE[\/mk_fancy_title][vc_column_text disable_pattern=\u00a0\u00bbfalse\u00a0\u00bb align=\u00a0\u00bbcenter\u00a0\u00bb el_class=\u00a0\u00bbpp1&Prime;]Au d\u00e9partement des pi\u00e8ces et service de Tenco, nous avons d\u00e9j\u00e0 vu neiger! C\u2019est pourquoi nous pouvons r\u00e9pondre \u00e0 chacune de vos questions. Achat de pi\u00e8ces, acc\u00e8s \u00e0 notre inventaire, besoin d\u2019un service concernant votre \u00e9quipement de d\u00e9neigement ou de d\u00e9gla\u00e7age : nous sommes conscients de vos contraintes et voulons vous aider \u00e0 y faire face.[\/vc_column_text][vc_column_text disable_pattern=\u00a0\u00bbfalse\u00a0\u00bb align=\u00a0\u00bbcenter\u00a0\u00bb el_class=\u00a0\u00bbpp2&Prime;]Et avec un r\u00e9seau nord-am\u00e9ricain des plus efficaces, nous sommes en mesure d\u2019intervenir localement, de fa\u00e7on rapide et pr\u00e9cise.<\/p>\n[\/vc_column_text][\/vc_column][\/mk_page_section][mk_page_section padding_top=\u00a0\u00bb60&Prime; first_page=\u00a0\u00bbfalse\u00a0\u00bb last_page=\u00a0\u00bbfalse\u00a0\u00bb sidebar=\u00a0\u00bbsidebar-1&Prime;][vc_column][vc_row_inner padding=\u00a0\u00bb0&Prime; el_class=\u00a0\u00bbbgwhite padd50&Prime;][vc_column_inner width=\u00a0\u00bb1\/3&Prime;][mk_image src=\u00a0\u00bbhttp:\/\/tenco.ca\/wp-content\/uploads\/2015\/09\/icc1-mod.png\u00a0\u00bb align=\u00a0\u00bbcenter\u00a0\u00bb crop=\u00a0\u00bbfalse\u00a0\u00bb][mk_fancy_title color=\u00a0\u00bb#221f1f\u00a0\u00bb size=\u00a0\u00bb20&Prime; font_weight=\u00a0\u00bbbold\u00a0\u00bb font_style=\u00a0\u00bbinhert\u00a0\u00bb txt_transform=\u00a0\u00bbnone\u00a0\u00bb margin_bottom=\u00a0\u00bb18&Prime; font_family=\u00a0\u00bbnone\u00a0\u00bb align=\u00a0\u00bbcenter\u00a0\u00bb]Fabrication<\/p>\n[\/mk_fancy_title][vc_column_text align=\u00a0\u00bbcenter\u00a0\u00bb]Fabrication d\u2019\u00e9quipements pour camions de d\u00e9neigement et de d\u00e9gla\u00e7age. Depuis nos usines, nous installons\u00a0sur mesure, des v\u00e9hicules pour combattre la neige.[\/vc_column_text][\/vc_column_inner][vc_column_inner width=\u00a0\u00bb1\/3&Prime;][mk_image src=\u00a0\u00bbhttp:\/\/tenco.ca\/wp-content\/uploads\/2015\/09\/icc2-mod.png\u00a0\u00bb align=\u00a0\u00bbcenter\u00a0\u00bb crop=\u00a0\u00bbfalse\u00a0\u00bb][mk_fancy_title color=\u00a0\u00bb#221f1f\u00a0\u00bb size=\u00a0\u00bb20&Prime; font_weight=\u00a0\u00bbbold\u00a0\u00bb font_style=\u00a0\u00bbinhert\u00a0\u00bb txt_transform=\u00a0\u00bbnone\u00a0\u00bb margin_bottom=\u00a0\u00bb18&Prime; font_family=\u00a0\u00bbnone\u00a0\u00bb align=\u00a0\u00bbcenter\u00a0\u00bb]Entretien et r\u00e9paration<\/p>\n[\/mk_fancy_title][vc_column_text align=\u00a0\u00bbcenter\u00a0\u00bb]Entretien et r\u00e9paration d\u2019\u00e9quipements de d\u00e9neigement et d\u00e9gla\u00e7age. Nous r\u00e9parons, avec une grande efficacit\u00e9, les pi\u00e8ces endommag\u00e9es, peu importe l\u2019heure ou le lieu o\u00f9 vous \u00eates situ\u00e9.[\/vc_column_text][\/vc_column_inner][vc_column_inner width=\u00a0\u00bb1\/3&Prime;][mk_image src=\u00a0\u00bbhttp:\/\/tenco.ca\/wp-content\/uploads\/2015\/09\/icc3-mod.png\u00a0\u00bb align=\u00a0\u00bbcenter\u00a0\u00bb crop=\u00a0\u00bbfalse\u00a0\u00bb][mk_fancy_title color=\u00a0\u00bb#221f1f\u00a0\u00bb size=\u00a0\u00bb20&Prime; font_weight=\u00a0\u00bbbold\u00a0\u00bb font_style=\u00a0\u00bbinhert\u00a0\u00bb txt_transform=\u00a0\u00bbnone\u00a0\u00bb margin_bottom=\u00a0\u00bb18&Prime; font_family=\u00a0\u00bbnone\u00a0\u00bb align=\u00a0\u00bbcenter\u00a0\u00bb]\n<p>Distribution<\/p>\n[\/mk_fancy_title][vc_column_text align=\u00a0\u00bbcenter\u00a0\u00bb]Distribution de pi\u00e8ces d\u2019\u00e9quipement, par l\u2019entremise d\u2019un solide r\u00e9seau de distributeurs. Ceux-ci sont bas\u00e9s d\u2019un bout \u00e0 l\u2019autre du Canada, des \u00c9tats-Unis et de l\u2019Asie.[\/vc_column_text][\/vc_column_inner][\/vc_row_inner][\/vc_column][\/mk_page_section][mk_page_section padding_top=\u00a0\u00bb50&Prime; padding_bottom=\u00a0\u00bb40&Prime; first_page=\u00a0\u00bbfalse\u00a0\u00bb last_page=\u00a0\u00bbfalse\u00a0\u00bb sidebar=\u00a0\u00bbsidebar-1&Prime;][vc_column][vc_raw_html]JTNDZGl2JTIwY2xhc3MlM0QlMjJwYWNrYWdlLXJpYmJvbi13cmFwcGVyJTIyJTNFJTBBJTNDZGl2JTIwY2xhc3MlM0QlMjJwYWNrYWdlLXR5cGUlMjBub3JtYWwtdHlwZSUyMGdvYm9vayUyMiUzRVBJJUMzJTg4Q0VTJTNDJTJGZGl2JTNFJTBBJTNDZGl2JTIwY2xhc3MlM0QlMjJwYWNrYWdlLXR5cGUtZ2ltbWljayUyMiUzRSUzQyUyRmRpdiUzRSUwQSUzQyUyRmRpdiUzRQ==[\/vc_raw_html][mk_custom_box padding_vertical=\u00a0\u00bb20&Prime; margin_bottom=\u00a0\u00bb0&Prime; min_height=\u00a0\u00bb80&Prime; overlay_color=\u00a0\u00bb#ffffff\u00a0\u00bb bg_stretch=\u00a0\u00bbtrue\u00a0\u00bb][vc_column_text]\n<h4 style=\"text-align: center;\"><span style=\"color: #ff6600;\"><strong>La plupart de nos distributeurs tiennent en inventaire des pi\u00e8ces Tenco.<\/strong><\/span><\/h4>\n<h4 style=\"text-align: center;\"><span style=\"color: #ff6600;\"><strong>Consultez notre page <span style=\"color: #3366ff;\"><a style=\"color: #3366ff;\" href=\"https:\/\/tenco.ca\/fr\/distributors\/\">Distributeurs<\/a><\/span> pour trouver le d\u00e9taillant de votre r\u00e9gion<\/strong><\/span><\/h4>\n[\/vc_column_text][\/mk_custom_box][vc_row_inner el_class=\u00a0\u00bbbgorange padd50 bgorange1&Prime;][vc_column_inner width=\u00a0\u00bb5\/12&Prime;][vc_raw_html]JTNDZGl2JTIwY2xhc3MlM0QlMjJibG93dHh0JTIyJTNFJTBBJTNDZGl2JTIwY2xhc3MlM0QlMjJibGFjay1saW5lJTIyJTNFJTBBJTNDcCUzRUNhbmFkYSUzQyUyRnAlM0UlM0MlMkZkaXYlM0UlMEElM0NwJTIwY2xhc3MlM0QlMjJ3aHQlMjIlM0VDZW50cmUlMjBkZSUyMHBpJUMzJUE4Y2VzJTIwZHUlMjBHcmFuZCUyME1vbnRyJUMzJUE5YWwlM0MlMkZwJTNFJTBBJTNDcCUyMGNsYXNzJTNEJTIyYmxrJTIyJTNFNTE0JTIwMzQxLTMyMzYlMjAlMjBvdSUyMDElMjA4NzclMjA0MDgtMzYyNiUzQyUyRnAlM0UlMEElM0MlMkZkaXYlM0UlMEElMEElM0NkaXYlMjBjbGFzcyUzRCUyMmJsb3d0eHQlMjIlM0UlMEElM0NwJTIwY2xhc3MlM0QlMjJ3aHQlMjIlM0VHdXklMjBNb3JpbiUyMHBvc3RlJTIwMzIyMyUyMGV0JTIwVmluY2VudCUyMExlbWF5JTIwcG9zdGUlMjAzMjIyJTNDJTJGcCUzRSUwQSUzQyUyRmRpdiUzRQ==[\/vc_raw_html][vc_raw_html]JTNDZGl2JTIwY2xhc3MlM0QlMjJibGFjay1saW5lJTIyJTNFJTBBJTNDcCUzRU9udGFyaW8lM0MlMkZwJTNFJTNDJTJGZGl2JTNFJTBBJTBBJTNDZGl2JTIwY2xhc3MlM0QlMjJibG93dHh0JTIyJTNFJTBBJTNDcCUyMGNsYXNzJTNEJTIyd2h0JTIyJTNFSW5nbGV3b29kJTNDJTJGcCUzRSUwQSUzQ3AlMjBjbGFzcyUzRCUyMmJsayUyMiUzRTEzOTA4JTIwSHVyb250YXJpbyUyMFN0cmVldCUyQyUyMEw3QyUyMDJCOCUzQyUyRnAlM0UlMEElM0NwJTIwY2xhc3MlM0QlMjJibGslMjIlM0VWaW5jZW50JTIwTGVtYXklMjAxLTg3Ny00MDgtMzYyNiUzQyUyRnAlM0UlMEElM0MlMkZkaXYlM0U=[\/vc_raw_html][vc_raw_html]JTNDZGl2JTIwY2xhc3MlM0QlMjJibGFjay1saW5lJTIyJTNFJTBBJTNDcCUzRUFsYmVydGElMjAtJTIwTk9VVkVMTEUlMjBhZHJlc3NlJTIwJTI4MjctMDktMjAyMSUyOSUzQyUyRnAlM0UlM0MlMkZkaXYlM0UlMEElMEElM0NkaXYlMjBjbGFzcyUzRCUyMmJsb3d0eHQlMjIlM0UlMEElM0NwJTIwY2xhc3MlM0QlMjJ3aHQlMjIlM0VDYWxnYXJ5JTNDJTJGcCUzRSUwQSUzQ3AlMjBjbGFzcyUzRCUyMmJsayUyMiUzRTc1NTAlMjAxMTR0aCUyMEF2ZW51ZSUyMFNFJTNDJTJGcCUzRSUwQSUzQ3AlMjBjbGFzcyUzRCUyMmJsayUyMiUzRTQwMyUyMDI3MS02ODgzJTNDJTJGcCUzRSUwQSUzQyUyRmRpdiUzRQ==[\/vc_raw_html][vc_raw_html]JTNDZGl2JTIwY2xhc3MlM0QlMjJibGFjay1saW5lJTIyJTNFJTBBJTNDcCUzRVRlbmNvJTIwU2VydmljZSUyME1vYmlsZSUyMC0lMjBBbGJlcnRhJTNDJTJGcCUzRSUzQyUyRmRpdiUzRSUwQSUwQSUzQ2RpdiUyMGNsYXNzJTNEJTIyYmxvd3R4dCUyMiUzRSUwQSUzQ3AlMjBjbGFzcyUzRCUyMndodCUyMiUzRUFsYmVydGElM0MlMkZwJTNFJTBBJTNDcCUyMGNsYXNzJTNEJTIyYmxrJTIyJTNFY2VsbCUzQSUyMDQwMy02NTAtNjcyNSUzQyUyRnAlM0UlMEElM0MlMkZkaXYlM0U=[\/vc_raw_html][\/vc_column_inner][vc_column_inner width=\u00a0\u00bb2\/12&Prime;]\n[\/vc_column_inner][vc_column_inner width=\u00a0\u00bb5\/12&Prime;][vc_raw_html]JTNDZGl2JTIwY2xhc3MlM0QlMjJibGFjay1saW5lJTIyJTNFJTBBJTNDcCUzRSVDMyU4OXRhdHMtVW5pcyUzQyUyRnAlM0UlMEElM0MlMkZkaXYlM0UlMEElMEElM0NkaXYlMjBjbGFzcyUzRCUyMmJsb3d0eHQlMjIlM0UlMEElM0NwJTIwY2xhc3MlM0QlMjJ3aHQlMjIlM0UlM0NiJTNFVGVuY28lMjBJbmR1c3RyaWVzJTJDJTIwSW5jLiUzQyUyRmIlM0UlM0NiciUzRSUwQVRvbSUyME1hcmslM0NiciUzRSUwQVBhcnRzJTIwYW5kJTIwU3VwcG9ydCUzQyUyRnAlM0UlMEElMEElM0NwJTIwY2xhc3MlM0QlMjJibGslMjIlM0U1ODUtMzQ2LTMwNDAlM0MlMkZwJTNFJTBBJTNDJTJGZGl2JTNFJTBBJTBB[\/vc_raw_html][\/vc_column_inner][\/vc_row_inner][\/vc_column][\/mk_page_section][mk_page_section padding_top=\u00a0\u00bb80&Prime; padding_bottom=\u00a0\u00bb0&Prime; first_page=\u00a0\u00bbfalse\u00a0\u00bb last_page=\u00a0\u00bbfalse\u00a0\u00bb sidebar=\u00a0\u00bbsidebar-1&Prime;][vc_column][vc_raw_html]JTNDZGl2JTIwY2xhc3MlM0QlMjJwYWNrYWdlLXJpYmJvbi13cmFwcGVyJTIyJTNFJTBBJTNDZGl2JTIwY2xhc3MlM0QlMjJwYWNrYWdlLXR5cGUlMjBub3JtYWwtdHlwZSUyMGdvYm9vayUyMiUzRVNFUlZJQ0UlM0MlMkZkaXYlM0UlMEElM0NkaXYlMjBjbGFzcyUzRCUyMnBhY2thZ2UtdHlwZS1naW1taWNrJTIyJTNFJTNDJTJGZGl2JTNFJTBBJTNDJTJGZGl2JTNF[\/vc_raw_html][mk_custom_box padding_vertical=\u00a0\u00bb20&Prime; margin_bottom=\u00a0\u00bb0&Prime; min_height=\u00a0\u00bb41&Prime; overlay_color=\u00a0\u00bb#ffffff\u00a0\u00bb bg_stretch=\u00a0\u00bbtrue\u00a0\u00bb][vc_column_text]\n<h4 style=\"text-align: center;\"><span style=\"color: #ff6600;\"><strong>Consultez notre page <span style=\"color: #3366ff;\"><a style=\"color: #3366ff;\" href=\"https:\/\/tenco.ca\/fr\/distributors\/\">Distributeurs<\/a><\/span> pour trouver le point de service de votre r\u00e9gion<\/strong><\/span><\/h4>\n[\/vc_column_text][\/mk_custom_box][vc_row_inner padding=\u00a0\u00bb0&Prime; el_class=\u00a0\u00bbbgorange padd50&Prime;][vc_column_inner width=\u00a0\u00bb5\/12&Prime;][vc_raw_html]JTNDZGl2JTIwY2xhc3MlM0QlMjJibGFjay1saW5lJTIyJTNFJTBBJTNDcCUzRVF1JUMzJUE5YmVjJTNDJTJGcCUzRSUwQSUzQyUyRmRpdiUzRSUwQSUwQSUzQ2RpdiUyMGNsYXNzJTNEJTIyYmxvd3R4dCUyMiUzRSUwQSUzQ3AlMjBjbGFzcyUzRCUyMndodCUyMiUzRSUzQ2IlM0VZdm9uJTIwQXJjaGFtYmF1bHQlM0MlMkZiJTNFJTNDYnIlM0UlMEFTb3V0aWVuJTIwdGVjaG5pcXVlJTIwZXQlMjBnYXJhbnRpZSUzQyUyRnAlM0UlMEElMEElM0NwJTIwY2xhc3MlM0QlMjJibGslMjIlM0U0NTAtMjMwLTU3ODAlM0MlMkZwJTNFJTBBJTNDJTJGZGl2JTNF[\/vc_raw_html][vc_raw_html]JTNDZGl2JTIwY2xhc3MlM0QlMjJibGFjay1saW5lJTIyJTNFJTBBJTNDcCUzRU9udGFyaW8lM0MlMkZwJTNFJTBBJTNDJTJGZGl2JTNFJTBBJTBBJTNDZGl2JTIwY2xhc3MlM0QlMjJibG93dHh0JTIyJTNFJTBBJTNDcCUyMGNsYXNzJTNEJTIyd2h0JTIyJTNFJTNDYiUzRUpvZXklMjBBbHRlZW4lM0MlMkZiJTNFJTNDYnIlM0UlMEFTb3V0aWVuJTIwdGVjaG5pcXVlJTIwZXQlMjBnYXJhbnRpZSUzQyUyRnAlM0UlMEElMEElM0NwJTIwY2xhc3MlM0QlMjJibGslMjIlM0U0MTYtNjc3LTY4ODIlM0MlMkZwJTNFJTBBJTNDJTJGZGl2JTNFJTBB[\/vc_raw_html][vc_raw_html]JTNDZGl2JTIwY2xhc3MlM0QlMjJibGFjay1saW5lJTIyJTNFJTBBJTNDcCUzRUNhbmFkYSUyMGV0JTIwJUMzJTg5dGF0cy1VbmlzJTNDJTJGcCUzRSUwQSUzQyUyRmRpdiUzRSUwQSUwQSUzQ2RpdiUyMGNsYXNzJTNEJTIyYmxvd3R4dCUyMiUzRSUwQSUzQ3AlMjBjbGFzcyUzRCUyMndodCUyMiUzRSUzQ2IlM0VPbWVyJTIwTGFuZHJ5JTNDJTJGYiUzRSUzQ2JyJTNFJTBBU291dGllbiUyMHRlY2huaXF1ZSUyMGV0JTIwZ2FyYW50aWUlMjAlM0MlMkZwJTNFJTBBJTBBJTNDcCUyMGNsYXNzJTNEJTIyYmxrJTIyJTNFNDUwLTc3OC00MTkxJTNDJTJGcCUzRSUwQSUwQSUzQyUyRmRpdiUzRQ==[\/vc_raw_html][\/vc_column_inner][vc_column_inner width=\u00a0\u00bb2\/12&Prime;]\n[\/vc_column_inner][vc_column_inner width=\u00a0\u00bb5\/12&Prime;][vc_raw_html]JTNDZGl2JTIwY2xhc3MlM0QlMjJibGFjay1saW5lJTIyJTNFJTBBJTNDcCUzRUFsYmVydGElMjAlM0MlMkZwJTNFJTBBJTNDJTJGZGl2JTNFJTBBJTBBJTNDZGl2JTIwY2xhc3MlM0QlMjJibG93dHh0JTIyJTNFJTBBJTNDcCUyMGNsYXNzJTNEJTIyd2h0JTIyJTNFJTNDYiUzRUNhbGdhcnklM0MlMkZiJTNFJTNDYnIlM0UlMEE0Mzk4JTIwMTEydGglMjBBdmVudWUlMjBTRSUyMCUzQyUyRnAlM0UlMEElMEElM0NwJTIwY2xhc3MlM0QlMjJibGslMjIlM0V0JUMzJUE5bCUzQSUyMDQwMy0yNzEtNjg4MyUzQyUyRnAlM0UlMEElM0MlMkZkaXYlM0U=[\/vc_raw_html][vc_raw_html]JTNDZGl2JTIwY2xhc3MlM0QlMjJibGFjay1saW5lJTIyJTNFJTBBJTNDcCUzRUFsYmVydGElMjAtJTIwVGVuY28lMjBTZXJ2aWNlJTIwTW9iaWxlJTNDJTJGcCUzRSUwQSUzQyUyRmRpdiUzRSUwQSUwQSUzQ2RpdiUyMGNsYXNzJTNEJTIyYmxvd3R4dCUyMiUzRSUwQSUzQ3AlMjBjbGFzcyUzRCUyMndodCUyMiUzRSUzQ2IlM0VKb25hdGhhbiUyMENoaWFzc29uJTNDJTJGYiUzRSUzQ2JyJTNFJTBBVGVjaG5pY2llbiUyMHBpJUMzJUE4Y2VzJTIwZXQlMjBzZXJ2aWNlJTIwJTNDJTJGcCUzRSUwQSUwQSUzQ3AlMjBjbGFzcyUzRCUyMmJsayUyMiUzRWNlbGwlM0ElMjA0MDMtNjUwLTY3MjUlM0MlMkZwJTNFJTBBJTNDcCUzRSUzQ2ElMjBocmVmJTNEJTIybWFpbHRvJTNBamNoaWFzc29uJTQwdGVuY28uY2ElMjIlM0UlMjBqY2hpYXNzb24lNDB0ZW5jby5jYSUzQyUyRnAlM0UlMEElM0MlMkZkaXYlM0U=[\/vc_raw_html][\/vc_column_inner][\/vc_row_inner][\/vc_column][\/mk_page_section][vc_row][vc_column][vc_column_text]test[\/vc_column_text][\/vc_column][\/vc_row]\n","protected":false},"excerpt":{"rendered":"<p>[mk_page_section padding_top=\u00a0\u00bb120&Prime; first_page=\u00a0\u00bbfalse\u00a0\u00bb last_page=\u00a0\u00bbfalse\u00a0\u00bb sidebar=\u00a0\u00bbsidebar-1&Prime;][vc_column el_class=\u00a0\u00bbbbkbg\u00a0\u00bb][mk_fancy_title tag_name=\u00a0\u00bbh1&Prime; color=\u00a0\u00bb#ffffff\u00a0\u00bb size=\u00a0\u00bb36&Prime; font_style=\u00a0\u00bbitalic\u00a0\u00bb margin_bottom=\u00a0\u00bb0&Prime; font_family=\u00a0\u00bbnone\u00a0\u00bb align=\u00a0\u00bbcenter\u00a0\u00bb el_class=\u00a0\u00bbgobold\u00a0\u00bb]PI\u00c8CES ET SERVICE[\/mk_fancy_title][vc_column_text disable_pattern=\u00a0\u00bbfalse\u00a0\u00bb align=\u00a0\u00bbcenter\u00a0\u00bb el_class=\u00a0\u00bbpp1&Prime;]Au d\u00e9partement des pi\u00e8ces et service de Tenco, nous avons d\u00e9j\u00e0 vu neiger! C\u2019est pourquoi nous pouvons r\u00e9pondre \u00e0 chacune de vos questions. Achat de pi\u00e8ces, acc\u00e8s \u00e0 notre inventaire, besoin d\u2019un service concernant votre \u00e9quipement de [&hellip;]<\/p>\n","protected":false},"author":4,"featured_media":0,"parent":0,"menu_order":0,"comment_status":"closed","ping_status":"closed","template":"","meta":{"_acf_changed":false,"footnotes":""},"class_list":["post-1343","page","type-page","status-publish","hentry"],"acf":[],"yoast_head":"<!-- This site is optimized with the Yoast SEO plugin v27.4 - https:\/\/yoast.com\/product\/yoast-seo-wordpress\/ -->\n<title>D\u00e9partement pi\u00e8ces services d\u00e9neigement d\u00e9gla\u00e7age<\/title>\n<meta name=\"description\" content=\"D\u00e9partement chez Tenco o\u00f9 l\u2019on offre des services de fabrication, d\u2019entretien, de r\u00e9paration et de distribution de pi\u00e8ces au Qu\u00e9bec, \u00c9tats-Unis et Asie.\u00a0\" \/>\n<meta name=\"robots\" content=\"index, follow, max-snippet:-1, max-image-preview:large, max-video-preview:-1\" \/>\n<link rel=\"canonical\" href=\"https:\/\/tenco.ca\/fr\/services\/\" \/>\n<meta property=\"og:locale\" content=\"fr_CA\" \/>\n<meta property=\"og:type\" content=\"article\" \/>\n<meta property=\"og:title\" content=\"D\u00e9partement pi\u00e8ces services d\u00e9neigement d\u00e9gla\u00e7age\" \/>\n<meta property=\"og:description\" content=\"D\u00e9partement chez Tenco o\u00f9 l\u2019on offre des services de fabrication, d\u2019entretien, de r\u00e9paration et de distribution de pi\u00e8ces au Qu\u00e9bec, \u00c9tats-Unis et Asie.\u00a0\" \/>\n<meta property=\"og:url\" content=\"https:\/\/tenco.ca\/fr\/services\/\" \/>\n<meta property=\"og:site_name\" content=\"Tenco\" \/>\n<meta property=\"article:modified_time\" content=\"2025-12-19T18:50:52+00:00\" \/>\n<meta name=\"twitter:card\" content=\"summary_large_image\" \/>\n<meta name=\"twitter:label1\" content=\"Estimation du temps de lecture\" \/>\n\t<meta name=\"twitter:data1\" content=\"2 minutes\" \/>\n<script type=\"application\/ld+json\" class=\"yoast-schema-graph\">{\"@context\":\"https:\\\/\\\/schema.org\",\"@graph\":[{\"@type\":\"WebPage\",\"@id\":\"https:\\\/\\\/tenco.ca\\\/fr\\\/services\\\/\",\"url\":\"https:\\\/\\\/tenco.ca\\\/fr\\\/services\\\/\",\"name\":\"D\u00e9partement pi\u00e8ces services d\u00e9neigement d\u00e9gla\u00e7age\",\"isPartOf\":{\"@id\":\"https:\\\/\\\/tenco.ca\\\/ny\\\/#website\"},\"datePublished\":\"2015-09-22T17:14:01+00:00\",\"dateModified\":\"2025-12-19T18:50:52+00:00\",\"description\":\"D\u00e9partement chez Tenco o\u00f9 l\u2019on offre des services de fabrication, d\u2019entretien, de r\u00e9paration et de distribution de pi\u00e8ces au Qu\u00e9bec, \u00c9tats-Unis et Asie.\u00a0\",\"breadcrumb\":{\"@id\":\"https:\\\/\\\/tenco.ca\\\/fr\\\/services\\\/#breadcrumb\"},\"inLanguage\":\"fr-CA\",\"potentialAction\":[{\"@type\":\"ReadAction\",\"target\":[\"https:\\\/\\\/tenco.ca\\\/fr\\\/services\\\/\"]}]},{\"@type\":\"BreadcrumbList\",\"@id\":\"https:\\\/\\\/tenco.ca\\\/fr\\\/services\\\/#breadcrumb\",\"itemListElement\":[{\"@type\":\"ListItem\",\"position\":1,\"name\":\"Home\",\"item\":\"https:\\\/\\\/tenco.ca\\\/fr\\\/\"},{\"@type\":\"ListItem\",\"position\":2,\"name\":\"Services\"}]},{\"@type\":\"WebSite\",\"@id\":\"https:\\\/\\\/tenco.ca\\\/ny\\\/#website\",\"url\":\"https:\\\/\\\/tenco.ca\\\/ny\\\/\",\"name\":\"Tenco\",\"description\":\"\",\"potentialAction\":[{\"@type\":\"SearchAction\",\"target\":{\"@type\":\"EntryPoint\",\"urlTemplate\":\"https:\\\/\\\/tenco.ca\\\/ny\\\/?s={search_term_string}\"},\"query-input\":{\"@type\":\"PropertyValueSpecification\",\"valueRequired\":true,\"valueName\":\"search_term_string\"}}],\"inLanguage\":\"fr-CA\"}]}<\/script>\n<!-- \/ Yoast SEO plugin. -->","yoast_head_json":{"title":"D\u00e9partement pi\u00e8ces services d\u00e9neigement d\u00e9gla\u00e7age","description":"D\u00e9partement chez Tenco o\u00f9 l\u2019on offre des services de fabrication, d\u2019entretien, de r\u00e9paration et de distribution de pi\u00e8ces au Qu\u00e9bec, \u00c9tats-Unis et Asie.\u00a0","robots":{"index":"index","follow":"follow","max-snippet":"max-snippet:-1","max-image-preview":"max-image-preview:large","max-video-preview":"max-video-preview:-1"},"canonical":"https:\/\/tenco.ca\/fr\/services\/","og_locale":"fr_CA","og_type":"article","og_title":"D\u00e9partement pi\u00e8ces services d\u00e9neigement d\u00e9gla\u00e7age","og_description":"D\u00e9partement chez Tenco o\u00f9 l\u2019on offre des services de fabrication, d\u2019entretien, de r\u00e9paration et de distribution de pi\u00e8ces au Qu\u00e9bec, \u00c9tats-Unis et Asie.\u00a0","og_url":"https:\/\/tenco.ca\/fr\/services\/","og_site_name":"Tenco","article_modified_time":"2025-12-19T18:50:52+00:00","twitter_card":"summary_large_image","twitter_misc":{"Estimation du temps de lecture":"2 minutes"},"schema":{"@context":"https:\/\/schema.org","@graph":[{"@type":"WebPage","@id":"https:\/\/tenco.ca\/fr\/services\/","url":"https:\/\/tenco.ca\/fr\/services\/","name":"D\u00e9partement pi\u00e8ces services d\u00e9neigement d\u00e9gla\u00e7age","isPartOf":{"@id":"https:\/\/tenco.ca\/ny\/#website"},"datePublished":"2015-09-22T17:14:01+00:00","dateModified":"2025-12-19T18:50:52+00:00","description":"D\u00e9partement chez Tenco o\u00f9 l\u2019on offre des services de fabrication, d\u2019entretien, de r\u00e9paration et de distribution de pi\u00e8ces au Qu\u00e9bec, \u00c9tats-Unis et Asie.\u00a0","breadcrumb":{"@id":"https:\/\/tenco.ca\/fr\/services\/#breadcrumb"},"inLanguage":"fr-CA","potentialAction":[{"@type":"ReadAction","target":["https:\/\/tenco.ca\/fr\/services\/"]}]},{"@type":"BreadcrumbList","@id":"https:\/\/tenco.ca\/fr\/services\/#breadcrumb","itemListElement":[{"@type":"ListItem","position":1,"name":"Home","item":"https:\/\/tenco.ca\/fr\/"},{"@type":"ListItem","position":2,"name":"Services"}]},{"@type":"WebSite","@id":"https:\/\/tenco.ca\/ny\/#website","url":"https:\/\/tenco.ca\/ny\/","name":"Tenco","description":"","potentialAction":[{"@type":"SearchAction","target":{"@type":"EntryPoint","urlTemplate":"https:\/\/tenco.ca\/ny\/?s={search_term_string}"},"query-input":{"@type":"PropertyValueSpecification","valueRequired":true,"valueName":"search_term_string"}}],"inLanguage":"fr-CA"}]}},"_links":{"self":[{"href":"https:\/\/tenco.ca\/fr\/wp-json\/wp\/v2\/pages\/1343","targetHints":{"allow":["GET"]}}],"collection":[{"href":"https:\/\/tenco.ca\/fr\/wp-json\/wp\/v2\/pages"}],"about":[{"href":"https:\/\/tenco.ca\/fr\/wp-json\/wp\/v2\/types\/page"}],"author":[{"embeddable":true,"href":"https:\/\/tenco.ca\/fr\/wp-json\/wp\/v2\/users\/4"}],"replies":[{"embeddable":true,"href":"https:\/\/tenco.ca\/fr\/wp-json\/wp\/v2\/comments?post=1343"}],"version-history":[{"count":0,"href":"https:\/\/tenco.ca\/fr\/wp-json\/wp\/v2\/pages\/1343\/revisions"}],"wp:attachment":[{"href":"https:\/\/tenco.ca\/fr\/wp-json\/wp\/v2\/media?parent=1343"}],"curies":[{"name":"wp","href":"https:\/\/api.w.org\/{rel}","templated":true}]}}