{"id":13042,"date":"2021-05-28T19:25:57","date_gmt":"2021-05-28T19:25:57","guid":{"rendered":"https:\/\/tenco.ca\/?page_id=13042"},"modified":"2025-11-04T19:20:30","modified_gmt":"2025-11-04T19:20:30","slug":"systeme-daile-geante-wws","status":"publish","type":"page","link":"https:\/\/tenco.ca\/fr\/systeme-daile-geante-wws\/","title":{"rendered":"Syst\u00e8me d&rsquo;aile g\u00e9ante (WWS)"},"content":{"rendered":"[mk_page_section padding_top=\u00a0\u00bb60&Prime; padding_bottom=\u00a0\u00bb50&Prime; predefined_bg=\u00a0\u00bb\u00a0\u00bb first_page=\u00a0\u00bbfalse\u00a0\u00bb last_page=\u00a0\u00bbfalse\u00a0\u00bb sidebar=\u00a0\u00bbsidebar-1&Prime;][vc_column el_class=\u00a0\u00bbprowhite\u00a0\u00bb][vc_raw_html]JTNDZGl2JTIwY2xhc3MlM0QlMjJwYWNrYWdlLXJpYmJvbi13cmFwcGVyJTIyJTNFJTBBJTNDaDElMjBjbGFzcyUzRCUyMnBhY2thZ2UtdHlwZSUyMG5vcm1hbC10eXBlJTIwZ29ib29rJTIyJTNFRCVDMyVBOW5laWdlbWVudCUyMGRlJTIwdm9pZXMlMjBtdWx0aXBsZXMlM0MlMkZoMSUzRSUwQSUzQ2RpdiUyMGNsYXNzJTNEJTIycGFja2FnZS10eXBlLWdpbW1pY2slMjIlM0UlM0MlMkZkaXYlM0UlMEElM0MlMkZkaXYlM0U=[\/vc_raw_html][vc_row_inner padding=\u00a0\u00bb0&Prime; el_class=\u00a0\u00bbtwhite\u00a0\u00bb][vc_column_inner width=\u00a0\u00bb5\/12&Prime;][mk_image src=\u00a0\u00bbhttps:\/\/tenco.ca\/wp-content\/uploads\/2025\/11\/Tenco-Wide-Wing-System-WWS-multi-lane-plowing-truck-for-highway-488&#215;415-1.jpg\u00a0\u00bb image_size=\u00a0\u00bbfull\u00a0\u00bb align=\u00a0\u00bbcenter\u00a0\u00bb crop=\u00a0\u00bbfalse\u00a0\u00bb][vc_empty_space height=\u00a0\u00bb15px\u00a0\u00bb][vc_video title=\u00a0\u00bbVid\u00e9o disponible en anglais seulement\u00a0\u00bb link=\u00a0\u00bbhttps:\/\/vimeo.com\/546479254&Prime;][\/vc_column_inner][vc_column_inner width=\u00a0\u00bb7\/12&Prime;][vc_column_text]\n<div class=\"seige\">\n<h2>Syst\u00e8me d&rsquo;aile g\u00e9ante<\/h2>\n<h2>WWS (Wide Wing System)<\/h2>\n<p>PATENT PROTECTED \u2013 PROT\u00c9G\u00c9 PAR BREVETS<\/p>\n<p>Canadian Patent No. 3,160,935 \u2013 U.S. Patent No. 12,392,100 B2<\/p>\n<p>Le syst\u00e8me d\u2019aile g\u00e9ante WWS (Wide Wing System) est parfait pour l&rsquo;entretien hivernal des chauss\u00e9es des autoroutes et voies rapides. Il permet le d\u00e9neigement et le d\u00e9gla\u00e7age de plusieurs voies en simultan\u00e9 de fa\u00e7on s\u00e9curitaire. Flexible, le WWS d\u00e9blaie deux (2) voies et l\u2019accotement ou toute autre configuration jusqu&rsquo;\u00e0 8,3 m (27 pieds) de large en un seul passage.<\/p>\n<p>&nbsp;<\/p>\n<p>Le WWS est une solution compl\u00e8te et cl\u00e9 en main \u2013 un camion et ses \u00e9quipements install\u00e9s, assurant une int\u00e9gration sans failles. Le syst\u00e8me comprend: une aile de 6,4 m (21 pieds), une gratte avant r\u00e9versible de 3,6 ou 4,3 m (12 ou 14 pieds), une benne\/\u00e9pandeur d&rsquo;une capacit\u00e9 de 13 m\u00e8tres cubes (17 verges cubes), r\u00e9servoirs de pr\u00e9-trempage, des syst\u00e8mes de contr\u00f4le et de s\u00e9curit\u00e9, le tout mont\u00e9 sur un puissant camion tridem.<\/p>\n<ul>\n<li>D\u00e9blaie 2 voies et l\u2019accotement ou toute autre configuration jusqu&rsquo;\u00e0 8,3 m (27 pieds) de large<\/li>\n<li>Id\u00e9ale pour toutes les autoroutes et voies rapides, peu importe le nombre de voies<\/li>\n<li>Pr\u00e9-trempage et \u00e9pandage de d\u00e9gla\u00e7ant\/abrasifs<\/li>\n<li>Con\u00e7u pour s\u2019attaquer \u00e0 diff\u00e9rentes \u00e9paisseurs et types de neige<\/li>\n<li>Munis de plusieurs caract\u00e9ristiques de protection pour assurer la s\u00e9curit\u00e9 des automobilistes, de l\u2019op\u00e9rateur et du camion<\/li>\n<\/ul>\n<\/div>\n[\/vc_column_text][mk_image src=\u00a0\u00bbhttps:\/\/tenco.ca\/wp-content\/uploads\/2015\/10\/tenco-bouton_03.png\u00a0\u00bb image_size=\u00a0\u00bbfull\u00a0\u00bb link=\u00a0\u00bb\/fr\/demande-de-soumission\/\u00a0\u00bb target=\u00a0\u00bb_blank\u00a0\u00bb el_class=\u00a0\u00bbbtn-product-1&Prime;][mk_image src=\u00a0\u00bbhttps:\/\/tenco.ca\/wp-content\/uploads\/2015\/10\/btn-an_05.png\u00a0\u00bb image_size=\u00a0\u00bbfull\u00a0\u00bb link=\u00a0\u00bbhttps:\/\/tenco.ca\/wp-content\/uploads\/2025\/11\/Tenco_Brochure_WWS_4pages_Web_LR_FR.pdf\u00a0\u00bb][\/vc_column_inner][\/vc_row_inner][\/vc_column][\/mk_page_section][mk_page_section predefined_bg=\u00a0\u00bb\u00a0\u00bb first_page=\u00a0\u00bbfalse\u00a0\u00bb last_page=\u00a0\u00bbfalse\u00a0\u00bb][vc_column el_class=\u00a0\u00bbttggry\u00a0\u00bb][vc_column_text margin_bottom=\u00a0\u00bb15&Prime;]\n<div class=\"seige\">\n<h2>Avantages principaux<\/h2>\n<\/div>\n[\/vc_column_text][vc_row_inner padding=\u00a0\u00bb0&Prime;][vc_column_inner width=\u00a0\u00bb1\/3&Prime;][mk_image src=\u00a0\u00bbhttps:\/\/tenco.ca\/wp-content\/uploads\/2025\/11\/Wide-Wing-System-operates-as-a-standard-plow-truck.jpg\u00a0\u00bb align=\u00a0\u00bbcenter\u00a0\u00bb el_class=\u00a0\u00bbwidth100&Prime; crop=\u00a0\u00bbfalse\u00a0\u00bb][vc_column_text align=\u00a0\u00bbcenter\u00a0\u00bb]M\u00eame conduite et maniabilit\u00e9 qu&rsquo;un camion de d\u00e9neigement standard. Requiert un permis de conduire commercial r\u00e9gulier.[\/vc_column_text][\/vc_column_inner][vc_column_inner width=\u00a0\u00bb1\/3&Prime;][mk_image src=\u00a0\u00bbhttps:\/\/tenco.ca\/wp-content\/uploads\/2025\/11\/Wide-Wing-System-Integrated-console-joystick-control.jpg\u00a0\u00bb align=\u00a0\u00bbcenter\u00a0\u00bb el_class=\u00a0\u00bbwidth100&Prime; crop=\u00a0\u00bbfalse\u00a0\u00bb][vc_column_text align=\u00a0\u00bbcenter\u00a0\u00bb]Console intuitive exclusive, regroupant toutes les fonctions du syst\u00e8me et de les contr\u00f4ler \u00e0 l\u2019aide d\u2019un bras manipulateur.[\/vc_column_text][\/vc_column_inner][vc_column_inner width=\u00a0\u00bb1\/3&Prime;][mk_image src=\u00a0\u00bbhttps:\/\/tenco.ca\/wp-content\/uploads\/2025\/11\/WWS-Wide-Wing-Ststem-beneft-1-integrated-truck.jpg\u00a0\u00bb align=\u00a0\u00bbcenter\u00a0\u00bb el_class=\u00a0\u00bbwidth100&Prime; crop=\u00a0\u00bbfalse\u00a0\u00bb][vc_column_text align=\u00a0\u00bbcenter\u00a0\u00bb]Tout l\u2019\u00e9quipement est compris sur un seul camion[\/vc_column_text][\/vc_column_inner][\/vc_row_inner][\/vc_column][\/mk_page_section]\n","protected":false},"excerpt":{"rendered":"<p>Mod\u00e8le multifonctions, la benne d\u2019\u00e9pandage combin\u00e9 U-COMBO de Tenco vous permet un d\u00e9versement r\u00e9gulier et ininterrompu du mat\u00e9riau.<\/p>\n","protected":false},"author":7,"featured_media":0,"parent":0,"menu_order":0,"comment_status":"closed","ping_status":"closed","template":"","meta":{"_acf_changed":false,"footnotes":""},"class_list":["post-13042","page","type-page","status-publish","hentry"],"acf":[],"yoast_head":"<!-- This site is optimized with the Yoast SEO plugin v27.4 - https:\/\/yoast.com\/product\/yoast-seo-wordpress\/ -->\n<title>Syst\u00e8me d&#039;aile g\u00e9ante WWS - d\u00e9blaiement de plusieurs voies | Tenco<\/title>\n<meta name=\"description\" content=\"Le syst\u00e8me d\u2019aile g\u00e9ante WWS (Wide Wing System) permet le d\u00e9neigement et le d\u00e9gla\u00e7age de plusieurs voies simultan\u00e9ment en toute s\u00e9curit\u00e9, parfait pour l&#039;entretien hivernal des autoroutes et des routes. Le WWS d\u00e9blaie deux voies et l\u2019accotement ou toute autre configuration jusqu&#039;\u00e0 27 pieds de large en un seul passage.\" \/>\n<meta name=\"robots\" content=\"index, follow, max-snippet:-1, max-image-preview:large, max-video-preview:-1\" \/>\n<link rel=\"canonical\" href=\"https:\/\/tenco.ca\/fr\/systeme-daile-geante-wws\/\" \/>\n<meta property=\"og:locale\" content=\"fr_CA\" \/>\n<meta property=\"og:type\" content=\"article\" \/>\n<meta property=\"og:title\" content=\"Syst\u00e8me d&#039;aile g\u00e9ante WWS - d\u00e9blaiement de plusieurs voies | Tenco\" \/>\n<meta property=\"og:description\" content=\"Le syst\u00e8me d\u2019aile g\u00e9ante WWS (Wide Wing System) permet le d\u00e9neigement et le d\u00e9gla\u00e7age de plusieurs voies simultan\u00e9ment en toute s\u00e9curit\u00e9, parfait pour l&#039;entretien hivernal des autoroutes et des routes. Le WWS d\u00e9blaie deux voies et l\u2019accotement ou toute autre configuration jusqu&#039;\u00e0 27 pieds de large en un seul passage.\" \/>\n<meta property=\"og:url\" content=\"https:\/\/tenco.ca\/fr\/systeme-daile-geante-wws\/\" \/>\n<meta property=\"og:site_name\" content=\"Tenco\" \/>\n<meta property=\"article:modified_time\" content=\"2025-11-04T19:20:30+00:00\" \/>\n<meta name=\"twitter:card\" content=\"summary_large_image\" \/>\n<meta name=\"twitter:label1\" content=\"Estimation du temps de lecture\" \/>\n\t<meta name=\"twitter:data1\" content=\"2 minutes\" \/>\n<script type=\"application\/ld+json\" class=\"yoast-schema-graph\">{\"@context\":\"https:\\\/\\\/schema.org\",\"@graph\":[{\"@type\":\"WebPage\",\"@id\":\"https:\\\/\\\/tenco.ca\\\/fr\\\/systeme-daile-geante-wws\\\/\",\"url\":\"https:\\\/\\\/tenco.ca\\\/fr\\\/systeme-daile-geante-wws\\\/\",\"name\":\"Syst\u00e8me d'aile g\u00e9ante WWS - d\u00e9blaiement de plusieurs voies | Tenco\",\"isPartOf\":{\"@id\":\"https:\\\/\\\/tenco.ca\\\/ny\\\/#website\"},\"datePublished\":\"2021-05-28T19:25:57+00:00\",\"dateModified\":\"2025-11-04T19:20:30+00:00\",\"description\":\"Le syst\u00e8me d\u2019aile g\u00e9ante WWS (Wide Wing System) permet le d\u00e9neigement et le d\u00e9gla\u00e7age de plusieurs voies simultan\u00e9ment en toute s\u00e9curit\u00e9, parfait pour l'entretien hivernal des autoroutes et des routes. Le WWS d\u00e9blaie deux voies et l\u2019accotement ou toute autre configuration jusqu'\u00e0 27 pieds de large en un seul passage.\",\"breadcrumb\":{\"@id\":\"https:\\\/\\\/tenco.ca\\\/fr\\\/systeme-daile-geante-wws\\\/#breadcrumb\"},\"inLanguage\":\"fr-CA\",\"potentialAction\":[{\"@type\":\"ReadAction\",\"target\":[\"https:\\\/\\\/tenco.ca\\\/fr\\\/systeme-daile-geante-wws\\\/\"]}]},{\"@type\":\"BreadcrumbList\",\"@id\":\"https:\\\/\\\/tenco.ca\\\/fr\\\/systeme-daile-geante-wws\\\/#breadcrumb\",\"itemListElement\":[{\"@type\":\"ListItem\",\"position\":1,\"name\":\"Home\",\"item\":\"https:\\\/\\\/tenco.ca\\\/fr\\\/\"},{\"@type\":\"ListItem\",\"position\":2,\"name\":\"Syst\u00e8me d&#8217;aile g\u00e9ante (WWS)\"}]},{\"@type\":\"WebSite\",\"@id\":\"https:\\\/\\\/tenco.ca\\\/ny\\\/#website\",\"url\":\"https:\\\/\\\/tenco.ca\\\/ny\\\/\",\"name\":\"Tenco\",\"description\":\"\",\"potentialAction\":[{\"@type\":\"SearchAction\",\"target\":{\"@type\":\"EntryPoint\",\"urlTemplate\":\"https:\\\/\\\/tenco.ca\\\/ny\\\/?s={search_term_string}\"},\"query-input\":{\"@type\":\"PropertyValueSpecification\",\"valueRequired\":true,\"valueName\":\"search_term_string\"}}],\"inLanguage\":\"fr-CA\"}]}<\/script>\n<!-- \/ Yoast SEO plugin. -->","yoast_head_json":{"title":"Syst\u00e8me d'aile g\u00e9ante WWS - d\u00e9blaiement de plusieurs voies | Tenco","description":"Le syst\u00e8me d\u2019aile g\u00e9ante WWS (Wide Wing System) permet le d\u00e9neigement et le d\u00e9gla\u00e7age de plusieurs voies simultan\u00e9ment en toute s\u00e9curit\u00e9, parfait pour l'entretien hivernal des autoroutes et des routes. Le WWS d\u00e9blaie deux voies et l\u2019accotement ou toute autre configuration jusqu'\u00e0 27 pieds de large en un seul passage.","robots":{"index":"index","follow":"follow","max-snippet":"max-snippet:-1","max-image-preview":"max-image-preview:large","max-video-preview":"max-video-preview:-1"},"canonical":"https:\/\/tenco.ca\/fr\/systeme-daile-geante-wws\/","og_locale":"fr_CA","og_type":"article","og_title":"Syst\u00e8me d'aile g\u00e9ante WWS - d\u00e9blaiement de plusieurs voies | Tenco","og_description":"Le syst\u00e8me d\u2019aile g\u00e9ante WWS (Wide Wing System) permet le d\u00e9neigement et le d\u00e9gla\u00e7age de plusieurs voies simultan\u00e9ment en toute s\u00e9curit\u00e9, parfait pour l'entretien hivernal des autoroutes et des routes. Le WWS d\u00e9blaie deux voies et l\u2019accotement ou toute autre configuration jusqu'\u00e0 27 pieds de large en un seul passage.","og_url":"https:\/\/tenco.ca\/fr\/systeme-daile-geante-wws\/","og_site_name":"Tenco","article_modified_time":"2025-11-04T19:20:30+00:00","twitter_card":"summary_large_image","twitter_misc":{"Estimation du temps de lecture":"2 minutes"},"schema":{"@context":"https:\/\/schema.org","@graph":[{"@type":"WebPage","@id":"https:\/\/tenco.ca\/fr\/systeme-daile-geante-wws\/","url":"https:\/\/tenco.ca\/fr\/systeme-daile-geante-wws\/","name":"Syst\u00e8me d'aile g\u00e9ante WWS - d\u00e9blaiement de plusieurs voies | Tenco","isPartOf":{"@id":"https:\/\/tenco.ca\/ny\/#website"},"datePublished":"2021-05-28T19:25:57+00:00","dateModified":"2025-11-04T19:20:30+00:00","description":"Le syst\u00e8me d\u2019aile g\u00e9ante WWS (Wide Wing System) permet le d\u00e9neigement et le d\u00e9gla\u00e7age de plusieurs voies simultan\u00e9ment en toute s\u00e9curit\u00e9, parfait pour l'entretien hivernal des autoroutes et des routes. Le WWS d\u00e9blaie deux voies et l\u2019accotement ou toute autre configuration jusqu'\u00e0 27 pieds de large en un seul passage.","breadcrumb":{"@id":"https:\/\/tenco.ca\/fr\/systeme-daile-geante-wws\/#breadcrumb"},"inLanguage":"fr-CA","potentialAction":[{"@type":"ReadAction","target":["https:\/\/tenco.ca\/fr\/systeme-daile-geante-wws\/"]}]},{"@type":"BreadcrumbList","@id":"https:\/\/tenco.ca\/fr\/systeme-daile-geante-wws\/#breadcrumb","itemListElement":[{"@type":"ListItem","position":1,"name":"Home","item":"https:\/\/tenco.ca\/fr\/"},{"@type":"ListItem","position":2,"name":"Syst\u00e8me d&#8217;aile g\u00e9ante (WWS)"}]},{"@type":"WebSite","@id":"https:\/\/tenco.ca\/ny\/#website","url":"https:\/\/tenco.ca\/ny\/","name":"Tenco","description":"","potentialAction":[{"@type":"SearchAction","target":{"@type":"EntryPoint","urlTemplate":"https:\/\/tenco.ca\/ny\/?s={search_term_string}"},"query-input":{"@type":"PropertyValueSpecification","valueRequired":true,"valueName":"search_term_string"}}],"inLanguage":"fr-CA"}]}},"_links":{"self":[{"href":"https:\/\/tenco.ca\/fr\/wp-json\/wp\/v2\/pages\/13042","targetHints":{"allow":["GET"]}}],"collection":[{"href":"https:\/\/tenco.ca\/fr\/wp-json\/wp\/v2\/pages"}],"about":[{"href":"https:\/\/tenco.ca\/fr\/wp-json\/wp\/v2\/types\/page"}],"author":[{"embeddable":true,"href":"https:\/\/tenco.ca\/fr\/wp-json\/wp\/v2\/users\/7"}],"replies":[{"embeddable":true,"href":"https:\/\/tenco.ca\/fr\/wp-json\/wp\/v2\/comments?post=13042"}],"version-history":[{"count":0,"href":"https:\/\/tenco.ca\/fr\/wp-json\/wp\/v2\/pages\/13042\/revisions"}],"wp:attachment":[{"href":"https:\/\/tenco.ca\/fr\/wp-json\/wp\/v2\/media?parent=13042"}],"curies":[{"name":"wp","href":"https:\/\/api.w.org\/{rel}","templated":true}]}}