{"id":12825,"date":"2021-03-26T19:05:12","date_gmt":"2021-03-26T19:05:12","guid":{"rendered":"https:\/\/tenco.ca\/?page_id=12825"},"modified":"2021-03-26T19:22:08","modified_gmt":"2021-03-26T19:22:08","slug":"souffleuse-pour-chargeur","status":"publish","type":"page","link":"https:\/\/tenco.ca\/fr\/souffleuse-pour-chargeur\/","title":{"rendered":"SOUFFLEUSES POUR CHARGEURS"},"content":{"rendered":"[mk_page_section padding_top=\u00a0\u00bb60&Prime; padding_bottom=\u00a0\u00bb0&Prime; first_page=\u00a0\u00bbfalse\u00a0\u00bb last_page=\u00a0\u00bbfalse\u00a0\u00bb sidebar=\u00a0\u00bbsidebar-1&Prime;][vc_column el_class=\u00a0\u00bbpement\u00a0\u00bb][vc_raw_html]JTNDZGl2JTIwY2xhc3MlM0QlMjJwYWNrYWdlLXJpYmJvbi13cmFwcGVyJTIyJTNFJTBBJTNDaDElMjBjbGFzcyUzRCUyMnBhY2thZ2UtdHlwZSUyMG5vcm1hbC10eXBlJTIwZ29ib29rJTIyJTNFU09VRkZMRVVTRVMlMjBQT1VSJTIwQ0hBUkdFVVJTJTIwJTNDJTJGaDElM0UlMEElM0NkaXYlMjBjbGFzcyUzRCUyMnBhY2thZ2UtdHlwZS1naW1taWNrJTIyJTNFJTNDJTJGZGl2JTNFJTBBJTNDJTJGZGl2JTNF[\/vc_raw_html][vc_row_inner padding=\u00a0\u00bb0&Prime;][vc_column_inner width=\u00a0\u00bb1\/2&Prime;][mk_image src=\u00a0\u00bbhttps:\/\/tenco.ca\/wp-content\/uploads\/2021\/03\/Montage-souffleuses-amovibles-RPM-3.jpg\u00a0\u00bb image_size=\u00a0\u00bbfull\u00a0\u00bb align=\u00a0\u00bbcenter\u00a0\u00bb crop=\u00a0\u00bbfalse\u00a0\u00bb][\/vc_column_inner][vc_column_inner width=\u00a0\u00bb1\/2&Prime;][mk_padding_divider size=\u00a0\u00bb50&Prime; visibility=\u00a0\u00bbhidden-sm\u00a0\u00bb][vc_column_text]\n<div class=\"seige mtxtcnt\">\n<h3>SOUFFLEUSES RPM TECH<\/h3>\n<h2>PUISSANTES ET DURABLES<\/h2>\n<p>En 2017, Alamo Group a fait l\u2019acquisition de RPM Tech inc. pour la qualit\u00e9 et la renomm\u00e9e de sa gamme de produits.\u00a0 Tous les produits de marque RPM Tech sont maintenant offerts par Tenco inc.<\/p>\n<p><a href=\"https:\/\/grouperpmtech.com\/nos-equipements\/souffleuses-amovibles\" target=\"_blank\" rel=\"noopener\"><strong><u>Visiter le site Web de RPM Tech<\/u><\/strong><\/a> pour voir la s\u00e9lection de souffleuses industrielles amovibles RPM Tech.<\/p>\n<\/div>\n[\/vc_column_text][\/vc_column_inner][\/vc_row_inner][\/vc_column][\/mk_page_section][mk_page_section padding_bottom=\u00a0\u00bb0&Prime; first_page=\u00a0\u00bbfalse\u00a0\u00bb last_page=\u00a0\u00bbfalse\u00a0\u00bb sidebar=\u00a0\u00bbsidebar-1&Prime;][vc_column el_class=\u00a0\u00bbwhitrwbg\u00a0\u00bb][vc_row_inner][vc_column_inner][mk_padding_divider size=\u00a0\u00bb50&Prime; visibility=\u00a0\u00bbhidden-sm\u00a0\u00bb][vc_column_text]\n<div class=\"seige mtxtcnt\">\n<h3>SOUFFLEUSES TENCO<\/h3>\n<p>Les souffleuses Tenco sont disponibles seulement sur demande pour des projets sp\u00e9ciaux. Contactez l\u2019un de nos centres de pi\u00e8ces ou concessionnaires sp\u00e9cialis\u00e9s pour obtenir des pi\u00e8ces de rechange pour vos souffleuses Tenco.<\/p>\n<\/div>\n[\/vc_column_text][\/vc_column_inner][\/vc_row_inner][vc_row_inner][vc_column_inner width=\u00a0\u00bb1\/3&Prime;][mk_padding_divider size=\u00a0\u00bb10&Prime;][mk_image src=\u00a0\u00bbhttps:\/\/tenco.ca\/wp-content\/uploads\/2021\/03\/SouffleuseV4_eng_01.jpg\u00a0\u00bb margin_bottom=\u00a0\u00bb0&Prime; crop=\u00a0\u00bbfalse\u00a0\u00bb][\/vc_column_inner][vc_column_inner width=\u00a0\u00bb1\/3&Prime;][mk_padding_divider size=\u00a0\u00bb20&Prime;][mk_image src=\u00a0\u00bbhttps:\/\/tenco.ca\/wp-content\/uploads\/2021\/03\/SouffleuseV4_eng_02.jpg\u00a0\u00bb align=\u00a0\u00bbcenter\u00a0\u00bb margin_bottom=\u00a0\u00bb-20&Prime; crop=\u00a0\u00bbfalse\u00a0\u00bb][\/vc_column_inner][vc_column_inner width=\u00a0\u00bb1\/3&Prime;][mk_image src=\u00a0\u00bbhttps:\/\/tenco.ca\/wp-content\/uploads\/2021\/03\/SouffleuseV4_eng_03.jpg\u00a0\u00bb align=\u00a0\u00bbright\u00a0\u00bb margin_bottom=\u00a0\u00bb5&Prime; crop=\u00a0\u00bbfalse\u00a0\u00bb][\/vc_column_inner][\/vc_row_inner][vc_row_inner][vc_column_inner][mk_padding_divider size=\u00a0\u00bb50&Prime; visibility=\u00a0\u00bbhidden-sm\u00a0\u00bb][\/vc_column_inner][\/vc_row_inner][\/vc_column][\/mk_page_section]\n","protected":false},"excerpt":{"rendered":"<p>Safe and powerful, Tenco&rsquo;s loader mount snow blower is built to be mechanically reliable, leaving the competition far behind! <\/p>\n","protected":false},"author":46,"featured_media":0,"parent":0,"menu_order":0,"comment_status":"closed","ping_status":"closed","template":"","meta":{"_acf_changed":false,"footnotes":""},"class_list":["post-12825","page","type-page","status-publish","hentry"],"acf":[],"yoast_head":"<!-- This site is optimized with the Yoast SEO plugin v27.4 - https:\/\/yoast.com\/product\/yoast-seo-wordpress\/ -->\n<title>Souffleuse pour chargeur s\u00e9curitaire Tenco<\/title>\n<meta name=\"description\" content=\"S\u00e9curitaire et puissante, la souffleuse pour chargeur Tenco est dot\u00e9e d&#039;une m\u00e9canique fiable qui laisse la concurrence loin derri\u00e8re !\" \/>\n<meta name=\"robots\" content=\"index, follow, max-snippet:-1, max-image-preview:large, max-video-preview:-1\" \/>\n<link rel=\"canonical\" href=\"https:\/\/tenco.ca\/fr\/souffleuse-pour-chargeur\/\" \/>\n<meta property=\"og:locale\" content=\"fr_CA\" \/>\n<meta property=\"og:type\" content=\"article\" \/>\n<meta property=\"og:title\" content=\"Souffleuse pour chargeur s\u00e9curitaire Tenco\" \/>\n<meta property=\"og:description\" content=\"S\u00e9curitaire et puissante, la souffleuse pour chargeur Tenco est dot\u00e9e d&#039;une m\u00e9canique fiable qui laisse la concurrence loin derri\u00e8re !\" \/>\n<meta property=\"og:url\" content=\"https:\/\/tenco.ca\/fr\/souffleuse-pour-chargeur\/\" \/>\n<meta property=\"og:site_name\" content=\"Tenco\" \/>\n<meta property=\"article:modified_time\" content=\"2021-03-26T19:22:08+00:00\" \/>\n<meta name=\"twitter:card\" content=\"summary_large_image\" \/>\n<meta name=\"twitter:label1\" content=\"Estimation du temps de lecture\" \/>\n\t<meta name=\"twitter:data1\" content=\"2 minutes\" \/>\n<script type=\"application\/ld+json\" class=\"yoast-schema-graph\">{\"@context\":\"https:\\\/\\\/schema.org\",\"@graph\":[{\"@type\":\"WebPage\",\"@id\":\"https:\\\/\\\/tenco.ca\\\/fr\\\/souffleuse-pour-chargeur\\\/\",\"url\":\"https:\\\/\\\/tenco.ca\\\/fr\\\/souffleuse-pour-chargeur\\\/\",\"name\":\"Souffleuse pour chargeur s\u00e9curitaire Tenco\",\"isPartOf\":{\"@id\":\"https:\\\/\\\/tenco.ca\\\/ny\\\/#website\"},\"datePublished\":\"2021-03-26T19:05:12+00:00\",\"dateModified\":\"2021-03-26T19:22:08+00:00\",\"description\":\"S\u00e9curitaire et puissante, la souffleuse pour chargeur Tenco est dot\u00e9e d'une m\u00e9canique fiable qui laisse la concurrence loin derri\u00e8re !\",\"breadcrumb\":{\"@id\":\"https:\\\/\\\/tenco.ca\\\/fr\\\/souffleuse-pour-chargeur\\\/#breadcrumb\"},\"inLanguage\":\"fr-CA\",\"potentialAction\":[{\"@type\":\"ReadAction\",\"target\":[\"https:\\\/\\\/tenco.ca\\\/fr\\\/souffleuse-pour-chargeur\\\/\"]}]},{\"@type\":\"BreadcrumbList\",\"@id\":\"https:\\\/\\\/tenco.ca\\\/fr\\\/souffleuse-pour-chargeur\\\/#breadcrumb\",\"itemListElement\":[{\"@type\":\"ListItem\",\"position\":1,\"name\":\"Home\",\"item\":\"https:\\\/\\\/tenco.ca\\\/fr\\\/\"},{\"@type\":\"ListItem\",\"position\":2,\"name\":\"SOUFFLEUSES POUR CHARGEURS\"}]},{\"@type\":\"WebSite\",\"@id\":\"https:\\\/\\\/tenco.ca\\\/ny\\\/#website\",\"url\":\"https:\\\/\\\/tenco.ca\\\/ny\\\/\",\"name\":\"Tenco\",\"description\":\"\",\"potentialAction\":[{\"@type\":\"SearchAction\",\"target\":{\"@type\":\"EntryPoint\",\"urlTemplate\":\"https:\\\/\\\/tenco.ca\\\/ny\\\/?s={search_term_string}\"},\"query-input\":{\"@type\":\"PropertyValueSpecification\",\"valueRequired\":true,\"valueName\":\"search_term_string\"}}],\"inLanguage\":\"fr-CA\"}]}<\/script>\n<!-- \/ Yoast SEO plugin. -->","yoast_head_json":{"title":"Souffleuse pour chargeur s\u00e9curitaire Tenco","description":"S\u00e9curitaire et puissante, la souffleuse pour chargeur Tenco est dot\u00e9e d'une m\u00e9canique fiable qui laisse la concurrence loin derri\u00e8re !","robots":{"index":"index","follow":"follow","max-snippet":"max-snippet:-1","max-image-preview":"max-image-preview:large","max-video-preview":"max-video-preview:-1"},"canonical":"https:\/\/tenco.ca\/fr\/souffleuse-pour-chargeur\/","og_locale":"fr_CA","og_type":"article","og_title":"Souffleuse pour chargeur s\u00e9curitaire Tenco","og_description":"S\u00e9curitaire et puissante, la souffleuse pour chargeur Tenco est dot\u00e9e d'une m\u00e9canique fiable qui laisse la concurrence loin derri\u00e8re !","og_url":"https:\/\/tenco.ca\/fr\/souffleuse-pour-chargeur\/","og_site_name":"Tenco","article_modified_time":"2021-03-26T19:22:08+00:00","twitter_card":"summary_large_image","twitter_misc":{"Estimation du temps de lecture":"2 minutes"},"schema":{"@context":"https:\/\/schema.org","@graph":[{"@type":"WebPage","@id":"https:\/\/tenco.ca\/fr\/souffleuse-pour-chargeur\/","url":"https:\/\/tenco.ca\/fr\/souffleuse-pour-chargeur\/","name":"Souffleuse pour chargeur s\u00e9curitaire Tenco","isPartOf":{"@id":"https:\/\/tenco.ca\/ny\/#website"},"datePublished":"2021-03-26T19:05:12+00:00","dateModified":"2021-03-26T19:22:08+00:00","description":"S\u00e9curitaire et puissante, la souffleuse pour chargeur Tenco est dot\u00e9e d'une m\u00e9canique fiable qui laisse la concurrence loin derri\u00e8re !","breadcrumb":{"@id":"https:\/\/tenco.ca\/fr\/souffleuse-pour-chargeur\/#breadcrumb"},"inLanguage":"fr-CA","potentialAction":[{"@type":"ReadAction","target":["https:\/\/tenco.ca\/fr\/souffleuse-pour-chargeur\/"]}]},{"@type":"BreadcrumbList","@id":"https:\/\/tenco.ca\/fr\/souffleuse-pour-chargeur\/#breadcrumb","itemListElement":[{"@type":"ListItem","position":1,"name":"Home","item":"https:\/\/tenco.ca\/fr\/"},{"@type":"ListItem","position":2,"name":"SOUFFLEUSES POUR CHARGEURS"}]},{"@type":"WebSite","@id":"https:\/\/tenco.ca\/ny\/#website","url":"https:\/\/tenco.ca\/ny\/","name":"Tenco","description":"","potentialAction":[{"@type":"SearchAction","target":{"@type":"EntryPoint","urlTemplate":"https:\/\/tenco.ca\/ny\/?s={search_term_string}"},"query-input":{"@type":"PropertyValueSpecification","valueRequired":true,"valueName":"search_term_string"}}],"inLanguage":"fr-CA"}]}},"_links":{"self":[{"href":"https:\/\/tenco.ca\/fr\/wp-json\/wp\/v2\/pages\/12825","targetHints":{"allow":["GET"]}}],"collection":[{"href":"https:\/\/tenco.ca\/fr\/wp-json\/wp\/v2\/pages"}],"about":[{"href":"https:\/\/tenco.ca\/fr\/wp-json\/wp\/v2\/types\/page"}],"author":[{"embeddable":true,"href":"https:\/\/tenco.ca\/fr\/wp-json\/wp\/v2\/users\/46"}],"replies":[{"embeddable":true,"href":"https:\/\/tenco.ca\/fr\/wp-json\/wp\/v2\/comments?post=12825"}],"version-history":[{"count":0,"href":"https:\/\/tenco.ca\/fr\/wp-json\/wp\/v2\/pages\/12825\/revisions"}],"wp:attachment":[{"href":"https:\/\/tenco.ca\/fr\/wp-json\/wp\/v2\/media?parent=12825"}],"curies":[{"name":"wp","href":"https:\/\/api.w.org\/{rel}","templated":true}]}}