{"id":1255,"date":"2015-10-23T18:47:01","date_gmt":"2015-10-23T18:47:01","guid":{"rendered":"http:\/\/tenco.ca\/fr\/gratte-sous-chassis-2\/"},"modified":"2022-02-01T17:08:39","modified_gmt":"2022-02-01T17:08:39","slug":"gratte-sous-chassis","status":"publish","type":"page","link":"https:\/\/tenco.ca\/fr\/gratte-sous-chassis\/","title":{"rendered":"GRATTE SOUS CH\u00c2SSIS"},"content":{"rendered":"[mk_page_section padding_top=\u00a0\u00bb60&Prime; padding_bottom=\u00a0\u00bb20&Prime; predefined_bg=\u00a0\u00bb\u00a0\u00bb first_page=\u00a0\u00bbfalse\u00a0\u00bb last_page=\u00a0\u00bbfalse\u00a0\u00bb sidebar=\u00a0\u00bbsidebar-1&Prime;][vc_column el_class=\u00a0\u00bbprowhite\u00a0\u00bb][vc_raw_html]JTNDZGl2JTIwY2xhc3MlM0QlMjJwYWNrYWdlLXJpYmJvbi13cmFwcGVyJTIyJTNFJTBBJTNDaDElMjBjbGFzcyUzRCUyMnBhY2thZ2UtdHlwZSUyMG5vcm1hbC10eXBlJTIwZ29ib29rJTIyJTNFR1JBVFRFJTIwU09VUyUyMENIJUMzJTgyU1NJUyUzQyUyRmgxJTNFJTBBJTNDZGl2JTIwY2xhc3MlM0QlMjJwYWNrYWdlLXR5cGUtZ2ltbWljayUyMiUzRSUzQyUyRmRpdiUzRSUwQSUzQyUyRmRpdiUzRQ==[\/vc_raw_html][vc_row_inner padding=\u00a0\u00bb0&Prime; el_class=\u00a0\u00bbtwhite\u00a0\u00bb][vc_column_inner width=\u00a0\u00bb1\/2&Prime;][mk_image src=\u00a0\u00bbhttp:\/\/tenco.ca\/wp-content\/uploads\/2015\/10\/UNDERBODY.jpg\u00a0\u00bb align=\u00a0\u00bbcenter\u00a0\u00bb crop=\u00a0\u00bbfalse\u00a0\u00bb][\/vc_column_inner][vc_column_inner width=\u00a0\u00bb1\/2&Prime;][vc_raw_html]JTNDZGl2JTIwY2xhc3MlM0QlMjJzZWlnZSUyMiUzRSUwQSUzQ2gzJTNFR1JBVFRFJTIwU09VUyUyMENIJUMzJTgyU1NJUyUzQyUyRmgzJTNFJTBBJTNDaDIlM0VERSUyMFMlQzMlODlSSUUlMjA5MDAlM0MlMkZoMiUzRSUwQSUzQ3N0cm9uZyUzRUNoYXF1ZSUyMGNvbXBvc2FudCUyMGRlJTIwbGElMjBncmF0dGUlMjBzJUMzJUE5cmllJTIwOTAwJTIwYSUyMCVDMyVBOXQlQzMlQTklMjBzb2lnbmV1c2VtZW50JTIwY29uJUMzJUE3dSUwQXBvdXIlMjBhY2NvbXBsaXIlMjBsZXMlMjB0cmF2YXV4JTIwZCVFMiU4MCU5OWVudHJldGllbiUyMGRlJTIwbGElMjByb3V0ZSUyMGxlcyUyMHBsdXMlMjBhcmR1cyUyMGR1cmFudCUwQXRvdXRlJTIwbCVFMiU4MCU5OWFubiVDMyVBOWUuJTNDJTJGc3Ryb25nJTNFJTBBJTNDcCUzRS0lMjBQbGFxdWUlMjBkZSUyMHJvdGF0aW9uJTIwZmFpdCUyMGQlRTIlODAlOTl1bmUlMjBwaSVDMyVBOGNlJTIwZGUlMjAxJUUyJTgwJTk5JTIwJUUyJTgwJTkzJTIwc2FucyUyMGVuY29jaGUlM0MlMkZwJTNFJTBBJTNDcCUzRS0lMjBDeWxpbmRyZSUyMGRlJTIwbGV2YWdlJTIwZXQlMjBibyVDMyVBRXRpZXJzJTIwZGUlMjByZXNzb3J0JTIwZGUlMjBiYXNjdWxlbWVudCUyMHJldGVudXMlMjBwYXIlMjBkZXMlMjBicmlkZXMlMjAlQzMlQTAlMjA0JTIwYm91bG9ucyUyMGRlJTIwOCUyMDElMkY0JUUyJTgwJTlEJTIweCUyMDglMjAxJTJGNCVFMiU4MCU5RCUzQyUyRnAlM0UlMEElM0NwJTNFLSUyMERldXglMjAlMjgyJTI5JTIwY3lsaW5kcmVzJTIwZG91YmxlJTIwYWN0aW9uJTIwZGUlMjA0JUUyJTgwJTlEJTIwZGUlMjBkaWFtJUMzJUE4dHJlJTIwcHJvdCVDMyVBOWclQzMlQTlzJTIwcGFyJTIwdW5lJTIwJTBBc291cGFwZSUyMGRlJTIwZCVDMyVBOWNoYXJnZSUyMGNyb2lzJUMzJUE5ZSUzQyUyRnAlM0UlMEElM0NwJTNFLSUyMEN5bGluZHJlcyUyMGQlRTIlODAlOTlpbnZlcnNpb24lMjBmaXglQzMlQTlzJTIwJUMzJUEwJTIwbGElMjBwbGFxdWUlMjBkZSUyMHJvdGF0aW9uJTIwYXZlYyUyMGRlcyUyMHBpdm90cyUyMGRlJTIwMiVFMiU4MCU5RCUzQyUyRnAlM0UlMEElM0NwJTNFLSUyME0lQzMlQTljYW5pc21lJTIwcyVDMyVBOWN1cml0YWlyZSUzQyUyRnAlM0UlMEElM0MlMkZkaXYlM0U=[\/vc_raw_html][mk_image src=\u00a0\u00bbhttps:\/\/tenco.ca\/wp-content\/uploads\/2015\/10\/tenco-bouton_03.png\u00a0\u00bb image_size=\u00a0\u00bbfull\u00a0\u00bb link=\u00a0\u00bb\/fr\/demande-de-soumission\/\u00a0\u00bb target=\u00a0\u00bb_blank\u00a0\u00bb el_class=\u00a0\u00bbbtn-product-1&Prime;][mk_image src=\u00a0\u00bbhttps:\/\/tenco.ca\/wp-content\/uploads\/2015\/10\/tenco-bouton_05.png\u00a0\u00bb image_size=\u00a0\u00bbfull\u00a0\u00bb link=\u00a0\u00bbhttps:\/\/tenco.ca\/wp-content\/uploads\/2022\/01\/Brochure-generale-Tenco-09-2020-FR-basse-res-REV1.pdf\u00a0\u00bb target=\u00a0\u00bb_blank\u00a0\u00bb el_class=\u00a0\u00bbbtn-product-2&Prime;][\/vc_column_inner][\/vc_row_inner][vc_row_inner padding=\u00a0\u00bb0&Prime; el_class=\u00a0\u00bbtwhite\u00a0\u00bb][vc_column_inner][mk_table el_class=\u00a0\u00bbchassetbl\u00a0\u00bb]\n<table width=\"100%\">\n<thead>\n<tr>\n<th>NUM\u00c9ROS DE MOD\u00c8LES<\/th>\n<th>LONGUEUR<br \/>\nCUVE<\/th>\n<th>\u00c9PAISSEUR<br \/>\nCUVE<\/th>\n<th>HAUTEUR<br \/>\nCUVE<\/th>\n<th>COUTEAUX<br \/>\n\u00c0 45\u00b0<\/th>\n<th>POIDS<\/th>\n<\/tr>\n<\/thead>\n<tbody>\n<tr>\n<td>TCU-910-T-K-RH<\/td>\n<td>10&prime;<\/td>\n<td>1&Prime;<\/td>\n<td>20&Prime;<\/td>\n<td>7&prime; 1&Prime;<\/td>\n<td>1 950 lb<\/td>\n<\/tr>\n<tr>\n<td>TCU-911-T-K-RH<\/td>\n<td>11&prime;<\/td>\n<td>1&Prime;<\/td>\n<td>20&Prime;<\/td>\n<td>7&prime; 9&Prime;<\/td>\n<td>2 050 lb<\/td>\n<\/tr>\n<tr>\n<td>TCU-912-T-K-RH<\/td>\n<td>12&prime;<\/td>\n<td>1&Prime;<\/td>\n<td>20&Prime;<\/td>\n<td>8&prime; 6&Prime;<\/td>\n<td>2 150 lb<\/td>\n<\/tr>\n<\/tbody>\n<\/table>\n[\/mk_table][\/vc_column_inner][\/vc_row_inner][\/vc_column][\/mk_page_section][mk_page_section padding_top=\u00a0\u00bb0&Prime; padding_bottom=\u00a0\u00bb50&Prime; first_page=\u00a0\u00bbfalse\u00a0\u00bb last_page=\u00a0\u00bbfalse\u00a0\u00bb sidebar=\u00a0\u00bbsidebar-1&Prime;][vc_column el_class=\u00a0\u00bbprowhite\u00a0\u00bb][mk_padding_divider size=\u00a0\u00bb50&Prime;][vc_row_inner padding=\u00a0\u00bb0&Prime; el_class=\u00a0\u00bbtwhite\u00a0\u00bb][vc_column_inner width=\u00a0\u00bb1\/2&Prime;][mk_image src=\u00a0\u00bbhttp:\/\/tenco.ca\/wp-content\/uploads\/2015\/10\/UNDERBODY-SCRAPERS_02.jpg\u00a0\u00bb align=\u00a0\u00bbcenter\u00a0\u00bb crop=\u00a0\u00bbfalse\u00a0\u00bb][\/vc_column_inner][vc_column_inner width=\u00a0\u00bb1\/2&Prime;][vc_raw_html]JTNDZGl2JTIwY2xhc3MlM0QlMjJzZWlnZSUyMiUzRSUwQSUzQ2gzJTNFR1JBVFRFJTIwU09VUyUyMENIJUMzJTgyU1NJUyUzQyUyRmgzJTNFJTBBJTNDaDIlM0VERSUyMFMlQzMlODlSSUUlMjBUQ1UtMzExJTNDJTJGaDIlM0UlMEElMEElM0NwJTNFLSUyMEFuZ2xlJTIwZGUlMjAyNSUyMGRlZ3IlQzMlQTlzJTNDJTJGcCUzRSUwQSUzQ3AlM0UtJTIwTGFtZSUyMGVuJTIwYWNpZXIlMjBCcmluZWxsJTIwNDUwJTIwMSUyRjQlRTIlODAlOUQlM0MlMkZwJTNFJTBBJTNDcCUzRS0lMjA0JTIwcmVuZm9ydHMlMjBlbiUyMGFjaWVyJTIwNTBXJTNDJTJGcCUzRSUwQSUzQ3AlM0UtJTIwU3VzcGVuc2lvbiUyMHBhciUyMGNoYSVDMyVBRW5lJTNDJTJGcCUzRSUwQSUzQ3AlM0UtJTIwRW50cmV0aWVuJTIwbWluaW1hbCUzQyUyRnAlM0UlMEElM0NwJTNFLSUyMEluc3RhbGxhdGlvbiUyMGZhY2lsZSUzQyUyRnAlM0UlMEElM0NwJTNFLSUyMDIlMjByZXNzb3J0cyUyMHBuZXVtYXRpcXVlcyUyMGRlJTIwdHlwZSUyMDMlMjBjb252b2x1dGlvbnMlMjBldCUyMHBvdXNzJUMzJUE5ZSUyMGRpcmVjdGUlMjBzdXIlMjBsZXMlMjBjb3V0ZWF1eCUyMHBvdXIlMjB1bmUlMjBtZWlsbGV1cmUlMjBwcmVzc2lvbiUzQyUyRnAlM0UlMEElM0MlMkZkaXYlM0U=[\/vc_raw_html][mk_image src=\u00a0\u00bbhttps:\/\/tenco.ca\/wp-content\/uploads\/2015\/10\/tenco-bouton_03.png\u00a0\u00bb image_size=\u00a0\u00bbfull\u00a0\u00bb link=\u00a0\u00bb\/fr\/demande-de-soumission\/\u00a0\u00bb target=\u00a0\u00bb_blank\u00a0\u00bb el_class=\u00a0\u00bbbtn-product-1&Prime;][mk_image src=\u00a0\u00bbhttps:\/\/tenco.ca\/wp-content\/uploads\/2015\/10\/tenco-bouton_05.png\u00a0\u00bb image_size=\u00a0\u00bbfull\u00a0\u00bb link=\u00a0\u00bbhttps:\/\/tenco.ca\/wp-content\/uploads\/2022\/01\/Brochure-generale-Tenco-09-2020-FR-basse-res-REV1.pdf\u00a0\u00bb target=\u00a0\u00bb_blank\u00a0\u00bb el_class=\u00a0\u00bbbtn-product-2&Prime;][mk_padding_divider size=\u00a0\u00bb50&Prime;][\/vc_column_inner][\/vc_row_inner][mk_table el_class=\u00a0\u00bbchassetbl\u00a0\u00bb]\n<table width=\"100%\">\n<thead>\n<tr>\n<th>NUM\u00c9ROS DE MOD\u00c8LES<\/th>\n<th>LONGUEUR<br \/>\nCUVE<\/th>\n<th>\u00c9PAISSEUR<br \/>\nCUVE<\/th>\n<th>HAUTEUR<br \/>\nCUVE<\/th>\n<th>COUTEAUX<br \/>\n\u00c0 45\u00b0<\/th>\n<th>POIDS<\/th>\n<\/tr>\n<\/thead>\n<tbody>\n<tr>\n<td>TCU-311-T-P-X<\/td>\n<td>11&prime;<\/td>\n<td>.25\u201d \/<br \/>\nHardox 450<\/td>\n<td>15&Prime;<\/td>\n<td>119 5\/8\u201d<\/td>\n<td>1 430 lb<\/td>\n<\/tr>\n<\/tbody>\n<\/table>\n[\/mk_table][\/vc_column][\/mk_page_section]\n","protected":false},"excerpt":{"rendered":"<p>Con\u00e7ue pour des travaux ardus d\u2019entretien de la route, la gratte sous ch\u00e2ssis de s\u00e9rie 900 est un excellent produit Tenco. Voyez-le!<\/p>\n","protected":false},"author":4,"featured_media":0,"parent":0,"menu_order":0,"comment_status":"closed","ping_status":"closed","template":"","meta":{"_acf_changed":false,"footnotes":""},"class_list":["post-1255","page","type-page","status-publish","hentry"],"acf":[],"yoast_head":"<!-- This site is optimized with the Yoast SEO plugin v27.4 - https:\/\/yoast.com\/product\/yoast-seo-wordpress\/ -->\n<title>Gratte sous ch\u00e2ssis pour le d\u00e9gla\u00e7age et l&#039;entretien des routes | Tenco<\/title>\n<meta name=\"description\" content=\"Con\u00e7ue pour des travaux ardus d\u2019entretien de la route, les grattes sous ch\u00e2ssis Tenco sont un compl\u00e9ment id\u00e9al pour d\u00e9blayer, d\u00e9gla\u00e7er ou niveler les chauss\u00e9es\" \/>\n<meta name=\"robots\" content=\"index, follow, max-snippet:-1, max-image-preview:large, max-video-preview:-1\" \/>\n<link rel=\"canonical\" href=\"https:\/\/tenco.ca\/fr\/gratte-sous-chassis\/\" \/>\n<meta property=\"og:locale\" content=\"fr_CA\" \/>\n<meta property=\"og:type\" content=\"article\" \/>\n<meta property=\"og:title\" content=\"Gratte sous ch\u00e2ssis pour le d\u00e9gla\u00e7age et l&#039;entretien des routes | Tenco\" \/>\n<meta property=\"og:description\" content=\"Con\u00e7ue pour des travaux ardus d\u2019entretien de la route, les grattes sous ch\u00e2ssis Tenco sont un compl\u00e9ment id\u00e9al pour d\u00e9blayer, d\u00e9gla\u00e7er ou niveler les chauss\u00e9es\" \/>\n<meta property=\"og:url\" content=\"https:\/\/tenco.ca\/fr\/gratte-sous-chassis\/\" \/>\n<meta property=\"og:site_name\" content=\"Tenco\" \/>\n<meta property=\"article:modified_time\" content=\"2022-02-01T17:08:39+00:00\" \/>\n<meta name=\"twitter:card\" content=\"summary_large_image\" \/>\n<meta name=\"twitter:label1\" content=\"Estimation du temps de lecture\" \/>\n\t<meta name=\"twitter:data1\" content=\"1 minute\" \/>\n<script type=\"application\/ld+json\" class=\"yoast-schema-graph\">{\"@context\":\"https:\\\/\\\/schema.org\",\"@graph\":[{\"@type\":\"WebPage\",\"@id\":\"https:\\\/\\\/tenco.ca\\\/fr\\\/gratte-sous-chassis\\\/\",\"url\":\"https:\\\/\\\/tenco.ca\\\/fr\\\/gratte-sous-chassis\\\/\",\"name\":\"Gratte sous ch\u00e2ssis pour le d\u00e9gla\u00e7age et l'entretien des routes | Tenco\",\"isPartOf\":{\"@id\":\"https:\\\/\\\/tenco.ca\\\/ny\\\/#website\"},\"datePublished\":\"2015-10-23T18:47:01+00:00\",\"dateModified\":\"2022-02-01T17:08:39+00:00\",\"description\":\"Con\u00e7ue pour des travaux ardus d\u2019entretien de la route, les grattes sous ch\u00e2ssis Tenco sont un compl\u00e9ment id\u00e9al pour d\u00e9blayer, d\u00e9gla\u00e7er ou niveler les chauss\u00e9es\",\"breadcrumb\":{\"@id\":\"https:\\\/\\\/tenco.ca\\\/fr\\\/gratte-sous-chassis\\\/#breadcrumb\"},\"inLanguage\":\"fr-CA\",\"potentialAction\":[{\"@type\":\"ReadAction\",\"target\":[\"https:\\\/\\\/tenco.ca\\\/fr\\\/gratte-sous-chassis\\\/\"]}]},{\"@type\":\"BreadcrumbList\",\"@id\":\"https:\\\/\\\/tenco.ca\\\/fr\\\/gratte-sous-chassis\\\/#breadcrumb\",\"itemListElement\":[{\"@type\":\"ListItem\",\"position\":1,\"name\":\"Home\",\"item\":\"https:\\\/\\\/tenco.ca\\\/fr\\\/\"},{\"@type\":\"ListItem\",\"position\":2,\"name\":\"GRATTE SOUS CH\u00c2SSIS\"}]},{\"@type\":\"WebSite\",\"@id\":\"https:\\\/\\\/tenco.ca\\\/ny\\\/#website\",\"url\":\"https:\\\/\\\/tenco.ca\\\/ny\\\/\",\"name\":\"Tenco\",\"description\":\"\",\"potentialAction\":[{\"@type\":\"SearchAction\",\"target\":{\"@type\":\"EntryPoint\",\"urlTemplate\":\"https:\\\/\\\/tenco.ca\\\/ny\\\/?s={search_term_string}\"},\"query-input\":{\"@type\":\"PropertyValueSpecification\",\"valueRequired\":true,\"valueName\":\"search_term_string\"}}],\"inLanguage\":\"fr-CA\"}]}<\/script>\n<!-- \/ Yoast SEO plugin. -->","yoast_head_json":{"title":"Gratte sous ch\u00e2ssis pour le d\u00e9gla\u00e7age et l'entretien des routes | Tenco","description":"Con\u00e7ue pour des travaux ardus d\u2019entretien de la route, les grattes sous ch\u00e2ssis Tenco sont un compl\u00e9ment id\u00e9al pour d\u00e9blayer, d\u00e9gla\u00e7er ou niveler les chauss\u00e9es","robots":{"index":"index","follow":"follow","max-snippet":"max-snippet:-1","max-image-preview":"max-image-preview:large","max-video-preview":"max-video-preview:-1"},"canonical":"https:\/\/tenco.ca\/fr\/gratte-sous-chassis\/","og_locale":"fr_CA","og_type":"article","og_title":"Gratte sous ch\u00e2ssis pour le d\u00e9gla\u00e7age et l'entretien des routes | Tenco","og_description":"Con\u00e7ue pour des travaux ardus d\u2019entretien de la route, les grattes sous ch\u00e2ssis Tenco sont un compl\u00e9ment id\u00e9al pour d\u00e9blayer, d\u00e9gla\u00e7er ou niveler les chauss\u00e9es","og_url":"https:\/\/tenco.ca\/fr\/gratte-sous-chassis\/","og_site_name":"Tenco","article_modified_time":"2022-02-01T17:08:39+00:00","twitter_card":"summary_large_image","twitter_misc":{"Estimation du temps de lecture":"1 minute"},"schema":{"@context":"https:\/\/schema.org","@graph":[{"@type":"WebPage","@id":"https:\/\/tenco.ca\/fr\/gratte-sous-chassis\/","url":"https:\/\/tenco.ca\/fr\/gratte-sous-chassis\/","name":"Gratte sous ch\u00e2ssis pour le d\u00e9gla\u00e7age et l'entretien des routes | Tenco","isPartOf":{"@id":"https:\/\/tenco.ca\/ny\/#website"},"datePublished":"2015-10-23T18:47:01+00:00","dateModified":"2022-02-01T17:08:39+00:00","description":"Con\u00e7ue pour des travaux ardus d\u2019entretien de la route, les grattes sous ch\u00e2ssis Tenco sont un compl\u00e9ment id\u00e9al pour d\u00e9blayer, d\u00e9gla\u00e7er ou niveler les chauss\u00e9es","breadcrumb":{"@id":"https:\/\/tenco.ca\/fr\/gratte-sous-chassis\/#breadcrumb"},"inLanguage":"fr-CA","potentialAction":[{"@type":"ReadAction","target":["https:\/\/tenco.ca\/fr\/gratte-sous-chassis\/"]}]},{"@type":"BreadcrumbList","@id":"https:\/\/tenco.ca\/fr\/gratte-sous-chassis\/#breadcrumb","itemListElement":[{"@type":"ListItem","position":1,"name":"Home","item":"https:\/\/tenco.ca\/fr\/"},{"@type":"ListItem","position":2,"name":"GRATTE SOUS CH\u00c2SSIS"}]},{"@type":"WebSite","@id":"https:\/\/tenco.ca\/ny\/#website","url":"https:\/\/tenco.ca\/ny\/","name":"Tenco","description":"","potentialAction":[{"@type":"SearchAction","target":{"@type":"EntryPoint","urlTemplate":"https:\/\/tenco.ca\/ny\/?s={search_term_string}"},"query-input":{"@type":"PropertyValueSpecification","valueRequired":true,"valueName":"search_term_string"}}],"inLanguage":"fr-CA"}]}},"_links":{"self":[{"href":"https:\/\/tenco.ca\/fr\/wp-json\/wp\/v2\/pages\/1255","targetHints":{"allow":["GET"]}}],"collection":[{"href":"https:\/\/tenco.ca\/fr\/wp-json\/wp\/v2\/pages"}],"about":[{"href":"https:\/\/tenco.ca\/fr\/wp-json\/wp\/v2\/types\/page"}],"author":[{"embeddable":true,"href":"https:\/\/tenco.ca\/fr\/wp-json\/wp\/v2\/users\/4"}],"replies":[{"embeddable":true,"href":"https:\/\/tenco.ca\/fr\/wp-json\/wp\/v2\/comments?post=1255"}],"version-history":[{"count":0,"href":"https:\/\/tenco.ca\/fr\/wp-json\/wp\/v2\/pages\/1255\/revisions"}],"wp:attachment":[{"href":"https:\/\/tenco.ca\/fr\/wp-json\/wp\/v2\/media?parent=1255"}],"curies":[{"name":"wp","href":"https:\/\/api.w.org\/{rel}","templated":true}]}}