{"id":1249,"date":"2015-10-03T20:39:05","date_gmt":"2015-10-03T20:39:05","guid":{"rendered":"http:\/\/tenco.ca\/fr\/gratte-arriere\/"},"modified":"2022-02-01T17:10:26","modified_gmt":"2022-02-01T17:10:26","slug":"gratte-arriere","status":"publish","type":"page","link":"https:\/\/tenco.ca\/fr\/gratte-arriere\/","title":{"rendered":"GRATTE-ARRI\u00c8RE"},"content":{"rendered":"[mk_page_section padding_top=\u00a0\u00bb60&Prime; padding_bottom=\u00a0\u00bb0&Prime; predefined_bg=\u00a0\u00bb\u00a0\u00bb first_page=\u00a0\u00bbfalse\u00a0\u00bb last_page=\u00a0\u00bbfalse\u00a0\u00bb sidebar=\u00a0\u00bbsidebar-1&Prime;][vc_column el_class=\u00a0\u00bbpement\u00a0\u00bb][vc_raw_html]JTNDZGl2JTIwY2xhc3MlM0QlMjJwYWNrYWdlLXJpYmJvbi13cmFwcGVyJTIyJTNFJTBBJTNDaDElMjBjbGFzcyUzRCUyMnBhY2thZ2UtdHlwZSUyMG5vcm1hbC10eXBlJTIwZ29ib29rJTIyJTNFR1JBVFRFLUFSUkklQzMlODhSRSUzQyUyRmgxJTNFJTBBJTNDZGl2JTIwY2xhc3MlM0QlMjJwYWNrYWdlLXR5cGUtZ2ltbWljayUyMiUzRSUzQyUyRmRpdiUzRSUwQSUzQyUyRmRpdiUzRQ==[\/vc_raw_html][vc_row_inner padding=\u00a0\u00bb0&Prime;][vc_column_inner width=\u00a0\u00bb5\/12&Prime;][mk_image src=\u00a0\u00bbhttp:\/\/tenco.ca\/wp-content\/uploads\/2015\/10\/ULTRA-HEAVY-DUTY_012.jpg\u00a0\u00bb align=\u00a0\u00bbcenter\u00a0\u00bb crop=\u00a0\u00bbfalse\u00a0\u00bb][\/vc_column_inner][vc_column_inner width=\u00a0\u00bb7\/12&Prime;][mk_padding_divider size=\u00a0\u00bb50&Prime;][vc_column_text]\n<div class=\"seige\">\n<h2>GRATTE-ARRI\u00c8RE\u00a0ULTRA-ROBUSTE<\/h2>\n<p><strong>La gratte arri\u00e8re install\u00e9 sur un camion est id\u00e9ale pour le d\u00e9gla\u00e7age des routes en gravier<\/strong><\/p>\n<ul>\n<li>Mod\u00e8le \u00e0 angle et \u00e0 relevage hydraulique pour faciliter le d\u00e9gagement<\/li>\n<li>Largeur de d\u00e9blaiement de 8\u2019 4\u201d<\/li>\n<li>Support de pouss\u00e9e constitu\u00e9 de deux levier tubulaires de 3 1\/2\u201d x 3 1\/2\u201d x 3\/8\u201d, d\u2019une corni\u00e8re de 4\u201d x 6\u201d x 5\/8\u201d et de divers renforts strat\u00e9giquement positionn\u00e9s<\/li>\n<li>Deux (2) cylindres hydrauliques de 4\u201d x 12\u201d x 1 1\/2\u201d<\/li>\n<li>Une (1) valve de protection sur la ligne de retour<\/li>\n<li>Un (1) accumulateur \u00e0 vessie (azote) servant de coussin<\/li>\n<\/ul>\n<\/div>\n[\/vc_column_text][mk_image src=\u00a0\u00bbhttps:\/\/tenco.ca\/wp-content\/uploads\/2015\/10\/tenco-bouton_03.png\u00a0\u00bb image_size=\u00a0\u00bbfull\u00a0\u00bb link=\u00a0\u00bb\/fr\/demande-de-soumission\/\u00a0\u00bb target=\u00a0\u00bb_blank\u00a0\u00bb el_class=\u00a0\u00bbbtn-product-1&Prime;][mk_image src=\u00a0\u00bbhttps:\/\/tenco.ca\/wp-content\/uploads\/2015\/10\/tenco-bouton_05.png\u00a0\u00bb image_size=\u00a0\u00bbfull\u00a0\u00bb link=\u00a0\u00bbhttps:\/\/tenco.ca\/wp-content\/uploads\/2022\/01\/Brochure-generale-Tenco-09-2020-FR-basse-res-REV1.pdf\u00a0\u00bb target=\u00a0\u00bb_blank\u00a0\u00bb el_class=\u00a0\u00bbbtn-product-2&Prime;][\/vc_column_inner][\/vc_row_inner][\/vc_column][\/mk_page_section]\n","protected":false},"excerpt":{"rendered":"<p>Optimisez le d\u00e9blaiement et le d\u00e9gagement sur vos routes gr\u00e2ce \u00e0 la gratte arri\u00e8re ultra-robuste fabriqu\u00e9e par Tenco. <\/p>\n","protected":false},"author":4,"featured_media":0,"parent":0,"menu_order":0,"comment_status":"closed","ping_status":"closed","template":"","meta":{"_acf_changed":false,"footnotes":""},"class_list":["post-1249","page","type-page","status-publish","hentry"],"acf":[],"yoast_head":"<!-- This site is optimized with the Yoast SEO plugin v27.3 - https:\/\/yoast.com\/product\/yoast-seo-wordpress\/ -->\n<title>Gratte arri\u00e8re ultra-robuste pour le d\u00e9cla\u00e7age des routes | Tenco<\/title>\n<meta name=\"description\" content=\"Optimisez le d\u00e9gagement et le d\u00e9gla\u00e7age de vos routes en gravier gr\u00e2ce \u00e0 la gratte arri\u00e8re ultra-robuste fabriqu\u00e9e par Tenco.\u00a0\" \/>\n<meta name=\"robots\" content=\"index, follow, max-snippet:-1, max-image-preview:large, max-video-preview:-1\" \/>\n<link rel=\"canonical\" href=\"https:\/\/tenco.ca\/rear-scraper\/\" \/>\n<meta property=\"og:locale\" content=\"fr_CA\" \/>\n<meta property=\"og:type\" content=\"article\" \/>\n<meta property=\"og:title\" content=\"Gratte arri\u00e8re ultra-robuste pour le d\u00e9cla\u00e7age des routes | Tenco\" \/>\n<meta property=\"og:description\" content=\"Optimisez le d\u00e9gagement et le d\u00e9gla\u00e7age de vos routes en gravier gr\u00e2ce \u00e0 la gratte arri\u00e8re ultra-robuste fabriqu\u00e9e par Tenco.\u00a0\" \/>\n<meta property=\"og:url\" content=\"https:\/\/tenco.ca\/rear-scraper\/\" \/>\n<meta property=\"og:site_name\" content=\"Tenco\" \/>\n<meta property=\"article:modified_time\" content=\"2022-02-01T17:10:26+00:00\" \/>\n<meta name=\"twitter:card\" content=\"summary_large_image\" \/>\n<meta name=\"twitter:label1\" content=\"Estimation du temps de lecture\" \/>\n\t<meta name=\"twitter:data1\" content=\"1 minute\" \/>\n<script type=\"application\/ld+json\" class=\"yoast-schema-graph\">{\"@context\":\"https:\\\/\\\/schema.org\",\"@graph\":[{\"@type\":\"WebPage\",\"@id\":\"https:\\\/\\\/tenco.ca\\\/rear-scraper\\\/\",\"url\":\"https:\\\/\\\/tenco.ca\\\/rear-scraper\\\/\",\"name\":\"Gratte arri\u00e8re ultra-robuste pour le d\u00e9cla\u00e7age des routes | Tenco\",\"isPartOf\":{\"@id\":\"https:\\\/\\\/tenco.ca\\\/ny\\\/#website\"},\"datePublished\":\"2015-10-03T20:39:05+00:00\",\"dateModified\":\"2022-02-01T17:10:26+00:00\",\"description\":\"Optimisez le d\u00e9gagement et le d\u00e9gla\u00e7age de vos routes en gravier gr\u00e2ce \u00e0 la gratte arri\u00e8re ultra-robuste fabriqu\u00e9e par Tenco.\u00a0\",\"breadcrumb\":{\"@id\":\"https:\\\/\\\/tenco.ca\\\/rear-scraper\\\/#breadcrumb\"},\"inLanguage\":\"fr-CA\",\"potentialAction\":[{\"@type\":\"ReadAction\",\"target\":[\"https:\\\/\\\/tenco.ca\\\/rear-scraper\\\/\"]}]},{\"@type\":\"BreadcrumbList\",\"@id\":\"https:\\\/\\\/tenco.ca\\\/rear-scraper\\\/#breadcrumb\",\"itemListElement\":[{\"@type\":\"ListItem\",\"position\":1,\"name\":\"Home\",\"item\":\"https:\\\/\\\/tenco.ca\\\/fr\\\/\"},{\"@type\":\"ListItem\",\"position\":2,\"name\":\"GRATTE-ARRI\u00c8RE\"}]},{\"@type\":\"WebSite\",\"@id\":\"https:\\\/\\\/tenco.ca\\\/ny\\\/#website\",\"url\":\"https:\\\/\\\/tenco.ca\\\/ny\\\/\",\"name\":\"Tenco\",\"description\":\"\",\"potentialAction\":[{\"@type\":\"SearchAction\",\"target\":{\"@type\":\"EntryPoint\",\"urlTemplate\":\"https:\\\/\\\/tenco.ca\\\/ny\\\/?s={search_term_string}\"},\"query-input\":{\"@type\":\"PropertyValueSpecification\",\"valueRequired\":true,\"valueName\":\"search_term_string\"}}],\"inLanguage\":\"fr-CA\"}]}<\/script>\n<!-- \/ Yoast SEO plugin. -->","yoast_head_json":{"title":"Gratte arri\u00e8re ultra-robuste pour le d\u00e9cla\u00e7age des routes | Tenco","description":"Optimisez le d\u00e9gagement et le d\u00e9gla\u00e7age de vos routes en gravier gr\u00e2ce \u00e0 la gratte arri\u00e8re ultra-robuste fabriqu\u00e9e par Tenco.\u00a0","robots":{"index":"index","follow":"follow","max-snippet":"max-snippet:-1","max-image-preview":"max-image-preview:large","max-video-preview":"max-video-preview:-1"},"canonical":"https:\/\/tenco.ca\/rear-scraper\/","og_locale":"fr_CA","og_type":"article","og_title":"Gratte arri\u00e8re ultra-robuste pour le d\u00e9cla\u00e7age des routes | Tenco","og_description":"Optimisez le d\u00e9gagement et le d\u00e9gla\u00e7age de vos routes en gravier gr\u00e2ce \u00e0 la gratte arri\u00e8re ultra-robuste fabriqu\u00e9e par Tenco.\u00a0","og_url":"https:\/\/tenco.ca\/rear-scraper\/","og_site_name":"Tenco","article_modified_time":"2022-02-01T17:10:26+00:00","twitter_card":"summary_large_image","twitter_misc":{"Estimation du temps de lecture":"1 minute"},"schema":{"@context":"https:\/\/schema.org","@graph":[{"@type":"WebPage","@id":"https:\/\/tenco.ca\/rear-scraper\/","url":"https:\/\/tenco.ca\/rear-scraper\/","name":"Gratte arri\u00e8re ultra-robuste pour le d\u00e9cla\u00e7age des routes | Tenco","isPartOf":{"@id":"https:\/\/tenco.ca\/ny\/#website"},"datePublished":"2015-10-03T20:39:05+00:00","dateModified":"2022-02-01T17:10:26+00:00","description":"Optimisez le d\u00e9gagement et le d\u00e9gla\u00e7age de vos routes en gravier gr\u00e2ce \u00e0 la gratte arri\u00e8re ultra-robuste fabriqu\u00e9e par Tenco.\u00a0","breadcrumb":{"@id":"https:\/\/tenco.ca\/rear-scraper\/#breadcrumb"},"inLanguage":"fr-CA","potentialAction":[{"@type":"ReadAction","target":["https:\/\/tenco.ca\/rear-scraper\/"]}]},{"@type":"BreadcrumbList","@id":"https:\/\/tenco.ca\/rear-scraper\/#breadcrumb","itemListElement":[{"@type":"ListItem","position":1,"name":"Home","item":"https:\/\/tenco.ca\/fr\/"},{"@type":"ListItem","position":2,"name":"GRATTE-ARRI\u00c8RE"}]},{"@type":"WebSite","@id":"https:\/\/tenco.ca\/ny\/#website","url":"https:\/\/tenco.ca\/ny\/","name":"Tenco","description":"","potentialAction":[{"@type":"SearchAction","target":{"@type":"EntryPoint","urlTemplate":"https:\/\/tenco.ca\/ny\/?s={search_term_string}"},"query-input":{"@type":"PropertyValueSpecification","valueRequired":true,"valueName":"search_term_string"}}],"inLanguage":"fr-CA"}]}},"_links":{"self":[{"href":"https:\/\/tenco.ca\/fr\/wp-json\/wp\/v2\/pages\/1249","targetHints":{"allow":["GET"]}}],"collection":[{"href":"https:\/\/tenco.ca\/fr\/wp-json\/wp\/v2\/pages"}],"about":[{"href":"https:\/\/tenco.ca\/fr\/wp-json\/wp\/v2\/types\/page"}],"author":[{"embeddable":true,"href":"https:\/\/tenco.ca\/fr\/wp-json\/wp\/v2\/users\/4"}],"replies":[{"embeddable":true,"href":"https:\/\/tenco.ca\/fr\/wp-json\/wp\/v2\/comments?post=1249"}],"version-history":[{"count":0,"href":"https:\/\/tenco.ca\/fr\/wp-json\/wp\/v2\/pages\/1249\/revisions"}],"wp:attachment":[{"href":"https:\/\/tenco.ca\/fr\/wp-json\/wp\/v2\/media?parent=1249"}],"curies":[{"name":"wp","href":"https:\/\/api.w.org\/{rel}","templated":true}]}}