{"id":12387,"date":"2020-09-25T18:05:47","date_gmt":"2020-09-25T18:05:47","guid":{"rendered":"https:\/\/tenco.ca\/?page_id=12387"},"modified":"2024-01-29T16:40:14","modified_gmt":"2024-01-29T16:40:14","slug":"manoeuvre-finition-mecanique-de-jour","status":"publish","type":"page","link":"https:\/\/tenco.ca\/fr\/manoeuvre-finition-mecanique-de-jour\/","title":{"rendered":"Manoeuvre finition m\u00e9canique de jour"},"content":{"rendered":"[mk_page_section padding_top=\u00a0\u00bb0&Prime; padding_bottom=\u00a0\u00bb0&Prime; first_page=\u00a0\u00bbfalse\u00a0\u00bb last_page=\u00a0\u00bbfalse\u00a0\u00bb sidebar=\u00a0\u00bbsidebar-1&Prime;][vc_column width=\u00a0\u00bb1\/6&Prime;][\/vc_column][vc_column width=\u00a0\u00bb2\/3&Prime; css=\u00a0\u00bb.vc_custom_1540943235035{margin-bottom: 30px !important;}\u00a0\u00bb][vc_row_inner css=\u00a0\u00bb.vc_custom_1540943640588{margin-top: 0px !important;padding-bottom: 2em !important;}\u00a0\u00bb el_class=\u00a0\u00bbwhite-transparent-box\u00a0\u00bb][vc_column_inner css=\u00a0\u00bb.vc_custom_1540738932465{padding-top: 3em !important;padding-right: 4% !important;padding-bottom: 1em !important;padding-left: 4% !important;}\u00a0\u00bb][vc_column_text disable_pattern=\u00a0\u00bbfalse\u00a0\u00bb]\n<h1 style=\"text-align: center;\"><strong>Manoeuvre finition m\u00e9canique de jour<br \/>\n<\/strong><\/h1>\n[\/vc_column_text][mk_table el_class=\u00a0\u00bbtransparent-box\u00a0\u00bb]\n<table width=\"100%\">\n<tbody>\n<tr>\n<td style=\"border: none;\" width=\"40px\"><img decoding=\"async\" class=\"alignnone size-full wp-image-9611\" src=\"https:\/\/tenco.ca\/wp-content\/uploads\/2018\/10\/entree-fonction.png\" alt=\"Date d'entr\u00e9e soudeur-monteur\" width=\"40\" srcset=\"https:\/\/tenco.ca\/wp-content\/uploads\/2018\/10\/entree-fonction.png 100w, https:\/\/tenco.ca\/wp-content\/uploads\/2018\/10\/entree-fonction-1024x1024.png 1024w\" sizes=\"(max-width: 100px) 85vw, 100px\" \/><\/td>\n<td style=\"border: none; text-align: left;\">\n<p style=\"color: #1f1f1f; font-size: 1.25em; padding: 0; margin: 0;\"><strong><span style=\"color: #1f1f1f;\">Date d&rsquo;entr\u00e9e en fonction\u00a0:<\/span><\/strong> D\u00e8s que possible<\/p>\n<\/td>\n<\/tr>\n<tr>\n<td style=\"border: none;\" width=\"40px\"><img decoding=\"async\" class=\"alignnone wp-image-9616 size-full\" src=\"https:\/\/tenco.ca\/wp-content\/uploads\/2018\/10\/salaire.png\" alt=\"salaire soudeur-monteur\" width=\"40\" \/><\/td>\n<td style=\"border: none; text-align: left;\">\n<p style=\"color: #1f1f1f; font-size: 1.25em; padding: 0; margin: 0;\"><strong><span style=\"color: #1f1f1f;\">Salaire :<\/span><\/strong> 23,84 $ \u00e0 27.12 $ par heure selon exp\u00e9rience<\/p>\n<\/td>\n<\/tr>\n<tr>\n<td style=\"border: none;\" width=\"40px\"><img decoding=\"async\" class=\"alignnone wp-image-9612 size-full\" src=\"https:\/\/tenco.ca\/wp-content\/uploads\/2018\/10\/horaire.png\" alt=\"horaire soudeur\" width=\"40\" \/><\/td>\n<td style=\"border: none; text-align: left;\">\n<p style=\"color: #1f1f1f; font-size: 1.25em; padding: 0; margin: 0;\"><strong><span style=\"color: #1f1f1f;\">Horaire de travail :<\/span><\/strong>\u00a0Temps plein, 40 heures<\/p>\n<\/td>\n<\/tr>\n<tr>\n<td style=\"border: none;\" width=\"40px\"><img decoding=\"async\" class=\"alignnone wp-image-9617 size-full\" src=\"https:\/\/tenco.ca\/wp-content\/uploads\/2018\/10\/statut-emploi.png\" alt=\"statut emploi soudeur\" width=\"40\" \/><\/td>\n<td style=\"border: none; text-align: left;\">\n<p style=\"color: #1f1f1f; font-size: 1.25em; padding: 0; margin: 0;\"><strong><span style=\"color: #1f1f1f;\">Statut de l&#8217;emploi :<\/span><\/strong> Permanent<\/p>\n<\/td>\n<\/tr>\n<tr>\n<td style=\"border: none;\" width=\"40px\"><img decoding=\"async\" class=\"alignnone wp-image-9615 size-full\" src=\"https:\/\/tenco.ca\/wp-content\/uploads\/2018\/10\/quart-travail.png\" alt=\"quart de travail soudeur-monteur\" width=\"40\" \/><\/td>\n<td style=\"border: none; text-align: left;\">\n<p style=\"color: #1f1f1f; font-size: 1.25em; padding: 0; margin: 0;\"><strong><span style=\"color: #1f1f1f;\">Quart de travail :<\/span><\/strong> Jour<\/p>\n<\/td>\n<\/tr>\n<\/tbody>\n<\/table>\n[\/mk_table][vc_column_text]\n<p style=\"text-align: center; margin-top: 4em;\"><a class=\"fancybox-inline ashbtnfr\" href=\"#postuler\">POSTULER<\/a><\/p>\n[\/vc_column_text][\/vc_column_inner][\/vc_row_inner][vc_row_inner css=\u00a0\u00bb.vc_custom_1540943036448{margin-top: 30px !important;margin-bottom: 0px !important;padding-bottom: 2em !important;}\u00a0\u00bb el_class=\u00a0\u00bbwhite-transparent-box\u00a0\u00bb][vc_column_inner css=\u00a0\u00bb.vc_custom_1540738932465{padding-top: 3em !important;padding-right: 4% !important;padding-bottom: 1em !important;padding-left: 4% !important;}\u00a0\u00bb][vc_column_text disable_pattern=\u00a0\u00bbfalse\u00a0\u00bb]\n<h3 style=\"color: #f47f21; margin: 0;\"><b>D<span style=\"text-transform: lowercase;\">escription du poste<\/span><\/b><\/h3>\n<hr \/>\n[\/vc_column_text][vc_column_text disable_pattern=\u00a0\u00bbfalse\u00a0\u00bb]*Appellation interne : Finition 2<\/p>\n<p>L\u2019entreprise a agrandit ses installations sur ses terrains de St-Val\u00e9rien-de-Milton, \u00e0 20 minutes de Granby, 25 minutes de Ste-Hyacinthe et 45 minutes de Drummondville.\u00a0<strong>Des postes permanents et \u00e0 temps plein sont disponibles.<\/strong><\/p>\n<p>Sous la supervision du contrema\u00eetre, \u00e0 titre de <strong>Pr\u00e9pos\u00e9 \u00e0 la finition<\/strong>, vous effectuez diff\u00e9rents travaux d&rsquo;assemblage m\u00e9canique, hydraulique et \u00e9lectrique, sur des bennes, des saleuses et des convoyeurs. Vous devrez d\u00e9placer des charges \u00e0 l&rsquo;aide d&rsquo;un pont roulant et travailler en \u00e9quipe.\u00a0<strong>Venez voir nos nouvelles installations!<\/strong><\/p>\n<p>Des opportunit\u00e9s d&rsquo;\u00e9volution de carri\u00e8re sont disponibles au sein de l&rsquo;entreprise.<\/p>\n<ul>\n<li>Salaire pour d\u00e9buter entre 23.84$ et 27.12$\/hre, selon exp\u00e9rience;<\/li>\n<li>Emploi permanent du lundi au vendredi, 40 heures\/semaine;<\/li>\n<li>Horaire de travail de 7h00 \u00e0 15h00 (lundi au vendredi) ou 6h30 \u00e0 15h (lundi au jeudi) et vendredi de 6h30 \u00e0 midi;<\/li>\n<li>Demi-heure de pause d\u00eener r\u00e9mun\u00e9r\u00e9e;<\/li>\n<li>Assurances collectives;<\/li>\n<li>Programme d&rsquo;aide aux employ\u00e9s;<\/li>\n<li>T\u00e9l\u00e9m\u00e9decine;<\/li>\n<li>REER collectif avec cotisation de l\u2019employeur;<\/li>\n<li>Possibilit\u00e9 de temps suppl\u00e9mentaire;<\/li>\n<li>Temps suppl\u00e9mentaire pay\u00e9 taux double apr\u00e8s 45h\/semaine;<\/li>\n<li>Bottes de travail et lunettes de s\u00e9curit\u00e9 avec prescriptions pay\u00e9es ;<\/li>\n<li>Prime de r\u00e9f\u00e9rencement de 2000$\/employ\u00e9 r\u00e9f\u00e9r\u00e9 ;<\/li>\n<li>Et bien plus encore !<\/li>\n<\/ul>\n[\/vc_column_text][\/vc_column_inner][\/vc_row_inner][\/vc_column][vc_column width=\u00a0\u00bb1\/6&Prime;][\/vc_column][\/mk_page_section][mk_page_section padding_top=\u00a0\u00bb0&Prime; padding_bottom=\u00a0\u00bb0&Prime; first_page=\u00a0\u00bbfalse\u00a0\u00bb last_page=\u00a0\u00bbfalse\u00a0\u00bb sidebar=\u00a0\u00bbsidebar-1&Prime;][vc_column width=\u00a0\u00bb1\/6&Prime;][\/vc_column][vc_column width=\u00a0\u00bb2\/3&Prime;][vc_row_inner css=\u00a0\u00bb.vc_custom_1540943257984{margin-top: 0px !important;margin-bottom: 30px !important;padding-bottom: 1em !important;background-color: #787878 !important;}\u00a0\u00bb el_class=\u00a0\u00bbexigences-box\u00a0\u00bb][vc_column_inner css=\u00a0\u00bb.vc_custom_1540738932465{padding-top: 3em !important;padding-right: 4% !important;padding-bottom: 1em !important;padding-left: 4% !important;}\u00a0\u00bb][vc_column_text disable_pattern=\u00a0\u00bbfalse\u00a0\u00bb]<b>Comp\u00e9tences requises<\/b><\/p>\n<ul>\n<li>Bonne dext\u00e9rit\u00e9 manuelle;<\/li>\n<li>Capacit\u00e9 \u00e0 op\u00e9rer de fa\u00e7on s\u00e9curitaire le chariot \u00e9l\u00e9vateur;<\/li>\n<li>Ma\u00eetrise de la proc\u00e9dure de chargement et de d\u00e9chargement s\u00e9curitaire et efficace de l\u2019acier et des \u00e9quipements;<\/li>\n<li>Capacit\u00e9 \u00e0 effectuer des calculs math\u00e9matiques;<\/li>\n<li>Connaissances de base en informatique;<\/li>\n<li>Connaissances m\u00e9caniques\/hydrauliques (un atout).<\/li>\n<\/ul>\n<p><b>Profil recherch\u00e9<\/b><\/p>\n<ul>\n<li>Autonomie, planification, organisation et de coordination du travail;<\/li>\n<li>Bonne condition physique pour \u00eatre en mesure de soulever des charges;<\/li>\n<li>Aptitudes au travail d\u2019\u00e9quipe;<\/li>\n<li>Bonne coordination visuelle et manuelle;<\/li>\n<li>Esprit critique et capacit\u00e9s d\u2019analyse et de raisonnement;<\/li>\n<li>Aptitudes \u00e0 \u00e9changer, transmettre et recevoir de l\u2019information.<\/li>\n<\/ul>\n[\/vc_column_text][\/vc_column_inner][\/vc_row_inner][\/vc_column][vc_column width=\u00a0\u00bb1\/6&Prime;][\/vc_column][\/mk_page_section][mk_page_section padding_top=\u00a0\u00bb0&Prime; padding_bottom=\u00a0\u00bb0&Prime; first_page=\u00a0\u00bbfalse\u00a0\u00bb last_page=\u00a0\u00bbfalse\u00a0\u00bb sidebar=\u00a0\u00bbsidebar-1&Prime;][vc_column width=\u00a0\u00bb1\/6&Prime;][\/vc_column][vc_column width=\u00a0\u00bb2\/3&Prime; css=\u00a0\u00bb.vc_custom_1540932356706{margin-top: 0px !important;}\u00a0\u00bb][vc_raw_html]JTNDZGl2JTIwY2xhc3MlM0QlMjJwYWNrYWdlLXJpYmJvbi13cmFwcGVyJTIyJTNFJTBBJTNDZGl2JTIwY2xhc3MlM0QlMjJwYWNrYWdlLXR5cGUlMjBub3JtYWwtdHlwZSUyMGdvYm9vayUyMiUzRUFWQU5UQUdFUyUzQyUyRmRpdiUzRSUwQSUzQ2RpdiUyMGNsYXNzJTNEJTIycGFja2FnZS10eXBlLWdpbW1pY2slMjIlM0UlM0MlMkZkaXYlM0UlMEElM0MlMkZkaXYlM0U=[\/vc_raw_html][vc_row_inner css=\u00a0\u00bb.vc_custom_1540931771845{margin-top: 0px !important;padding-top: 30px !important;padding-right: 3% !important;padding-bottom: 0px !important;padding-left: 3% !important;background-color: #e5e5e5 !important;}\u00a0\u00bb el_class=\u00a0\u00bbavantages-grey-box\u00a0\u00bb][vc_column_inner width=\u00a0\u00bb1\/3&Prime; css=\u00a0\u00bb.vc_custom_1540750252452{padding-top: 20px !important;}\u00a0\u00bb][vc_column_text]\n<h3 style=\"text-align: center;\"><img loading=\"lazy\" decoding=\"async\" class=\"alignnone size-full wp-image-9495\" src=\"https:\/\/tenco.ca\/wp-content\/uploads\/2018\/10\/icone-syndicat.png\" alt=\"icone-syndicat\" width=\"140\" height=\"140\" srcset=\"https:\/\/tenco.ca\/wp-content\/uploads\/2018\/10\/icone-syndicat.png 140w, https:\/\/tenco.ca\/wp-content\/uploads\/2018\/10\/icone-syndicat-100x100.png 100w\" sizes=\"auto, (max-width: 140px) 85vw, 140px\" \/><\/h3>\n<h3 style=\"text-align: center;\">Ambiance de travail<\/h3>\n<p style=\"text-align: center;\">Amicale et dynamique!<\/p>\n<p style=\"text-align: center;\"><a href=\"https:\/\/tenco.ca\/fr\/carriere\/\" target=\"_blank\" rel=\"noopener\"><strong><span style=\"color: #ff9900;\">En savoir Plus<\/span><\/strong><\/a><\/p>\n[\/vc_column_text][\/vc_column_inner][vc_column_inner width=\u00a0\u00bb1\/3&Prime; css=\u00a0\u00bb.vc_custom_1540750267045{padding-top: 20px !important;}\u00a0\u00bb][vc_column_text]\n<h3 style=\"text-align: center;\"><img loading=\"lazy\" decoding=\"async\" class=\"alignnone size-full wp-image-9491\" src=\"https:\/\/tenco.ca\/wp-content\/uploads\/2018\/10\/icone-aggrandissement.png\" alt=\"Agrandissement\" width=\"140\" height=\"140\" srcset=\"https:\/\/tenco.ca\/wp-content\/uploads\/2018\/10\/icone-aggrandissement.png 140w, https:\/\/tenco.ca\/wp-content\/uploads\/2018\/10\/icone-aggrandissement-100x100.png 100w\" sizes=\"auto, (max-width: 140px) 85vw, 140px\" \/><\/h3>\n<h3 style=\"text-align: center;\">Grande usine<\/h3>\n<p style=\"text-align: center;\">Nouvellement agrandie; de<br \/>\n100 000\u00a0pi2 \u00e0 150\u00a0000\u00a0pi2.<\/p>\n[\/vc_column_text][\/vc_column_inner][vc_column_inner width=\u00a0\u00bb1\/3&Prime; css=\u00a0\u00bb.vc_custom_1540750276594{padding-top: 20px !important;}\u00a0\u00bb][vc_column_text]\n<h3 style=\"text-align: center;\"><img loading=\"lazy\" decoding=\"async\" class=\"alignnone size-full wp-image-9494\" src=\"https:\/\/tenco.ca\/wp-content\/uploads\/2018\/10\/icone-formation.png\" alt=\"icone-formation\" width=\"140\" height=\"140\" srcset=\"https:\/\/tenco.ca\/wp-content\/uploads\/2018\/10\/icone-formation.png 140w, https:\/\/tenco.ca\/wp-content\/uploads\/2018\/10\/icone-formation-100x100.png 100w\" sizes=\"auto, (max-width: 140px) 85vw, 140px\" \/><\/h3>\n<h3 style=\"text-align: center;\">Formation continue<\/h3>\n<p style=\"text-align: center;\">Continuez \u00e0 d\u00e9velopper vos comp\u00e9tences avec nos mentors.<\/p>\n[\/vc_column_text][\/vc_column_inner][\/vc_row_inner][vc_row_inner css=\u00a0\u00bb.vc_custom_1540931986462{padding-top: 0px !important;padding-right: 3% !important;padding-bottom: 30px !important;padding-left: 3% !important;background-color: #e5e5e5 !important;}\u00a0\u00bb el_class=\u00a0\u00bbavantages-grey-box\u00a0\u00bb][vc_column_inner width=\u00a0\u00bb1\/3&Prime; css=\u00a0\u00bb.vc_custom_1540750286384{padding-top: 20px !important;}\u00a0\u00bb][vc_column_text]\n<h3 style=\"text-align: center;\"><img loading=\"lazy\" decoding=\"async\" class=\"alignnone size-full wp-image-9493\" src=\"https:\/\/tenco.ca\/wp-content\/uploads\/2018\/10\/icone-diner.png\" alt=\"icone-diner\" width=\"140\" height=\"140\" srcset=\"https:\/\/tenco.ca\/wp-content\/uploads\/2018\/10\/icone-diner.png 140w, https:\/\/tenco.ca\/wp-content\/uploads\/2018\/10\/icone-diner-100x100.png 100w\" sizes=\"auto, (max-width: 140px) 85vw, 140px\" \/><\/h3>\n<h3 style=\"text-align: center;\">D\u00eener pay\u00e9<\/h3>\n<p style=\"text-align: center;\">30 minutes de d\u00eener pay\u00e9 pour les employ\u00e9s syndiqu\u00e9s<\/p>\n[\/vc_column_text][\/vc_column_inner][vc_column_inner width=\u00a0\u00bb1\/3&Prime; css=\u00a0\u00bb.vc_custom_1540750294389{padding-top: 20px !important;}\u00a0\u00bb][vc_column_text]\n<h3 style=\"text-align: center;\"><img loading=\"lazy\" decoding=\"async\" class=\"alignnone size-full wp-image-9492\" src=\"https:\/\/tenco.ca\/wp-content\/uploads\/2018\/10\/icone-assurances.png\" alt=\"icone-assurances\" width=\"140\" height=\"140\" srcset=\"https:\/\/tenco.ca\/wp-content\/uploads\/2018\/10\/icone-assurances.png 140w, https:\/\/tenco.ca\/wp-content\/uploads\/2018\/10\/icone-assurances-100x100.png 100w\" sizes=\"auto, (max-width: 140px) 85vw, 140px\" \/><\/h3>\n<h3 style=\"text-align: center;\">Assurances collectives<\/h3>\n<p style=\"text-align: center;\">Apr\u00e8s 3 mois, et incluant un plan dentaire apr\u00e8s 1 an de service continu.<\/p>\n[\/vc_column_text][\/vc_column_inner][vc_column_inner width=\u00a0\u00bb1\/3&Prime; css=\u00a0\u00bb.vc_custom_1540750327232{padding-top: 20px !important;}\u00a0\u00bb][vc_column_text]\n<h3 style=\"text-align: center;\"><img loading=\"lazy\" decoding=\"async\" class=\"alignnone size-full wp-image-9496\" src=\"https:\/\/tenco.ca\/wp-content\/uploads\/2018\/10\/icone-transport.png\" alt=\"icone-transport\" width=\"140\" height=\"140\" srcset=\"https:\/\/tenco.ca\/wp-content\/uploads\/2018\/10\/icone-transport.png 140w, https:\/\/tenco.ca\/wp-content\/uploads\/2018\/10\/icone-transport-100x100.png 100w\" sizes=\"auto, (max-width: 140px) 85vw, 140px\" \/><\/h3>\n<h3 style=\"text-align: center;\">Transport<\/h3>\n<p style=\"text-align: center;\">Pas de trafic pour vous rendre au travail:<br \/>\n\u00c0 20 min de Granby,<br \/>\n25 min de Ste-Hyacinthe,<br \/>\n40 min de Drummondville ou de Boucherville<\/p>\n[\/vc_column_text][\/vc_column_inner][\/vc_row_inner][vc_row_inner css=\u00a0\u00bb.vc_custom_1540757526095{padding-top: 10px !important;padding-right: 3% !important;padding-bottom: 20px !important;padding-left: 3% !important;background-color: #f17f3a !important;}\u00a0\u00bb el_class=\u00a0\u00bbformulaire-emploi-box\u00a0\u00bb][vc_column_inner][vc_raw_html]JTNDYSUyMGlkJTNEJTIycG9zdHVsZXIlMjIlM0UlM0MlMkZhJTNF[\/vc_raw_html][vc_column_text]\n<h1>POSTULER POUR CE POSTE<\/h1>\n[\/vc_column_text][\/vc_column_inner][\/vc_row_inner][vc_row_inner css=\u00a0\u00bb.vc_custom_1540753657265{padding-top: 0px !important;padding-right: 3% !important;padding-bottom: 0px !important;padding-left: 3% !important;background-color: #f17f3a !important;}\u00a0\u00bb el_class=\u00a0\u00bbformulaire-emploi-box\u00a0\u00bb][vc_column_inner width=\u00a0\u00bb1\/3&Prime;][vc_single_image image=\u00a0\u00bb12014&Prime; img_size=\u00a0\u00bbfull\u00a0\u00bb][\/vc_column_inner][vc_column_inner width=\u00a0\u00bb2\/3&Prime; css=\u00a0\u00bb.vc_custom_1540756394051{background-color: #ffffff !important;}\u00a0\u00bb][vc_raw_html css=\u00a0\u00bb.vc_custom_1666796150568{padding-left: 30px !important;}\u00a0\u00bb]JTNDc2NyaXB0JTIwY2hhcnNldCUzRCUyMnV0Zi04JTIyJTIwdHlwZSUzRCUyMnRleHQlMkZqYXZhc2NyaXB0JTIyJTIwc3JjJTNEJTIyJTJGJTJGanMuaHNmb3Jtcy5uZXQlMkZmb3JtcyUyRmVtYmVkJTJGdjIuanMlMjIlM0UlM0MlMkZzY3JpcHQlM0UlMEElM0NzY3JpcHQlM0UlMEElMjAlMjBoYnNwdC5mb3Jtcy5jcmVhdGUlMjglN0IlMEElMjAlMjAlMjAlMjByZWdpb24lM0ElMjAlMjJuYTElMjIlMkMlMEElMjAlMjAlMjAlMjBwb3J0YWxJZCUzQSUyMCUyMjUwMjcxNTUlMjIlMkMlMEElMjAlMjAlMjAlMjBmb3JtSWQlM0ElMjAlMjIxYjhhYWM2OS05ZjM4LTRlYTQtYWJkNC1lYTNhODEzZGYxMzglMjIlMEElMjAlMjAlN0QlMjklM0IlMEElM0MlMkZzY3JpcHQlM0U=[\/vc_raw_html][\/vc_column_inner][\/vc_row_inner][\/vc_column][vc_column width=\u00a0\u00bb1\/6&Prime;][\/vc_column][\/mk_page_section]\n","protected":false},"excerpt":{"rendered":"<p>[mk_page_section padding_top=\u00a0\u00bb0&Prime; padding_bottom=\u00a0\u00bb0&Prime; first_page=\u00a0\u00bbfalse\u00a0\u00bb last_page=\u00a0\u00bbfalse\u00a0\u00bb sidebar=\u00a0\u00bbsidebar-1&Prime;][vc_column width=\u00a0\u00bb1\/6&Prime;][\/vc_column][vc_column width=\u00a0\u00bb2\/3&Prime; css=\u00a0\u00bb.vc_custom_1540943235035{margin-bottom: 30px !important;}\u00a0\u00bb][vc_row_inner css=\u00a0\u00bb.vc_custom_1540943640588{margin-top: 0px !important;padding-bottom: 2em !important;}\u00a0\u00bb el_class=\u00a0\u00bbwhite-transparent-box\u00a0\u00bb][vc_column_inner css=\u00a0\u00bb.vc_custom_1540738932465{padding-top: 3em !important;padding-right: 4% !important;padding-bottom: 1em !important;padding-left: 4% !important;}\u00a0\u00bb][vc_column_text disable_pattern=\u00a0\u00bbfalse\u00a0\u00bb] Manoeuvre finition m\u00e9canique de jour [\/vc_column_text][mk_table el_class=\u00a0\u00bbtransparent-box\u00a0\u00bb] Date d&rsquo;entr\u00e9e en fonction\u00a0: D\u00e8s que possible Salaire : 23,84 $ \u00e0 27.12 $ par heure selon exp\u00e9rience Horaire de travail [&hellip;]<\/p>\n","protected":false},"author":7,"featured_media":0,"parent":0,"menu_order":0,"comment_status":"closed","ping_status":"closed","template":"","meta":{"_acf_changed":false,"footnotes":""},"class_list":["post-12387","page","type-page","status-publish","hentry"],"acf":[],"yoast_head":"<!-- This site is optimized with the Yoast SEO plugin v27.4 - https:\/\/yoast.com\/product\/yoast-seo-wordpress\/ -->\n<title>Emploi manoeuvre finition m\u00e9canique de jour | TENCO<\/title>\n<meta name=\"description\" content=\"Nous sommes \u00e0 la recherche de manoeuvres finition m\u00e9canique de jour pour effectuer des assemblages m\u00e9caniques. Vous d\u00e9sirez joindre une entreprise en pleine expansion? Contactez-nous pour cet emploi! Tous les postes sont ouverts aux hommes et aux femmes. Tenco fabrique des \u00e9quipements de d\u00e9neigement.\" \/>\n<meta name=\"robots\" content=\"noindex, nofollow\" \/>\n<meta property=\"og:locale\" content=\"fr_CA\" \/>\n<meta property=\"og:type\" content=\"article\" \/>\n<meta property=\"og:title\" content=\"Emploi manoeuvre finition m\u00e9canique de jour | TENCO\" \/>\n<meta property=\"og:description\" content=\"Nous sommes \u00e0 la recherche de manoeuvres finition m\u00e9canique de jour pour effectuer des assemblages m\u00e9caniques. Vous d\u00e9sirez joindre une entreprise en pleine expansion? Contactez-nous pour cet emploi! Tous les postes sont ouverts aux hommes et aux femmes. Tenco fabrique des \u00e9quipements de d\u00e9neigement.\" \/>\n<meta property=\"og:url\" content=\"https:\/\/tenco.ca\/fr\/manoeuvre-finition-mecanique-de-jour\/\" \/>\n<meta property=\"og:site_name\" content=\"Tenco\" \/>\n<meta property=\"article:modified_time\" content=\"2024-01-29T16:40:14+00:00\" \/>\n<meta property=\"og:image\" content=\"https:\/\/tenco.ca\/wp-content\/uploads\/2018\/10\/entree-fonction.png\" \/>\n<meta name=\"twitter:card\" content=\"summary_large_image\" \/>\n<meta name=\"twitter:label1\" content=\"Estimation du temps de lecture\" \/>\n\t<meta name=\"twitter:data1\" content=\"5 minutes\" \/>\n<script type=\"application\/ld+json\" class=\"yoast-schema-graph\">{\"@context\":\"https:\\\/\\\/schema.org\",\"@graph\":[{\"@type\":\"WebPage\",\"@id\":\"https:\\\/\\\/tenco.ca\\\/fr\\\/manoeuvre-finition-mecanique-de-jour\\\/\",\"url\":\"https:\\\/\\\/tenco.ca\\\/fr\\\/manoeuvre-finition-mecanique-de-jour\\\/\",\"name\":\"Emploi manoeuvre finition m\u00e9canique de jour | TENCO\",\"isPartOf\":{\"@id\":\"https:\\\/\\\/tenco.ca\\\/ny\\\/#website\"},\"primaryImageOfPage\":{\"@id\":\"https:\\\/\\\/tenco.ca\\\/fr\\\/manoeuvre-finition-mecanique-de-jour\\\/#primaryimage\"},\"image\":{\"@id\":\"https:\\\/\\\/tenco.ca\\\/fr\\\/manoeuvre-finition-mecanique-de-jour\\\/#primaryimage\"},\"thumbnailUrl\":\"https:\\\/\\\/tenco.ca\\\/wp-content\\\/uploads\\\/2018\\\/10\\\/entree-fonction.png\",\"datePublished\":\"2020-09-25T18:05:47+00:00\",\"dateModified\":\"2024-01-29T16:40:14+00:00\",\"description\":\"Nous sommes \u00e0 la recherche de manoeuvres finition m\u00e9canique de jour pour effectuer des assemblages m\u00e9caniques. Vous d\u00e9sirez joindre une entreprise en pleine expansion? Contactez-nous pour cet emploi! Tous les postes sont ouverts aux hommes et aux femmes. Tenco fabrique des \u00e9quipements de d\u00e9neigement.\",\"breadcrumb\":{\"@id\":\"https:\\\/\\\/tenco.ca\\\/fr\\\/manoeuvre-finition-mecanique-de-jour\\\/#breadcrumb\"},\"inLanguage\":\"fr-CA\",\"potentialAction\":[{\"@type\":\"ReadAction\",\"target\":[\"https:\\\/\\\/tenco.ca\\\/fr\\\/manoeuvre-finition-mecanique-de-jour\\\/\"]}]},{\"@type\":\"ImageObject\",\"inLanguage\":\"fr-CA\",\"@id\":\"https:\\\/\\\/tenco.ca\\\/fr\\\/manoeuvre-finition-mecanique-de-jour\\\/#primaryimage\",\"url\":\"https:\\\/\\\/tenco.ca\\\/wp-content\\\/uploads\\\/2018\\\/10\\\/entree-fonction.png\",\"contentUrl\":\"https:\\\/\\\/tenco.ca\\\/wp-content\\\/uploads\\\/2018\\\/10\\\/entree-fonction.png\"},{\"@type\":\"BreadcrumbList\",\"@id\":\"https:\\\/\\\/tenco.ca\\\/fr\\\/manoeuvre-finition-mecanique-de-jour\\\/#breadcrumb\",\"itemListElement\":[{\"@type\":\"ListItem\",\"position\":1,\"name\":\"Home\",\"item\":\"https:\\\/\\\/tenco.ca\\\/fr\\\/\"},{\"@type\":\"ListItem\",\"position\":2,\"name\":\"Manoeuvre finition m\u00e9canique de jour\"}]},{\"@type\":\"WebSite\",\"@id\":\"https:\\\/\\\/tenco.ca\\\/ny\\\/#website\",\"url\":\"https:\\\/\\\/tenco.ca\\\/ny\\\/\",\"name\":\"Tenco\",\"description\":\"\",\"potentialAction\":[{\"@type\":\"SearchAction\",\"target\":{\"@type\":\"EntryPoint\",\"urlTemplate\":\"https:\\\/\\\/tenco.ca\\\/ny\\\/?s={search_term_string}\"},\"query-input\":{\"@type\":\"PropertyValueSpecification\",\"valueRequired\":true,\"valueName\":\"search_term_string\"}}],\"inLanguage\":\"fr-CA\"}]}<\/script>\n<!-- \/ Yoast SEO plugin. -->","yoast_head_json":{"title":"Emploi manoeuvre finition m\u00e9canique de jour | TENCO","description":"Nous sommes \u00e0 la recherche de manoeuvres finition m\u00e9canique de jour pour effectuer des assemblages m\u00e9caniques. Vous d\u00e9sirez joindre une entreprise en pleine expansion? Contactez-nous pour cet emploi! Tous les postes sont ouverts aux hommes et aux femmes. Tenco fabrique des \u00e9quipements de d\u00e9neigement.","robots":{"index":"noindex","follow":"nofollow"},"og_locale":"fr_CA","og_type":"article","og_title":"Emploi manoeuvre finition m\u00e9canique de jour | TENCO","og_description":"Nous sommes \u00e0 la recherche de manoeuvres finition m\u00e9canique de jour pour effectuer des assemblages m\u00e9caniques. Vous d\u00e9sirez joindre une entreprise en pleine expansion? Contactez-nous pour cet emploi! Tous les postes sont ouverts aux hommes et aux femmes. Tenco fabrique des \u00e9quipements de d\u00e9neigement.","og_url":"https:\/\/tenco.ca\/fr\/manoeuvre-finition-mecanique-de-jour\/","og_site_name":"Tenco","article_modified_time":"2024-01-29T16:40:14+00:00","og_image":[{"url":"https:\/\/tenco.ca\/wp-content\/uploads\/2018\/10\/entree-fonction.png","type":"","width":"","height":""}],"twitter_card":"summary_large_image","twitter_misc":{"Estimation du temps de lecture":"5 minutes"},"schema":{"@context":"https:\/\/schema.org","@graph":[{"@type":"WebPage","@id":"https:\/\/tenco.ca\/fr\/manoeuvre-finition-mecanique-de-jour\/","url":"https:\/\/tenco.ca\/fr\/manoeuvre-finition-mecanique-de-jour\/","name":"Emploi manoeuvre finition m\u00e9canique de jour | TENCO","isPartOf":{"@id":"https:\/\/tenco.ca\/ny\/#website"},"primaryImageOfPage":{"@id":"https:\/\/tenco.ca\/fr\/manoeuvre-finition-mecanique-de-jour\/#primaryimage"},"image":{"@id":"https:\/\/tenco.ca\/fr\/manoeuvre-finition-mecanique-de-jour\/#primaryimage"},"thumbnailUrl":"https:\/\/tenco.ca\/wp-content\/uploads\/2018\/10\/entree-fonction.png","datePublished":"2020-09-25T18:05:47+00:00","dateModified":"2024-01-29T16:40:14+00:00","description":"Nous sommes \u00e0 la recherche de manoeuvres finition m\u00e9canique de jour pour effectuer des assemblages m\u00e9caniques. Vous d\u00e9sirez joindre une entreprise en pleine expansion? Contactez-nous pour cet emploi! Tous les postes sont ouverts aux hommes et aux femmes. Tenco fabrique des \u00e9quipements de d\u00e9neigement.","breadcrumb":{"@id":"https:\/\/tenco.ca\/fr\/manoeuvre-finition-mecanique-de-jour\/#breadcrumb"},"inLanguage":"fr-CA","potentialAction":[{"@type":"ReadAction","target":["https:\/\/tenco.ca\/fr\/manoeuvre-finition-mecanique-de-jour\/"]}]},{"@type":"ImageObject","inLanguage":"fr-CA","@id":"https:\/\/tenco.ca\/fr\/manoeuvre-finition-mecanique-de-jour\/#primaryimage","url":"https:\/\/tenco.ca\/wp-content\/uploads\/2018\/10\/entree-fonction.png","contentUrl":"https:\/\/tenco.ca\/wp-content\/uploads\/2018\/10\/entree-fonction.png"},{"@type":"BreadcrumbList","@id":"https:\/\/tenco.ca\/fr\/manoeuvre-finition-mecanique-de-jour\/#breadcrumb","itemListElement":[{"@type":"ListItem","position":1,"name":"Home","item":"https:\/\/tenco.ca\/fr\/"},{"@type":"ListItem","position":2,"name":"Manoeuvre finition m\u00e9canique de jour"}]},{"@type":"WebSite","@id":"https:\/\/tenco.ca\/ny\/#website","url":"https:\/\/tenco.ca\/ny\/","name":"Tenco","description":"","potentialAction":[{"@type":"SearchAction","target":{"@type":"EntryPoint","urlTemplate":"https:\/\/tenco.ca\/ny\/?s={search_term_string}"},"query-input":{"@type":"PropertyValueSpecification","valueRequired":true,"valueName":"search_term_string"}}],"inLanguage":"fr-CA"}]}},"_links":{"self":[{"href":"https:\/\/tenco.ca\/fr\/wp-json\/wp\/v2\/pages\/12387","targetHints":{"allow":["GET"]}}],"collection":[{"href":"https:\/\/tenco.ca\/fr\/wp-json\/wp\/v2\/pages"}],"about":[{"href":"https:\/\/tenco.ca\/fr\/wp-json\/wp\/v2\/types\/page"}],"author":[{"embeddable":true,"href":"https:\/\/tenco.ca\/fr\/wp-json\/wp\/v2\/users\/7"}],"replies":[{"embeddable":true,"href":"https:\/\/tenco.ca\/fr\/wp-json\/wp\/v2\/comments?post=12387"}],"version-history":[{"count":0,"href":"https:\/\/tenco.ca\/fr\/wp-json\/wp\/v2\/pages\/12387\/revisions"}],"wp:attachment":[{"href":"https:\/\/tenco.ca\/fr\/wp-json\/wp\/v2\/media?parent=12387"}],"curies":[{"name":"wp","href":"https:\/\/api.w.org\/{rel}","templated":true}]}}