{"id":11696,"date":"2020-02-07T18:41:33","date_gmt":"2020-02-07T18:41:33","guid":{"rendered":"https:\/\/tenco.ca\/?page_id=11696"},"modified":"2021-12-17T20:19:27","modified_gmt":"2021-12-17T20:19:27","slug":"camion-demo-cle-en-main-2020-freightliner-gratte-ucombo","status":"publish","type":"page","link":"https:\/\/tenco.ca\/fr\/camion-demo-cle-en-main-2020-freightliner-gratte-ucombo\/","title":{"rendered":"Camion d\u00e9mo cl\u00e9 en main &#8211; 2020 Freightliner gratte \/ U-Combo AB"},"content":{"rendered":"[mk_page_section padding_top=\u00a0\u00bb60&Prime; padding_bottom=\u00a0\u00bb0&Prime; first_page=\u00a0\u00bbfalse\u00a0\u00bb last_page=\u00a0\u00bbfalse\u00a0\u00bb sidebar=\u00a0\u00bbsidebar-1&Prime;][vc_column el_class=\u00a0\u00bbpement\u00a0\u00bb][vc_raw_html]JTNDZGl2JTIwY2xhc3MlM0QlMjJwYWNrYWdlLXJpYmJvbi13cmFwcGVyJTIyJTNFJTBBJTNDaDElMjBjbGFzcyUzRCUyMnBhY2thZ2UtdHlwZSUyMG5vcm1hbC10eXBlJTIwZ29ib29rJTIyJTNFQ2FtaW9uJTIwZCVDMyVBOW1vbnN0cmF0ZXVyJTIwY2wlQzMlQTklMjBlbiUyMG1haW4lMjBkaXNwb25pYmxlJTNDJTJGaDElM0UlMEElM0NkaXYlMjBjbGFzcyUzRCUyMnBhY2thZ2UtdHlwZS1naW1taWNrJTIyJTNFJTNDJTJGZGl2JTNFJTBBJTNDJTJGZGl2JTNF[\/vc_raw_html][vc_row_inner padding=\u00a0\u00bb0&Prime;][vc_column_inner width=\u00a0\u00bb2\/3&Prime;][vc_column_text]\n<h2><em><span style=\"color: #f58020;\">2021 Freightliner 114 SD gratte \/ U-Combo AB<\/span><\/em><\/h2>\n[\/vc_column_text][mk_fancy_title color=\u00a0\u00bb#1f1f1f\u00a0\u00bb size=\u00a0\u00bb18&Prime; force_font_size=\u00a0\u00bbtrue\u00a0\u00bb size_smallscreen=\u00a0\u00bb16&Prime; size_tablet=\u00a0\u00bb15&Prime; size_phone=\u00a0\u00bb14&Prime; font_weight=\u00a0\u00bbbold\u00a0\u00bb txt_transform=\u00a0\u00bbuppercase\u00a0\u00bb margin_bottom=\u00a0\u00bb0&Prime; font_family=\u00a0\u00bbnone\u00a0\u00bb]\n<h5>ID: Camion neuf cl\u00e9 en main pour l&rsquo;entretien hivernal des routes &#8211; specs. AB DOT<\/h5>\n[\/mk_fancy_title][mk_image src=\u00a0\u00bbhttps:\/\/tenco.ca\/wp-content\/uploads\/2020\/06\/Camion-demo-AB-web.jpg\u00a0\u00bb image_size=\u00a0\u00bbfull\u00a0\u00bb align=\u00a0\u00bbcenter\u00a0\u00bb margin_bottom=\u00a0\u00bb30&Prime; crop=\u00a0\u00bbfalse\u00a0\u00bb][\/vc_column_inner][vc_column_inner width=\u00a0\u00bb1\/3&Prime;][vc_raw_html el_class=\u00a0\u00bbprint-button\u00a0\u00bb]JTNDYSUyMGhyZWYlM0QlMjIlMjMlMjIlMjBvbmNsaWNrJTNEJTIyd2luZG93LnByaW50JTI4JTI5JTNCcmV0dXJuJTIwZmFsc2UlM0IlMjIlM0UlM0NpbWclMjB3aWR0aCUzRCUyMjM2JTIyJTIwaGVpZ2h0JTNEJTIyMzYlMjJzcmMlM0QlMjJodHRwcyUzQSUyRiUyRnRlbmNvLmNhJTJGd3AtY29udGVudCUyRnVwbG9hZHMlMkYyMDIxJTJGMDYlMkZwcmludC01MTIucG5nJTIyJTIwJTJGJTNFJTNDJTJGYSUzRQ==[\/vc_raw_html][mk_padding_divider size=\u00a0\u00bb15&Prime;][mk_table]\n<table width=\"70%\">\n<tbody>\n<tr style=\"background-color: #c3c3c3;\">\n<td style=\"text-align: left;\">Quantit\u00e9:<\/td>\n<td style=\"text-align: left;\"><strong><span style=\"color: #000000;\">6<\/span><\/strong><\/td>\n<\/tr>\n<tr style=\"background-color: #e3e3e3;\">\n<td style=\"text-align: left;\">Emplacement:<\/td>\n<td style=\"text-align: left;\"><strong><span style=\"color: #000000;\">St-Val\u00e9rien-de-Milton, QC Canada<\/span><\/strong><\/td>\n<\/tr>\n<tr style=\"background-color: #c3c3c3;\">\n<td style=\"text-align: left;\">Prix:<\/td>\n<td style=\"text-align: left;\"><strong><span style=\"color: #000000;\">316 700$ CA ch.\u00a0<\/span><\/strong><\/td>\n<\/tr>\n<tr style=\"background-color: #e3e3e3;\">\n<td style=\"text-align: left;\">Statut:<\/td>\n<td style=\"text-align: left;\"><span style=\"color: #ff6600;\"><strong>Vendu<\/strong><\/span><\/td>\n<\/tr>\n<\/tbody>\n<\/table>\n[\/mk_table][mk_padding_divider size=\u00a0\u00bb36&Prime;][mk_contact_info title=\u00a0\u00bbInt\u00e9ress\u00e9? Contactez: Jean-Philippe Bourque\u00a0\u00bb phone=\u00a0\u00bbCell: 450-501-7617&Prime; email=\u00a0\u00bbjpbourque@tenco.ca\u00a0\u00bb][\/vc_column_inner][\/vc_row_inner][\/vc_column][\/mk_page_section][mk_page_section padding_top=\u00a0\u00bb20&Prime; padding_bottom=\u00a0\u00bb20&Prime; first_page=\u00a0\u00bbfalse\u00a0\u00bb last_page=\u00a0\u00bbfalse\u00a0\u00bb sidebar=\u00a0\u00bbsidebar-1&Prime;][vc_column][mk_fancy_title color=\u00a0\u00bb#ffffff\u00a0\u00bb size=\u00a0\u00bb24&Prime; force_font_size=\u00a0\u00bbtrue\u00a0\u00bb size_smallscreen=\u00a0\u00bb16&Prime; size_tablet=\u00a0\u00bb15&Prime; size_phone=\u00a0\u00bb14&Prime; line_height=\u00a0\u00bb60&Prime; font_weight=\u00a0\u00bbbold\u00a0\u00bb font_style=\u00a0\u00bbitalic\u00a0\u00bb margin_top=\u00a0\u00bb20&Prime; font_family=\u00a0\u00bbnone\u00a0\u00bb align=\u00a0\u00bbcenter\u00a0\u00bb el_class=\u00a0\u00bbbgorange\u00a0\u00bb]\n<p style=\"text-align: left; padding-left: 20px;\">SP\u00c9CIFICATIONS<\/p>\n[\/mk_fancy_title][vc_row_inner padding=\u00a0\u00bb0&Prime;][vc_column_inner width=\u00a0\u00bb1\/2&Prime;][mk_table]\n<div class=\"yelwbg9\">CONFIGURATION DU V\u00c9HICULE<\/div>\n<table class=\"tbl16\" width=\"100%\">\n<thead><\/thead>\n<tbody>\n<tr style=\"background-color: #c3c3c3;\">\n<td style=\"text-align: left;\"><span class=\"author-kQIUmYTG5xuc\">Moteur<\/span><\/td>\n<td style=\"text-align: left;\">Detroit DD13 470 HP<\/td>\n<\/tr>\n<tr style=\"background-color: #e3e3e3;\">\n<td style=\"text-align: left;\">Transmission<\/td>\n<td style=\"text-align: left;\">Allison 4500 automatique<\/td>\n<\/tr>\n<tr style=\"background-color: #c3c3c3;\">\n<td style=\"text-align: left;\">Suspension<\/td>\n<td style=\"text-align: left;\">Hendrickson Haullmaxx<\/td>\n<\/tr>\n<tr style=\"background-color: #e3e3e3;\">\n<td style=\"text-align: left;\">Capacit\u00e9 de charge des essieux<\/td>\n<td style=\"text-align: left;\">Essieu avant: 20 000 lbs<br \/>\nEssieu arri\u00e8re: 46 000 lbs<\/td>\n<\/tr>\n<tr style=\"background-color: #c3c3c3;\">\n<td style=\"text-align: left;\">Couleur de la cabine<\/td>\n<td style=\"text-align: left;\">Jaune<\/td>\n<\/tr>\n<\/tbody>\n<\/table>\n[\/mk_table][mk_table]\n<div class=\"yelwbg9\" style=\"text-align: left;\">\u00c9QUIPEMENT INCLUS<\/div>\n<table class=\"tbl16\" width=\"100%\">\n<thead><\/thead>\n<tbody>\n<tr style=\"background-color: #c3c3c3;\">\n<td style=\"text-align: left;\">Conforme aux normes<\/td>\n<td style=\"text-align: left;\">Sp\u00e9cifications AB DOT<\/td>\n<\/tr>\n<tr style=\"background-color: #e3e3e3;\">\n<td style=\"text-align: left;\">Mod\u00e8le de benne<\/td>\n<td style=\"text-align: left;\">Benne d&rsquo;\u00e9pandage U-Combo TCM16T , 16 pi de long (specs. AB)<\/td>\n<\/tr>\n<tr style=\"background-color: #c3c3c3;\">\n<td style=\"text-align: left;\">Capacit\u00e9 de charge<\/td>\n<td style=\"text-align: left;\">12,8 v cu<\/td>\n<\/tr>\n<tr style=\"background-color: #e3e3e3;\">\n<td style=\"text-align: left;\">Syst\u00e8me d&rsquo;\u00e9pandage<\/td>\n<td style=\"text-align: left;\">Syst\u00e8me d&rsquo;\u00e9pendage \u00e0 l&rsquo;avant, au centre<\/td>\n<\/tr>\n<tr style=\"background-color: #c3c3c3;\">\n<td style=\"text-align: left;\">Syst\u00e8me de pr\u00e9-trempage<\/td>\n<td style=\"text-align: left;\">R\u00e9servoir de liquide de pr\u00e9-trempage de 1200 L int\u00e9gr\u00e9 dans le corps de la benne<\/td>\n<\/tr>\n<tr style=\"background-color: #e3e3e3;\">\n<td style=\"text-align: left;\">Chasse-neige<\/td>\n<td style=\"text-align: left;\">Chasse-neige \u00e0 basculement complet mod\u00e8le TCP-12-S-42-FKC, en acier. Largeur de d\u00e9blaiement: 10&prime; 5\u00a0\u00bb.\u00a0Install\u00e9 sur un harnais H345LM avec un profile bas<\/td>\n<\/tr>\n<tr style=\"background-color: #c3c3c3;\">\n<td style=\"text-align: left;\">Aile de c\u00f4t\u00e9<\/td>\n<td style=\"text-align: left;\">Oui,\u00a0 TCW-10H-38-NR. Couteaux de 10&prime; et bras de pouss\u00e9<\/td>\n<\/tr>\n<tr style=\"background-color: #e3e3e3;\">\n<td style=\"text-align: left;\">Syst\u00e8me de contr\u00f4le<\/td>\n<td style=\"text-align: left;\">Rexroth CS150-550<\/td>\n<\/tr>\n<tr style=\"background-color: #c3c3c3;\">\n<td style=\"text-align: left;\">Ensemble de lumi\u00e8res<\/td>\n<td style=\"text-align: left;\">Alberta TAC<\/td>\n<\/tr>\n<\/tbody>\n<\/table>\n[\/mk_table][mk_table]\n<div class=\"yelwbg9\">CARACT\u00c9RISTIQUES DE L&rsquo;INSTALLATION<\/div>\n<table class=\"tbl16\" width=\"100%\">\n<thead><\/thead>\n<tbody>\n<tr style=\"background-color: #c3c3c3;\">\n<td style=\"text-align: left;\">Syst\u00e8me hydraulique<\/td>\n<td style=\"text-align: left;\">\n<ul>\n<li>Regroup\u00e9 et int\u00e9gr\u00e9 dans un bo\u00eeti\u00e9 protecteur<\/li>\n<li>Tuyauterie en acier inoxydable<\/li>\n<li>Installation robuste<\/li>\n<\/ul>\n<\/td>\n<\/tr>\n<tr style=\"background-color: #e3e3e3;\">\n<td style=\"text-align: left;\">Syst\u00e8me \u00e9lectrique<\/td>\n<td style=\"text-align: left;\">\n<ul>\n<li>Regroup\u00e9 et int\u00e9gr\u00e9 dans un bo\u00eeti\u00e9 protecteur<\/li>\n<li>Harnais \u00e9lectriques pr\u00e9-con\u00e7us<\/li>\n<li>Installation ordonn\u00e9e<\/li>\n<\/ul>\n<\/td>\n<\/tr>\n<\/tbody>\n<\/table>\n[\/mk_table][\/vc_column_inner][vc_column_inner width=\u00a0\u00bb1\/2&Prime;][mk_padding_divider size=\u00a0\u00bb0&Prime; visibility=\u00a0\u00bbhidden-sm\u00a0\u00bb][mk_image src=\u00a0\u00bbhttps:\/\/tenco.ca\/wp-content\/uploads\/2020\/04\/Alberta-Tenco-Truck-side-view-700&#215;490-low-res.jpg\u00a0\u00bb image_size=\u00a0\u00bbmedium\u00a0\u00bb frame_style=\u00a0\u00bbshadow_only\u00a0\u00bb target=\u00a0\u00bb_blank\u00a0\u00bb caption_location=\u00a0\u00bboutside-image\u00a0\u00bb][mk_padding_divider size=\u00a0\u00bb0&Prime; visibility=\u00a0\u00bbhidden-sm\u00a0\u00bb][mk_image src=\u00a0\u00bbhttps:\/\/tenco.ca\/wp-content\/uploads\/2020\/06\/Truck-harness-AB-winter-truck-web.jpg\u00a0\u00bb image_size=\u00a0\u00bbmedium\u00a0\u00bb frame_style=\u00a0\u00bbshadow_only\u00a0\u00bb target=\u00a0\u00bb_blank\u00a0\u00bb caption_location=\u00a0\u00bboutside-image\u00a0\u00bb][mk_padding_divider size=\u00a0\u00bb0&Prime; visibility=\u00a0\u00bbhidden-sm\u00a0\u00bb][mk_image src=\u00a0\u00bbhttps:\/\/tenco.ca\/wp-content\/uploads\/2020\/06\/side-wing-winter-demo-truck-web.jpg\u00a0\u00bb image_size=\u00a0\u00bbmedium\u00a0\u00bb frame_style=\u00a0\u00bbshadow_only\u00a0\u00bb target=\u00a0\u00bb_blank\u00a0\u00bb caption_location=\u00a0\u00bboutside-image\u00a0\u00bb][mk_padding_divider size=\u00a0\u00bb0&Prime; visibility=\u00a0\u00bbhidden-sm\u00a0\u00bb][mk_image src=\u00a0\u00bbhttps:\/\/tenco.ca\/wp-content\/uploads\/2020\/06\/Litghs-web.jpg\u00a0\u00bb image_size=\u00a0\u00bbmedium\u00a0\u00bb frame_style=\u00a0\u00bbshadow_only\u00a0\u00bb target=\u00a0\u00bb_blank\u00a0\u00bb caption_location=\u00a0\u00bboutside-image\u00a0\u00bb][mk_padding_divider size=\u00a0\u00bb0&Prime; visibility=\u00a0\u00bbhidden-sm\u00a0\u00bb][mk_image src=\u00a0\u00bbhttps:\/\/tenco.ca\/wp-content\/uploads\/2020\/06\/Integrated-hydraulic-valve-tank-web.jpg\u00a0\u00bb image_size=\u00a0\u00bbmedium\u00a0\u00bb frame_style=\u00a0\u00bbshadow_only\u00a0\u00bb target=\u00a0\u00bb_blank\u00a0\u00bb caption_location=\u00a0\u00bboutside-image\u00a0\u00bb][\/vc_column_inner][\/vc_row_inner][vc_column_text]<strong><span style=\"color: #333399;\"><a style=\"color: #333399;\" href=\"https:\/\/tenco.ca\/fr\/camions-demonstrateurs-cle-en-main\/\">Voir la liste compl\u00e8te de camions d\u00e9monstrateurs<\/a><\/span><\/strong>[\/vc_column_text][\/vc_column][\/mk_page_section][vc_row][vc_column][\/vc_column][\/vc_row]\n","protected":false},"excerpt":{"rendered":"<p>Safe and powerful, Tenco&rsquo;s loader mount snow blower is built to be mechanically reliable, leaving the competition far behind! <\/p>\n","protected":false},"author":7,"featured_media":0,"parent":0,"menu_order":0,"comment_status":"closed","ping_status":"closed","template":"","meta":{"_acf_changed":false,"footnotes":""},"class_list":["post-11696","page","type-page","status-publish","hentry"],"acf":[],"yoast_head":"<!-- This site is optimized with the Yoast SEO plugin v27.3 - https:\/\/yoast.com\/product\/yoast-seo-wordpress\/ -->\n<title>Camion d\u00e9monstrateur neuf pour l&#039;entretien hivernal | TENCO<\/title>\n<meta name=\"description\" content=\"Camion neuf d\u00e9monstrateur Freightliner 2020 munis d&#039;\u00e9quipement de d\u00e9neigement et de d\u00e9gla\u00e7age TENCO (\u00e9pendeur, chasse-neige, aile de c\u00f4t\u00e9) pour l&#039;entretien hivernal des routes. Livraison rapide. Quantit\u00e9 limit\u00e9e.\" \/>\n<meta name=\"robots\" content=\"index, follow, max-snippet:-1, max-image-preview:large, max-video-preview:-1\" \/>\n<link rel=\"canonical\" href=\"https:\/\/tenco.ca\/fr\/camion-demo-cle-en-main-2020-freightliner-gratte-ucombo\/\" \/>\n<meta property=\"og:locale\" content=\"fr_CA\" \/>\n<meta property=\"og:type\" content=\"article\" \/>\n<meta property=\"og:title\" content=\"Camion d\u00e9monstrateur neuf pour l&#039;entretien hivernal | TENCO\" \/>\n<meta property=\"og:description\" content=\"Camion neuf d\u00e9monstrateur Freightliner 2020 munis d&#039;\u00e9quipement de d\u00e9neigement et de d\u00e9gla\u00e7age TENCO (\u00e9pendeur, chasse-neige, aile de c\u00f4t\u00e9) pour l&#039;entretien hivernal des routes. Livraison rapide. Quantit\u00e9 limit\u00e9e.\" \/>\n<meta property=\"og:url\" content=\"https:\/\/tenco.ca\/fr\/camion-demo-cle-en-main-2020-freightliner-gratte-ucombo\/\" \/>\n<meta property=\"og:site_name\" content=\"Tenco\" \/>\n<meta property=\"article:modified_time\" content=\"2021-12-17T20:19:27+00:00\" \/>\n<meta name=\"twitter:card\" content=\"summary_large_image\" \/>\n<meta name=\"twitter:label1\" content=\"Estimation du temps de lecture\" \/>\n\t<meta name=\"twitter:data1\" content=\"2 minutes\" \/>\n<script type=\"application\/ld+json\" class=\"yoast-schema-graph\">{\"@context\":\"https:\\\/\\\/schema.org\",\"@graph\":[{\"@type\":\"WebPage\",\"@id\":\"https:\\\/\\\/tenco.ca\\\/fr\\\/camion-demo-cle-en-main-2020-freightliner-gratte-ucombo\\\/\",\"url\":\"https:\\\/\\\/tenco.ca\\\/fr\\\/camion-demo-cle-en-main-2020-freightliner-gratte-ucombo\\\/\",\"name\":\"Camion d\u00e9monstrateur neuf pour l'entretien hivernal | TENCO\",\"isPartOf\":{\"@id\":\"https:\\\/\\\/tenco.ca\\\/ny\\\/#website\"},\"datePublished\":\"2020-02-07T18:41:33+00:00\",\"dateModified\":\"2021-12-17T20:19:27+00:00\",\"description\":\"Camion neuf d\u00e9monstrateur Freightliner 2020 munis d'\u00e9quipement de d\u00e9neigement et de d\u00e9gla\u00e7age TENCO (\u00e9pendeur, chasse-neige, aile de c\u00f4t\u00e9) pour l'entretien hivernal des routes. Livraison rapide. Quantit\u00e9 limit\u00e9e.\",\"breadcrumb\":{\"@id\":\"https:\\\/\\\/tenco.ca\\\/fr\\\/camion-demo-cle-en-main-2020-freightliner-gratte-ucombo\\\/#breadcrumb\"},\"inLanguage\":\"fr-CA\",\"potentialAction\":[{\"@type\":\"ReadAction\",\"target\":[\"https:\\\/\\\/tenco.ca\\\/fr\\\/camion-demo-cle-en-main-2020-freightliner-gratte-ucombo\\\/\"]}]},{\"@type\":\"BreadcrumbList\",\"@id\":\"https:\\\/\\\/tenco.ca\\\/fr\\\/camion-demo-cle-en-main-2020-freightliner-gratte-ucombo\\\/#breadcrumb\",\"itemListElement\":[{\"@type\":\"ListItem\",\"position\":1,\"name\":\"Home\",\"item\":\"https:\\\/\\\/tenco.ca\\\/fr\\\/\"},{\"@type\":\"ListItem\",\"position\":2,\"name\":\"Camion d\u00e9mo cl\u00e9 en main &#8211; 2020 Freightliner gratte \\\/ U-Combo AB\"}]},{\"@type\":\"WebSite\",\"@id\":\"https:\\\/\\\/tenco.ca\\\/ny\\\/#website\",\"url\":\"https:\\\/\\\/tenco.ca\\\/ny\\\/\",\"name\":\"Tenco\",\"description\":\"\",\"potentialAction\":[{\"@type\":\"SearchAction\",\"target\":{\"@type\":\"EntryPoint\",\"urlTemplate\":\"https:\\\/\\\/tenco.ca\\\/ny\\\/?s={search_term_string}\"},\"query-input\":{\"@type\":\"PropertyValueSpecification\",\"valueRequired\":true,\"valueName\":\"search_term_string\"}}],\"inLanguage\":\"fr-CA\"}]}<\/script>\n<!-- \/ Yoast SEO plugin. -->","yoast_head_json":{"title":"Camion d\u00e9monstrateur neuf pour l'entretien hivernal | TENCO","description":"Camion neuf d\u00e9monstrateur Freightliner 2020 munis d'\u00e9quipement de d\u00e9neigement et de d\u00e9gla\u00e7age TENCO (\u00e9pendeur, chasse-neige, aile de c\u00f4t\u00e9) pour l'entretien hivernal des routes. Livraison rapide. Quantit\u00e9 limit\u00e9e.","robots":{"index":"index","follow":"follow","max-snippet":"max-snippet:-1","max-image-preview":"max-image-preview:large","max-video-preview":"max-video-preview:-1"},"canonical":"https:\/\/tenco.ca\/fr\/camion-demo-cle-en-main-2020-freightliner-gratte-ucombo\/","og_locale":"fr_CA","og_type":"article","og_title":"Camion d\u00e9monstrateur neuf pour l'entretien hivernal | TENCO","og_description":"Camion neuf d\u00e9monstrateur Freightliner 2020 munis d'\u00e9quipement de d\u00e9neigement et de d\u00e9gla\u00e7age TENCO (\u00e9pendeur, chasse-neige, aile de c\u00f4t\u00e9) pour l'entretien hivernal des routes. Livraison rapide. Quantit\u00e9 limit\u00e9e.","og_url":"https:\/\/tenco.ca\/fr\/camion-demo-cle-en-main-2020-freightliner-gratte-ucombo\/","og_site_name":"Tenco","article_modified_time":"2021-12-17T20:19:27+00:00","twitter_card":"summary_large_image","twitter_misc":{"Estimation du temps de lecture":"2 minutes"},"schema":{"@context":"https:\/\/schema.org","@graph":[{"@type":"WebPage","@id":"https:\/\/tenco.ca\/fr\/camion-demo-cle-en-main-2020-freightliner-gratte-ucombo\/","url":"https:\/\/tenco.ca\/fr\/camion-demo-cle-en-main-2020-freightliner-gratte-ucombo\/","name":"Camion d\u00e9monstrateur neuf pour l'entretien hivernal | TENCO","isPartOf":{"@id":"https:\/\/tenco.ca\/ny\/#website"},"datePublished":"2020-02-07T18:41:33+00:00","dateModified":"2021-12-17T20:19:27+00:00","description":"Camion neuf d\u00e9monstrateur Freightliner 2020 munis d'\u00e9quipement de d\u00e9neigement et de d\u00e9gla\u00e7age TENCO (\u00e9pendeur, chasse-neige, aile de c\u00f4t\u00e9) pour l'entretien hivernal des routes. Livraison rapide. Quantit\u00e9 limit\u00e9e.","breadcrumb":{"@id":"https:\/\/tenco.ca\/fr\/camion-demo-cle-en-main-2020-freightliner-gratte-ucombo\/#breadcrumb"},"inLanguage":"fr-CA","potentialAction":[{"@type":"ReadAction","target":["https:\/\/tenco.ca\/fr\/camion-demo-cle-en-main-2020-freightliner-gratte-ucombo\/"]}]},{"@type":"BreadcrumbList","@id":"https:\/\/tenco.ca\/fr\/camion-demo-cle-en-main-2020-freightliner-gratte-ucombo\/#breadcrumb","itemListElement":[{"@type":"ListItem","position":1,"name":"Home","item":"https:\/\/tenco.ca\/fr\/"},{"@type":"ListItem","position":2,"name":"Camion d\u00e9mo cl\u00e9 en main &#8211; 2020 Freightliner gratte \/ U-Combo AB"}]},{"@type":"WebSite","@id":"https:\/\/tenco.ca\/ny\/#website","url":"https:\/\/tenco.ca\/ny\/","name":"Tenco","description":"","potentialAction":[{"@type":"SearchAction","target":{"@type":"EntryPoint","urlTemplate":"https:\/\/tenco.ca\/ny\/?s={search_term_string}"},"query-input":{"@type":"PropertyValueSpecification","valueRequired":true,"valueName":"search_term_string"}}],"inLanguage":"fr-CA"}]}},"_links":{"self":[{"href":"https:\/\/tenco.ca\/fr\/wp-json\/wp\/v2\/pages\/11696","targetHints":{"allow":["GET"]}}],"collection":[{"href":"https:\/\/tenco.ca\/fr\/wp-json\/wp\/v2\/pages"}],"about":[{"href":"https:\/\/tenco.ca\/fr\/wp-json\/wp\/v2\/types\/page"}],"author":[{"embeddable":true,"href":"https:\/\/tenco.ca\/fr\/wp-json\/wp\/v2\/users\/7"}],"replies":[{"embeddable":true,"href":"https:\/\/tenco.ca\/fr\/wp-json\/wp\/v2\/comments?post=11696"}],"version-history":[{"count":0,"href":"https:\/\/tenco.ca\/fr\/wp-json\/wp\/v2\/pages\/11696\/revisions"}],"wp:attachment":[{"href":"https:\/\/tenco.ca\/fr\/wp-json\/wp\/v2\/media?parent=11696"}],"curies":[{"name":"wp","href":"https:\/\/api.w.org\/{rel}","templated":true}]}}