{"id":1155,"date":"2016-01-11T13:09:04","date_gmt":"2016-01-11T13:09:04","guid":{"rendered":"http:\/\/tenco.ca\/fr\/?page_id=1155"},"modified":"2020-10-21T18:10:15","modified_gmt":"2020-10-21T18:10:15","slug":"chasse-neige-giletta","status":"publish","type":"page","link":"https:\/\/tenco.ca\/fr\/chasse-neige-giletta\/","title":{"rendered":"CHASSE-NEIGES GILETTA"},"content":{"rendered":"[mk_page_section padding_top=\u00a0\u00bb60&Prime; padding_bottom=\u00a0\u00bb0&Prime; predefined_bg=\u00a0\u00bb\u00a0\u00bb first_page=\u00a0\u00bbfalse\u00a0\u00bb last_page=\u00a0\u00bbfalse\u00a0\u00bb sidebar=\u00a0\u00bbsidebar-1&Prime;][vc_column el_class=\u00a0\u00bbprowhite\u00a0\u00bb][vc_raw_html]JTNDZGl2JTIwY2xhc3MlM0QlMjJwYWNrYWdlLXJpYmJvbi13cmFwcGVyJTIyJTNFJTBBJTNDaDElMjBjbGFzcyUzRCUyMnBhY2thZ2UtdHlwZSUyMG5vcm1hbC10eXBlJTIwZ29ib29rJTIyJTNFQ0hBU1NFLU5FSUdFUyUyMEVOJTIwViUzQyUyRmgxJTNFJTBBJTNDZGl2JTIwY2xhc3MlM0QlMjJwYWNrYWdlLXR5cGUtZ2ltbWljayUyMiUzRSUzQyUyRmRpdiUzRSUwQSUzQyUyRmRpdiUzRQ==[\/vc_raw_html][\/vc_column][\/mk_page_section][mk_page_section padding_top=\u00a0\u00bb0&Prime; top_shape_color=\u00a0\u00bb#ffffff\u00a0\u00bb bottom_shape_color=\u00a0\u00bb#ffffff\u00a0\u00bb predefined_bg=\u00a0\u00bb\u00a0\u00bb first_page=\u00a0\u00bbfalse\u00a0\u00bb last_page=\u00a0\u00bbfalse\u00a0\u00bb sidebar=\u00a0\u00bbsidebar-1&Prime;][vc_column el_class=\u00a0\u00bbprowhite\u00a0\u00bb][vc_row_inner padding=\u00a0\u00bb0&Prime; el_class=\u00a0\u00bbtwhite\u00a0\u00bb][vc_column_inner width=\u00a0\u00bb1\/2&Prime;][mk_image src=\u00a0\u00bbhttp:\/\/tenco.ca\/wp-content\/uploads\/2015\/10\/Giletta_01.jpg\u00a0\u00bb align=\u00a0\u00bbcenter\u00a0\u00bb crop=\u00a0\u00bbfalse\u00a0\u00bb][\/vc_column_inner][vc_column_inner width=\u00a0\u00bb1\/2&Prime;][mk_fancy_title tag_name=\u00a0\u00bbh3&Prime; color=\u00a0\u00bb#1f1f1f\u00a0\u00bb size=\u00a0\u00bb20&Prime; font_style=\u00a0\u00bbitalic\u00a0\u00bb margin_bottom=\u00a0\u00bb0&Prime; font_family=\u00a0\u00bbnone\u00a0\u00bb el_class=\u00a0\u00bbgoblack mar0&Prime;]CHASSE-NEIGES EN V[\/mk_fancy_title][mk_fancy_title color=\u00a0\u00bb#f58020&Prime; size=\u00a0\u00bb30&Prime; font_style=\u00a0\u00bbitalic\u00a0\u00bb txt_transform=\u00a0\u00bb\u00a0\u00bb margin_bottom=\u00a0\u00bb0&Prime; font_family=\u00a0\u00bbnone\u00a0\u00bb el_class=\u00a0\u00bbgoblack\u00a0\u00bb]UMC UMN \/ URC URN<\/p>\n[\/mk_fancy_title][vc_column_text]\n<div class=\"etbrosse\">\n<p><strong>Chasse-neiges double offrant diff\u00e9rentes positions de travail<\/strong><br \/>\n&#8211; Chasse-neiges r\u00e9gulier<br \/>\n&#8211; Bouclier sup\u00e9rieur avec diff\u00e9rentes configurations possibles pour mieux s\u2019adapter (standard et tr\u00e8s large)<br \/>\n&#8211; Chasse-neiges en forme de V<br \/>\n&#8211; Pelle<br \/>\nLa nouvelle s\u00e9rie U de chasse-neiges a \u00e9t\u00e9 con\u00e7ue pour fonctionner \u00e0 haute vitesse (ref. EN13021) avec une pointe de coupe simple ou doubl\u00e9e.<\/p>\n<\/div>\n[\/vc_column_text][\/vc_column_inner][\/vc_row_inner][vc_row_inner padding=\u00a0\u00bb0&Prime; el_class=\u00a0\u00bbtwhite\u00a0\u00bb][vc_column_inner width=\u00a0\u00bb1\/3&Prime;][mk_image src=\u00a0\u00bbhttp:\/\/tenco.ca\/wp-content\/uploads\/2015\/10\/chasse-neige6.jpg\u00a0\u00bb align=\u00a0\u00bbcenter\u00a0\u00bb crop=\u00a0\u00bbfalse\u00a0\u00bb][\/vc_column_inner][vc_column_inner width=\u00a0\u00bb1\/3&Prime;][mk_image src=\u00a0\u00bbhttp:\/\/tenco.ca\/wp-content\/uploads\/2015\/10\/chasse-neige7.jpg\u00a0\u00bb align=\u00a0\u00bbcenter\u00a0\u00bb crop=\u00a0\u00bbfalse\u00a0\u00bb][\/vc_column_inner][vc_column_inner width=\u00a0\u00bb1\/3&Prime;][mk_image src=\u00a0\u00bbhttp:\/\/tenco.ca\/wp-content\/uploads\/2015\/10\/chasse-neige9.jpg\u00a0\u00bb align=\u00a0\u00bbcenter\u00a0\u00bb crop=\u00a0\u00bbfalse\u00a0\u00bb][\/vc_column_inner][\/vc_row_inner][vc_row_inner padding=\u00a0\u00bb0&Prime; el_class=\u00a0\u00bbtwhite\u00a0\u00bb][vc_column_inner width=\u00a0\u00bb1\/2&Prime;][\/vc_column_inner][vc_column_inner width=\u00a0\u00bb1\/2&Prime;][mk_image src=\u00a0\u00bbhttps:\/\/tenco.ca\/wp-content\/uploads\/2015\/10\/tenco-bouton_03.png\u00a0\u00bb image_size=\u00a0\u00bbfull\u00a0\u00bb link=\u00a0\u00bb\/fr\/demande-de-soumission\/\u00a0\u00bb target=\u00a0\u00bb_blank\u00a0\u00bb el_class=\u00a0\u00bbbtn-product-1&Prime;][mk_image src=\u00a0\u00bbhttps:\/\/tenco.ca\/wp-content\/uploads\/2015\/10\/tenco-bouton_05.png\u00a0\u00bb image_size=\u00a0\u00bbfull\u00a0\u00bb link=\u00a0\u00bbhttp:\/\/tenco.ca\/wp-content\/uploads\/2016\/11\/6293_brochure_corpo_20pages_FR_Rev1.pdf\u00a0\u00bb target=\u00a0\u00bb_blank\u00a0\u00bb el_class=\u00a0\u00bbbtn-product-2&Prime;][\/vc_column_inner][\/vc_row_inner][vc_row_inner padding=\u00a0\u00bb0&Prime; el_class=\u00a0\u00bbtwhite\u00a0\u00bb][vc_column_inner width=\u00a0\u00bb1\/2&Prime;][mk_table el_class=\u00a0\u00bbtencotbl\u00a0\u00bb]\n<table width=\"100%\">\n<thead>\n<tr>\n<th>NUM\u00c9ROS DE MOD\u00c8LES<\/th>\n<th>TYPES DE<br \/>\nCOUPE DE BORD<\/th>\n<th>COUPE ANGLE DE<br \/>\nTRAVAIL DE BORD<\/th>\n<\/tr>\n<\/thead>\n<tbody>\n<tr>\n<td>URC \/ UMC<\/td>\n<td>Neorene rubber<\/td>\n<td>-5\u00b0<\/td>\n<\/tr>\n<tr>\n<td>URN \/ UMN<\/td>\n<td>Steel + Rubber<\/td>\n<td>15\u00b0\/-5\u00b0<\/td>\n<\/tr>\n<\/tbody>\n<\/table>\n[\/mk_table][\/vc_column_inner][vc_column_inner width=\u00a0\u00bb1\/2&Prime;][mk_table el_class=\u00a0\u00bbtencotbl\u00a0\u00bb]\n<table width=\"100%\">\n<thead>\n<tr>\n<th>NUM\u00c9ROS DE MOD\u00c8LES<\/th>\n<th>Y<br \/>\n(PI)<\/th>\n<th>NEIGE CHARRUE<br \/>\n(PI)<\/th>\n<th>PELLE<br \/>\n(PI)<\/th>\n<\/tr>\n<\/thead>\n<tbody>\n<tr>\n<td>URC \/ URN 28<\/td>\n<td>7&rsquo;10\u00a0\u00bb<\/td>\n<td>7&rsquo;10\u00a0\u00bb<\/td>\n<td>8&prime;<\/td>\n<\/tr>\n<tr>\n<td>UMC \/ UMN 32<\/td>\n<td>8&rsquo;8&Prime;<\/td>\n<td>9&rsquo;8&Prime;<\/td>\n<td>9&rsquo;10\u00a0\u00bb<\/td>\n<\/tr>\n<tr>\n<td>URC \/ URN 36<\/td>\n<td>10&rsquo;6&Prime;<\/td>\n<td>9&rsquo;10\u00a0\u00bb<\/td>\n<td>10&rsquo;6&Prime;<\/td>\n<\/tr>\n<\/tbody>\n<\/table>\n[\/mk_table][\/vc_column_inner][\/vc_row_inner][\/vc_column][\/mk_page_section][mk_page_section predefined_bg=\u00a0\u00bb\u00a0\u00bb first_page=\u00a0\u00bbfalse\u00a0\u00bb last_page=\u00a0\u00bbfalse\u00a0\u00bb][vc_column el_class=\u00a0\u00bbprowhite\u00a0\u00bb][vc_row_inner padding=\u00a0\u00bb0&Prime; el_class=\u00a0\u00bbtwhite\u00a0\u00bb][vc_column_inner width=\u00a0\u00bb1\/2&Prime;][mk_image src=\u00a0\u00bbhttp:\/\/tenco.ca\/wp-content\/uploads\/2015\/10\/chasse-neige11.jpg\u00a0\u00bb align=\u00a0\u00bbcenter\u00a0\u00bb crop=\u00a0\u00bbfalse\u00a0\u00bb][\/vc_column_inner][vc_column_inner width=\u00a0\u00bb1\/2&Prime;][mk_fancy_title tag_name=\u00a0\u00bbh3&Prime; color=\u00a0\u00bb#1f1f1f\u00a0\u00bb size=\u00a0\u00bb20&Prime; font_style=\u00a0\u00bbitalic\u00a0\u00bb margin_bottom=\u00a0\u00bb0&Prime; font_family=\u00a0\u00bbnone\u00a0\u00bb el_class=\u00a0\u00bbgoblack mar0&Prime;]CHASSE-NEIGES EN V[\/mk_fancy_title][mk_fancy_title color=\u00a0\u00bb#f58020&Prime; size=\u00a0\u00bb30&Prime; font_style=\u00a0\u00bbitalic\u00a0\u00bb margin_bottom=\u00a0\u00bb0&Prime; font_family=\u00a0\u00bbnone\u00a0\u00bb el_class=\u00a0\u00bbgoblack\u00a0\u00bb]MOD\u00c8LES V[\/mk_fancy_title][vc_column_text]\n<div class=\"etbrosse\">\n<p><strong>CON\u00c7U POUR LE D\u00c9NEIGEMENT LOURD DES ROUTES DE MONTAGNE<\/strong><br \/>\n&#8211; Ailes rotatives pour 3 positions possibles : Chasse-neiges en V, r\u00e9gulier et pelle.<br \/>\n&#8211; Ailes rotatives pour 3 positions possibles : Chasse-neiges en V, r\u00e9gulier et pelle.<br \/>\n&#8211; Grenaillage de peinture d\u2019epoxy et polyester \u00e0 2000C<br \/>\n&#8211; Propulser par le sys\u00e8me hydraulique du v\u00e9hicule<\/p>\n<\/div>\n[\/vc_column_text][mk_image src=\u00a0\u00bbhttps:\/\/tenco.ca\/wp-content\/uploads\/2015\/10\/tenco-bouton_03.png\u00a0\u00bb image_size=\u00a0\u00bbfull\u00a0\u00bb link=\u00a0\u00bb\/fr\/demande-de-soumission\/\u00a0\u00bb target=\u00a0\u00bb_blank\u00a0\u00bb el_class=\u00a0\u00bbbtn-product-1&Prime;][mk_image src=\u00a0\u00bbhttps:\/\/tenco.ca\/wp-content\/uploads\/2015\/10\/tenco-bouton_05.png\u00a0\u00bb image_size=\u00a0\u00bbfull\u00a0\u00bb link=\u00a0\u00bbhttp:\/\/tenco.ca\/wp-content\/uploads\/2016\/11\/6293_brochure_corpo_20pages_FR_Rev1.pdf\u00a0\u00bb target=\u00a0\u00bb_blank\u00a0\u00bb el_class=\u00a0\u00bbbtn-product-2&Prime;][mk_table el_class=\u00a0\u00bbtencotbl\u00a0\u00bb]\n<table width=\"100%\">\n<thead>\n<tr>\n<th>NUM\u00c9ROS DE MOD\u00c8LES<\/th>\n<th>L1 (PI)<\/th>\n<th>L2 (PI)<\/th>\n<th>L3 (PI)<\/th>\n<\/tr>\n<\/thead>\n<tbody>\n<tr>\n<td>VA 08<\/td>\n<td>8&rsquo;10\u00a0\u00bb<\/td>\n<td>8&rsquo;8&Prime;<\/td>\n<td>7&rsquo;11\u00a0\u00bb<\/td>\n<\/tr>\n<tr>\n<td>VA 10<\/td>\n<td>9&rsquo;6&Prime;<\/td>\n<td>9&rsquo;1&Prime;<\/td>\n<td>8&rsquo;7&Prime;<\/td>\n<\/tr>\n<\/tbody>\n<\/table>\n[\/mk_table][mk_image src=\u00a0\u00bbhttp:\/\/tenco.ca\/wp-content\/uploads\/2015\/10\/chasse-neige12.jpg\u00a0\u00bb align=\u00a0\u00bbcenter\u00a0\u00bb crop=\u00a0\u00bbfalse\u00a0\u00bb][\/vc_column_inner][\/vc_row_inner][\/vc_column][\/mk_page_section]\n","protected":false},"excerpt":{"rendered":"<p>Le chasse-neige Giletta est con\u00e7u pour repousser la neige fraiche et la neige compacte. C\u2019est un boulier parfait pour repousser l\u2019hiver. <\/p>\n","protected":false},"author":3,"featured_media":0,"parent":0,"menu_order":0,"comment_status":"closed","ping_status":"closed","template":"","meta":{"_acf_changed":false,"footnotes":""},"class_list":["post-1155","page","type-page","status-publish","hentry"],"acf":[],"yoast_head":"<!-- This site is optimized with the Yoast SEO plugin v27.3 - https:\/\/yoast.com\/product\/yoast-seo-wordpress\/ -->\n<title>Chasse-neige Giletta \u00a0fabriqu\u00e9 pour repousser la neige en hiver.<\/title>\n<meta name=\"description\" content=\"Le chasse-neige Giletta est con\u00e7u pour repousser la neige fraiche et la neige compacte. C\u2019est un boulier parfait pour repousser l\u2019hiver.\u00a0\" \/>\n<meta name=\"robots\" content=\"index, follow, max-snippet:-1, max-image-preview:large, max-video-preview:-1\" \/>\n<link rel=\"canonical\" href=\"https:\/\/tenco.ca\/snow-plow-giletta\/\" \/>\n<meta property=\"og:locale\" content=\"fr_CA\" \/>\n<meta property=\"og:type\" content=\"article\" \/>\n<meta property=\"og:title\" content=\"Chasse-neige Giletta \u00a0fabriqu\u00e9 pour repousser la neige en hiver.\" \/>\n<meta property=\"og:description\" content=\"Le chasse-neige Giletta est con\u00e7u pour repousser la neige fraiche et la neige compacte. C\u2019est un boulier parfait pour repousser l\u2019hiver.\u00a0\" \/>\n<meta property=\"og:url\" content=\"https:\/\/tenco.ca\/snow-plow-giletta\/\" \/>\n<meta property=\"og:site_name\" content=\"Tenco\" \/>\n<meta property=\"article:modified_time\" content=\"2020-10-21T18:10:15+00:00\" \/>\n<meta name=\"twitter:card\" content=\"summary_large_image\" \/>\n<meta name=\"twitter:label1\" content=\"Estimation du temps de lecture\" \/>\n\t<meta name=\"twitter:data1\" content=\"4 minutes\" \/>\n<script type=\"application\/ld+json\" class=\"yoast-schema-graph\">{\"@context\":\"https:\\\/\\\/schema.org\",\"@graph\":[{\"@type\":\"WebPage\",\"@id\":\"https:\\\/\\\/tenco.ca\\\/snow-plow-giletta\\\/\",\"url\":\"https:\\\/\\\/tenco.ca\\\/snow-plow-giletta\\\/\",\"name\":\"Chasse-neige Giletta \u00a0fabriqu\u00e9 pour repousser la neige en hiver.\",\"isPartOf\":{\"@id\":\"https:\\\/\\\/tenco.ca\\\/ny\\\/#website\"},\"datePublished\":\"2016-01-11T13:09:04+00:00\",\"dateModified\":\"2020-10-21T18:10:15+00:00\",\"description\":\"Le chasse-neige Giletta est con\u00e7u pour repousser la neige fraiche et la neige compacte. C\u2019est un boulier parfait pour repousser l\u2019hiver.\u00a0\",\"breadcrumb\":{\"@id\":\"https:\\\/\\\/tenco.ca\\\/snow-plow-giletta\\\/#breadcrumb\"},\"inLanguage\":\"fr-CA\",\"potentialAction\":[{\"@type\":\"ReadAction\",\"target\":[\"https:\\\/\\\/tenco.ca\\\/snow-plow-giletta\\\/\"]}]},{\"@type\":\"BreadcrumbList\",\"@id\":\"https:\\\/\\\/tenco.ca\\\/snow-plow-giletta\\\/#breadcrumb\",\"itemListElement\":[{\"@type\":\"ListItem\",\"position\":1,\"name\":\"Home\",\"item\":\"https:\\\/\\\/tenco.ca\\\/fr\\\/\"},{\"@type\":\"ListItem\",\"position\":2,\"name\":\"CHASSE-NEIGES GILETTA\"}]},{\"@type\":\"WebSite\",\"@id\":\"https:\\\/\\\/tenco.ca\\\/ny\\\/#website\",\"url\":\"https:\\\/\\\/tenco.ca\\\/ny\\\/\",\"name\":\"Tenco\",\"description\":\"\",\"potentialAction\":[{\"@type\":\"SearchAction\",\"target\":{\"@type\":\"EntryPoint\",\"urlTemplate\":\"https:\\\/\\\/tenco.ca\\\/ny\\\/?s={search_term_string}\"},\"query-input\":{\"@type\":\"PropertyValueSpecification\",\"valueRequired\":true,\"valueName\":\"search_term_string\"}}],\"inLanguage\":\"fr-CA\"}]}<\/script>\n<!-- \/ Yoast SEO plugin. -->","yoast_head_json":{"title":"Chasse-neige Giletta \u00a0fabriqu\u00e9 pour repousser la neige en hiver.","description":"Le chasse-neige Giletta est con\u00e7u pour repousser la neige fraiche et la neige compacte. C\u2019est un boulier parfait pour repousser l\u2019hiver.\u00a0","robots":{"index":"index","follow":"follow","max-snippet":"max-snippet:-1","max-image-preview":"max-image-preview:large","max-video-preview":"max-video-preview:-1"},"canonical":"https:\/\/tenco.ca\/snow-plow-giletta\/","og_locale":"fr_CA","og_type":"article","og_title":"Chasse-neige Giletta \u00a0fabriqu\u00e9 pour repousser la neige en hiver.","og_description":"Le chasse-neige Giletta est con\u00e7u pour repousser la neige fraiche et la neige compacte. C\u2019est un boulier parfait pour repousser l\u2019hiver.\u00a0","og_url":"https:\/\/tenco.ca\/snow-plow-giletta\/","og_site_name":"Tenco","article_modified_time":"2020-10-21T18:10:15+00:00","twitter_card":"summary_large_image","twitter_misc":{"Estimation du temps de lecture":"4 minutes"},"schema":{"@context":"https:\/\/schema.org","@graph":[{"@type":"WebPage","@id":"https:\/\/tenco.ca\/snow-plow-giletta\/","url":"https:\/\/tenco.ca\/snow-plow-giletta\/","name":"Chasse-neige Giletta \u00a0fabriqu\u00e9 pour repousser la neige en hiver.","isPartOf":{"@id":"https:\/\/tenco.ca\/ny\/#website"},"datePublished":"2016-01-11T13:09:04+00:00","dateModified":"2020-10-21T18:10:15+00:00","description":"Le chasse-neige Giletta est con\u00e7u pour repousser la neige fraiche et la neige compacte. C\u2019est un boulier parfait pour repousser l\u2019hiver.\u00a0","breadcrumb":{"@id":"https:\/\/tenco.ca\/snow-plow-giletta\/#breadcrumb"},"inLanguage":"fr-CA","potentialAction":[{"@type":"ReadAction","target":["https:\/\/tenco.ca\/snow-plow-giletta\/"]}]},{"@type":"BreadcrumbList","@id":"https:\/\/tenco.ca\/snow-plow-giletta\/#breadcrumb","itemListElement":[{"@type":"ListItem","position":1,"name":"Home","item":"https:\/\/tenco.ca\/fr\/"},{"@type":"ListItem","position":2,"name":"CHASSE-NEIGES GILETTA"}]},{"@type":"WebSite","@id":"https:\/\/tenco.ca\/ny\/#website","url":"https:\/\/tenco.ca\/ny\/","name":"Tenco","description":"","potentialAction":[{"@type":"SearchAction","target":{"@type":"EntryPoint","urlTemplate":"https:\/\/tenco.ca\/ny\/?s={search_term_string}"},"query-input":{"@type":"PropertyValueSpecification","valueRequired":true,"valueName":"search_term_string"}}],"inLanguage":"fr-CA"}]}},"_links":{"self":[{"href":"https:\/\/tenco.ca\/fr\/wp-json\/wp\/v2\/pages\/1155","targetHints":{"allow":["GET"]}}],"collection":[{"href":"https:\/\/tenco.ca\/fr\/wp-json\/wp\/v2\/pages"}],"about":[{"href":"https:\/\/tenco.ca\/fr\/wp-json\/wp\/v2\/types\/page"}],"author":[{"embeddable":true,"href":"https:\/\/tenco.ca\/fr\/wp-json\/wp\/v2\/users\/3"}],"replies":[{"embeddable":true,"href":"https:\/\/tenco.ca\/fr\/wp-json\/wp\/v2\/comments?post=1155"}],"version-history":[{"count":0,"href":"https:\/\/tenco.ca\/fr\/wp-json\/wp\/v2\/pages\/1155\/revisions"}],"wp:attachment":[{"href":"https:\/\/tenco.ca\/fr\/wp-json\/wp\/v2\/media?parent=1155"}],"curies":[{"name":"wp","href":"https:\/\/api.w.org\/{rel}","templated":true}]}}